{"id":14762,"date":"2024-06-12T11:51:08","date_gmt":"2024-06-12T09:51:08","guid":{"rendered":"https:\/\/fvcomponentes.com\/?post_type=product&#038;p=14762"},"modified":"2026-01-15T10:12:16","modified_gmt":"2026-01-15T09:12:16","slug":"carregador-de-inversor-12v-victron-multiplus-ii-12-5000-220-50-pmp122505010","status":"publish","type":"product","link":"https:\/\/fvcomponentes.com\/pt\/producto\/inversor-cargador-12v-victron-multiplus-ii-12-5000-220-50-pmp122505010\/","title":{"rendered":"Inversor Carregador 12V Victron Multiplus II 12\/5000 220A-50A \u2013 PMP122505012"},"content":{"rendered":"<h2>Caracter\u00edsticas do inversor carregador 12V Victron Multiplus II 12\/5000 220-50 \u2013 PMP122505012<\/h2>\n<p>O inversor carregador 12V Victron Multiplus II 12\/5000 220-50 \u2013 PMP122505012 \u00e9 um dispositivo avan\u00e7ado para a nossa instala\u00e7\u00e3o fotovoltaica que nos permite ter um sistema h\u00edbrido de autoconsumo com acumula\u00e7\u00e3o e com garantias totais de funcionamento. A fam\u00edlia de inversores MultiPlus II conta com numerosas <strong>certifica\u00e7\u00f5es el\u00e9ctricas de um grande n\u00famero de pa\u00edses que o qualificam para utiliza\u00e7\u00e3o como um sistema de armazenamento de energia ligado \u00e0 rede (ESS).<\/strong>. O modelo MultiPlus II, anteriormente conhecido como MultiGrid II, tamb\u00e9m incorpora prote\u00e7\u00e3o anti-ilhamento e as funcionalidades Victron PowerControl e PowerAssist.<\/p>\n<p>O inversor Carregador 12V Victron Multiplus II 12\/5000 220-50 \u2013 PMP122505012 \u00e9 uma garantia de fiabilidade e estabilidade, gra\u00e7as ao design avan\u00e7ado da sua etapa de pot\u00eancia.<\/p>\n<p>Este inversor oferece at\u00e9 5000VA de pot\u00eancia de sa\u00edda do pr\u00f3prio inversor, embora, gra\u00e7as \u00e0 sua fun\u00e7\u00e3o PowerAssist, possa fornecer mais pot\u00eancia de sa\u00edda adicionando energia da entrada CA e tamb\u00e9m das baterias para n\u00e3o sobrecarregar a entrada da rede externa. Disp\u00f5e de um carregador de baterias interno de 220A.<\/p>\n<p>Gra\u00e7as \u00e0 sua fun\u00e7\u00e3o de UPS, \u00e9 capaz de oferecer uma sa\u00edda de energia ininterrupta, uma vez que a comuta\u00e7\u00e3o \u00e9 muito r\u00e1pida para que os consumos cr\u00edticos n\u00e3o sejam afectados. Tal como o resto da fam\u00edlia MultiPlus II, \u00e9 altamente expans\u00edvel gra\u00e7as \u00e0 sua capacidade de trabalhar em paralelo com at\u00e9 6 unidades. Tamb\u00e9m \u00e9 poss\u00edvel utiliz\u00e1-lo numa rede trif\u00e1sica, instalando uma unidade por fase, \u00e0 qual tamb\u00e9m podemos acrescentar o funcionamento em paralelo dentro das pr\u00f3prias fases.<\/p>\n<h2>Funcionamento do inversor carregador 12V Victron Multiplus II 12\/5000 220-50  \u2013 PMP122505012<\/h2>\n<p>O inversor MultiPlus II pode ser utilizado em todas as topologias comuns de armazenamento de energia. Est\u00e1 dispon\u00edvel um sensor de corrente como op\u00e7\u00e3o para limitar a entrada CA de acordo com as nossas necessidades, uma vez que a pot\u00eancia de transfer\u00eancia e de carga do MultiPlus II pode ser demasiado elevada para a corrente dispon\u00edvel. A aplica\u00e7\u00e3o mais comum para este tipo de inversor \u00e9 a seguinte:<\/p>\n<h3 class=\"clear-block\"><strong>MultiPlus II utilizado como UPS em aplica\u00e7\u00f5es de carga cr\u00edtica<\/strong><\/h3>\n<p class=\"clear-block\">Neste caso, o inversor carregador 12V Victron Multiplus II 12\/5000 220-50 \u2013 PMP122505012 pode dispor das cargas habituais, alimentadas pela rede el\u00e9trica convencional, e dispor de um sistema de armazenamento de energia (bateria) que alimentar\u00e1 as cargas cr\u00edticas se a rede falhar ou estiver inst\u00e1vel. Ser\u00e1 considerado se \u00e9 necess\u00e1rio aplicar alguma limita\u00e7\u00e3o \u00e0 entrada de corrente alternada a um valor seguro atrav\u00e9s das fun\u00e7\u00f5es PowerControl e PowerAssist.<\/p>\n<h3 class=\"clear-block\"><strong>Ligado \u00e0 rede e com energia fotovoltaica atrav\u00e9s do controlador MPPT<\/strong><\/h3>\n<p class=\"clear-block\">Neste caso, o inversor fotovoltaico utiliza as informa\u00e7\u00f5es fornecidas pelo sensor de corrente toroidal para otimizar o autoconsumo, convertendo a energia em corrente alternada e utilizando-a diretamente para consumo. Isto permite-nos escolher se queremos ou n\u00e3o alimentar a rede com a energia solar excedente. As baterias s\u00e3o recarregadas pelos pain\u00e9is solares e o consumo pode ser dividido entre consumo cr\u00edtico, que \u00e9 sempre abastecido mesmo em caso de corte de energia, e consumo normal, que tamb\u00e9m pode ser abastecido com a energia produzida pelos pain\u00e9is.<\/p>\n<h2>Monitoriza\u00e7\u00e3o do inversor carregador 12V Victron Multiplus II 12\/5000 220-50 \u2013 PMP122505012<\/h2>\n<p>\u00c9 altamente recomend\u00e1vel incluir um Victron Cerbo GX, para poder configurar, carregar os par\u00e2metros de funcionamento e monitorizar o desempenho de todo o sistema. Todos os componentes aparecer\u00e3o no ecr\u00e3 de monitoriza\u00e7\u00e3o e teremos informa\u00e7\u00f5es detalhadas sobre a produ\u00e7\u00e3o, consumo, armazenamento, etc.<\/p>\n<p><img decoding=\"async\" class=\"center-align\" title=\"Gr\u00e1fico VRM\" src=\"https:\/\/fvcomponentes.com\/wp-content\/uploads\/2022\/11\/grafico-vrm.png\" alt=\"Gr\u00e1fico VRM\" \/><\/p>\n<p>Gra\u00e7as \u00e0 inclus\u00e3o do painel Victron ColorControl, teremos acesso ao portal VRM fornecido pela marca, onde teremos acesso \u00e0 monitoriza\u00e7\u00e3o e configura\u00e7\u00e3o do sistema a partir de qualquer terminal com acesso \u00e0 Internet. O portal VRM dar-nos-\u00e1 inclusivamente a op\u00e7\u00e3o de nos enviar alarmes em fun\u00e7\u00e3o do que programarmos no funcionamento do sistema.<\/p>\n<h2>Compatibilidade do inversor carregador 12V Victron Multiplus II 12\/5000 220-50 \u2013 PMP122505012<\/h2>\n<p>O MultiPlus II pode trabalhar com praticamente qualquer bateria de 12V no mercado sem qualquer problema. A sua grande flexibilidade e adaptabilidade permite-lhe ser configurado para carregar uma bateria de chumbo-\u00e1cido de qualquer tecnologia, quer seja do tipo OPzS selada ou aberta. A Victron actualiza regularmente o seu software para garantir a compatibilidade com a grande maioria das marcas de baterias de l\u00edtio existentes no mercado.<\/p>\n<p>Se for utilizada uma topologia de controlador de carga externo para carregar baterias ou para autoconsumo direto, \u00e9 aconselh\u00e1vel utilizar um controlador de carga externo. <a href=\"https:\/\/fvcomponentes.com\/pt\/categoria-produto\/controladores-de-carga-solar\/reguladores-de-mppt\/\" target=\"_blank\" rel=\"noopener\">Regulador do carregador MPPT<\/a> da marca Victron. Desta forma, o painel ColorControl mostrar\u00e1 em pormenor a produ\u00e7\u00e3o fotovoltaica do sistema. Se for utilizado um inversor fotovoltaico como gerador solar, \u00e9 aconselh\u00e1vel utilizar um produto da <a href=\"https:\/\/fvcomponentes.com\/pt\/marca\/frontais\/\" target=\"_blank\" rel=\"noopener\">Fronius<\/a>O ColorControl e o portal VRM s\u00e3o tamb\u00e9m compat\u00edveis com outras marcas bem conhecidas do sector, como a Kostal. No ColorControl e no portal VRM tamb\u00e9m podemos monitorizar a produ\u00e7\u00e3o do inversor fotovoltaico sem qualquer problema. Existe tamb\u00e9m compatibilidade com outros fabricantes, como a Schneider; pode consultar a tabela de compatibilidade no s\u00edtio Web da Victron, que \u00e9 actualizada regularmente.<\/p>\n<h2>Ficha t\u00e9cnica inversor carregador 12V Victron Multiplus II 12\/5000 220-50 \u2013 PMP122505012<\/h2>\n<p><a href=\"https:\/\/fvcomponentes.com\/wp-content\/uploads\/2024\/06\/Ficha-tecnica-inversor-cargador-12V-Victron-Multiplus-II-12-5000-220-50-PMP122505010.pdf\" target=\"_blank\" rel=\"noopener\">Ver a ficha t\u00e9cnica do inversor carregador 12V Victron Multiplus II 12\/5000 220-50 \u2013 PMP122505012<\/a><\/p>\n<h2>Descarregar o esquema Victron Multiplus para carrinhas de campismo em formato PDF<\/h2>\n<p>Entre no nosso blogue e descarregue o diagrama em PDF para cablagem e liga\u00e7\u00e3o do seu inversor Victron Multiplus numa autocaravana. Pode encontrar o diagrama e muito mais informa\u00e7\u00f5es t\u00e9cnicas na nossa nova sec\u00e7\u00e3o do blogue.<\/p>\n<p>Clique para descarregar o nosso <a href=\"https:\/\/fvcomponentes.com\/pt\/esquema-victron-multiplus\/\" target=\"_blank\" rel=\"noopener\">esquema Victron Multiplus<\/a> do nosso blogue.<\/p>","protected":false},"excerpt":{"rendered":"<ul class=\"specification\">\n<li><strong>Pot\u00eancia de pico:<\/strong> 9000W<\/li>\n<li><strong>Tens\u00e3o de funcionamento:<\/strong> 12V<\/li>\n<li><strong>Pot\u00eancia de sa\u00edda cont\u00ednua:<\/strong> 5000VA<\/li>\n<li><strong>Efici\u00eancia:<\/strong> Onda sinusoidal pura<\/li>\n<\/ul>","protected":false},"featured_media":14765,"comment_status":"open","ping_status":"closed","template":"","meta":{"site-sidebar-layout":"default","site-content-layout":"default","ast-site-content-layout":"default","site-content-style":"default","site-sidebar-style":"default","ast-global-header-display":"","ast-banner-title-visibility":"","ast-main-header-display":"","ast-hfb-above-header-display":"","ast-hfb-below-header-display":"","ast-hfb-mobile-header-display":"","site-post-title":"","ast-breadcrumbs-content":"","ast-featured-img":"","footer-sml-layout":"","ast-disable-related-posts":"","theme-transparent-header-meta":"default","adv-header-id-meta":"","stick-header-meta":"","header-above-stick-meta":"","header-main-stick-meta":"","header-below-stick-meta":"","astra-migrate-meta-layouts":"set","ast-page-background-enabled":"default","ast-page-background-meta":{"desktop":{"background-color":"var(--ast-global-color-4)","background-image":"","background-repeat":"repeat","background-position":"center center","background-size":"auto","background-attachment":"scroll","background-type":"","background-media":"","overlay-type":"","overlay-color":"","overlay-opacity":"","overlay-gradient":""},"tablet":{"background-color":"","background-image":"","background-repeat":"repeat","background-position":"center center","background-size":"auto","background-attachment":"scroll","background-type":"","background-media":"","overlay-type":"","overlay-color":"","overlay-opacity":"","overlay-gradient":""},"mobile":{"background-color":"","background-image":"","background-repeat":"repeat","background-position":"center center","background-size":"auto","background-attachment":"scroll","background-type":"","background-media":"","overlay-type":"","overlay-color":"","overlay-opacity":"","overlay-gradient":""}},"ast-content-background-meta":{"desktop":{"background-color":"var(--ast-global-color-5)","background-image":"","background-repeat":"repeat","background-position":"center center","background-size":"auto","background-attachment":"scroll","background-type":"","background-media":"","overlay-type":"","overlay-color":"","overlay-opacity":"","overlay-gradient":""},"tablet":{"background-color":"var(--ast-global-color-5)","background-image":"","background-repeat":"repeat","background-position":"center center","background-size":"auto","background-attachment":"scroll","background-type":"","background-media":"","overlay-type":"","overlay-color":"","overlay-opacity":"","overlay-gradient":""},"mobile":{"background-color":"var(--ast-global-color-5)","background-image":"","background-repeat":"repeat","background-position":"center center","background-size":"auto","background-attachment":"scroll","background-type":"","background-media":"","overlay-type":"","overlay-color":"","overlay-opacity":"","overlay-gradient":""}}},"pwb-brand":[332],"product_brand":[],"product_cat":[388,333],"product_tag":[],"class_list":{"0":"post-14762","1":"product","2":"type-product","3":"status-publish","4":"has-post-thumbnail","6":"pwb-brand-victron","7":"product_cat-inversores-cargadores-12v","8":"product_cat-inversores","9":"desktop-align-left","10":"tablet-align-left","11":"mobile-align-left","12":"ast-product-gallery-layout-horizontal-slider","13":"ast-product-gallery-with-no-image","14":"ast-product-tabs-layout-horizontal","16":"first","17":"instock","18":"taxable","19":"shipping-taxable","20":"purchasable","21":"product-type-simple"},"wcpa_form_fields":null,"brands":[{"id":332,"name":"Victron Energia","slug":"victron"}],"_links":{"self":[{"href":"https:\/\/fvcomponentes.com\/pt\/wp-json\/wp\/v2\/product\/14762","targetHints":{"allow":["GET"]}}],"collection":[{"href":"https:\/\/fvcomponentes.com\/pt\/wp-json\/wp\/v2\/product"}],"about":[{"href":"https:\/\/fvcomponentes.com\/pt\/wp-json\/wp\/v2\/types\/product"}],"replies":[{"embeddable":true,"href":"https:\/\/fvcomponentes.com\/pt\/wp-json\/wp\/v2\/comments?post=14762"}],"wp:featuredmedia":[{"embeddable":true,"href":"https:\/\/fvcomponentes.com\/pt\/wp-json\/wp\/v2\/media\/14765"}],"wp:attachment":[{"href":"https:\/\/fvcomponentes.com\/pt\/wp-json\/wp\/v2\/media?parent=14762"}],"wp:term":[{"taxonomy":"pwb-brand","embeddable":true,"href":"https:\/\/fvcomponentes.com\/pt\/wp-json\/wp\/v2\/pwb-brand?post=14762"},{"taxonomy":"product_brand","embeddable":true,"href":"https:\/\/fvcomponentes.com\/pt\/wp-json\/wp\/v2\/product_brand?post=14762"},{"taxonomy":"product_cat","embeddable":true,"href":"https:\/\/fvcomponentes.com\/pt\/wp-json\/wp\/v2\/product_cat?post=14762"},{"taxonomy":"product_tag","embeddable":true,"href":"https:\/\/fvcomponentes.com\/pt\/wp-json\/wp\/v2\/product_tag?post=14762"}],"curies":[{"name":"wp","href":"https:\/\/api.w.org\/{rel}","templated":true}]}}