{"id":14753,"date":"2024-06-12T11:13:02","date_gmt":"2024-06-12T09:13:02","guid":{"rendered":"https:\/\/fvcomponentes.com\/?post_type=product&#038;p=14753"},"modified":"2026-04-08T21:31:16","modified_gmt":"2026-04-08T19:31:16","slug":"inversor-24v-sun-24-250-10-iec-sin241251100","status":"publish","type":"product","link":"https:\/\/fvcomponentes.com\/pt\/producto\/inversor-24v-sun-24-250-10-iec-sin241251100\/","title":{"rendered":"Inversor 24V Victron Sun 24\/250-10 IEC - SIN241251100"},"content":{"rendered":"<h2>Fiabilidade comprovada<\/h2>\n<p>O inversor Victron Sun 24\/250-10 IEC 24V - SIN241251100 \u00e9 \u00e0 prova de curto-circuito e est\u00e1 protegido contra sobreaquecimento, quer seja devido a sobrecarga ou \u00e0 temperatura ambiente. A topologia de ponte completa mais transformador toroidal provou a sua fiabilidade ao longo de muitos anos. alta.<\/p>\n<h2>Inversor de alta pot\u00eancia de arranque Victron Sun 24\/250-10 IEC 24V - SIN241251100<\/h2>\n<p>Necess\u00e1rio para o arranque de cargas, tais como conversores para l\u00e2mpadas LED, l\u00e2mpadas de halog\u00e9neo ou ferramentas el\u00e9ctricas.<\/p>\n<h2>Modo ECO<\/h2>\n<p>No modo ECO, o inversor passa para o modo de espera quando a carga desce abaixo de um valor predefinido (carga m\u00ednima: 15 W). Uma vez em standby, o inversor ligar-se-\u00e1 brevemente (ajust\u00e1vel; predefini\u00e7\u00e3o: a cada 2,5 segundos). Se a carga exceder o n\u00edvel predefinido, o inversor permanecer\u00e1 ligado.<\/p>\n<h2>Interruptor remoto para ligar\/desligar<\/h2>\n<p>O painel remoto Phoenix Inverter Control VE.Direct (n\u00e3o inclu\u00eddo) pode ser utilizado para ligar e desligar o inversor \u00e0 dist\u00e2ncia. Outra op\u00e7\u00e3o \u00e9 ligar um interrutor remoto de ligar\/desligar a um conetor de dois p\u00f3los ou entre o positivo da bateria e o contacto esquerdo do conetor de dois p\u00f3los.<\/p>\n<h2>Bluetooth<\/h2>\n<p>Os par\u00e2metros do inversor 24V Sun 24\/250-10 IEC - SIN241251100 e do carregador solar podem ser lidos e monitorizados via Bluetooth atrav\u00e9s da aplica\u00e7\u00e3o VictronConnect.<\/p>\n<h2>Inversor Victron Sun 24\/250-10 IEC 24V VE.Porta de comunica\u00e7\u00e3o direta - SIN241251100<\/h2>\n<p>Esta porta pode ser utilizada para ligar a um dispositivo GX, GlobalLink 520, para monitoriza\u00e7\u00e3o atrav\u00e9s do portal VRM ou para ligar a um computador para monitoriza\u00e7\u00e3o ou configura\u00e7\u00e3o com a aplica\u00e7\u00e3o VictronConnect.<\/p>\n<h2>Monitoriza\u00e7\u00e3o atrav\u00e9s da aplica\u00e7\u00e3o VictronConnect ou do dispositivo GX:<\/h2>\n<ul>\n<li>Tens\u00e3o de entrada e sa\u00edda do inversor e percentagem de cargas.<\/li>\n<li>Energia solar, tens\u00e3o e corrente.<\/li>\n<li>Estado operacional e alarmes.<\/li>\n<\/ul>\n<h2>Totalmente configur\u00e1vel com a aplica\u00e7\u00e3o VictronConnect:<\/h2>\n<ul>\n<li>- N\u00edveis de disparo do alarme e reposi\u00e7\u00e3o da tens\u00e3o baixa da bateria.<\/li>\n<li>N\u00edveis de corte e de reposi\u00e7\u00e3o da tens\u00e3o da bateria fraca.<\/li>\n<li>Desconex\u00e3o din\u00e2mica: n\u00edvel de desconex\u00e3o dependente da carga.<\/li>\n<li>- Tens\u00e3o de sa\u00edda 210 - 245 V e frequ\u00eancia 50 Hz ou 60 Hz.<\/li>\n<li>- Modo ECO ligado\/desligado e n\u00edvel de dete\u00e7\u00e3o do modo ECO.<\/li>\n<li>Corrente de carga da bateria, algoritmo e tens\u00f5es.<\/li>\n<li>- Compensa\u00e7\u00e3o da temperatura de carga da bateria ou n\u00edvel de corte de temperatura baixa.<\/li>\n<\/ul>\n<h2>Liga\u00e7\u00f5es DC e PV com terminais de parafuso<\/h2>\n<p>N\u00e3o s\u00e3o necess\u00e1rios terminais de cabos ou ferramentas especiais para esta instala\u00e7\u00e3o.<\/p>\n<h2>Dispon\u00edvel com uma tomada IEC-320<\/h2>\n<p>Est\u00e1 inclu\u00edda uma ficha macho IEC-320.<\/p>\n<h2>Ficha t\u00e9cnica Inversor 24V Victron Sun 24\/250-10 IEC - SIN241251100<\/h2>\n<p><a href=\"https:\/\/fvcomponentes.com\/wp-content\/uploads\/2024\/06\/Ficha-tecnica-Inversor-Victron-Sun.pdf\" target=\"_blank\" rel=\"noopener\">Ver ficha t\u00e9cnica do Inversor 24V 24\/250-10 IEC - SIN241251100 da Victron Sun\u00a0\u00a0<\/a><\/p>","protected":false},"excerpt":{"rendered":"<ul>\n<li><strong>Pot\u00eancia nominal: <\/strong>250W<\/li>\n<li><strong>Pot\u00eancia de pico: <\/strong>400W<\/li>\n<li><strong>Tens\u00e3o de entrada: <\/strong>24V<\/li>\n<\/ul>","protected":false},"featured_media":15008,"comment_status":"closed","ping_status":"closed","template":"","meta":{"site-sidebar-layout":"default","site-content-layout":"","ast-site-content-layout":"default","site-content-style":"default","site-sidebar-style":"default","ast-global-header-display":"","ast-banner-title-visibility":"","ast-main-header-display":"","ast-hfb-above-header-display":"","ast-hfb-below-header-display":"","ast-hfb-mobile-header-display":"","site-post-title":"","ast-breadcrumbs-content":"","ast-featured-img":"","footer-sml-layout":"","ast-disable-related-posts":"","theme-transparent-header-meta":"default","adv-header-id-meta":"","stick-header-meta":"","header-above-stick-meta":"","header-main-stick-meta":"","header-below-stick-meta":"","astra-migrate-meta-layouts":"set","ast-page-background-enabled":"default","ast-page-background-meta":{"desktop":{"background-color":"var(--ast-global-color-4)","background-image":"","background-repeat":"repeat","background-position":"center center","background-size":"auto","background-attachment":"scroll","background-type":"","background-media":"","overlay-type":"","overlay-color":"","overlay-opacity":"","overlay-gradient":""},"tablet":{"background-color":"","background-image":"","background-repeat":"repeat","background-position":"center center","background-size":"auto","background-attachment":"scroll","background-type":"","background-media":"","overlay-type":"","overlay-color":"","overlay-opacity":"","overlay-gradient":""},"mobile":{"background-color":"","background-image":"","background-repeat":"repeat","background-position":"center center","background-size":"auto","background-attachment":"scroll","background-type":"","background-media":"","overlay-type":"","overlay-color":"","overlay-opacity":"","overlay-gradient":""}},"ast-content-background-meta":{"desktop":{"background-color":"var(--ast-global-color-5)","background-image":"","background-repeat":"repeat","background-position":"center center","background-size":"auto","background-attachment":"scroll","background-type":"","background-media":"","overlay-type":"","overlay-color":"","overlay-opacity":"","overlay-gradient":""},"tablet":{"background-color":"var(--ast-global-color-5)","background-image":"","background-repeat":"repeat","background-position":"center center","background-size":"auto","background-attachment":"scroll","background-type":"","background-media":"","overlay-type":"","overlay-color":"","overlay-opacity":"","overlay-gradient":""},"mobile":{"background-color":"var(--ast-global-color-5)","background-image":"","background-repeat":"repeat","background-position":"center center","background-size":"auto","background-attachment":"scroll","background-type":"","background-media":"","overlay-type":"","overlay-color":"","overlay-opacity":"","overlay-gradient":""}}},"pwb-brand":[332],"product_brand":[],"product_cat":[333,367],"product_tag":[],"class_list":{"0":"post-14753","1":"product","2":"type-product","3":"status-publish","4":"has-post-thumbnail","6":"pwb-brand-victron","7":"product_cat-inversores","8":"product_cat-inversores-24-v","9":"desktop-align-left","10":"tablet-align-left","11":"mobile-align-left","12":"ast-product-gallery-layout-horizontal-slider","13":"ast-product-tabs-layout-horizontal","15":"first","16":"instock","17":"taxable","18":"shipping-taxable","19":"purchasable","20":"product-type-simple"},"wcpa_form_fields":null,"brands":[{"id":332,"name":"Victron Energia","slug":"victron"}],"_links":{"self":[{"href":"https:\/\/fvcomponentes.com\/pt\/wp-json\/wp\/v2\/product\/14753","targetHints":{"allow":["GET"]}}],"collection":[{"href":"https:\/\/fvcomponentes.com\/pt\/wp-json\/wp\/v2\/product"}],"about":[{"href":"https:\/\/fvcomponentes.com\/pt\/wp-json\/wp\/v2\/types\/product"}],"replies":[{"embeddable":true,"href":"https:\/\/fvcomponentes.com\/pt\/wp-json\/wp\/v2\/comments?post=14753"}],"wp:featuredmedia":[{"embeddable":true,"href":"https:\/\/fvcomponentes.com\/pt\/wp-json\/wp\/v2\/media\/15008"}],"wp:attachment":[{"href":"https:\/\/fvcomponentes.com\/pt\/wp-json\/wp\/v2\/media?parent=14753"}],"wp:term":[{"taxonomy":"pwb-brand","embeddable":true,"href":"https:\/\/fvcomponentes.com\/pt\/wp-json\/wp\/v2\/pwb-brand?post=14753"},{"taxonomy":"product_brand","embeddable":true,"href":"https:\/\/fvcomponentes.com\/pt\/wp-json\/wp\/v2\/product_brand?post=14753"},{"taxonomy":"product_cat","embeddable":true,"href":"https:\/\/fvcomponentes.com\/pt\/wp-json\/wp\/v2\/product_cat?post=14753"},{"taxonomy":"product_tag","embeddable":true,"href":"https:\/\/fvcomponentes.com\/pt\/wp-json\/wp\/v2\/product_tag?post=14753"}],"curies":[{"name":"wp","href":"https:\/\/api.w.org\/{rel}","templated":true}]}}