{"id":14033,"date":"2024-05-14T18:19:26","date_gmt":"2024-05-14T16:19:26","guid":{"rendered":"https:\/\/fvcomponentes.com\/?post_type=product&#038;p=14033"},"modified":"2025-03-25T12:04:36","modified_gmt":"2025-03-25T11:04:36","slug":"frigorifico-de-campismo-12v-vitrifrigo-c42l-porta-preta-f12230800s","status":"publish","type":"product","link":"https:\/\/fvcomponentes.com\/pt\/producto\/nevera-camper-12v-vitrifrigo-c42l-puerta-negra-f12230800s\/","title":{"rendered":"Frigor\u00edfico de campismo com porta preta 12V Vitrifrigo C42L - F12230800S"},"content":{"rendered":"<h2>Frigor\u00edfico de campismo com porta preta 12V Vitrifrigo C42L - F12230800S<\/h2>\n<p>Frigor\u00edfico de campismo com porta preta 12V Vitrifrigo C42L - F12230800S com sistema de fecho Airlock e porta preta com acabamento mate, perfeito para instala\u00e7\u00e3o em carrinhas, caravanas ou barcos de recreio.<\/p>\n<p>Esta s\u00e9rie de frigor\u00edficos oferece uma gama completa que cobre todas as necessidades em termos de espa\u00e7o e de capacidade. Ergon\u00f3micos, silenciosos, intuitivos e seguros, os frigor\u00edficos Vitrifrigo s\u00e3o capazes de garantir o m\u00e1ximo conforto a bordo. Os equipamentos da s\u00e9rie \"frigor\u00edfico-congelador e congelador\" t\u00eam sido uma parte fundamental de v\u00e1rios barcos e caravanas ao longo dos anos.<\/p>\n<p>Este frigor\u00edfico com compressor externo oferece uma grande vantagem em rela\u00e7\u00e3o a outros modelos, pois permite a montagem do compressor at\u00e9 1,5 metros de dist\u00e2ncia do pr\u00f3prio frigor\u00edfico, sem necessidade de qualquer manipula\u00e7\u00e3o dos tubos de refrigera\u00e7\u00e3o. Isto confere ao frigor\u00edfico dimens\u00f5es mais estreitas e compactas, o que permite a constru\u00e7\u00e3o de arm\u00e1rios mais estreitos e mais simples para o interior das cabinas, deixando corredores mais largos e mais confort\u00e1veis.<\/p>\n<p>Os refrigeradores Vitrifrigo s\u00e3o constru\u00eddos a pensar na navega\u00e7\u00e3o, onde a estabilidade pode muitas vezes ser comprometida. Permitem posi\u00e7\u00f5es inclinadas e movimentos, por mais dif\u00edceis que sejam, pelo que s\u00e3o ideais para caravanas, autocaravanas, campistas, ve\u00edculos todo-o-terreno 4\u00d74, todo-o-terreno ou barcos, conseguindo sempre um \u00f3timo desempenho e um consumo m\u00ednimo, nas condi\u00e7\u00f5es de trabalho mais dif\u00edceis.<\/p>\n<h2>Baixo consumo, elevada seguran\u00e7a<\/h2>\n<p>Os frigor\u00edficos Vitrifrigo est\u00e3o equipados com uma luz interior LED de alta intensidade, que permite uma vis\u00e3o completa do frigor\u00edfico com um consumo m\u00ednimo de energia.<\/p>\n<p>Todos os frigor\u00edficos Vitrifrigo disp\u00f5em de uma fun\u00e7\u00e3o inteligente de prote\u00e7\u00e3o da bateria, que os desliga se a tens\u00e3o da bateria atingir um n\u00edvel baixo, para evitar uma descarga excessiva. Reiniciam-se automaticamente quando a tens\u00e3o volta a subir, por exemplo, quando \u00e9 aplicada uma fonte de carregamento.<\/p>\n<p>O arrefecimento \u00e9 controlado por um term\u00f3stato mec\u00e2nico e o compressor tem um baixo consumo de energia de apenas 31 W (aprox. 2,58 A para um sistema de 12 V).<\/p>\n<h2>Frigor\u00edfico de campismo com porta preta 12V Vitrifrigo C42L - F12230800S, sistema Airlock<\/h2>\n<p>O novo sistema de fecho \"inteligente\" Airlock oferece 4 solu\u00e7\u00f5es completas e inovadoras:<\/p>\n<ul>\n<li>Bloqueio positivo da porta para evitar uma abertura n\u00e3o desejada.<\/li>\n<li>Perfil de fixa\u00e7\u00e3o simples (opcional), tanto para a vers\u00e3o totalmente encastrada (porta interior) como para a vers\u00e3o parcialmente encastrada (porta exterior).<\/li>\n<li>Reversibilidade r\u00e1pida da porta: gra\u00e7as \u00e0 conce\u00e7\u00e3o precisa de todos os elementos do sistema, a mudan\u00e7a de orienta\u00e7\u00e3o da abertura da porta demora muito pouco tempo.<\/li>\n<li>Sistema integrado de \"posi\u00e7\u00e3o de ventila\u00e7\u00e3o\" para manter a porta do frigor\u00edfico entreaberta, evitando assim a forma\u00e7\u00e3o de bolor e a acumula\u00e7\u00e3o de odores desagrad\u00e1veis durante os per\u00edodos de inatividade.<\/li>\n<\/ul>\n<h2>12V Vitrifrigo C42L Porta preta frigor\u00edfico de campismo 12V Vitrifrigo C42L Porta preta manual - F12230800S<\/h2>\n<p><a href=\"https:\/\/fvcomponentes.com\/wp-content\/uploads\/2024\/07\/Manual-nevera-camper-Vitrifrigo.pdf\" target=\"_blank\" rel=\"noopener\">Ver manual do frigor\u00edfico de campismo 12V Vitrifrigo C42L Black door 12V - F12230800S<\/a><\/p>","protected":false},"excerpt":{"rendered":"<ul>\n<li><strong>Alimenta\u00e7\u00e3o:<\/strong> 12\/24Vdc<\/li>\n<li><strong>Capacidade total:<\/strong> 42 l<\/li>\n<li><strong>Capacidade do congelador:<\/strong> 3,6 l<\/li>\n<li><strong>Consumo nominal:<\/strong> 31 W<\/li>\n<li>Unidade de refrigera\u00e7\u00e3o externa<\/li>\n<li>Porta revers\u00edvel<\/li>\n<li>compressor secop bd35f<\/li>\n<\/ul>","protected":false},"featured_media":14030,"comment_status":"closed","ping_status":"closed","template":"","meta":{"site-sidebar-layout":"default","site-content-layout":"","ast-site-content-layout":"default","site-content-style":"default","site-sidebar-style":"default","ast-global-header-display":"","ast-banner-title-visibility":"","ast-main-header-display":"","ast-hfb-above-header-display":"","ast-hfb-below-header-display":"","ast-hfb-mobile-header-display":"","site-post-title":"","ast-breadcrumbs-content":"","ast-featured-img":"","footer-sml-layout":"","ast-disable-related-posts":"","theme-transparent-header-meta":"default","adv-header-id-meta":"","stick-header-meta":"","header-above-stick-meta":"","header-main-stick-meta":"","header-below-stick-meta":"","astra-migrate-meta-layouts":"set","ast-page-background-enabled":"default","ast-page-background-meta":{"desktop":{"background-color":"var(--ast-global-color-4)","background-image":"","background-repeat":"repeat","background-position":"center center","background-size":"auto","background-attachment":"scroll","background-type":"","background-media":"","overlay-type":"","overlay-color":"","overlay-opacity":"","overlay-gradient":""},"tablet":{"background-color":"","background-image":"","background-repeat":"repeat","background-position":"center center","background-size":"auto","background-attachment":"scroll","background-type":"","background-media":"","overlay-type":"","overlay-color":"","overlay-opacity":"","overlay-gradient":""},"mobile":{"background-color":"","background-image":"","background-repeat":"repeat","background-position":"center center","background-size":"auto","background-attachment":"scroll","background-type":"","background-media":"","overlay-type":"","overlay-color":"","overlay-opacity":"","overlay-gradient":""}},"ast-content-background-meta":{"desktop":{"background-color":"var(--ast-global-color-5)","background-image":"","background-repeat":"repeat","background-position":"center center","background-size":"auto","background-attachment":"scroll","background-type":"","background-media":"","overlay-type":"","overlay-color":"","overlay-opacity":"","overlay-gradient":""},"tablet":{"background-color":"var(--ast-global-color-5)","background-image":"","background-repeat":"repeat","background-position":"center center","background-size":"auto","background-attachment":"scroll","background-type":"","background-media":"","overlay-type":"","overlay-color":"","overlay-opacity":"","overlay-gradient":""},"mobile":{"background-color":"var(--ast-global-color-5)","background-image":"","background-repeat":"repeat","background-position":"center center","background-size":"auto","background-attachment":"scroll","background-type":"","background-media":"","overlay-type":"","overlay-color":"","overlay-opacity":"","overlay-gradient":""}}},"pwb-brand":[927],"product_brand":[],"product_cat":[912],"product_tag":[],"class_list":{"0":"post-14033","1":"product","2":"type-product","3":"status-publish","4":"has-post-thumbnail","6":"pwb-brand-vitrifrigo","7":"product_cat-neveras-camper","8":"desktop-align-left","9":"tablet-align-left","10":"mobile-align-left","11":"ast-product-gallery-layout-horizontal-slider","12":"ast-product-tabs-layout-horizontal","14":"first","15":"instock","16":"taxable","17":"shipping-taxable","18":"purchasable","19":"product-type-simple"},"wcpa_form_fields":null,"brands":[{"id":927,"name":"Frigor\u00edficos Vitrifrigo","slug":"vitrifrigo"}],"_links":{"self":[{"href":"https:\/\/fvcomponentes.com\/pt\/wp-json\/wp\/v2\/product\/14033","targetHints":{"allow":["GET"]}}],"collection":[{"href":"https:\/\/fvcomponentes.com\/pt\/wp-json\/wp\/v2\/product"}],"about":[{"href":"https:\/\/fvcomponentes.com\/pt\/wp-json\/wp\/v2\/types\/product"}],"replies":[{"embeddable":true,"href":"https:\/\/fvcomponentes.com\/pt\/wp-json\/wp\/v2\/comments?post=14033"}],"wp:featuredmedia":[{"embeddable":true,"href":"https:\/\/fvcomponentes.com\/pt\/wp-json\/wp\/v2\/media\/14030"}],"wp:attachment":[{"href":"https:\/\/fvcomponentes.com\/pt\/wp-json\/wp\/v2\/media?parent=14033"}],"wp:term":[{"taxonomy":"pwb-brand","embeddable":true,"href":"https:\/\/fvcomponentes.com\/pt\/wp-json\/wp\/v2\/pwb-brand?post=14033"},{"taxonomy":"product_brand","embeddable":true,"href":"https:\/\/fvcomponentes.com\/pt\/wp-json\/wp\/v2\/product_brand?post=14033"},{"taxonomy":"product_cat","embeddable":true,"href":"https:\/\/fvcomponentes.com\/pt\/wp-json\/wp\/v2\/product_cat?post=14033"},{"taxonomy":"product_tag","embeddable":true,"href":"https:\/\/fvcomponentes.com\/pt\/wp-json\/wp\/v2\/product_tag?post=14033"}],"curies":[{"name":"wp","href":"https:\/\/api.w.org\/{rel}","templated":true}]}}