{"id":13967,"date":"2024-05-13T09:09:44","date_gmt":"2024-05-13T07:09:44","guid":{"rendered":"https:\/\/fvcomponentes.com\/?post_type=product&#038;p=13967"},"modified":"2026-04-10T18:25:11","modified_gmt":"2026-04-10T16:25:11","slug":"optimizador-huawei-1300w-p-cabo-longo-02314aqb","status":"publish","type":"product","link":"https:\/\/fvcomponentes.com\/pt\/producto\/optimizador-huawei-1300w-p-cable-largo-02314aqb\/","title":{"rendered":"Cabo longo do optimizador Huawei 1300W P - 02314AQB"},"content":{"rendered":"<h2>Cabo longo do optimizador Huawei 1300W P - 02314AQB<\/h2>\n<div id=\"product-details-information-tab-1\" class=\"product-details-information-tab-content-panel active\" role=\"tabpanel\" data-action=\"pushable\" data-id=\"product-details-information-1\" data-pusher=\"sc-pushable-xs\">\n<div class=\"baywa-details-description\">Cabo longo Huawei Optimiser 1300W P - 02314AQB para montagem em quadro de m\u00f3dulo fotovoltaico at\u00e9 650W. O Smart PV Optimiser \u00e9 um conversor DC-DC que \u00e9 instalado na parte de tr\u00e1s dos pain\u00e9is solares de um sistema fotovoltaico. Gere o ponto de pot\u00eancia m\u00e1xima (MPP) de cada m\u00f3dulo para melhorar o rendimento energ\u00e9tico do sistema. \u00c9 tamb\u00e9m respons\u00e1vel por fun\u00e7\u00f5es como o encerramento e a gest\u00e3o ao n\u00edvel do m\u00f3dulo. Os optimizadores podem isolar o funcionamento de um painel que seja afetado por sombras ou que tenha uma orienta\u00e7\u00e3o diferente do resto da linha de pain\u00e9is da instala\u00e7\u00e3o.<\/div>\n<\/div>\n<h2>Cabo longo de compatibilidade com o optimizador Huawei 1300W P - 02314AQB<\/h2>\n<p>Estes modelos de optimizadores Huawei s\u00e3o compat\u00edveis com os inversores trif\u00e1sicos M2, M3 e M5. Com um tempo de emparelhamento inferior a 1,5 minutos, teremos o m\u00e1ximo desempenho que os pain\u00e9is podem produzir. Um sistema pode ser concebido atrav\u00e9s da instala\u00e7\u00e3o de optimizadores para cada um dos pain\u00e9is da s\u00e9rie. Isto tem restri\u00e7\u00f5es em fun\u00e7\u00e3o do inversor em que v\u00e3o ser instalados.<\/p>\n<h2>Caracter\u00edsticas do cabo longo do optimizador Huawei 1300W P - 02314AQB<\/h2>\n<p>O Cabo Longo Huawei 1300W P Optimizer - 02314AQB tem prote\u00e7\u00e3o IP68 e est\u00e1 pronto a ser instalado logo abaixo do painel solar ao qual est\u00e1 ligado.<br \/>\n<span style=\"font-size: 16px;\">O comprimento do cabo de alimenta\u00e7\u00e3o de entrada fornecido com o optimizador \u00e9 de 1500 mm.<br \/>\nAdequado para todos os tipos de pain\u00e9is at\u00e9 650W.<br \/>\nDois m\u00f3dulos por optimizador.\u00a0<\/span><\/p>\n<h2 role=\"tabpanel\" data-action=\"pushable\" data-id=\"product-details-information-2\" data-pusher=\"sc-pushable-xs\">Huawei Optimiser 1300W P Cabo longo - 02314AQB Ficha t\u00e9cnica<\/h2>\n<p><a href=\"https:\/\/fvcomponentes.com\/wp-content\/uploads\/2024\/05\/Huawei_TDS_Optimizer_MERC-1100-1300W_V2_EN.pdf\" target=\"_blank\" rel=\"noopener\">Ver ficha t\u00e9cnica do Huawei Optimiser 1300W P Cabo longo - 02314AQB<\/a><\/p>","protected":false},"excerpt":{"rendered":"<p><strong>Pot\u00eancia nominal de entrada <\/strong>1300 W<br \/>\n<strong>Tens\u00e3o de entrada m\u00e1xima absoluta<\/strong> 125 V<br \/>\n<strong>Efici\u00eancia m\u00e9dia<\/strong> 99.0 %<br \/>\n<strong>Tens\u00e3o m\u00e1xima de sa\u00edda<\/strong> 80 V<br \/>\n<strong>Corrente m\u00e1xima de sa\u00edda<\/strong> 22 A<br \/>\n<strong>Conector de sa\u00edda<\/strong> 1.5m<\/p>","protected":false},"featured_media":13961,"comment_status":"closed","ping_status":"closed","template":"","meta":{"site-sidebar-layout":"default","site-content-layout":"","ast-site-content-layout":"default","site-content-style":"default","site-sidebar-style":"default","ast-global-header-display":"","ast-banner-title-visibility":"","ast-main-header-display":"","ast-hfb-above-header-display":"","ast-hfb-below-header-display":"","ast-hfb-mobile-header-display":"","site-post-title":"","ast-breadcrumbs-content":"","ast-featured-img":"","footer-sml-layout":"","ast-disable-related-posts":"","theme-transparent-header-meta":"default","adv-header-id-meta":"","stick-header-meta":"","header-above-stick-meta":"","header-main-stick-meta":"","header-below-stick-meta":"","astra-migrate-meta-layouts":"set","ast-page-background-enabled":"default","ast-page-background-meta":{"desktop":{"background-color":"var(--ast-global-color-4)","background-image":"","background-repeat":"repeat","background-position":"center center","background-size":"auto","background-attachment":"scroll","background-type":"","background-media":"","overlay-type":"","overlay-color":"","overlay-opacity":"","overlay-gradient":""},"tablet":{"background-color":"","background-image":"","background-repeat":"repeat","background-position":"center center","background-size":"auto","background-attachment":"scroll","background-type":"","background-media":"","overlay-type":"","overlay-color":"","overlay-opacity":"","overlay-gradient":""},"mobile":{"background-color":"","background-image":"","background-repeat":"repeat","background-position":"center center","background-size":"auto","background-attachment":"scroll","background-type":"","background-media":"","overlay-type":"","overlay-color":"","overlay-opacity":"","overlay-gradient":""}},"ast-content-background-meta":{"desktop":{"background-color":"var(--ast-global-color-5)","background-image":"","background-repeat":"repeat","background-position":"center center","background-size":"auto","background-attachment":"scroll","background-type":"","background-media":"","overlay-type":"","overlay-color":"","overlay-opacity":"","overlay-gradient":""},"tablet":{"background-color":"var(--ast-global-color-5)","background-image":"","background-repeat":"repeat","background-position":"center center","background-size":"auto","background-attachment":"scroll","background-type":"","background-media":"","overlay-type":"","overlay-color":"","overlay-opacity":"","overlay-gradient":""},"mobile":{"background-color":"var(--ast-global-color-5)","background-image":"","background-repeat":"repeat","background-position":"center center","background-size":"auto","background-attachment":"scroll","background-type":"","background-media":"","overlay-type":"","overlay-color":"","overlay-opacity":"","overlay-gradient":""}}},"pwb-brand":[381],"product_brand":[],"product_cat":[458,395],"product_tag":[],"class_list":{"0":"post-13967","1":"product","2":"type-product","3":"status-publish","4":"has-post-thumbnail","6":"pwb-brand-huawei","7":"product_cat-accesorios-placas-solares","8":"product_cat-placas-solares","9":"desktop-align-left","10":"tablet-align-left","11":"mobile-align-left","12":"ast-product-gallery-layout-horizontal-slider","13":"ast-product-tabs-layout-horizontal","15":"first","16":"instock","17":"taxable","18":"shipping-taxable","19":"purchasable","20":"product-type-simple"},"wcpa_form_fields":null,"brands":[{"id":381,"name":"Inversores Huawei","slug":"huawei"}],"_links":{"self":[{"href":"https:\/\/fvcomponentes.com\/pt\/wp-json\/wp\/v2\/product\/13967","targetHints":{"allow":["GET"]}}],"collection":[{"href":"https:\/\/fvcomponentes.com\/pt\/wp-json\/wp\/v2\/product"}],"about":[{"href":"https:\/\/fvcomponentes.com\/pt\/wp-json\/wp\/v2\/types\/product"}],"replies":[{"embeddable":true,"href":"https:\/\/fvcomponentes.com\/pt\/wp-json\/wp\/v2\/comments?post=13967"}],"wp:featuredmedia":[{"embeddable":true,"href":"https:\/\/fvcomponentes.com\/pt\/wp-json\/wp\/v2\/media\/13961"}],"wp:attachment":[{"href":"https:\/\/fvcomponentes.com\/pt\/wp-json\/wp\/v2\/media?parent=13967"}],"wp:term":[{"taxonomy":"pwb-brand","embeddable":true,"href":"https:\/\/fvcomponentes.com\/pt\/wp-json\/wp\/v2\/pwb-brand?post=13967"},{"taxonomy":"product_brand","embeddable":true,"href":"https:\/\/fvcomponentes.com\/pt\/wp-json\/wp\/v2\/product_brand?post=13967"},{"taxonomy":"product_cat","embeddable":true,"href":"https:\/\/fvcomponentes.com\/pt\/wp-json\/wp\/v2\/product_cat?post=13967"},{"taxonomy":"product_tag","embeddable":true,"href":"https:\/\/fvcomponentes.com\/pt\/wp-json\/wp\/v2\/product_tag?post=13967"}],"curies":[{"name":"wp","href":"https:\/\/api.w.org\/{rel}","templated":true}]}}