{"id":13958,"date":"2024-05-13T08:29:15","date_gmt":"2024-05-13T06:29:15","guid":{"rendered":"https:\/\/fvcomponentes.com\/?post_type=product&#038;p=13958"},"modified":"2025-12-29T09:22:18","modified_gmt":"2025-12-29T08:22:18","slug":"optimizador-huawei-600w-p2-02313tte-003","status":"publish","type":"product","link":"https:\/\/fvcomponentes.com\/pt\/producto\/optimizador-huawei-600w-p2-02313tte-003\/","title":{"rendered":"Optimizador Huawei 600W P2 - 02313TTE-003"},"content":{"rendered":"<h2>Optimizador Huawei 600W P2 - 02313TTE-003<\/h2>\n<div id=\"product-details-information-tab-1\" class=\"product-details-information-tab-content-panel active\" role=\"tabpanel\" data-action=\"pushable\" data-id=\"product-details-information-1\" data-pusher=\"sc-pushable-xs\">\n<div class=\"baywa-details-description\">Huawei Optimiser 600W P2 - 02313TTE-003 para montagem em quadro do m\u00f3dulo fotovoltaico at\u00e9 600W. O Smart PV Optimiser \u00e9 um conversor DC-DC que \u00e9 instalado na parte de tr\u00e1s dos pain\u00e9is solares de um sistema fotovoltaico. Gere o ponto de pot\u00eancia m\u00e1xima (MPP) de cada m\u00f3dulo para melhorar o rendimento energ\u00e9tico do sistema. \u00c9 tamb\u00e9m respons\u00e1vel por fun\u00e7\u00f5es como a desativa\u00e7\u00e3o e a gest\u00e3o ao n\u00edvel do m\u00f3dulo. Os optimizadores podem isolar o funcionamento de um painel que seja afetado por sombras ou que tenha uma orienta\u00e7\u00e3o diferente do resto da linha de pain\u00e9is da instala\u00e7\u00e3o.<\/div>\n<\/div>\n<h2>Compatibilidade com o optimizador Huawei 600W P2 - 02313TTE-003<\/h2>\n<p>Estes modelos de optimizadores Huawei s\u00e3o compat\u00edveis com os inversores monof\u00e1sicos L1 e os inversores trif\u00e1sicos M1, M2 e M3. Com um tempo de emparelhamento inferior a 1,5 minutos, teremos o m\u00e1ximo desempenho que os pain\u00e9is podem produzir. Um sistema pode ser concebido atrav\u00e9s da instala\u00e7\u00e3o de optimizadores para cada um dos pain\u00e9is da s\u00e9rie. Isto tem restri\u00e7\u00f5es consoante o inversor em que ser\u00e3o instalados.<\/p>\n<h2>Optimizador Huawei 600W P2 - 02313TTE-003 Caracter\u00edsticas<\/h2>\n<p>O Huawei Optimiser 600W P2 - 02313TTE-003 tem prote\u00e7\u00e3o IP68 e est\u00e1 pronto a ser instalado logo abaixo do painel solar ao qual est\u00e1 ligado.<br \/>\n<span style=\"font-size: 16px;\">O comprimento do cabo de alimenta\u00e7\u00e3o de entrada fornecido com o optimizador \u00e9 de 150 mm.<br \/>\nAdequado para todos os tipos de pain\u00e9is at\u00e9 600W<br \/>\n<\/span><\/p>\n<h2 role=\"tabpanel\" data-action=\"pushable\" data-id=\"product-details-information-2\" data-pusher=\"sc-pushable-xs\">Ficha de dados do optimizador Huawei 600W P2 - 02313TTE-003<\/h2>\n<p><a href=\"https:\/\/fvcomponentes.com\/wp-content\/uploads\/2024\/05\/Optimizador-Huawei-450W-P2-02313TTE-004.pdf\" target=\"_blank\" rel=\"noopener\">Ver ficha de dados do Optimizador P2 600W da Huawei - 02313TTE-003<\/a><\/p>","protected":false},"excerpt":{"rendered":"<p><strong>Pot\u00eancia nominal de entrada<\/strong> 600 W<br \/>\n<strong>Tens\u00e3o de entrada m\u00e1xima absoluta<\/strong> 80 V<br \/>\n<strong>Efici\u00eancia m\u00e9dia<\/strong> 99.0 %<br \/>\n<strong>Tens\u00e3o m\u00e1xima de sa\u00edda<\/strong> 80 V<br \/>\n<strong>Corrente m\u00e1xima de sa\u00edda<\/strong> 15 A<br \/>\n<strong>Conector de sa\u00edda<\/strong> 0.15m<\/p>","protected":false},"featured_media":13957,"comment_status":"closed","ping_status":"closed","template":"","meta":{"site-sidebar-layout":"default","site-content-layout":"","ast-site-content-layout":"default","site-content-style":"default","site-sidebar-style":"default","ast-global-header-display":"","ast-banner-title-visibility":"","ast-main-header-display":"","ast-hfb-above-header-display":"","ast-hfb-below-header-display":"","ast-hfb-mobile-header-display":"","site-post-title":"","ast-breadcrumbs-content":"","ast-featured-img":"","footer-sml-layout":"","ast-disable-related-posts":"","theme-transparent-header-meta":"default","adv-header-id-meta":"","stick-header-meta":"","header-above-stick-meta":"","header-main-stick-meta":"","header-below-stick-meta":"","astra-migrate-meta-layouts":"set","ast-page-background-enabled":"default","ast-page-background-meta":{"desktop":{"background-color":"var(--ast-global-color-4)","background-image":"","background-repeat":"repeat","background-position":"center center","background-size":"auto","background-attachment":"scroll","background-type":"","background-media":"","overlay-type":"","overlay-color":"","overlay-opacity":"","overlay-gradient":""},"tablet":{"background-color":"","background-image":"","background-repeat":"repeat","background-position":"center center","background-size":"auto","background-attachment":"scroll","background-type":"","background-media":"","overlay-type":"","overlay-color":"","overlay-opacity":"","overlay-gradient":""},"mobile":{"background-color":"","background-image":"","background-repeat":"repeat","background-position":"center center","background-size":"auto","background-attachment":"scroll","background-type":"","background-media":"","overlay-type":"","overlay-color":"","overlay-opacity":"","overlay-gradient":""}},"ast-content-background-meta":{"desktop":{"background-color":"var(--ast-global-color-5)","background-image":"","background-repeat":"repeat","background-position":"center center","background-size":"auto","background-attachment":"scroll","background-type":"","background-media":"","overlay-type":"","overlay-color":"","overlay-opacity":"","overlay-gradient":""},"tablet":{"background-color":"var(--ast-global-color-5)","background-image":"","background-repeat":"repeat","background-position":"center center","background-size":"auto","background-attachment":"scroll","background-type":"","background-media":"","overlay-type":"","overlay-color":"","overlay-opacity":"","overlay-gradient":""},"mobile":{"background-color":"var(--ast-global-color-5)","background-image":"","background-repeat":"repeat","background-position":"center center","background-size":"auto","background-attachment":"scroll","background-type":"","background-media":"","overlay-type":"","overlay-color":"","overlay-opacity":"","overlay-gradient":""}}},"pwb-brand":[381],"product_brand":[],"product_cat":[458,395],"product_tag":[],"class_list":{"0":"post-13958","1":"product","2":"type-product","3":"status-publish","4":"has-post-thumbnail","6":"pwb-brand-huawei","7":"product_cat-accesorios-placas-solares","8":"product_cat-placas-solares","9":"desktop-align-left","10":"tablet-align-left","11":"mobile-align-left","12":"ast-product-gallery-layout-horizontal-slider","13":"ast-product-gallery-with-no-image","14":"ast-product-tabs-layout-horizontal","16":"first","17":"instock","18":"taxable","19":"shipping-taxable","20":"purchasable","21":"product-type-simple"},"wcpa_form_fields":null,"brands":[{"id":381,"name":"Inversores Huawei","slug":"huawei"}],"_links":{"self":[{"href":"https:\/\/fvcomponentes.com\/pt\/wp-json\/wp\/v2\/product\/13958","targetHints":{"allow":["GET"]}}],"collection":[{"href":"https:\/\/fvcomponentes.com\/pt\/wp-json\/wp\/v2\/product"}],"about":[{"href":"https:\/\/fvcomponentes.com\/pt\/wp-json\/wp\/v2\/types\/product"}],"replies":[{"embeddable":true,"href":"https:\/\/fvcomponentes.com\/pt\/wp-json\/wp\/v2\/comments?post=13958"}],"wp:featuredmedia":[{"embeddable":true,"href":"https:\/\/fvcomponentes.com\/pt\/wp-json\/wp\/v2\/media\/13957"}],"wp:attachment":[{"href":"https:\/\/fvcomponentes.com\/pt\/wp-json\/wp\/v2\/media?parent=13958"}],"wp:term":[{"taxonomy":"pwb-brand","embeddable":true,"href":"https:\/\/fvcomponentes.com\/pt\/wp-json\/wp\/v2\/pwb-brand?post=13958"},{"taxonomy":"product_brand","embeddable":true,"href":"https:\/\/fvcomponentes.com\/pt\/wp-json\/wp\/v2\/product_brand?post=13958"},{"taxonomy":"product_cat","embeddable":true,"href":"https:\/\/fvcomponentes.com\/pt\/wp-json\/wp\/v2\/product_cat?post=13958"},{"taxonomy":"product_tag","embeddable":true,"href":"https:\/\/fvcomponentes.com\/pt\/wp-json\/wp\/v2\/product_tag?post=13958"}],"curies":[{"name":"wp","href":"https:\/\/api.w.org\/{rel}","templated":true}]}}