{"id":13841,"date":"2024-05-09T16:42:22","date_gmt":"2024-05-09T14:42:22","guid":{"rendered":"https:\/\/fvcomponentes.com\/?post_type=product&#038;p=13841"},"modified":"2026-03-30T12:17:18","modified_gmt":"2026-03-30T10:17:18","slug":"assistente-de-gestao-de-energia-huawei-emma-a02-assistente-de-gestao-de-energia-huawei-emma-a02-02314jes-001","status":"publish","type":"product","link":"https:\/\/fvcomponentes.com\/pt\/producto\/asistente-de-gestion-de-energia-emma-a02-de-huawei-02314jes-001\/","title":{"rendered":"Assistente de gest\u00e3o de energia Huawei EMMA A02 - 02314JES-001"},"content":{"rendered":"<h2>Assistente de gest\u00e3o de energia Huawei EMMA A02 - 02314JES-001<\/h2>\n<p>O Huawei EMMA A02 Energy Management Assistant - 02314JES-001 \u00e9 o novo assistente de gest\u00e3o de energia da Huawei. \u00c9 o complemento ideal para uma casa inteligente e eficiente. Integra-se com o sistema fotovoltaico, bem como com solu\u00e7\u00f5es de armazenamento ou sistemas de dom\u00f3tica.<\/p>\n<p>O Assistente de Gest\u00e3o de Energia com IA (EMMA) fornece fun\u00e7\u00f5es inteligentes de planeamento e gest\u00e3o de energia. Gra\u00e7as \u00e0 an\u00e1lise de grandes volumes de dados baseada em intelig\u00eancia artificial, o EMMA pode prever com precis\u00e3o a procura de energia das fam\u00edlias e distribuir, armazenar e devolver de forma inteligente o excesso de energia para otimizar o desempenho do sistema, aumentar o autoconsumo e maximizar os benef\u00edcios financeiros.<\/p>\n<p>A Emma l\u00ea a produ\u00e7\u00e3o e o consumo de energia em tempo real e comunica com os seus aparelhos e a instala\u00e7\u00e3o fotovoltaica para uma gest\u00e3o inteligente da energia. O sistema de gest\u00e3o de energia apoiado por IA tamb\u00e9m pode ser utilizado para o controlo inteligente de radiadores e bombas de calor.<\/p>\n<h2>Uma solu\u00e7\u00e3o energ\u00e9tica optimizada<\/h2>\n<p>\u00c9 poss\u00edvel configurar os consumos e os excedentes para que o EMMA possa gerir essa energia e ativar ou desativar o armazenamento em bateria com base em algoritmos que calculam os pre\u00e7os da eletricidade em tempo real, de acordo com os par\u00e2metros introduzidos.<\/p>\n<p>Ao armazenar o excesso de energia nas suas baterias para quando for necess\u00e1rio, fornece-lhe um suporte de energia de reserva e evita a perda de energia solar. Pode melhorar o desempenho da instala\u00e7\u00e3o at\u00e9 6%,<\/p>\n<h2>Acesso \u00e0 dom\u00f3tica e aos electrodom\u00e9sticos<\/h2>\n<p>O EMMA pode ser ligado a uma vasta gama de electrodom\u00e9sticos e pode ser configurado para funcionar a horas espec\u00edficas atrav\u00e9s da aplica\u00e7\u00e3o FusionSolar para maximizar a taxa de consumo de energia verde, quer atrav\u00e9s do modo de tarifa hor\u00e1ria (TOU) ou do modo fotovoltaico preferencial (PV).<\/p>\n<p>O consumo de energia dos aparelhos controlados por fichas inteligentes pode ser monitorizado com o seu telem\u00f3vel atrav\u00e9s do EMMA e pode aceder aos dados de todos os aparelhos ligados. O cen\u00e1rio energ\u00e9tico da sua casa n\u00e3o ficar\u00e1 na sua cabe\u00e7a, mas na aplica\u00e7\u00e3o FusionSolar gra\u00e7as ao EMMA.<\/p>\n<h2>Gest\u00e3o global: monitoriza\u00e7\u00e3o em tempo real<\/h2>\n<p>A aplica\u00e7\u00e3o FusionSolar mostra todos os fluxos de energia ao n\u00edvel do m\u00f3dulo. N\u00e3o importa se os pain\u00e9is est\u00e3o no telhado ou se o armazenamento e consumo de energia est\u00e3o na cave, tudo \u00e9 gerido pela abrangente aplica\u00e7\u00e3o Fusionsolar. Pode monitorizar e regular o estado de funcionamento da instala\u00e7\u00e3o fotovoltaica em qualquer altura e em qualquer lugar.<\/p>\n<p>Com uma produ\u00e7\u00e3o solar suficiente, pode dar prioridade de carregamento a alguns dos aparelhos activos, como a bomba de calor preparada para SG ou o carregador inteligente. Em caso de sobrecarga, o EMMA desliga os aparelhos menos exigentes e assegura uma alimenta\u00e7\u00e3o el\u00e9ctrica dom\u00e9stica est\u00e1vel.<\/p>\n<h2>Compatibilidade com o assistente de gest\u00e3o de energia Huawei EMMA A02 - 02314JES-001<\/h2>\n<ul>\n<li><strong>Componentes compat\u00edveis:<\/strong> at\u00e9 3 inversores, at\u00e9 2 carregadores inteligentes, at\u00e9 2 bombas de calor<\/li>\n<li><strong>Inversores compat\u00edveis:<\/strong> Huawei SUN2000 2-6KTL-L1, 8-10K-LC0, 3-10KTL-M1, 12-25KTL-M5, 12-25K-MB0<\/li>\n<li><strong>Acess\u00f3rios compat\u00edveis:<\/strong> Carregador inteligente Huawei, Bombas de calor com interface SG-Ready, Dispositivo Shelly<\/li>\n<\/ul>\n<h2>Folha de dados do assistente de gest\u00e3o de energia Huawei EMMA A02 - 02314JES-001<\/h2>\n<p><a href=\"https:\/\/fvcomponentes.com\/wp-content\/uploads\/2024\/05\/Asistente-de-gestion-de-energia-EMMA-A02-de-Huawei-02314JES-001.pdf\" target=\"_blank\" rel=\"noopener\">Ver a ficha de dados do Assistente de gest\u00e3o de energia EMMA A02 da Huawei - 02314JES-001<\/a><\/p>","protected":false},"excerpt":{"rendered":"<p>Assistente de gest\u00e3o de energia baseado em big data e intelig\u00eancia artificial.<\/p>\n<ul>\n<li><strong>Componentes compat\u00edveis:<\/strong> at\u00e9 3 inversores, at\u00e9 2 carregadores inteligentes, at\u00e9 2 bombas de calor<\/li>\n<li><strong>Inversores compat\u00edveis:<\/strong> Huawei SUN2000 2-6KTL-L1, 8-10K-LC0, 3-10KTL-M1, 12-25KTL-M5, 12-25K-MB0<\/li>\n<li><strong>Acess\u00f3rios compat\u00edveis<\/strong>Carregador inteligente Huawei, Bombas de calor com interface SG-Ready, Dispositivo Shelly<\/li>\n<\/ul>","protected":false},"featured_media":13904,"comment_status":"open","ping_status":"closed","template":"","meta":{"site-sidebar-layout":"default","site-content-layout":"","ast-site-content-layout":"default","site-content-style":"default","site-sidebar-style":"default","ast-global-header-display":"","ast-banner-title-visibility":"","ast-main-header-display":"","ast-hfb-above-header-display":"","ast-hfb-below-header-display":"","ast-hfb-mobile-header-display":"","site-post-title":"","ast-breadcrumbs-content":"","ast-featured-img":"","footer-sml-layout":"","ast-disable-related-posts":"","theme-transparent-header-meta":"default","adv-header-id-meta":"","stick-header-meta":"","header-above-stick-meta":"","header-main-stick-meta":"","header-below-stick-meta":"","astra-migrate-meta-layouts":"set","ast-page-background-enabled":"default","ast-page-background-meta":{"desktop":{"background-color":"var(--ast-global-color-4)","background-image":"","background-repeat":"repeat","background-position":"center center","background-size":"auto","background-attachment":"scroll","background-type":"","background-media":"","overlay-type":"","overlay-color":"","overlay-opacity":"","overlay-gradient":""},"tablet":{"background-color":"","background-image":"","background-repeat":"repeat","background-position":"center center","background-size":"auto","background-attachment":"scroll","background-type":"","background-media":"","overlay-type":"","overlay-color":"","overlay-opacity":"","overlay-gradient":""},"mobile":{"background-color":"","background-image":"","background-repeat":"repeat","background-position":"center center","background-size":"auto","background-attachment":"scroll","background-type":"","background-media":"","overlay-type":"","overlay-color":"","overlay-opacity":"","overlay-gradient":""}},"ast-content-background-meta":{"desktop":{"background-color":"var(--ast-global-color-5)","background-image":"","background-repeat":"repeat","background-position":"center center","background-size":"auto","background-attachment":"scroll","background-type":"","background-media":"","overlay-type":"","overlay-color":"","overlay-opacity":"","overlay-gradient":""},"tablet":{"background-color":"var(--ast-global-color-5)","background-image":"","background-repeat":"repeat","background-position":"center center","background-size":"auto","background-attachment":"scroll","background-type":"","background-media":"","overlay-type":"","overlay-color":"","overlay-opacity":"","overlay-gradient":""},"mobile":{"background-color":"var(--ast-global-color-5)","background-image":"","background-repeat":"repeat","background-position":"center center","background-size":"auto","background-attachment":"scroll","background-type":"","background-media":"","overlay-type":"","overlay-color":"","overlay-opacity":"","overlay-gradient":""}}},"pwb-brand":[381],"product_brand":[],"product_cat":[333,351],"product_tag":[],"class_list":{"0":"post-13841","1":"product","2":"type-product","3":"status-publish","4":"has-post-thumbnail","6":"pwb-brand-huawei","7":"product_cat-inversores","8":"product_cat-accesorios","9":"desktop-align-left","10":"tablet-align-left","11":"mobile-align-left","12":"ast-product-gallery-layout-horizontal-slider","13":"ast-product-tabs-layout-horizontal","15":"first","16":"instock","17":"taxable","18":"shipping-taxable","19":"purchasable","20":"product-type-simple"},"wcpa_form_fields":null,"brands":[{"id":381,"name":"Inversores Huawei","slug":"huawei"}],"_links":{"self":[{"href":"https:\/\/fvcomponentes.com\/pt\/wp-json\/wp\/v2\/product\/13841","targetHints":{"allow":["GET"]}}],"collection":[{"href":"https:\/\/fvcomponentes.com\/pt\/wp-json\/wp\/v2\/product"}],"about":[{"href":"https:\/\/fvcomponentes.com\/pt\/wp-json\/wp\/v2\/types\/product"}],"replies":[{"embeddable":true,"href":"https:\/\/fvcomponentes.com\/pt\/wp-json\/wp\/v2\/comments?post=13841"}],"wp:featuredmedia":[{"embeddable":true,"href":"https:\/\/fvcomponentes.com\/pt\/wp-json\/wp\/v2\/media\/13904"}],"wp:attachment":[{"href":"https:\/\/fvcomponentes.com\/pt\/wp-json\/wp\/v2\/media?parent=13841"}],"wp:term":[{"taxonomy":"pwb-brand","embeddable":true,"href":"https:\/\/fvcomponentes.com\/pt\/wp-json\/wp\/v2\/pwb-brand?post=13841"},{"taxonomy":"product_brand","embeddable":true,"href":"https:\/\/fvcomponentes.com\/pt\/wp-json\/wp\/v2\/product_brand?post=13841"},{"taxonomy":"product_cat","embeddable":true,"href":"https:\/\/fvcomponentes.com\/pt\/wp-json\/wp\/v2\/product_cat?post=13841"},{"taxonomy":"product_tag","embeddable":true,"href":"https:\/\/fvcomponentes.com\/pt\/wp-json\/wp\/v2\/product_tag?post=13841"}],"curies":[{"name":"wp","href":"https:\/\/api.w.org\/{rel}","templated":true}]}}