{"id":13708,"date":"2024-04-30T08:44:31","date_gmt":"2024-04-30T06:44:31","guid":{"rendered":"https:\/\/fvcomponentes.com\/?post_type=product&#038;p=13708"},"modified":"2026-03-30T12:17:19","modified_gmt":"2026-03-30T10:17:19","slug":"sistema-de-backup-huawei-smartguard-63-a-s0-01076625-2","status":"publish","type":"product","link":"https:\/\/fvcomponentes.com\/pt\/producto\/sistema-de-backup-huawei-smartguard-63-a-s0-01076625-2\/","title":{"rendered":"Sistema de backup Huawei SmartGuard-63-A-S0 - 01076625"},"content":{"rendered":"<h2>Sistema de backup Huawei SmartGuard-63-A-S0 - 01076625<\/h2>\n<p>O Sistema de Backup Huawei SmartGuard-63-A-S0 - 01076625 \u00e9 o novo sistema de \"Backup Completo\" da Huawei. Ao contr\u00e1rio do seu antecessor, este equipamento suporta at\u00e9 64A, o que permite que toda a casa esteja ligada ao sistema de backup sem ter de diferenciar entre cargas normais e cr\u00edticas.<\/p>\n<p>Foi concebido para substituir o quadro el\u00e9trico da casa, proporcionando espa\u00e7o suficiente para todas as protec\u00e7\u00f5es com o acabamento elegante e s\u00f3brio que define a marca.<\/p>\n<p>Para al\u00e9m disso, este equipamento tem um espa\u00e7o dedicado para o novo Huawei EMMA, que facilita a liga\u00e7\u00e3o do equipamento ao \"solar fusion\" sem necessidade de um dongle. Pode funcionar com dois carregadores de carro na mesma instala\u00e7\u00e3o e tem a fun\u00e7\u00e3o de watt\u00edmetro com a possibilidade de trabalhar com inje\u00e7\u00e3o. Al\u00e9m disso, integra v\u00e1rias fun\u00e7\u00f5es de dom\u00f3tica, como o funcionamento com fichas inteligentes e a porta \"SG ready\" para funcionar com diferentes tipos de bombas de calor\/aquecedores de \u00e1gua el\u00e9ctricos.<\/p>\n<h2 class=\"idp-ltr-html-sectiontitle\">Caracter\u00edsticas do sistema de backup Huawei SmartGuard-63-A-S0 - 01076625<\/h2>\n<ul id=\"ES-ES_TOPIC_0000001556251788__ul10180112172510\" class=\"idp-ltr-html-ul\">\n<li id=\"ES-ES_TOPIC_0000001556251788__li134051210112614\" class=\"idp-ltr-html-li\">O SmartGuard pode alternar entre o modo ligado \u00e0 rede e o modo de ilha, bem como gerir as cargas. A sua principal fun\u00e7\u00e3o \u00e9 comutar o inversor entre o modo de liga\u00e7\u00e3o \u00e0 rede e o modo de ilha. Quando a rede est\u00e1 dispon\u00edvel, o inversor funciona em modo ligado \u00e0 rede, e a rede e o inversor asseguram o fornecimento de energia para as cargas de reserva e n\u00e3o de reserva. Quando a rede falha, o inversor muda rapidamente para o modo de ilha e fornece energia \u00e0s cargas de reserva separadamente at\u00e9 que a rede recupere.<\/li>\n<li id=\"ES-ES_TOPIC_0000001556251788__li986218662517\" class=\"idp-ltr-html-li\">O SmartGuard inclui o EMMA, que suporta PV, ESS, carregadores inteligentes e cargas inteligentes. Para al\u00e9m do planeamento energ\u00e9tico dom\u00e9stico unificado, o EMMA pode ligar-se a cargas inteligentes, tais como carregadores, bombas de calor SG Ready e interruptores inteligentes. Com o EMMA, \u00e9 poss\u00edvel programar antecipadamente um hor\u00e1rio para carregar ve\u00edculos e aquecer \u00e1gua \u00e0 hora especificada. Para al\u00e9m disso, os dispositivos podem ser priorizados para utilizar a energia fotovoltaica conforme necess\u00e1rio para a aproveitar ao m\u00e1ximo.<\/li>\n<\/ul>\n<h2>Modos de funcionamento<\/h2>\n<ul id=\"ES-ES_REFERENCE_0000001556730680__ul06302573417\" class=\"idp-ltr-html-ul\">\n<li id=\"ES-ES_REFERENCE_0000001556730680__li486610292055\" class=\"idp-ltr-html-li\">O SmartGuard pode funcionar em modo de rede ou de ilha.<\/li>\n<li id=\"ES-ES_REFERENCE_0000001556730680__li9630135720416\" class=\"idp-ltr-html-li\">Prioridade da alimenta\u00e7\u00e3o el\u00e9ctrica: ligado \u00e0 rede &gt; em modo insular<\/li>\n<\/ul>\n<p><img fetchpriority=\"high\" decoding=\"async\" class=\"size-full wp-image-13709\" src=\"https:\/\/fvcomponentes.com\/wp-content\/uploads\/2024\/04\/Sistema-de-Backup-Huawei-SmartGuard-63-A-S0-01076625.png\" alt=\"Sistema de backup Huawei SmartGuard-63-A-S0 - 01076625\" width=\"398\" height=\"284\" title=\"\"><\/p>\n<h2>Folha de dados do sistema de backup Huawei SmartGuard-63-A S0 - 01076625<\/h2>\n<p><a href=\"https:\/\/fvcomponentes.com\/wp-content\/uploads\/2024\/04\/Ficha-tecnica-del-Sistema-de-Backup-Huawei-SmartGuard-63-A-S0-01076625.pdf\" target=\"_blank\" rel=\"noopener\">Consulte a ficha de dados do sistema de backup Huawei SmartGuard-63-A S0 - 01076625<\/a><\/p>","protected":false},"excerpt":{"rendered":"<p class=\"ai-optimize-29\"><strong>Corrente m\u00e1xima de trabalho:<\/strong> 63A<strong><br \/>\nPeso<\/strong>: 14kg<br \/>\n<strong>Dimens\u00f5es:<\/strong>\u00a0485x150x355mm<br \/>\n<strong>Compatibilidade:\u00a0<\/strong>Huawei SUN2000-2-6KTL-L1 \/ SUN-8-10-LC0 \/ Carregador inteligente 7KS-S0 \/ EMMA<\/p>","protected":false},"featured_media":13711,"comment_status":"open","ping_status":"closed","template":"","meta":{"site-sidebar-layout":"default","site-content-layout":"","ast-site-content-layout":"default","site-content-style":"default","site-sidebar-style":"default","ast-global-header-display":"","ast-banner-title-visibility":"","ast-main-header-display":"","ast-hfb-above-header-display":"","ast-hfb-below-header-display":"","ast-hfb-mobile-header-display":"","site-post-title":"","ast-breadcrumbs-content":"","ast-featured-img":"","footer-sml-layout":"","ast-disable-related-posts":"","theme-transparent-header-meta":"default","adv-header-id-meta":"","stick-header-meta":"","header-above-stick-meta":"","header-main-stick-meta":"","header-below-stick-meta":"","astra-migrate-meta-layouts":"set","ast-page-background-enabled":"default","ast-page-background-meta":{"desktop":{"background-color":"var(--ast-global-color-4)","background-image":"","background-repeat":"repeat","background-position":"center center","background-size":"auto","background-attachment":"scroll","background-type":"","background-media":"","overlay-type":"","overlay-color":"","overlay-opacity":"","overlay-gradient":""},"tablet":{"background-color":"","background-image":"","background-repeat":"repeat","background-position":"center center","background-size":"auto","background-attachment":"scroll","background-type":"","background-media":"","overlay-type":"","overlay-color":"","overlay-opacity":"","overlay-gradient":""},"mobile":{"background-color":"","background-image":"","background-repeat":"repeat","background-position":"center center","background-size":"auto","background-attachment":"scroll","background-type":"","background-media":"","overlay-type":"","overlay-color":"","overlay-opacity":"","overlay-gradient":""}},"ast-content-background-meta":{"desktop":{"background-color":"var(--ast-global-color-5)","background-image":"","background-repeat":"repeat","background-position":"center center","background-size":"auto","background-attachment":"scroll","background-type":"","background-media":"","overlay-type":"","overlay-color":"","overlay-opacity":"","overlay-gradient":""},"tablet":{"background-color":"var(--ast-global-color-5)","background-image":"","background-repeat":"repeat","background-position":"center center","background-size":"auto","background-attachment":"scroll","background-type":"","background-media":"","overlay-type":"","overlay-color":"","overlay-opacity":"","overlay-gradient":""},"mobile":{"background-color":"var(--ast-global-color-5)","background-image":"","background-repeat":"repeat","background-position":"center center","background-size":"auto","background-attachment":"scroll","background-type":"","background-media":"","overlay-type":"","overlay-color":"","overlay-opacity":"","overlay-gradient":""}}},"pwb-brand":[381],"product_brand":[],"product_cat":[333,351],"product_tag":[],"class_list":{"0":"post-13708","1":"product","2":"type-product","3":"status-publish","4":"has-post-thumbnail","6":"pwb-brand-huawei","7":"product_cat-inversores","8":"product_cat-accesorios","9":"desktop-align-left","10":"tablet-align-left","11":"mobile-align-left","12":"ast-product-gallery-layout-horizontal-slider","13":"ast-product-gallery-with-no-image","14":"ast-product-tabs-layout-horizontal","16":"first","17":"instock","18":"taxable","19":"shipping-taxable","20":"purchasable","21":"product-type-simple"},"wcpa_form_fields":null,"brands":[{"id":381,"name":"Inversores Huawei","slug":"huawei"}],"_links":{"self":[{"href":"https:\/\/fvcomponentes.com\/pt\/wp-json\/wp\/v2\/product\/13708","targetHints":{"allow":["GET"]}}],"collection":[{"href":"https:\/\/fvcomponentes.com\/pt\/wp-json\/wp\/v2\/product"}],"about":[{"href":"https:\/\/fvcomponentes.com\/pt\/wp-json\/wp\/v2\/types\/product"}],"replies":[{"embeddable":true,"href":"https:\/\/fvcomponentes.com\/pt\/wp-json\/wp\/v2\/comments?post=13708"}],"wp:featuredmedia":[{"embeddable":true,"href":"https:\/\/fvcomponentes.com\/pt\/wp-json\/wp\/v2\/media\/13711"}],"wp:attachment":[{"href":"https:\/\/fvcomponentes.com\/pt\/wp-json\/wp\/v2\/media?parent=13708"}],"wp:term":[{"taxonomy":"pwb-brand","embeddable":true,"href":"https:\/\/fvcomponentes.com\/pt\/wp-json\/wp\/v2\/pwb-brand?post=13708"},{"taxonomy":"product_brand","embeddable":true,"href":"https:\/\/fvcomponentes.com\/pt\/wp-json\/wp\/v2\/product_brand?post=13708"},{"taxonomy":"product_cat","embeddable":true,"href":"https:\/\/fvcomponentes.com\/pt\/wp-json\/wp\/v2\/product_cat?post=13708"},{"taxonomy":"product_tag","embeddable":true,"href":"https:\/\/fvcomponentes.com\/pt\/wp-json\/wp\/v2\/product_tag?post=13708"}],"curies":[{"name":"wp","href":"https:\/\/api.w.org\/{rel}","templated":true}]}}