{"id":13606,"date":"2024-04-25T17:54:35","date_gmt":"2024-04-25T15:54:35","guid":{"rendered":"https:\/\/fvcomponentes.com\/?post_type=product&#038;p=13606"},"modified":"2026-02-16T12:28:41","modified_gmt":"2026-02-16T11:28:41","slug":"kit-solar-camper-victron-lithium-200ah","status":"publish","type":"product","link":"https:\/\/fvcomponentes.com\/pt\/producto\/kit-solar-camper-victron-litio-200ah\/","title":{"rendered":"Kit de campismo solar Victron - L\u00edtio 200Ah"},"content":{"rendered":"<h2>Apresentamos o Kit Solar Camper Victron - L\u00edtio 200Ah<\/h2>\n<p>Conte\u00fado do kit:<\/p>\n<ul>\n<li><a href=\"https:\/\/fvcomponentes.com\/pt\/produto\/victron-lifepo4-bateria-12-8v-200ah-smart-bat512120610\/\" target=\"_blank\" rel=\"noopener\">Bateria inteligente Victron LiFePO4 12.8V-200Ah - BAT512120610<\/a><\/li>\n<li><a href=\"https:\/\/fvcomponentes.com\/pt\/produto\/ve-bus-bms-v2-victron-bms300200200\/\" target=\"_blank\" rel=\"noopener\">VE.Bus BMS V2 V2 Victron - BMS300200200<\/a><\/li>\n<\/ul>\n<h2>Como instalar o Kit Solar Camper Victron - Lithium 200Ah<\/h2>\n<p>Se quiser saber como instalar este kit solar para autocaravanas, leia estas publica\u00e7\u00f5es no blogue:<\/p>\n<ul>\n<li><a href=\"https:\/\/fvcomponentes.com\/pt\/esquema-victron-multiplus\/\" target=\"_blank\" rel=\"noopener\">\"Esquema Victron Multiplus para caravana PDF\".<\/a><\/li>\n<li><a href=\"https:\/\/fvcomponentes.com\/pt\/instalacao-electrica-carrinha-de-campismo\/\" target=\"_blank\" rel=\"noopener\">Como ter eletricidade na sua autocaravana? Tudo sobre a instala\u00e7\u00e3o el\u00e9ctrica numa carrinha de campismo<\/a><\/li>\n<\/ul>","protected":false},"excerpt":{"rendered":"<p>Poupe dinheiro com o nosso kit solar para autocaravanas que consiste na bem sucedida bateria de l\u00edtio Victron 12V 200Ah e na nova gera\u00e7\u00e3o do BMS Victron para gerir corretamente o seu banco de baterias de l\u00edtio Victron.<\/p>","protected":false},"featured_media":13594,"comment_status":"closed","ping_status":"closed","template":"","meta":{"site-sidebar-layout":"default","site-content-layout":"","ast-site-content-layout":"default","site-content-style":"default","site-sidebar-style":"default","ast-global-header-display":"","ast-banner-title-visibility":"","ast-main-header-display":"","ast-hfb-above-header-display":"","ast-hfb-below-header-display":"","ast-hfb-mobile-header-display":"","site-post-title":"","ast-breadcrumbs-content":"","ast-featured-img":"","footer-sml-layout":"","ast-disable-related-posts":"","theme-transparent-header-meta":"default","adv-header-id-meta":"","stick-header-meta":"","header-above-stick-meta":"","header-main-stick-meta":"","header-below-stick-meta":"","astra-migrate-meta-layouts":"set","ast-page-background-enabled":"default","ast-page-background-meta":{"desktop":{"background-color":"var(--ast-global-color-4)","background-image":"","background-repeat":"repeat","background-position":"center center","background-size":"auto","background-attachment":"scroll","background-type":"","background-media":"","overlay-type":"","overlay-color":"","overlay-opacity":"","overlay-gradient":""},"tablet":{"background-color":"","background-image":"","background-repeat":"repeat","background-position":"center center","background-size":"auto","background-attachment":"scroll","background-type":"","background-media":"","overlay-type":"","overlay-color":"","overlay-opacity":"","overlay-gradient":""},"mobile":{"background-color":"","background-image":"","background-repeat":"repeat","background-position":"center center","background-size":"auto","background-attachment":"scroll","background-type":"","background-media":"","overlay-type":"","overlay-color":"","overlay-opacity":"","overlay-gradient":""}},"ast-content-background-meta":{"desktop":{"background-color":"var(--ast-global-color-5)","background-image":"","background-repeat":"repeat","background-position":"center center","background-size":"auto","background-attachment":"scroll","background-type":"","background-media":"","overlay-type":"","overlay-color":"","overlay-opacity":"","overlay-gradient":""},"tablet":{"background-color":"var(--ast-global-color-5)","background-image":"","background-repeat":"repeat","background-position":"center center","background-size":"auto","background-attachment":"scroll","background-type":"","background-media":"","overlay-type":"","overlay-color":"","overlay-opacity":"","overlay-gradient":""},"mobile":{"background-color":"var(--ast-global-color-5)","background-image":"","background-repeat":"repeat","background-position":"center center","background-size":"auto","background-attachment":"scroll","background-type":"","background-media":"","overlay-type":"","overlay-color":"","overlay-opacity":"","overlay-gradient":""}}},"pwb-brand":[332],"product_brand":[],"product_cat":[910,431,340,928,464],"product_tag":[],"class_list":{"0":"post-13606","1":"product","2":"type-product","3":"status-publish","4":"has-post-thumbnail","6":"pwb-brand-victron","7":"product_cat-kit-solar-camper","8":"product_cat-baterias-litio-12v","9":"product_cat-baterias","10":"product_cat-kit-solar-velero","11":"product_cat-kits-solares","12":"product_shipping_class-baterias","13":"desktop-align-left","14":"tablet-align-left","15":"mobile-align-left","16":"ast-product-gallery-layout-horizontal-slider","17":"ast-product-gallery-with-no-image","18":"ast-product-tabs-layout-horizontal","20":"first","21":"instock","22":"taxable","23":"shipping-taxable","24":"purchasable","25":"product-type-yith_bundle"},"wcpa_form_fields":null,"brands":[{"id":332,"name":"Victron Energia","slug":"victron"}],"_links":{"self":[{"href":"https:\/\/fvcomponentes.com\/pt\/wp-json\/wp\/v2\/product\/13606","targetHints":{"allow":["GET"]}}],"collection":[{"href":"https:\/\/fvcomponentes.com\/pt\/wp-json\/wp\/v2\/product"}],"about":[{"href":"https:\/\/fvcomponentes.com\/pt\/wp-json\/wp\/v2\/types\/product"}],"replies":[{"embeddable":true,"href":"https:\/\/fvcomponentes.com\/pt\/wp-json\/wp\/v2\/comments?post=13606"}],"wp:featuredmedia":[{"embeddable":true,"href":"https:\/\/fvcomponentes.com\/pt\/wp-json\/wp\/v2\/media\/13594"}],"wp:attachment":[{"href":"https:\/\/fvcomponentes.com\/pt\/wp-json\/wp\/v2\/media?parent=13606"}],"wp:term":[{"taxonomy":"pwb-brand","embeddable":true,"href":"https:\/\/fvcomponentes.com\/pt\/wp-json\/wp\/v2\/pwb-brand?post=13606"},{"taxonomy":"product_brand","embeddable":true,"href":"https:\/\/fvcomponentes.com\/pt\/wp-json\/wp\/v2\/product_brand?post=13606"},{"taxonomy":"product_cat","embeddable":true,"href":"https:\/\/fvcomponentes.com\/pt\/wp-json\/wp\/v2\/product_cat?post=13606"},{"taxonomy":"product_tag","embeddable":true,"href":"https:\/\/fvcomponentes.com\/pt\/wp-json\/wp\/v2\/product_tag?post=13606"}],"curies":[{"name":"wp","href":"https:\/\/api.w.org\/{rel}","templated":true}]}}