{"id":13584,"date":"2024-04-25T13:45:24","date_gmt":"2024-04-25T11:45:24","guid":{"rendered":"https:\/\/fvcomponentes.com\/?post_type=product&#038;p=13584"},"modified":"2026-04-04T12:47:47","modified_gmt":"2026-04-04T10:47:47","slug":"ve-bus-bms-v2-victron-bms300200200","status":"publish","type":"product","link":"https:\/\/fvcomponentes.com\/pt\/producto\/ve-bus-bms-v2-victron-bms300200200\/","title":{"rendered":"BMS V2 Victron VE.Bus para baterias de l\u00edtio Victron - BMS300200200"},"content":{"rendered":"<h2>VE.Bus BMS V2 V2 Victron - BMS300200200<\/h2>\n<p>O novo Victron VE.Bus BMS V2 - BMS300200200 \u00e9 o pr\u00f3ximo passo no Sistema de Gest\u00e3o de Baterias (BMS) VE.Bus. Foi concebido para proteger e interagir com as baterias de l\u00edtio inteligentes da Victron (LiFePO\u2084), tais como o <a href=\"https:\/\/fvcomponentes.com\/pt\/produto\/victron-lifepo4-bateria-12-8v-200ah-smart-bat512120610\/\" target=\"_blank\" rel=\"noopener\">Bateria Victron 12.8V-200Ah inteligente LiFePO4 LiFePO4 - BAT512120610<\/a>em sistemas que tenham inversores Victron ou inversores\/carregadores que tenham comunica\u00e7\u00e3o VE.Bus.<\/p>\n<h2>Protege cada c\u00e9lula de uma bateria de l\u00edtio Victron Smart individualmente<\/h2>\n<p>Para um funcionamento fi\u00e1vel e seguro, uma bateria LiFePO\u2084 deve ser monitorizada e protegida contra sobretens\u00e3o e subtens\u00e3o de qualquer c\u00e9lula individual, bem como contra condi\u00e7\u00f5es de sobretemperatura ou subtemperatura. A gama de baterias de l\u00edtio Victron Smart inclui monitoriza\u00e7\u00e3o integrada da tens\u00e3o da c\u00e9lula, equil\u00edbrio da tens\u00e3o da c\u00e9lula e monitoriza\u00e7\u00e3o da temperatura.<\/p>\n<p>Se a tens\u00e3o da c\u00e9lula ou a temperatura da bateria estiver fora do intervalo permitido, este facto \u00e9 comunicado ao BMS atrav\u00e9s de dois cabos BMS com conectores circulares M8. Em sistemas com v\u00e1rias baterias, os cabos BMS de cada bateria s\u00e3o ligados em s\u00e9rie, com o primeiro e o \u00faltimo cabos do grupo ligados ao BMS.<\/p>\n<p>Dependendo do estado da bateria ou baterias de l\u00edtio Victron Smart, o BMS:<\/p>\n<ul>\n<li>Gera um sinal de pr\u00e9-alarme para avisar de uma condi\u00e7\u00e3o iminente de subtens\u00e3o da c\u00e9lula.<\/li>\n<li>Desactiva o inversor em dispositivos VE.Bus ou inversor\/carregadores atrav\u00e9s do VE.Bus, e desactiva outras cargas atrav\u00e9s do terminal \"Load Disconnect\" em caso de uma condi\u00e7\u00e3o de subtens\u00e3o da c\u00e9lula.<\/li>\n<li>Desactiva o carregamento em inversores VE.Bus ou inversores\/carregadores atrav\u00e9s do VE.Bus, desactiva os carregadores solares VE.Direct e VE.Can atrav\u00e9s de um dispositivo GX e desactiva outros carregadores atrav\u00e9s do terminal \"Charge Disconnect\" em caso de sobretens\u00e3o, subtemperatura ou sobretemperatura da c\u00e9lula.<\/li>\n<\/ul>\n<p><strong>Sistema de exemplo com VE.Bus BMS V2, Multiplus e Cerbo GX<\/strong><\/p>\n<h2><img fetchpriority=\"high\" decoding=\"async\" class=\"alignnone size-full wp-image-13590\" style=\"font-weight: inherit; font-size: 16px;\" src=\"https:\/\/fvcomponentes.com\/wp-content\/uploads\/2024\/04\/Captura-de-pantalla-2024-04-25-131848.png\" alt=\"\" width=\"1499\" height=\"708\" title=\"\">Comunica\u00e7\u00e3o com produtos VE.Bus<\/h2>\n<p>Os inversores MultiPlus, Quattro ou Phoenix s\u00e3o ligados \u00e0 porta 'MultiPlus\/Quattro' com um cabo UTP RJ45 standard.<br \/>\nO BMS desactiva o inversor no caso de uma condi\u00e7\u00e3o de subtens\u00e3o da c\u00e9lula e desactiva a carga no caso de uma condi\u00e7\u00e3o de sobretens\u00e3o ou de temperatura da c\u00e9lula.<\/p>\n<h2>VE.Bus BMS V2 Victron - BMS300200200: Comunica\u00e7\u00e3o com dispositivos remotos<\/h2>\n<p>Um dispositivo GX (como o <a href=\"https:\/\/fvcomponentes.com\/pt\/produto\/monitor-victron-cerbo-gx-mk2-bpp900451100-victron-cerbo-mk2\/\" target=\"_blank\" rel=\"noopener\">Monitoriza\u00e7\u00e3o Victron Cerbo GX MK2 - BPP900451100<\/a>), um painel Digital Multi Control (DMC) ou um VE.Bus Smart Dongle (incluindo qualquer combina\u00e7\u00e3o) podem ser ligados ao BMS atrav\u00e9s da porta \"Remote panel\". Estes acess\u00f3rios podem ser utilizados em combina\u00e7\u00e3o com o BMS para controlar remotamente o estado do inversor VE.Bus ou o estado ligado\/desligado\/carregado apenas do inversor\/carregador.<\/p>\n<h2>Terminais de entrada e sa\u00edda de energia auxiliar<\/h2>\n<p>O BMS tem um terminal de sa\u00edda de alimenta\u00e7\u00e3o dedicado (GX-Power) para um dispositivo GX e um terminal de entrada de alimenta\u00e7\u00e3o auxiliar (Aux-In) para uma fonte de alimenta\u00e7\u00e3o CC externa, como um adaptador CA\/CC. Na eventualidade de um encerramento do sistema, o dispositivo GX permanecer\u00e1 alimentado atrav\u00e9s da entrada de alimenta\u00e7\u00e3o auxiliar ou ser\u00e1 desligado para evitar um maior consumo da bateria.<\/p>\n<h2>Terminais remotos<\/h2>\n<p>Estes terminais podem ser utilizados para ligar ou desligar o BMS. Quando o BMS est\u00e1 desligado, ambas as sa\u00eddas estar\u00e3o a flutuar para que as cargas e os carregadores sejam desligados. Existem dois terminais remotos, \"Remoto L\" e \"Remoto H\". Pode ser ligado um interrutor de ligar\/desligar remoto ou um contacto de rel\u00e9 entre L e H para ligar ou desligar o BMS. Em alternativa, o terminal H pode ser ligado \u00e0 bateria positiva, ou o terminal L pode ser ligado \u00e0 bateria negativa.<\/p>\n<h2>Indicadores LED Victron VE.Bus BMS V2 V2 - BMS300200200<\/h2>\n<p>O BMS tem os seguintes indicadores LED:<\/p>\n<ul>\n<li><strong>Estado (azul):<\/strong> Acende-se brevemente a cada 10 segundos para indicar o funcionamento normal.<\/li>\n<li><strong>Temperatura da c\u00e9lula ou tens\u00e3o da c\u00e9lula &gt;4V (vermelho)<\/strong>Acende-se quando a sa\u00edda do seccionador de carga \u00e9 baixa devido a sobretens\u00e3o ou sobretemperatura da c\u00e9lula.<\/li>\n<li><strong>Tens\u00e3o da c\u00e9lula &gt;2,8 V (azul)<\/strong>Acende-se quando a sa\u00edda do seccionador de carga \u00e9 elevada e as tens\u00f5es das c\u00e9lulas da bateria s\u00e3o superiores a 2,8 V.<\/li>\n<\/ul>\n<h2>VE.Bus BMS V2 Victron BMS300200200 folha de dados - BMS300200200<\/h2>\n<p><a href=\"https:\/\/fvcomponentes.com\/wp-content\/uploads\/2024\/04\/Ficha-tecnica-del-VE.Bus-BMS-V2-Victron-BMS300200200.pdf\" target=\"_blank\" rel=\"noopener\">Ver ficha t\u00e9cnica do VE.Bus BMS V2 Victron BMS300200200 - BMS300200200<\/a><\/p>","protected":false},"excerpt":{"rendered":"<p><strong>Gama de tens\u00e3o de entrada<\/strong> 9 - 70 VDC<br \/>\n<strong>Porta de comunica\u00e7\u00e3o VE.Bus<\/strong> Dois conectores RJ45<br \/>\nConcebido para as baterias de l\u00edtio inteligentes Victron (LiFePO\u2084)<\/p>","protected":false},"featured_media":13593,"comment_status":"closed","ping_status":"closed","template":"","meta":{"site-sidebar-layout":"default","site-content-layout":"","ast-site-content-layout":"default","site-content-style":"default","site-sidebar-style":"default","ast-global-header-display":"","ast-banner-title-visibility":"","ast-main-header-display":"","ast-hfb-above-header-display":"","ast-hfb-below-header-display":"","ast-hfb-mobile-header-display":"","site-post-title":"","ast-breadcrumbs-content":"","ast-featured-img":"","footer-sml-layout":"","ast-disable-related-posts":"","theme-transparent-header-meta":"default","adv-header-id-meta":"","stick-header-meta":"","header-above-stick-meta":"","header-main-stick-meta":"","header-below-stick-meta":"","astra-migrate-meta-layouts":"set","ast-page-background-enabled":"default","ast-page-background-meta":{"desktop":{"background-color":"var(--ast-global-color-4)","background-image":"","background-repeat":"repeat","background-position":"center center","background-size":"auto","background-attachment":"scroll","background-type":"","background-media":"","overlay-type":"","overlay-color":"","overlay-opacity":"","overlay-gradient":""},"tablet":{"background-color":"","background-image":"","background-repeat":"repeat","background-position":"center center","background-size":"auto","background-attachment":"scroll","background-type":"","background-media":"","overlay-type":"","overlay-color":"","overlay-opacity":"","overlay-gradient":""},"mobile":{"background-color":"","background-image":"","background-repeat":"repeat","background-position":"center center","background-size":"auto","background-attachment":"scroll","background-type":"","background-media":"","overlay-type":"","overlay-color":"","overlay-opacity":"","overlay-gradient":""}},"ast-content-background-meta":{"desktop":{"background-color":"var(--ast-global-color-5)","background-image":"","background-repeat":"repeat","background-position":"center center","background-size":"auto","background-attachment":"scroll","background-type":"","background-media":"","overlay-type":"","overlay-color":"","overlay-opacity":"","overlay-gradient":""},"tablet":{"background-color":"var(--ast-global-color-5)","background-image":"","background-repeat":"repeat","background-position":"center center","background-size":"auto","background-attachment":"scroll","background-type":"","background-media":"","overlay-type":"","overlay-color":"","overlay-opacity":"","overlay-gradient":""},"mobile":{"background-color":"var(--ast-global-color-5)","background-image":"","background-repeat":"repeat","background-position":"center center","background-size":"auto","background-attachment":"scroll","background-type":"","background-media":"","overlay-type":"","overlay-color":"","overlay-opacity":"","overlay-gradient":""}}},"pwb-brand":[332],"product_brand":[],"product_cat":[340,435],"product_tag":[],"class_list":{"0":"post-13584","1":"product","2":"type-product","3":"status-publish","4":"has-post-thumbnail","6":"pwb-brand-victron","7":"product_cat-baterias","8":"product_cat-bms-sistemas-de-supervision-de-baterias","9":"desktop-align-left","10":"tablet-align-left","11":"mobile-align-left","12":"ast-product-gallery-layout-horizontal-slider","13":"ast-product-tabs-layout-horizontal","15":"first","16":"instock","17":"taxable","18":"shipping-taxable","19":"purchasable","20":"product-type-simple"},"wcpa_form_fields":null,"brands":[{"id":332,"name":"Victron Energia","slug":"victron"}],"_links":{"self":[{"href":"https:\/\/fvcomponentes.com\/pt\/wp-json\/wp\/v2\/product\/13584","targetHints":{"allow":["GET"]}}],"collection":[{"href":"https:\/\/fvcomponentes.com\/pt\/wp-json\/wp\/v2\/product"}],"about":[{"href":"https:\/\/fvcomponentes.com\/pt\/wp-json\/wp\/v2\/types\/product"}],"replies":[{"embeddable":true,"href":"https:\/\/fvcomponentes.com\/pt\/wp-json\/wp\/v2\/comments?post=13584"}],"wp:featuredmedia":[{"embeddable":true,"href":"https:\/\/fvcomponentes.com\/pt\/wp-json\/wp\/v2\/media\/13593"}],"wp:attachment":[{"href":"https:\/\/fvcomponentes.com\/pt\/wp-json\/wp\/v2\/media?parent=13584"}],"wp:term":[{"taxonomy":"pwb-brand","embeddable":true,"href":"https:\/\/fvcomponentes.com\/pt\/wp-json\/wp\/v2\/pwb-brand?post=13584"},{"taxonomy":"product_brand","embeddable":true,"href":"https:\/\/fvcomponentes.com\/pt\/wp-json\/wp\/v2\/product_brand?post=13584"},{"taxonomy":"product_cat","embeddable":true,"href":"https:\/\/fvcomponentes.com\/pt\/wp-json\/wp\/v2\/product_cat?post=13584"},{"taxonomy":"product_tag","embeddable":true,"href":"https:\/\/fvcomponentes.com\/pt\/wp-json\/wp\/v2\/product_tag?post=13584"}],"curies":[{"name":"wp","href":"https:\/\/api.w.org\/{rel}","templated":true}]}}