{"id":13536,"date":"2024-04-25T13:49:29","date_gmt":"2024-04-25T11:49:29","guid":{"rendered":"https:\/\/fvcomponentes.com\/?post_type=product&#038;p=13536"},"modified":"2025-04-25T15:03:23","modified_gmt":"2025-04-25T13:03:23","slug":"huawei-luna2000-14-s1-bateria-de-litio-14kwh-luna2000-14-s1","status":"publish","type":"product","link":"https:\/\/fvcomponentes.com\/pt\/producto\/bateria-de-litio-huawei-luna2000-14-s1-14kwh-luna2000-14-s1\/","title":{"rendered":"Bateria de l\u00edtio Huawei Luna2000 14-S1 14kWh - LUNA2000-14-S1"},"content":{"rendered":"<h2>Bateria de l\u00edtio Huawei Luna2000 14-S1 14kWh - LUNA2000-14-S1<\/h2>\n<p>A bateria de l\u00edtio Huawei Luna2000 14-S1 14kWh - LUNA2000-14-S1 \u00e9 uma bateria de alta tens\u00e3o compat\u00edvel com a gama de inversores h\u00edbridos monof\u00e1sicos L1 e LC0 da Huawei KTL e com os trif\u00e1sicos M1 e MB0 da KTL. Cada bateria \u00e9 composta por um m\u00f3dulo de pot\u00eancia Huawei Luna2000-10kW-C1 BMS - 01076596 no topo e at\u00e9 tr\u00eas m\u00f3dulos de bateria de l\u00edtio Huawei Luna2000 7-E1. A bateria Huawei Luna tem uma classifica\u00e7\u00e3o de prote\u00e7\u00e3o IP66, 15 anos de garantia do fabricante e \u00e9 facilmente escal\u00e1vel, permitindo que o sistema seja expandido para um m\u00e1ximo de 82,8 kWh de capacidade total de armazenamento.<\/p>\n<h2>Com mais capacidade, brilha mais tempo<\/h2>\n<p>A Arquitetura Module+ permite que a bateria de l\u00edtio Huawei Luna2000 7-S1 adopte o optimizador de energia incorporado, melhorando mais de 40% de desempenho energ\u00e9tico* e prolongando a garantia at\u00e9 15 anos.<\/p>\n<p>A otimiza\u00e7\u00e3o ao n\u00edvel do m\u00f3dulo garante uma expans\u00e3o simples da capacidade \"plug-and-play\". Cada nova bateria est\u00e1 sempre pronta a ser utilizada sem necessidade de pr\u00e9-carregamento ou calibra\u00e7\u00e3o do SOC.<\/p>\n<p><img fetchpriority=\"high\" decoding=\"async\" class=\"size-full wp-image-13524\" src=\"https:\/\/fvcomponentes.com\/wp-content\/uploads\/2024\/04\/products_LUNA2000-7-14-21-S1.png\" alt=\"M\u00f3dulo de bateria de l\u00edtio Huawei Luna2000-7-E1 de 6,9 kWh - 01076608 \" width=\"600\" height=\"600\" title=\"\" srcset=\"https:\/\/fvcomponentes.com\/wp-content\/uploads\/2024\/04\/products_LUNA2000-7-14-21-S1-500x500.png.jpg 500w, https:\/\/fvcomponentes.com\/wp-content\/uploads\/2024\/04\/products_LUNA2000-7-14-21-S1-1000x1000.png.jpg 1000w, https:\/\/fvcomponentes.com\/wp-content\/uploads\/2024\/04\/products_LUNA2000-7-14-21-S1-200x200.png.jpg 200w\" sizes=\"(max-width: 600px) 100vw, 600px\" \/><\/p>\n<h2>Bateria de l\u00edtio Huawei Luna2000 14-S1 14kWh - LUNA2000-14-S1: Caracter\u00edsticas<\/h2>\n<ul>\n<li>N\u00famero de m\u00f3dulos de bateria do Huawei Luna 7S1: 2<\/li>\n<li>Energia utiliz\u00e1vel da bateria do Huawei Luna: 6,9 kWh<\/li>\n<li>Pot\u00eancia m\u00e1xima da bateria do Huawei Luna: 3,5 kWh<\/li>\n<li>Pot\u00eancia de pico da bateria do Huawei Luna: 3,5 kWh<\/li>\n<li>Dimens\u00f5es da bateria do Huawei Luna: 590 mm x 255 mm x 870 mm<\/li>\n<li>Bateria do Huawei Luna Peso: 148 kg<\/li>\n<li>Garantia da bateria do Huawei Luna: 15 anos (sujeita aos requisitos do fabricante)<\/li>\n<\/ul>\n<h2>Desempenho e sil\u00eancio inigual\u00e1veis<\/h2>\n<p>Um sistema de controlo de temperatura separado assegura que as c\u00e9lulas e os optimizadores de energia funcionam de forma fi\u00e1vel tanto em ambientes quentes como frios, protegendo contra o calor excessivo e eliminando a necessidade de uma ventoinha ruidosa. O funcionamento silencioso a 29 dB torna-as numa das baterias mais silenciosas do mercado.<\/p>\n<p>A gest\u00e3o independente ao n\u00edvel do m\u00f3dulo permite um carregamento e descarregamento r\u00e1pidos a 3,5 kW para cada m\u00f3dulo de bateria e uma pot\u00eancia m\u00e1xima de entrada e sa\u00edda de 10,5 kW para cada sistema de armazenamento de energia. A atualiza\u00e7\u00e3o em rela\u00e7\u00e3o ao anterior Luna2000 vai desde o desempenho \u00e0 efici\u00eancia.<\/p>\n<h2>5 N\u00edveis de prote\u00e7\u00e3o<\/h2>\n<ul>\n<li><strong>Prote\u00e7\u00e3o a n\u00edvel celular:<\/strong> As c\u00e9lulas LFP Premium passaram por uma s\u00e9rie de testes rigorosos, tais como testes de ciclo de vida de 1\/8, testes de perfura\u00e7\u00e3o e muito mais. O LUNA S1 oferece-lhe uma garantia superior e fi\u00e1vel.<\/li>\n<li><strong>Prote\u00e7\u00e3o el\u00e9ctrica:<\/strong> Tr\u00eas n\u00edveis, desde a prote\u00e7\u00e3o inteligente contra sobreintensidades at\u00e9 \u00e0 prote\u00e7\u00e3o contra curto-circuitos ao n\u00edvel do string e do m\u00f3dulo. Previne os riscos de curto-circuito externo e de sobrecorrente de forma abrangente para uma seguran\u00e7a completa.<\/li>\n<li><strong>Prote\u00e7\u00e3o estrutural:<\/strong> A prote\u00e7\u00e3o contra a \u00e1gua com classifica\u00e7\u00e3o IP66 melhorada permite que a bateria permane\u00e7a segura em profundidades de \u00e1gua at\u00e9 40 cm durante at\u00e9 72 horas, dominando com seguran\u00e7a inigual\u00e1vel em dias de inunda\u00e7\u00e3o, chuva ou neve derretida. Al\u00e9m disso, a estrutura resistente suporta at\u00e9 5 toneladas de press\u00e3o, suficientemente forte para suportar at\u00e9 mesmo um esmagamento inesperado ou um impacto externo numa garagem.<\/li>\n<li><strong>Prote\u00e7\u00e3o ativa:<\/strong> A monitoriza\u00e7\u00e3o da temperatura em tempo real com 4 sensores para cada 8 c\u00e9lulas garante uma maior precis\u00e3o para opera\u00e7\u00f5es est\u00e1veis e assegura uma prote\u00e7\u00e3o ativa atrav\u00e9s da an\u00e1lise instant\u00e2nea dos dados da bateria e de pr\u00e9-alarmes 24 horas por dia, 7 dias por semana.\n<div class=\"flex-1 overflow-hidden\">\n<div class=\"react-scroll-to-bottom--css-xcmcj-79elbk h-full\">\n<div class=\"react-scroll-to-bottom--css-xcmcj-1n7m0yu\">\n<div class=\"flex flex-col text-sm pb-9\">\n<div class=\"w-full text-token-text-primary\" dir=\"auto\" data-testid=\"conversation-turn-19\">\n<div class=\"px-4 py-2 justify-center text-base md:gap-6 m-auto\"><\/div>\n<\/div>\n<\/div>\n<\/div>\n<\/div>\n<\/div>\n<\/li>\n<li><strong>Prote\u00e7\u00e3o de emerg\u00eancia:<\/strong> A tecnologia de liberta\u00e7\u00e3o ativa de press\u00e3o \u00e9 uma prote\u00e7\u00e3o de emerg\u00eancia melhorada para reduzir a concentra\u00e7\u00e3o de oxig\u00e9nio e eliminar os agentes de combust\u00e3o para a preven\u00e7\u00e3o de inc\u00eandios, protegendo o sistema de armazenamento de energia solar desde o primeiro segundo. O kit de supress\u00e3o de inc\u00eandios inteligente detecta e extingue os inc\u00eandios em 15 segundos, se ocorrerem, eliminando os riscos de inc\u00eandio desde o in\u00edcio e protegendo o armazenamento de energia dom\u00e9stica como um verdadeiro bombeiro.\n<div class=\"flex-1 overflow-hidden\">\n<div class=\"react-scroll-to-bottom--css-xcmcj-79elbk h-full\">\n<div class=\"react-scroll-to-bottom--css-xcmcj-1n7m0yu\">\n<div class=\"flex flex-col text-sm pb-9\">\n<div class=\"w-full text-token-text-primary\" dir=\"auto\" data-testid=\"conversation-turn-21\">\n<div class=\"px-4 py-2 justify-center text-base md:gap-6 m-auto\"><\/div>\n<\/div>\n<\/div>\n<\/div>\n<\/div>\n<\/div>\n<\/li>\n<\/ul>\n<h2>Controlo permanente<\/h2>\n<ul>\n<li><strong><strong>Monitoriza\u00e7\u00e3o da energia em tempo real: <\/strong><\/strong>A aplica\u00e7\u00e3o Fusion Solar apresenta o fluxo de energia numa imagem clara e simples, permitindo uma melhor perce\u00e7\u00e3o visual dos fluxos de energia de consumo e produ\u00e7\u00e3o ou da energia armazenada em baterias.<\/li>\n<li><strong>EMMA, assistente inteligente de gest\u00e3o de energia:<\/strong> Com o EMMA, o desempenho da instala\u00e7\u00e3o \u00e9 maximizado com solu\u00e7\u00f5es energ\u00e9ticas personalizadas, ajudando os utilizadores a obter maiores benef\u00edcios econ\u00f3micos.\n<div class=\"flex-1 overflow-hidden\">\n<div class=\"react-scroll-to-bottom--css-xcmcj-79elbk h-full\">\n<div class=\"react-scroll-to-bottom--css-xcmcj-1n7m0yu\">\n<div class=\"flex flex-col text-sm pb-9\">\n<div class=\"w-full text-token-text-primary\" dir=\"auto\" data-testid=\"conversation-turn-31\">\n<div class=\"px-4 py-2 justify-center text-base md:gap-6 m-auto\"><\/div>\n<\/div>\n<\/div>\n<\/div>\n<\/div>\n<\/div>\n<\/li>\n<\/ul>\n<h2>Compatibilidade da bateria do Huawei Luna 2000 7-E1<\/h2>\n<p>A bateria de l\u00edtio Huawei Luna2000 14-S1 14kWh \u00e9 compat\u00edvel com a gama de inversores de string KTL L1 de 2 a 6kW, os novos inversores de string K-LC0 de 8 a 10kW, os inversores trif\u00e1sicos KTL-M1 de 3 a 10kW e os inversores K-MB0 de 12 a 25kW. A comunica\u00e7\u00e3o com o inversor \u00e9 efectuada atrav\u00e9s de RS485 e incorpora tamb\u00e9m uma liga\u00e7\u00e3o CAN para funcionamento em paralelo. Disp\u00f5e de um pequeno ecr\u00e3 que indica o estado de carga e de um LED que indica o estado de funcionamento.<\/p>\n<h2>Instala\u00e7\u00e3o f\u00e1cil<\/h2>\n<p>O seu design permite uma instala\u00e7\u00e3o e coloca\u00e7\u00e3o em funcionamento r\u00e1pidas e f\u00e1ceis. Todos os dispositivos ligados podem ser detectados automaticamente com a aplica\u00e7\u00e3o FusionSolar da Huawei, aumentando o grau de controlo sobre a instala\u00e7\u00e3o.<\/p>\n<h2>Escal\u00e1vel<\/h2>\n<p>A bateria de l\u00edtio Huawei Luna2000 7-E1 permite a expans\u00e3o da pot\u00eancia e da capacidade. Podem ser instaladas baterias de 6,9 kWh a 82,8 kWh. Cada Huawei Luna2000-10kW-C1 Power Module BMS Control Module - 01076596 suporta at\u00e9 tr\u00eas m\u00f3dulos de bateria. Podem ser ligadas em paralelo at\u00e9 2 torres de baterias com os inversores das gamas KTL L1, KTL M1 e K-LC0 e at\u00e9 4 torres com os inversores da gama MB0.<\/p>\n<p><img decoding=\"async\" class=\"size-full wp-image-13527\" style=\"font-style: inherit; font-weight: 600;\" src=\"https:\/\/fvcomponentes.com\/wp-content\/uploads\/2024\/04\/Modulo-de-Bateria-de-Litio-Huawei-Luna2000-5kWh-01074643-012-0.png\" alt=\"M\u00f3dulo de bateria de l\u00edtio Huawei Luna2000 5kWh - 01074643-012 0\" width=\"906\" height=\"354\" title=\"\"><\/p>\n<h2>Folha de dados da bateria de l\u00edtio Huawei Luna2000 14-S1 14kWh - LUNA2000-14-S1<\/h2>\n<p><a href=\"https:\/\/fvcomponentes.com\/wp-content\/uploads\/2024\/04\/Huawei_TDS_Luna2000_S1_EN.pdf\" target=\"_blank\" rel=\"noopener\">Ver ficha de dados da bateria de l\u00edtio de 14 kWh Luna2000 14-S1 da Huawei - LUNA2000-14-S1<\/a><\/p>","protected":false},"excerpt":{"rendered":"<p><span style=\"color: #000000;\"><strong><span class=\"baywa-details-label\">Tipo de pilha\u00a0<\/span><\/strong><span class=\"baywa-details-values\"><span class=\"baywa-details-values\"> DC Alta tens\u00e3o<br \/>\n<\/span><\/span><strong style=\"font-size: 16px;\"><span class=\"baywa-details-label\">Energia nominal total (KWH)\u00a0<\/span><\/strong><span class=\"baywa-details-values\" style=\"font-size: 16px;\"> 14 kWh<br \/>\n<\/span><span class=\"baywa-details-label\" style=\"font-size: 16px;\"><strong>Energia \u00fatil (KWH)<\/strong>\u00a0<\/span><span class=\"baywa-details-values\" style=\"font-size: 16px;\"> 13,8 kWh<br \/>\n<\/span><span class=\"baywa-details-label\" style=\"font-size: 16px;\"><strong>Pot\u00eancia de carga m\u00e1xima<\/strong>\u00a0<\/span><span class=\"baywa-details-values\" style=\"font-size: 16px;\"> 7 kW<br \/>\n<\/span><span class=\"baywa-details-label\" style=\"font-size: 16px;\"><strong>Pot\u00eancia m\u00e1xima de descarga\u00a0<\/strong><\/span><span class=\"baywa-details-values\" style=\"font-size: 16px;\">7 kW<br \/>\n<\/span><strong style=\"font-size: 16px;\"><span class=\"baywa-details-label\">Prote\u00e7\u00e3o IP\u00a0<\/span><\/strong><span class=\"baywa-details-values\" style=\"font-size: 16px;\"> IP66<br \/>\n<\/span><strong style=\"font-size: 16px;\"><span class=\"baywa-details-label\">Comunica\u00e7\u00e3o\u00a0<\/span><\/strong><span class=\"baywa-details-values\" style=\"font-size: 16px;\">CAN (Inv),RS485 (Inv)<br \/>\n<\/span><strong style=\"font-size: 16px;\">Comunica\u00e7\u00e3o<\/strong><span style=\"font-size: 16px;\"> Requer Dongle WLAN-FE, Dongle 4G ou SmartLogger para sistemas com inversores em cascata.<br \/>\n<\/span><strong style=\"font-size: 16px;\"><span class=\"baywa-details-label\">Escalabilidade\u00a0<\/span><\/strong><span class=\"baywa-details-values\" style=\"font-size: 16px;\"> Modular, paraleliz\u00e1vel at\u00e9 98,8 kWh<\/span><\/span><\/p>","protected":false},"featured_media":13537,"comment_status":"closed","ping_status":"closed","template":"","meta":{"site-sidebar-layout":"default","site-content-layout":"","ast-site-content-layout":"default","site-content-style":"default","site-sidebar-style":"default","ast-global-header-display":"","ast-banner-title-visibility":"","ast-main-header-display":"","ast-hfb-above-header-display":"","ast-hfb-below-header-display":"","ast-hfb-mobile-header-display":"","site-post-title":"","ast-breadcrumbs-content":"","ast-featured-img":"","footer-sml-layout":"","ast-disable-related-posts":"","theme-transparent-header-meta":"default","adv-header-id-meta":"","stick-header-meta":"","header-above-stick-meta":"","header-main-stick-meta":"","header-below-stick-meta":"","astra-migrate-meta-layouts":"set","ast-page-background-enabled":"default","ast-page-background-meta":{"desktop":{"background-color":"var(--ast-global-color-4)","background-image":"","background-repeat":"repeat","background-position":"center center","background-size":"auto","background-attachment":"scroll","background-type":"","background-media":"","overlay-type":"","overlay-color":"","overlay-opacity":"","overlay-gradient":""},"tablet":{"background-color":"","background-image":"","background-repeat":"repeat","background-position":"center center","background-size":"auto","background-attachment":"scroll","background-type":"","background-media":"","overlay-type":"","overlay-color":"","overlay-opacity":"","overlay-gradient":""},"mobile":{"background-color":"","background-image":"","background-repeat":"repeat","background-position":"center center","background-size":"auto","background-attachment":"scroll","background-type":"","background-media":"","overlay-type":"","overlay-color":"","overlay-opacity":"","overlay-gradient":""}},"ast-content-background-meta":{"desktop":{"background-color":"var(--ast-global-color-5)","background-image":"","background-repeat":"repeat","background-position":"center center","background-size":"auto","background-attachment":"scroll","background-type":"","background-media":"","overlay-type":"","overlay-color":"","overlay-opacity":"","overlay-gradient":""},"tablet":{"background-color":"var(--ast-global-color-5)","background-image":"","background-repeat":"repeat","background-position":"center center","background-size":"auto","background-attachment":"scroll","background-type":"","background-media":"","overlay-type":"","overlay-color":"","overlay-opacity":"","overlay-gradient":""},"mobile":{"background-color":"var(--ast-global-color-5)","background-image":"","background-repeat":"repeat","background-position":"center center","background-size":"auto","background-attachment":"scroll","background-type":"","background-media":"","overlay-type":"","overlay-color":"","overlay-opacity":"","overlay-gradient":""}}},"pwb-brand":[381],"product_brand":[],"product_cat":[340,379],"product_tag":[],"class_list":{"0":"post-13536","1":"product","2":"type-product","3":"status-publish","4":"has-post-thumbnail","6":"pwb-brand-huawei","7":"product_cat-baterias","8":"product_cat-baterias-de-litio-de-alto-voltaje","9":"product_shipping_class-baterias","10":"desktop-align-left","11":"tablet-align-left","12":"mobile-align-left","13":"ast-product-gallery-layout-horizontal-slider","14":"ast-product-gallery-with-no-image","15":"ast-product-tabs-layout-horizontal","17":"first","18":"instock","19":"taxable","20":"shipping-taxable","21":"purchasable","22":"product-type-yith_bundle"},"wcpa_form_fields":null,"brands":[{"id":381,"name":"Inversores Huawei","slug":"huawei"}],"_links":{"self":[{"href":"https:\/\/fvcomponentes.com\/pt\/wp-json\/wp\/v2\/product\/13536","targetHints":{"allow":["GET"]}}],"collection":[{"href":"https:\/\/fvcomponentes.com\/pt\/wp-json\/wp\/v2\/product"}],"about":[{"href":"https:\/\/fvcomponentes.com\/pt\/wp-json\/wp\/v2\/types\/product"}],"replies":[{"embeddable":true,"href":"https:\/\/fvcomponentes.com\/pt\/wp-json\/wp\/v2\/comments?post=13536"}],"wp:featuredmedia":[{"embeddable":true,"href":"https:\/\/fvcomponentes.com\/pt\/wp-json\/wp\/v2\/media\/13537"}],"wp:attachment":[{"href":"https:\/\/fvcomponentes.com\/pt\/wp-json\/wp\/v2\/media?parent=13536"}],"wp:term":[{"taxonomy":"pwb-brand","embeddable":true,"href":"https:\/\/fvcomponentes.com\/pt\/wp-json\/wp\/v2\/pwb-brand?post=13536"},{"taxonomy":"product_brand","embeddable":true,"href":"https:\/\/fvcomponentes.com\/pt\/wp-json\/wp\/v2\/product_brand?post=13536"},{"taxonomy":"product_cat","embeddable":true,"href":"https:\/\/fvcomponentes.com\/pt\/wp-json\/wp\/v2\/product_cat?post=13536"},{"taxonomy":"product_tag","embeddable":true,"href":"https:\/\/fvcomponentes.com\/pt\/wp-json\/wp\/v2\/product_tag?post=13536"}],"curies":[{"name":"wp","href":"https:\/\/api.w.org\/{rel}","templated":true}]}}