{"id":13523,"date":"2024-04-25T13:49:32","date_gmt":"2024-04-25T11:49:32","guid":{"rendered":"https:\/\/fvcomponentes.com\/?post_type=product&#038;p=13523"},"modified":"2026-03-30T12:17:23","modified_gmt":"2026-03-30T10:17:23","slug":"huawei-luna2000-7-e1-6-9kwh-modulo-de-bateria-de-litio-01076608","status":"publish","type":"product","link":"https:\/\/fvcomponentes.com\/pt\/producto\/modulo-de-bateria-de-litio-huawei-luna2000-7-e1-6-9kwh-01076608\/","title":{"rendered":"M\u00f3dulo de bateria de l\u00edtio Huawei Luna2000 7-E1 6.9kWh - 01076608"},"content":{"rendered":"<h2>M\u00f3dulo de bateria de l\u00edtio Huawei Luna2000 7-E1 6.9kWh - 01076608<\/h2>\n<p>A bateria de l\u00edtio Huawei Luna2000 7-E1 \u00e9 uma bateria de alta tens\u00e3o compat\u00edvel com a gama de inversores h\u00edbridos monof\u00e1sicos L1 e LC0 da Huawei KTL e com os trif\u00e1sicos M1 e MBo da KTL. Cada bateria \u00e9 composta por um m\u00f3dulo controlador BMS no topo e at\u00e9 tr\u00eas m\u00f3dulos de bateria de l\u00edtio Huawei Luna2000 7-E1 6.9kWh - 01076608. A bateria Huawei Luna \u00e9 classificada como IP66, tem uma garantia do fabricante de 15 anos e \u00e9 facilmente escal\u00e1vel, permitindo que o sistema seja expandido para um m\u00e1ximo de 82,8 kWh de capacidade total de armazenamento.<\/p>\n<p><img fetchpriority=\"high\" decoding=\"async\" class=\"size-full wp-image-13524\" src=\"https:\/\/fvcomponentes.com\/wp-content\/uploads\/2024\/04\/products_LUNA2000-7-14-21-S1.png\" alt=\"M\u00f3dulo de bateria de l\u00edtio Huawei Luna2000-7-E1 de 6,9 kWh - 01076608 \" width=\"600\" height=\"600\" title=\"\" srcset=\"https:\/\/fvcomponentes.com\/wp-content\/uploads\/2024\/04\/products_LUNA2000-7-14-21-S1-500x500.png.jpg 500w, https:\/\/fvcomponentes.com\/wp-content\/uploads\/2024\/04\/products_LUNA2000-7-14-21-S1-1000x1000.png.jpg 1000w, https:\/\/fvcomponentes.com\/wp-content\/uploads\/2024\/04\/products_LUNA2000-7-14-21-S1-200x200.png.jpg 200w\" sizes=\"(max-width: 600px) 100vw, 600px\" \/><\/p>\n<p>&nbsp;<\/p>\n<h2>M\u00f3dulo de bateria de l\u00edtio Huawei Luna2000 7-E1 6.9kWh - 01076608: Caracter\u00edsticas<\/h2>\n<ul>\n<li><strong>Requer o m\u00f3dulo BMS M\u00f3dulo de alimenta\u00e7\u00e3o Huawei Luna2000-10KW-C1<\/strong><\/li>\n<li>Energia utiliz\u00e1vel da bateria do Huawei Luna: 6,9 kWh<\/li>\n<li>Pot\u00eancia m\u00e1xima da bateria do Huawei Luna: 3,5 kWh<\/li>\n<li>Pot\u00eancia de pico da bateria do Huawei Luna: 3,5 kWh<\/li>\n<li>Dimens\u00f5es do m\u00f3dulo de bateria do Huawei Luna: 590 mm x 255 mm x 360 mm<\/li>\n<li>Peso do m\u00f3dulo de bateria do Huawei Luna: 68 kg<\/li>\n<li>At\u00e9 tr\u00eas m\u00f3dulos de bateria por m\u00f3dulo BMS<\/li>\n<li>Garantia da bateria do Huawei Luna: 15 anos (sujeita aos requisitos do fabricante)<\/li>\n<li>Necessita de um elemento de comunica\u00e7\u00e3o adicional, como o WLAN-FE Dongle, 4G Dongle ou SmartLogger para sistemas com inversores em cascata.<\/li>\n<\/ul>\n<h2>Compatibilidade da bateria do Huawei Luna 2000 7-E1<\/h2>\n<p>A bateria de l\u00edtio Huawei Luna2000 7-E1 \u00e9 compat\u00edvel com a gama de inversores de fio KTL L1 de 2 a 6 kW, os novos inversores de fio K-LC0 de 8 a 10 kW, os inversores trif\u00e1sicos KTL-M1 de 3 a 10 kW e os inversores K-MB0 de 12 a 25 kW. A comunica\u00e7\u00e3o com o inversor \u00e9 efectuada atrav\u00e9s de RS485 e incorpora tamb\u00e9m uma liga\u00e7\u00e3o CAN para funcionamento em paralelo. Disp\u00f5e de um pequeno ecr\u00e3 que indica o estado de carga e de um LED que indica o estado de funcionamento.<\/p>\n<h2>Instala\u00e7\u00e3o f\u00e1cil<\/h2>\n<p>O seu design permite uma instala\u00e7\u00e3o e coloca\u00e7\u00e3o em funcionamento r\u00e1pidas e f\u00e1ceis. Todos os dispositivos ligados podem ser detectados automaticamente com a aplica\u00e7\u00e3o FusionSolar da Huawei, aumentando o grau de controlo sobre a instala\u00e7\u00e3o.<\/p>\n<h2>Escal\u00e1vel<\/h2>\n<p>A bateria de l\u00edtio Huawei Luna2000 7-E1 permite a expans\u00e3o da pot\u00eancia e da capacidade. Podem ser instaladas baterias de 6,9 kWh a 82,8 kWh. Cada m\u00f3dulo de controlo BMS do Huawei Luna2000-10KW-C1 Power Module suporta at\u00e9 tr\u00eas m\u00f3dulos de bateria. Podem ser ligadas at\u00e9 2 torres de baterias em paralelo com os inversores das s\u00e9ries KTL L1, KTL M1 e K-LC0 e at\u00e9 4 torres com os inversores da s\u00e9rie MB0.<\/p>\n<p><img decoding=\"async\" class=\"size-full wp-image-13527\" style=\"font-style: inherit; font-weight: 600;\" src=\"https:\/\/fvcomponentes.com\/wp-content\/uploads\/2024\/04\/Modulo-de-Bateria-de-Litio-Huawei-Luna2000-5kWh-01074643-012-0.png\" alt=\"M\u00f3dulo de bateria de l\u00edtio Huawei Luna2000 5kWh - 01074643-012 0\" width=\"906\" height=\"354\" title=\"\"><\/p>\n<h2>Folha de dados do m\u00f3dulo de bateria de l\u00edtio Huawei Luna2000 7-E1 6.9kWh - 01076608<\/h2>\n<p><a href=\"https:\/\/fvcomponentes.com\/wp-content\/uploads\/2024\/04\/Huawei_TDS_Luna2000_S1_EN.pdf\" target=\"_blank\" rel=\"noopener\">Ver ficha de dados do m\u00f3dulo de bateria de l\u00edtio Huawei Luna2000 7-E1 6.9kWh - 01076608<\/a><\/p>","protected":false},"excerpt":{"rendered":"<p><strong>Requer o m\u00f3dulo BMS M\u00f3dulo de alimenta\u00e7\u00e3o Huawei Luna2000-10KW-C1<br \/>\n<\/strong><strong style=\"font-size: 16px;\"><span class=\"baywa-details-label\">Tipo de pilha\u00a0<\/span><\/strong><span class=\"baywa-details-values\" style=\"font-size: 16px;\"> DC Alta tens\u00e3o<br \/>\n<\/span><strong style=\"font-size: 16px;\"><span class=\"baywa-details-label\">Prote\u00e7\u00e3o IP\u00a0<\/span><\/strong><span class=\"baywa-details-values\" style=\"font-size: 16px;\"> IP66<br \/>\n<\/span><strong style=\"font-size: 16px;\"><span class=\"baywa-details-label\">Comunica\u00e7\u00e3o\u00a0<\/span><\/strong><span class=\"baywa-details-values\" style=\"font-size: 16px;\">CAN (Inv),RS485 (Inv)<br \/>\n<\/span><strong style=\"font-size: 16px;\">Comunica\u00e7\u00e3o<\/strong><span style=\"font-size: 16px;\"> Requer Dongle WLAN-FE, Dongle 4G ou SmartLogger para sistemas com inversores em cascata.<br \/>\n<\/span><strong style=\"font-size: 16px;\"><span class=\"baywa-details-label\">Energia nominal total (KWH)\u00a0<\/span><\/strong><span class=\"baywa-details-values\" style=\"font-size: 16px;\"> 7,0 kWh<br \/>\n<\/span><span class=\"baywa-details-label\" style=\"font-size: 16px;\"><strong>Energia \u00fatil (KWH)<\/strong>\u00a0<\/span><span class=\"baywa-details-values\" style=\"font-size: 16px;\"> 6,9 kWh<br \/>\n<\/span><span class=\"baywa-details-label\" style=\"font-size: 16px;\"><strong>Pot\u00eancia de carga m\u00e1xima<\/strong> <\/span><span class=\"baywa-details-values\" style=\"font-size: 16px;\">\u00a03,5 kW<br \/>\n<\/span><span class=\"baywa-details-label\" style=\"font-size: 16px;\"><strong>Pot\u00eancia m\u00e1xima de descarga <\/strong><\/span><span class=\"baywa-details-values\" style=\"font-size: 16px;\">3,5 kW<br \/>\n<\/span><strong style=\"font-size: 16px;\"><span class=\"baywa-details-label\">Escalabilidade\u00a0<\/span><\/strong><span class=\"baywa-details-values\" style=\"font-size: 16px;\"> Modular, paraleliz\u00e1vel at\u00e9 82,8 kWh<\/span><\/p>","protected":false},"featured_media":13528,"comment_status":"closed","ping_status":"closed","template":"","meta":{"site-sidebar-layout":"default","site-content-layout":"","ast-site-content-layout":"default","site-content-style":"default","site-sidebar-style":"default","ast-global-header-display":"","ast-banner-title-visibility":"","ast-main-header-display":"","ast-hfb-above-header-display":"","ast-hfb-below-header-display":"","ast-hfb-mobile-header-display":"","site-post-title":"","ast-breadcrumbs-content":"","ast-featured-img":"","footer-sml-layout":"","ast-disable-related-posts":"","theme-transparent-header-meta":"default","adv-header-id-meta":"","stick-header-meta":"","header-above-stick-meta":"","header-main-stick-meta":"","header-below-stick-meta":"","astra-migrate-meta-layouts":"set","ast-page-background-enabled":"default","ast-page-background-meta":{"desktop":{"background-color":"var(--ast-global-color-4)","background-image":"","background-repeat":"repeat","background-position":"center center","background-size":"auto","background-attachment":"scroll","background-type":"","background-media":"","overlay-type":"","overlay-color":"","overlay-opacity":"","overlay-gradient":""},"tablet":{"background-color":"","background-image":"","background-repeat":"repeat","background-position":"center center","background-size":"auto","background-attachment":"scroll","background-type":"","background-media":"","overlay-type":"","overlay-color":"","overlay-opacity":"","overlay-gradient":""},"mobile":{"background-color":"","background-image":"","background-repeat":"repeat","background-position":"center center","background-size":"auto","background-attachment":"scroll","background-type":"","background-media":"","overlay-type":"","overlay-color":"","overlay-opacity":"","overlay-gradient":""}},"ast-content-background-meta":{"desktop":{"background-color":"var(--ast-global-color-5)","background-image":"","background-repeat":"repeat","background-position":"center center","background-size":"auto","background-attachment":"scroll","background-type":"","background-media":"","overlay-type":"","overlay-color":"","overlay-opacity":"","overlay-gradient":""},"tablet":{"background-color":"var(--ast-global-color-5)","background-image":"","background-repeat":"repeat","background-position":"center center","background-size":"auto","background-attachment":"scroll","background-type":"","background-media":"","overlay-type":"","overlay-color":"","overlay-opacity":"","overlay-gradient":""},"mobile":{"background-color":"var(--ast-global-color-5)","background-image":"","background-repeat":"repeat","background-position":"center center","background-size":"auto","background-attachment":"scroll","background-type":"","background-media":"","overlay-type":"","overlay-color":"","overlay-opacity":"","overlay-gradient":""}}},"pwb-brand":[381],"product_brand":[],"product_cat":[340,379],"product_tag":[],"class_list":{"0":"post-13523","1":"product","2":"type-product","3":"status-publish","4":"has-post-thumbnail","6":"pwb-brand-huawei","7":"product_cat-baterias","8":"product_cat-baterias-de-litio-de-alto-voltaje","9":"product_shipping_class-baterias","10":"desktop-align-left","11":"tablet-align-left","12":"mobile-align-left","13":"ast-product-gallery-layout-horizontal-slider","14":"ast-product-gallery-with-no-image","15":"ast-product-tabs-layout-horizontal","17":"first","18":"instock","19":"taxable","20":"shipping-taxable","21":"purchasable","22":"product-type-simple"},"wcpa_form_fields":null,"brands":[{"id":381,"name":"Inversores Huawei","slug":"huawei"}],"_links":{"self":[{"href":"https:\/\/fvcomponentes.com\/pt\/wp-json\/wp\/v2\/product\/13523","targetHints":{"allow":["GET"]}}],"collection":[{"href":"https:\/\/fvcomponentes.com\/pt\/wp-json\/wp\/v2\/product"}],"about":[{"href":"https:\/\/fvcomponentes.com\/pt\/wp-json\/wp\/v2\/types\/product"}],"replies":[{"embeddable":true,"href":"https:\/\/fvcomponentes.com\/pt\/wp-json\/wp\/v2\/comments?post=13523"}],"wp:featuredmedia":[{"embeddable":true,"href":"https:\/\/fvcomponentes.com\/pt\/wp-json\/wp\/v2\/media\/13528"}],"wp:attachment":[{"href":"https:\/\/fvcomponentes.com\/pt\/wp-json\/wp\/v2\/media?parent=13523"}],"wp:term":[{"taxonomy":"pwb-brand","embeddable":true,"href":"https:\/\/fvcomponentes.com\/pt\/wp-json\/wp\/v2\/pwb-brand?post=13523"},{"taxonomy":"product_brand","embeddable":true,"href":"https:\/\/fvcomponentes.com\/pt\/wp-json\/wp\/v2\/product_brand?post=13523"},{"taxonomy":"product_cat","embeddable":true,"href":"https:\/\/fvcomponentes.com\/pt\/wp-json\/wp\/v2\/product_cat?post=13523"},{"taxonomy":"product_tag","embeddable":true,"href":"https:\/\/fvcomponentes.com\/pt\/wp-json\/wp\/v2\/product_tag?post=13523"}],"curies":[{"name":"wp","href":"https:\/\/api.w.org\/{rel}","templated":true}]}}