{"id":13441,"date":"2024-04-18T08:41:02","date_gmt":"2024-04-18T06:41:02","guid":{"rendered":"https:\/\/fvcomponentes.com\/?post_type=product&#038;p=13441"},"modified":"2026-03-30T12:17:11","modified_gmt":"2026-03-30T10:17:11","slug":"modulo-bms-huawei-luna2000-5kw-co-power-module-01074646-004","status":"publish","type":"product","link":"https:\/\/fvcomponentes.com\/pt\/producto\/modulo-bms-huawei-luna2000-5kw-co-power-module-01074646-004-2\/","title":{"rendered":"Huawei Luna2000 5kW CO Power Module M\u00f3dulo BMS - 01074646-004"},"content":{"rendered":"<h2>Huawei Luna2000 5kW CO Power Module M\u00f3dulo BMS - 01074646-004<\/h2>\n<p>A bateria de l\u00edtio Huawei Luna2000 \u00e9 uma bateria de alta tens\u00e3o compat\u00edvel com a gama de inversores h\u00edbridos Huawei KTL Single Phase L1 e KTL Three Phase M1. Cada bateria \u00e9 composta por um m\u00f3dulo de pot\u00eancia Huawei Luna2000 5kW CO - 01074646-004 na parte superior e um ou mais m\u00f3dulos de bateria. A Bateria Huawei Luna tem uma classifica\u00e7\u00e3o de prote\u00e7\u00e3o IP66, 10 anos de garantia do fabricante e \u00e9 escal\u00e1vel, pelo que pode expandir o sistema at\u00e9 um m\u00e1ximo de 30kWh de capacidade total de armazenamento.<\/p>\n<p><img fetchpriority=\"high\" decoding=\"async\" class=\"size-full wp-image-13438\" src=\"https:\/\/fvcomponentes.com\/wp-content\/uploads\/2024\/04\/Bateria-de-Litio-Huawei-Luna2000-5kWh.png\" alt=\"Bateria de l\u00edtio Huawei Luna2000 5kWh\" width=\"786\" height=\"402\" title=\"\"><\/p>\n<h2>Huawei Luna2000 5kW CO Power Module M\u00f3dulo BMS - 01074646-004<\/h2>\n<h2>: Caracter\u00edsticas<\/h2>\n<ul>\n<li><a href=\"https:\/\/fvcomponentes.com\/pt\/produto\/modulo-de-bateria-de-litio-huawei-luna2000-5kwh-01074643-012\/\" target=\"_blank\" rel=\"noopener\"><strong>Requer um a tr\u00eas m\u00f3dulos de bateria de l\u00edtio Huawei Luna2000 5kWh - 01074643-012<\/strong><\/a><\/li>\n<li>M\u00f3dulo de controlo da base e da bateria<\/li>\n<li>Controla 1 a 3 m\u00f3dulos de bateria (35-017885)<\/li>\n<li>At\u00e9 tr\u00eas m\u00f3dulos de bateria por m\u00f3dulo BMS<\/li>\n<li>At\u00e9 duas c\u00e9lulas de bateria por inversor e at\u00e9 3 inversores de bateria por sistema<\/li>\n<li>Dimens\u00f5es do m\u00f3dulo Huawei Luna2000 BMS: 670 x 150 x 240 mm<\/li>\n<li>Peso do m\u00f3dulo de bateria do Huawei Luna: 12 kg<\/li>\n<li>Garantia do m\u00f3dulo BMS Huawei Luna2000 5kW: 10 anos (em conformidade com os requisitos do fabricante)<\/li>\n<\/ul>\n<h2>Compatibilidade das pilhas Huawei Luna 2000<\/h2>\n<p>A bateria de l\u00edtio Huawei Luna2000 \u00e9 compat\u00edvel com a gama de inversores monof\u00e1sicos KTL L1 de 2 a 6kW e com os inversores trif\u00e1sicos KTL-M1 de 3 a 10kW. A comunica\u00e7\u00e3o com o inversor \u00e9 efectuada atrav\u00e9s de RS485 e incorpora tamb\u00e9m uma liga\u00e7\u00e3o CAN para funcionamento em paralelo. Possui um pequeno ecr\u00e3 que indica o estado de carga e um LED para indicar o estado de funcionamento.<\/p>\n<h2>Instala\u00e7\u00e3o f\u00e1cil<\/h2>\n<p>O seu design permite uma instala\u00e7\u00e3o e coloca\u00e7\u00e3o em funcionamento r\u00e1pidas e f\u00e1ceis. Todos os dispositivos ligados podem ser detectados automaticamente com a aplica\u00e7\u00e3o FusionSolar da Huawei, aumentando o grau de controlo sobre a instala\u00e7\u00e3o.<\/p>\n<h2>Escal\u00e1vel<\/h2>\n<p>A bateria de l\u00edtio Huawei Luna2000 suporta a expans\u00e3o da pot\u00eancia e da capacidade. Podem ser ligados em paralelo at\u00e9 dois m\u00f3dulos BMS do Huawei Luna2000 5kW CO Power Module. Um m\u00f3dulo de controlo de pot\u00eancia suporta um m\u00e1ximo de 3 m\u00f3dulos Huawei Luna2000 5kWh Lithium Battery - 01074643-012.<\/p>\n<p><img decoding=\"async\" class=\"size-full wp-image-13378\" src=\"https:\/\/fvcomponentes.com\/wp-content\/uploads\/2024\/04\/Captura-de-pantalla-2024-04-16-183146-1.png\" alt=\"Bateria de l\u00edtio Huawei Luna2000 5kWh + BMS - LUNA2000-5-S0\" width=\"871\" height=\"646\" title=\"\"><\/p>\n<h2>Huawei Luna2000 5kW CO Power Module BMS Module Ficha de dados - 01074646-004<\/h2>\n<p><a href=\"https:\/\/fvcomponentes.com\/wp-content\/uploads\/2024\/04\/Huawei_TDS_LUNA2000_ES.pdf\" target=\"_blank\" rel=\"noopener\">Ver ficha de dados do m\u00f3dulo BMS do m\u00f3dulo de pot\u00eancia de CO de 5kW da Huawei Luna2000 - 01074646-004<\/a><\/p>","protected":false},"excerpt":{"rendered":"<div>\n<p><a href=\"https:\/\/fvcomponentes.com\/pt\/produto\/modulo-de-bateria-de-litio-huawei-luna2000-5kwh-01074643-012\/\" target=\"_blank\" rel=\"noopener\"><strong>Requer um a tr\u00eas m\u00f3dulos de bateria de l\u00edtio Huawei Luna2000 5kWh - 01074643-012<\/strong><\/a><\/p>\n<\/div>\n<div class=\"baywa-details-fields\"><strong><span class=\"baywa-details-label\">M\u00f3dulo de controlo da base e da bateria<br \/>\nTipo de pilha\u00a0<\/span><\/strong><span class=\"baywa-details-values\"> DC Alta tens\u00e3o<br \/>\n<\/span><strong><span class=\"baywa-details-label\">Prote\u00e7\u00e3o IP\u00a0<\/span><\/strong><span class=\"baywa-details-values\"> IP66<\/span><\/div>\n<div class=\"baywa-details-fields\"><strong><span class=\"baywa-details-label\">Comunica\u00e7\u00e3o\u00a0<\/span><\/strong><span class=\"baywa-details-values\">CAN (Inv),RS485 (Inv)<\/span><\/div>\n<div class=\"baywa-details-fields\">\n<p>Controla 1 a 3 m\u00f3dulos de bateria (35-017885)<br \/>\nAt\u00e9 tr\u00eas m\u00f3dulos de bateria por m\u00f3dulo BMS<br \/>\nAt\u00e9 duas c\u00e9lulas de bateria por inversor e at\u00e9 3 inversores de bateria por sistema<\/p>\n<\/div>","protected":false},"featured_media":13442,"comment_status":"closed","ping_status":"closed","template":"","meta":{"site-sidebar-layout":"default","site-content-layout":"","ast-site-content-layout":"default","site-content-style":"default","site-sidebar-style":"default","ast-global-header-display":"","ast-banner-title-visibility":"","ast-main-header-display":"","ast-hfb-above-header-display":"","ast-hfb-below-header-display":"","ast-hfb-mobile-header-display":"","site-post-title":"","ast-breadcrumbs-content":"","ast-featured-img":"","footer-sml-layout":"","ast-disable-related-posts":"","theme-transparent-header-meta":"default","adv-header-id-meta":"","stick-header-meta":"","header-above-stick-meta":"","header-main-stick-meta":"","header-below-stick-meta":"","astra-migrate-meta-layouts":"set","ast-page-background-enabled":"default","ast-page-background-meta":{"desktop":{"background-color":"var(--ast-global-color-4)","background-image":"","background-repeat":"repeat","background-position":"center center","background-size":"auto","background-attachment":"scroll","background-type":"","background-media":"","overlay-type":"","overlay-color":"","overlay-opacity":"","overlay-gradient":""},"tablet":{"background-color":"","background-image":"","background-repeat":"repeat","background-position":"center center","background-size":"auto","background-attachment":"scroll","background-type":"","background-media":"","overlay-type":"","overlay-color":"","overlay-opacity":"","overlay-gradient":""},"mobile":{"background-color":"","background-image":"","background-repeat":"repeat","background-position":"center center","background-size":"auto","background-attachment":"scroll","background-type":"","background-media":"","overlay-type":"","overlay-color":"","overlay-opacity":"","overlay-gradient":""}},"ast-content-background-meta":{"desktop":{"background-color":"var(--ast-global-color-5)","background-image":"","background-repeat":"repeat","background-position":"center center","background-size":"auto","background-attachment":"scroll","background-type":"","background-media":"","overlay-type":"","overlay-color":"","overlay-opacity":"","overlay-gradient":""},"tablet":{"background-color":"var(--ast-global-color-5)","background-image":"","background-repeat":"repeat","background-position":"center center","background-size":"auto","background-attachment":"scroll","background-type":"","background-media":"","overlay-type":"","overlay-color":"","overlay-opacity":"","overlay-gradient":""},"mobile":{"background-color":"var(--ast-global-color-5)","background-image":"","background-repeat":"repeat","background-position":"center center","background-size":"auto","background-attachment":"scroll","background-type":"","background-media":"","overlay-type":"","overlay-color":"","overlay-opacity":"","overlay-gradient":""}}},"pwb-brand":[381],"product_brand":[],"product_cat":[340,379],"product_tag":[],"class_list":{"0":"post-13441","1":"product","2":"type-product","3":"status-publish","4":"has-post-thumbnail","6":"pwb-brand-huawei","7":"product_cat-baterias","8":"product_cat-baterias-de-litio-de-alto-voltaje","9":"product_shipping_class-baterias","10":"desktop-align-left","11":"tablet-align-left","12":"mobile-align-left","13":"ast-product-gallery-layout-horizontal-slider","14":"ast-product-gallery-with-no-image","15":"ast-product-tabs-layout-horizontal","17":"first","18":"instock","19":"taxable","20":"shipping-taxable","21":"purchasable","22":"product-type-simple"},"wcpa_form_fields":null,"brands":[{"id":381,"name":"Inversores Huawei","slug":"huawei"}],"_links":{"self":[{"href":"https:\/\/fvcomponentes.com\/pt\/wp-json\/wp\/v2\/product\/13441","targetHints":{"allow":["GET"]}}],"collection":[{"href":"https:\/\/fvcomponentes.com\/pt\/wp-json\/wp\/v2\/product"}],"about":[{"href":"https:\/\/fvcomponentes.com\/pt\/wp-json\/wp\/v2\/types\/product"}],"replies":[{"embeddable":true,"href":"https:\/\/fvcomponentes.com\/pt\/wp-json\/wp\/v2\/comments?post=13441"}],"wp:featuredmedia":[{"embeddable":true,"href":"https:\/\/fvcomponentes.com\/pt\/wp-json\/wp\/v2\/media\/13442"}],"wp:attachment":[{"href":"https:\/\/fvcomponentes.com\/pt\/wp-json\/wp\/v2\/media?parent=13441"}],"wp:term":[{"taxonomy":"pwb-brand","embeddable":true,"href":"https:\/\/fvcomponentes.com\/pt\/wp-json\/wp\/v2\/pwb-brand?post=13441"},{"taxonomy":"product_brand","embeddable":true,"href":"https:\/\/fvcomponentes.com\/pt\/wp-json\/wp\/v2\/product_brand?post=13441"},{"taxonomy":"product_cat","embeddable":true,"href":"https:\/\/fvcomponentes.com\/pt\/wp-json\/wp\/v2\/product_cat?post=13441"},{"taxonomy":"product_tag","embeddable":true,"href":"https:\/\/fvcomponentes.com\/pt\/wp-json\/wp\/v2\/product_tag?post=13441"}],"curies":[{"name":"wp","href":"https:\/\/api.w.org\/{rel}","templated":true}]}}