{"id":13427,"date":"2024-04-17T16:28:19","date_gmt":"2024-04-17T14:28:19","guid":{"rendered":"https:\/\/fvcomponentes.com\/?post_type=product&#038;p=13427"},"modified":"2025-04-25T15:03:23","modified_gmt":"2025-04-25T13:03:23","slug":"bateria-de-litio-huawei-luna2000-15kwh-bms-luna2000-15-s0","status":"publish","type":"product","link":"https:\/\/fvcomponentes.com\/pt\/producto\/bateria-de-litio-huawei-luna2000-15kwh-bms-luna2000-15-s0\/","title":{"rendered":"Bateria de l\u00edtio Huawei Luna2000 15kWh + BMS - LUNA2000-15-S0"},"content":{"rendered":"<h2>Bateria de l\u00edtio Huawei Luna2000 15kWh + BMS - LUNA2000-15-S0<\/h2>\n<p>A bateria de l\u00edtio Huawei Luna2000 15kWh + BMS - LUNA2000-15-S0 \u00e9 uma bateria de alta tens\u00e3o compat\u00edvel com a gama de inversores h\u00edbridos Huawei KTL monof\u00e1sicos L1 e KTL trif\u00e1sicos M1. Cada bateria \u00e9 composta por um m\u00f3dulo controlado por BMS no topo e tr\u00eas m\u00f3dulos acumuladores de 5kWh. A bateria Luna da Huawei tem classifica\u00e7\u00e3o IP66, tem uma garantia do fabricante de 10 anos e \u00e9 escal\u00e1vel, pelo que pode expandir o sistema at\u00e9 um m\u00e1ximo de 30 kWh de capacidade total de armazenamento.<\/p>\n<h2>Bateria de l\u00edtio Huawei Luna2000 15kWh + BMS - LUNA2000-15-S0: Caracter\u00edsticas<\/h2>\n<ul>\n<li>N\u00famero de m\u00f3dulos de bateria Huawei Luna: 3<\/li>\n<li>Energia utiliz\u00e1vel da bateria do Huawei Luna: 15 kWh<\/li>\n<li>Pot\u00eancia m\u00e1xima da bateria do Huawei Luna: 5kWh<\/li>\n<li>Pot\u00eancia de pico da bateria do Huawei Luna: 7 kWh durante 10 segundos<\/li>\n<li>Dimens\u00f5es da bateria do Huawei Luna: 670 x 150 x 1320 mm<\/li>\n<li>Peso da bateria do Huawei Luna: 163,8 kg<\/li>\n<li>Garantia da bateria do Huawei Luna: 10 anos (sujeita aos requisitos do fabricante)<\/li>\n<\/ul>\n<h2>Compatibilidade das pilhas Huawei Luna 2000<\/h2>\n<p>A bateria de l\u00edtio Huawei Luna2000 15kWh + BMS - LUNA2000-15-S0 \u00e9 compat\u00edvel com a gama de inversores monof\u00e1sicos KTL L1 de 2 a 6kW e com os inversores trif\u00e1sicos KTL-M1 de 3 a 10kW. A comunica\u00e7\u00e3o com o inversor \u00e9 efectuada atrav\u00e9s de RS485 e incorpora tamb\u00e9m uma liga\u00e7\u00e3o CAN para funcionamento em paralelo. Disp\u00f5e de um pequeno ecr\u00e3 que indica o estado de carga e de um LED que indica o estado de funcionamento.<\/p>\n<h2>Instala\u00e7\u00e3o f\u00e1cil<\/h2>\n<p>O seu design permite uma instala\u00e7\u00e3o e coloca\u00e7\u00e3o em funcionamento r\u00e1pidas e f\u00e1ceis. Todos os dispositivos ligados podem ser detectados automaticamente com a aplica\u00e7\u00e3o FusionSolar da Huawei, aumentando o grau de controlo sobre a instala\u00e7\u00e3o.<\/p>\n<h2>Escal\u00e1vel<\/h2>\n<p>A bateria de l\u00edtio Huawei Luna2000 15kWh + BMS - LUNA2000-15-S0 suporta a expans\u00e3o da pot\u00eancia e da capacidade. Dois m\u00f3dulos de controlo de pot\u00eancia podem ser ligados em paralelo. Um m\u00f3dulo de controlo de pot\u00eancia suporta um m\u00e1ximo de 3 m\u00f3dulos de expans\u00e3o de bateria.<\/p>\n<p><img fetchpriority=\"high\" decoding=\"async\" class=\"size-full wp-image-13378\" src=\"https:\/\/fvcomponentes.com\/wp-content\/uploads\/2024\/04\/Captura-de-pantalla-2024-04-16-183146-1.png\" alt=\"Bateria de l\u00edtio Huawei Luna2000 5kWh + BMS - LUNA2000-5-S0\" width=\"871\" height=\"646\" title=\"\"><\/p>\n<h2>Huawei Luna2000 10kWh Bateria de l\u00edtio + BMS - LUNA2000-10-S0 Ficha t\u00e9cnica<\/h2>\n<p><a href=\"https:\/\/fvcomponentes.com\/wp-content\/uploads\/2024\/04\/Huawei_TDS_LUNA2000_ES.pdf\" target=\"_blank\" rel=\"noopener\">Ver ficha de dados da bateria de l\u00edtio Huawei Luna2000 10kWh + BMS - LUNA2000-10-S0<\/a><\/p>","protected":false},"excerpt":{"rendered":"<div class=\"baywa-details-fields\"><strong><span class=\"baywa-details-label\">Tipo de pilha\u00a0<\/span><\/strong><span class=\"baywa-details-values\"> DC Alta tens\u00e3o<br \/>\n<\/span><strong><span class=\"baywa-details-label\">Prote\u00e7\u00e3o IP\u00a0<\/span><\/strong><span class=\"baywa-details-values\"> IP66<\/span><\/div>\n<div class=\"baywa-details-fields\"><strong><span class=\"baywa-details-label\">Comunica\u00e7\u00e3o\u00a0<\/span><\/strong><span class=\"baywa-details-values\">CAN (Inv),RS485 (Inv)<\/span><\/div>\n<div class=\"baywa-details-fields\"><strong><span class=\"baywa-details-label\">Energia nominal total (KWH)\u00a0<\/span><\/strong><span class=\"baywa-details-values\"> 15,0 kWh<br \/>\n<\/span><span class=\"baywa-details-label\"><strong>Energia \u00fatil (KWH)<\/strong>\u00a0<\/span><span class=\"baywa-details-values\"> 15,0 kWh<\/span><\/div>\n<div class=\"baywa-details-fields\"><span class=\"baywa-details-label\"><strong>Pot\u00eancia de carga m\u00e1xima<\/strong> <\/span><span class=\"baywa-details-values\">\u00a05 kW<\/span><\/div>\n<div class=\"baywa-details-fields\"><span class=\"baywa-details-label\"><strong>Pot\u00eancia m\u00e1xima de descarga <\/strong><\/span><span class=\"baywa-details-values\">7 kW (10 segundos)<\/span><\/div>\n<div class=\"baywa-details-fields\"><strong><span class=\"baywa-details-label\">Escalabilidade\u00a0<\/span><\/strong><span class=\"baywa-details-values\"> Modular, paraleliz\u00e1vel at\u00e9 30kWh<\/span><\/div>","protected":false},"featured_media":13429,"comment_status":"closed","ping_status":"closed","template":"","meta":{"site-sidebar-layout":"default","site-content-layout":"","ast-site-content-layout":"default","site-content-style":"default","site-sidebar-style":"default","ast-global-header-display":"","ast-banner-title-visibility":"","ast-main-header-display":"","ast-hfb-above-header-display":"","ast-hfb-below-header-display":"","ast-hfb-mobile-header-display":"","site-post-title":"","ast-breadcrumbs-content":"","ast-featured-img":"","footer-sml-layout":"","ast-disable-related-posts":"","theme-transparent-header-meta":"default","adv-header-id-meta":"","stick-header-meta":"","header-above-stick-meta":"","header-main-stick-meta":"","header-below-stick-meta":"","astra-migrate-meta-layouts":"set","ast-page-background-enabled":"default","ast-page-background-meta":{"desktop":{"background-color":"var(--ast-global-color-4)","background-image":"","background-repeat":"repeat","background-position":"center center","background-size":"auto","background-attachment":"scroll","background-type":"","background-media":"","overlay-type":"","overlay-color":"","overlay-opacity":"","overlay-gradient":""},"tablet":{"background-color":"","background-image":"","background-repeat":"repeat","background-position":"center center","background-size":"auto","background-attachment":"scroll","background-type":"","background-media":"","overlay-type":"","overlay-color":"","overlay-opacity":"","overlay-gradient":""},"mobile":{"background-color":"","background-image":"","background-repeat":"repeat","background-position":"center center","background-size":"auto","background-attachment":"scroll","background-type":"","background-media":"","overlay-type":"","overlay-color":"","overlay-opacity":"","overlay-gradient":""}},"ast-content-background-meta":{"desktop":{"background-color":"var(--ast-global-color-5)","background-image":"","background-repeat":"repeat","background-position":"center center","background-size":"auto","background-attachment":"scroll","background-type":"","background-media":"","overlay-type":"","overlay-color":"","overlay-opacity":"","overlay-gradient":""},"tablet":{"background-color":"var(--ast-global-color-5)","background-image":"","background-repeat":"repeat","background-position":"center center","background-size":"auto","background-attachment":"scroll","background-type":"","background-media":"","overlay-type":"","overlay-color":"","overlay-opacity":"","overlay-gradient":""},"mobile":{"background-color":"var(--ast-global-color-5)","background-image":"","background-repeat":"repeat","background-position":"center center","background-size":"auto","background-attachment":"scroll","background-type":"","background-media":"","overlay-type":"","overlay-color":"","overlay-opacity":"","overlay-gradient":""}}},"pwb-brand":[381],"product_brand":[],"product_cat":[340,379],"product_tag":[],"class_list":{"0":"post-13427","1":"product","2":"type-product","3":"status-publish","4":"has-post-thumbnail","6":"pwb-brand-huawei","7":"product_cat-baterias","8":"product_cat-baterias-de-litio-de-alto-voltaje","9":"product_shipping_class-baterias","10":"desktop-align-left","11":"tablet-align-left","12":"mobile-align-left","13":"ast-product-gallery-layout-horizontal-slider","14":"ast-product-gallery-with-no-image","15":"ast-product-tabs-layout-horizontal","17":"first","18":"instock","19":"taxable","20":"shipping-taxable","21":"purchasable","22":"product-type-yith_bundle"},"wcpa_form_fields":null,"brands":[{"id":381,"name":"Inversores Huawei","slug":"huawei"}],"_links":{"self":[{"href":"https:\/\/fvcomponentes.com\/pt\/wp-json\/wp\/v2\/product\/13427","targetHints":{"allow":["GET"]}}],"collection":[{"href":"https:\/\/fvcomponentes.com\/pt\/wp-json\/wp\/v2\/product"}],"about":[{"href":"https:\/\/fvcomponentes.com\/pt\/wp-json\/wp\/v2\/types\/product"}],"replies":[{"embeddable":true,"href":"https:\/\/fvcomponentes.com\/pt\/wp-json\/wp\/v2\/comments?post=13427"}],"wp:featuredmedia":[{"embeddable":true,"href":"https:\/\/fvcomponentes.com\/pt\/wp-json\/wp\/v2\/media\/13429"}],"wp:attachment":[{"href":"https:\/\/fvcomponentes.com\/pt\/wp-json\/wp\/v2\/media?parent=13427"}],"wp:term":[{"taxonomy":"pwb-brand","embeddable":true,"href":"https:\/\/fvcomponentes.com\/pt\/wp-json\/wp\/v2\/pwb-brand?post=13427"},{"taxonomy":"product_brand","embeddable":true,"href":"https:\/\/fvcomponentes.com\/pt\/wp-json\/wp\/v2\/product_brand?post=13427"},{"taxonomy":"product_cat","embeddable":true,"href":"https:\/\/fvcomponentes.com\/pt\/wp-json\/wp\/v2\/product_cat?post=13427"},{"taxonomy":"product_tag","embeddable":true,"href":"https:\/\/fvcomponentes.com\/pt\/wp-json\/wp\/v2\/product_tag?post=13427"}],"curies":[{"name":"wp","href":"https:\/\/api.w.org\/{rel}","templated":true}]}}