{"id":13339,"date":"2024-04-15T17:22:37","date_gmt":"2024-04-15T15:22:37","guid":{"rendered":"https:\/\/fvcomponentes.com\/?post_type=product&#038;p=13339"},"modified":"2026-03-30T12:16:21","modified_gmt":"2026-03-30T10:16:21","slug":"inversor-trifasico-huawei-sun2000-15k-mb0-01076370-006-2","status":"publish","type":"product","link":"https:\/\/fvcomponentes.com\/pt\/producto\/inversor-trifasico-huawei-sun2000-15k-mb0-01076370-006-2\/","title":{"rendered":"Inversor h\u00edbrido trif\u00e1sico Huawei SUN2000-15K-MB0 - 01076370-006"},"content":{"rendered":"<h2>Inversor h\u00edbrido trif\u00e1sico Huawei SUN2000-15K-MB0 - 01076370-006<\/h2>\n<h2>Inova\u00e7\u00e3o e efici\u00eancia na energia solar<\/h2>\n<p>Com uma capacidade de 15.000W e uma efici\u00eancia de 98,0%, o inversor h\u00edbrido trif\u00e1sico Huawei SUN2000-15K-MB0 \u00e9 ideal para quem procura uma solu\u00e7\u00e3o sustent\u00e1vel e de elevado desempenho.<\/p>\n<h2>Elevada capacidade e efici\u00eancia<\/h2>\n<p>O inversor h\u00edbrido trif\u00e1sico Huawei SUN2000-15K-MB0 - 01076370-006 tem uma pot\u00eancia de sa\u00edda de 15.000W (AC), o que o torna adequado para instala\u00e7\u00f5es de m\u00e9dia dimens\u00e3o, tais como casas unifamiliares com um elevado consumo de energia ou pequenas ind\u00fastrias. Gra\u00e7as \u00e0 sua elevada efici\u00eancia de 98,0%, a maior parte da energia recolhida pelos pain\u00e9is solares \u00e9 convertida em eletricidade utiliz\u00e1vel, minimizando assim as perdas de energia.<\/p>\n<h2>Tecnologia MPPT avan\u00e7ada<\/h2>\n<p>Tem 2 seguidores de ponto de pot\u00eancia m\u00e1xima (MPPT), o que significa que pode maximizar a efici\u00eancia da convers\u00e3o de energia em condi\u00e7\u00f5es de ilumina\u00e7\u00e3o vari\u00e1veis, melhorando o desempenho global do sistema solar. Permite a combina\u00e7\u00e3o de dois grupos de pain\u00e9is com diferentes orienta\u00e7\u00f5es ou inclina\u00e7\u00f5es.<\/p>\n<h2>Compat\u00edvel com as baterias Huawei LUNA<\/h2>\n<p>Sendo um inversor h\u00edbrido, \u00e9 compat\u00edvel com as baterias Huawei LUNA, permitindo-lhe armazenar energia solar durante o dia para utiliza\u00e7\u00e3o posterior \u00e0 noite ou em dias nublados. Completar a sua instala\u00e7\u00e3o com baterias aumenta a sua independ\u00eancia da rede e garante-lhe energia armazenada adicional.<\/p>\n<h2>Compat\u00edvel com Optimizadores<\/h2>\n<p>O inversor \u00e9 compat\u00edvel com os optimizadores de pot\u00eancia da Huawei. Os optimizadores funcionam em conjunto com os pain\u00e9is solares para melhorar a produ\u00e7\u00e3o de energia em situa\u00e7\u00f5es em que os pain\u00e9is s\u00e3o afectados pela sombra ou sujidade. Ao minimizar os efeitos destes obst\u00e1culos, os optimizadores garantem que o seu sistema solar funciona com a m\u00e1xima efici\u00eancia e uma produ\u00e7\u00e3o de energia consistente.<\/p>\n<h2>Inversor h\u00edbrido trif\u00e1sico Huawei SUN2000-15K-MB0: Robusto e fi\u00e1vel<\/h2>\n<p>Com uma classifica\u00e7\u00e3o de prote\u00e7\u00e3o IP66, o inversor foi concebido para suportar condi\u00e7\u00f5es ambientais adversas, garantindo um desempenho fi\u00e1vel e duradouro. Pode funcionar no exterior sem se deteriorar, uma vez que \u00e9 estanque ao p\u00f3 e est\u00e1 protegido contra jactos de \u00e1gua. O seu design robusto inclui conectores MC4 DC, conhecidos pela sua fiabilidade e seguran\u00e7a.<\/p>\n<h2>Garantia<\/h2>\n<p>Os inversores Huawei SUN2000 t\u00eam uma garantia padr\u00e3o de 10 anos e a op\u00e7\u00e3o de a prolongar at\u00e9 15 ou 20 anos.<\/p>\n<h2>Folha de dados e manual do inversor h\u00edbrido trif\u00e1sico Huawei SUN2000-15K-MB0 - 01076370-006<\/h2>\n<p><a href=\"https:\/\/fvcomponentes.com\/wp-content\/uploads\/2025\/11\/SUN2000-12_15_17_20_25K-MB0_ES.pdf\" target=\"_blank\" rel=\"noopener\">Ver a folha de dados do inversor h\u00edbrido trif\u00e1sico Huawei SUN2000-15K-MB0 - 01076370-006<\/a><\/p>\n<p><a href=\"https:\/\/fvcomponentes.com\/wp-content\/uploads\/2025\/11\/ES_Manual_SUN2000_12-25K-MBO.pdf\" target=\"_blank\" rel=\"noopener\">Ver manual do inversor h\u00edbrido trif\u00e1sico Huawei SUN2000-15K-MB0 - 01076370-006<\/a><\/p>","protected":false},"excerpt":{"rendered":"<ul>\n<li><strong>Pot\u00eancia nominal: <\/strong>15000W<\/li>\n<li><strong>Energia solar recomendada:<\/strong> 22500Wp<\/li>\n<li><strong>Corrente de entrada m\u00e1xima por MPPT:<\/strong> 30 A (2 cordas) \/ 20 A (1 corda)<\/li>\n<li><strong>Tens\u00e3o de arranque:<\/strong> 200 V<\/li>\n<li><strong><span class=\"baywa-details-values\"><span class=\"baywa-details-label\">Garantia do produto<\/span>\u00a0<\/span><\/strong><span class=\"baywa-details-values\">10 anos<\/span><\/li>\n<li><strong><span class=\"baywa-details-values\">Compat\u00edvel com:<\/span><\/strong>\n<ul>\n<li>Optimizadores SUN2000-450W-P2, SUN2000-600W-P<\/li>\n<li>Baterias Huawei LUNA2000 S0 e S1<\/li>\n<li>Dongle inteligente-4G<\/li>\n<\/ul>\n<\/li>\n<\/ul>","protected":false},"featured_media":13335,"comment_status":"closed","ping_status":"closed","template":"","meta":{"site-sidebar-layout":"default","site-content-layout":"","ast-site-content-layout":"default","site-content-style":"default","site-sidebar-style":"default","ast-global-header-display":"","ast-banner-title-visibility":"","ast-main-header-display":"","ast-hfb-above-header-display":"","ast-hfb-below-header-display":"","ast-hfb-mobile-header-display":"","site-post-title":"","ast-breadcrumbs-content":"","ast-featured-img":"","footer-sml-layout":"","ast-disable-related-posts":"","theme-transparent-header-meta":"default","adv-header-id-meta":"","stick-header-meta":"","header-above-stick-meta":"","header-main-stick-meta":"","header-below-stick-meta":"","astra-migrate-meta-layouts":"set","ast-page-background-enabled":"default","ast-page-background-meta":{"desktop":{"background-color":"var(--ast-global-color-4)","background-image":"","background-repeat":"repeat","background-position":"center center","background-size":"auto","background-attachment":"scroll","background-type":"","background-media":"","overlay-type":"","overlay-color":"","overlay-opacity":"","overlay-gradient":""},"tablet":{"background-color":"","background-image":"","background-repeat":"repeat","background-position":"center center","background-size":"auto","background-attachment":"scroll","background-type":"","background-media":"","overlay-type":"","overlay-color":"","overlay-opacity":"","overlay-gradient":""},"mobile":{"background-color":"","background-image":"","background-repeat":"repeat","background-position":"center center","background-size":"auto","background-attachment":"scroll","background-type":"","background-media":"","overlay-type":"","overlay-color":"","overlay-opacity":"","overlay-gradient":""}},"ast-content-background-meta":{"desktop":{"background-color":"var(--ast-global-color-5)","background-image":"","background-repeat":"repeat","background-position":"center center","background-size":"auto","background-attachment":"scroll","background-type":"","background-media":"","overlay-type":"","overlay-color":"","overlay-opacity":"","overlay-gradient":""},"tablet":{"background-color":"var(--ast-global-color-5)","background-image":"","background-repeat":"repeat","background-position":"center center","background-size":"auto","background-attachment":"scroll","background-type":"","background-media":"","overlay-type":"","overlay-color":"","overlay-opacity":"","overlay-gradient":""},"mobile":{"background-color":"var(--ast-global-color-5)","background-image":"","background-repeat":"repeat","background-position":"center center","background-size":"auto","background-attachment":"scroll","background-type":"","background-media":"","overlay-type":"","overlay-color":"","overlay-opacity":"","overlay-gradient":""}}},"pwb-brand":[381],"product_brand":[],"product_cat":[923,359,333],"product_tag":[],"class_list":{"0":"post-13339","1":"product","2":"type-product","3":"status-publish","4":"has-post-thumbnail","6":"pwb-brand-huawei","7":"product_cat-inversores-autoconsumo-hibridos-trifasicos","8":"product_cat-inversores-autoconsumo-hibridos","9":"product_cat-inversores","10":"desktop-align-left","11":"tablet-align-left","12":"mobile-align-left","13":"ast-product-gallery-layout-horizontal-slider","14":"ast-product-tabs-layout-horizontal","16":"first","17":"instock","18":"taxable","19":"shipping-taxable","20":"purchasable","21":"product-type-simple"},"wcpa_form_fields":null,"brands":[{"id":381,"name":"Inversores Huawei","slug":"huawei"}],"_links":{"self":[{"href":"https:\/\/fvcomponentes.com\/pt\/wp-json\/wp\/v2\/product\/13339","targetHints":{"allow":["GET"]}}],"collection":[{"href":"https:\/\/fvcomponentes.com\/pt\/wp-json\/wp\/v2\/product"}],"about":[{"href":"https:\/\/fvcomponentes.com\/pt\/wp-json\/wp\/v2\/types\/product"}],"replies":[{"embeddable":true,"href":"https:\/\/fvcomponentes.com\/pt\/wp-json\/wp\/v2\/comments?post=13339"}],"wp:featuredmedia":[{"embeddable":true,"href":"https:\/\/fvcomponentes.com\/pt\/wp-json\/wp\/v2\/media\/13335"}],"wp:attachment":[{"href":"https:\/\/fvcomponentes.com\/pt\/wp-json\/wp\/v2\/media?parent=13339"}],"wp:term":[{"taxonomy":"pwb-brand","embeddable":true,"href":"https:\/\/fvcomponentes.com\/pt\/wp-json\/wp\/v2\/pwb-brand?post=13339"},{"taxonomy":"product_brand","embeddable":true,"href":"https:\/\/fvcomponentes.com\/pt\/wp-json\/wp\/v2\/product_brand?post=13339"},{"taxonomy":"product_cat","embeddable":true,"href":"https:\/\/fvcomponentes.com\/pt\/wp-json\/wp\/v2\/product_cat?post=13339"},{"taxonomy":"product_tag","embeddable":true,"href":"https:\/\/fvcomponentes.com\/pt\/wp-json\/wp\/v2\/product_tag?post=13339"}],"curies":[{"name":"wp","href":"https:\/\/api.w.org\/{rel}","templated":true}]}}