{"id":13215,"date":"2024-04-09T17:07:02","date_gmt":"2024-04-09T15:07:02","guid":{"rendered":"https:\/\/fvcomponentes.com\/?post_type=product&#038;p=13215"},"modified":"2026-03-30T12:15:40","modified_gmt":"2026-03-30T10:15:40","slug":"inversor-hibrido-monofasico-huawei-sun2000-10k-lc0-01076593","status":"publish","type":"product","link":"https:\/\/fvcomponentes.com\/pt\/producto\/inversor-huawei-sun2000-10k-lc0-hibrido-monofasico-01076593\/","title":{"rendered":"Inversor monof\u00e1sico h\u00edbrido Huawei SUN2000 10K LC0 - 01076593"},"content":{"rendered":"<h2>Inversor h\u00edbrido monof\u00e1sico Huawei SUN2000-10K-LC0 - 01076593<\/h2>\n<p>Os novos inversores de string da s\u00e9rie Huawei SUN2000-K-LC0, como o Huawei SUN2000-10K-LC0 Single Phase Hybrid Inverter - 01076593, s\u00e3o a solu\u00e7\u00e3o ideal para a atual procura de inversores de string residenciais de alta pot\u00eancia. Com vers\u00f5es de 8 e 10kW com 3 MPPTs e compat\u00edveis com as baterias LUNA2000 da Huawei, proporcionam uma grande flexibilidade para instala\u00e7\u00f5es residenciais e industriais ligadas \u00e0 rede.<\/p>\n<p>A gama SUN2000-8\/10K-LC0 da Huawei inclui dois equipamentos de 8 ou 10 kW. Este inversor monof\u00e1sico possui uma inovadora intelig\u00eancia artificial de dete\u00e7\u00e3o de arco e uma efici\u00eancia m\u00e1xima de 98,1%. Compat\u00edvel com m\u00f3dulos fotovoltaicos de alta corrente (16A), oferece at\u00e9 3 MPPT com entradas individuais e a possibilidade de duplicar a pot\u00eancia com a bateria. S\u00e3o compat\u00edveis com a gama monof\u00e1sica SUN2000-2\/3\/3,68\/4\/4,6\/5\/6KTL-L1 e com os optimizadores P450\/P600.<\/p>\n<p>O seu design leve, com um peso inferior a 15 kg, facilita a instala\u00e7\u00e3o individual e suporta uma variedade de comunica\u00e7\u00f5es, como WLAN, Ethernet e 4G\/3G\/2G.<\/p>\n<h2>Modos de funcionamento<\/h2>\n<p>O SUN2000 pode funcionar em modo de espera, funcionamento ou desligado.<\/p>\n<p>Standby: O SUN2000 entra no modo Standby quando o ambiente externo n\u00e3o cumpre os requisitos de funcionamento. Modo de espera:<\/p>\n<ul>\n<li>O SUN2000 efectua continuamente uma verifica\u00e7\u00e3o do estado e entra no modo de funcionamento quando os requisitos operacionais s\u00e3o cumpridos.<\/li>\n<li>O SUN2000 entra no modo de encerramento depois de detetar um comando de encerramento ou uma falha ap\u00f3s o arranque.<\/li>\n<\/ul>\n<p>Funcionamento:<\/p>\n<ul>\n<li>O SUN2000 converte a corrente cont\u00ednua das cadeias de pain\u00e9is fotovoltaicos em corrente alternada e fornece-a \u00e0 rede.<\/li>\n<li>O SUN2000 monitoriza o ponto de pot\u00eancia m\u00e1xima para maximizar a produ\u00e7\u00e3o dos pain\u00e9is fotovoltaicos.<\/li>\n<li>Se o SUN2000 detetar uma falha ou um comando de encerramento, entra no modo de encerramento.<\/li>\n<li>O SUN2000 entra no modo de espera depois de detetar que a pot\u00eancia de sa\u00edda dos pain\u00e9is fotovoltaicos n\u00e3o \u00e9 adequada para ligar \u00e0 rede e gerar energia.<\/li>\n<\/ul>\n<p>Desligado:<\/p>\n<ul>\n<li>No modo de espera ou de funcionamento, o SUN2000 entra no modo de encerramento ap\u00f3s a dete\u00e7\u00e3o de uma falha ou de um comando de encerramento.<\/li>\n<li>No modo de encerramento, o SUN2000 entra no modo de espera depois de ser detectado um comando de arranque ou de a falha ser corrigida.<\/li>\n<\/ul>\n<h2>Prote\u00e7\u00e3o<\/h2>\n<p>O inversor est\u00e1 protegido de acordo com a norma IP66 e pode ser instalado tanto no interior como no exterior.<\/p>\n<h2>Folha de dados e manual do inversor h\u00edbrido monof\u00e1sico Huawei SUN2000-10K-LC0 - 01076593<\/h2>\n<p><a href=\"https:\/\/fvcomponentes.com\/wp-content\/uploads\/2025\/11\/Huawei_TDS_SUN2000-8-10KTL-LC0_ES.pdf\" target=\"_blank\" rel=\"noopener\">See provisional data sheet for Huawei SUN2000-10K-LC0 Hybrid Single-Phase Inverter - 01076593<\/a><\/p>\n<p><a href=\"https:\/\/fvcomponentes.com\/wp-content\/uploads\/2025\/11\/HUAWEI-SUN2000-8-10KTL-LC0-MANUAL-ES.pdf\" target=\"_blank\" rel=\"noopener\">Ver manual do inversor h\u00edbrido monof\u00e1sico Huawei SUN2000-10K-LC0 - 01076593<\/a><\/p>","protected":false},"excerpt":{"rendered":"<p><span class=\"baywa-details-label\"><strong>Pot\u00eancia nominal<\/strong>\u00a0<\/span><span class=\"baywa-details-values\"> 10kW<br \/>\n<\/span><strong>Pot\u00eancia fotovoltaica m\u00e1xima recomendada:<\/strong> 15kW<br \/>\n<span class=\"baywa-details-label\"><strong>Prote\u00e7\u00e3o IP<\/strong>\u00a0<\/span><span class=\"baywa-details-values\">\u00a0IP66<br \/>\n<span class=\"baywa-details-label\"><strong>MPPT<\/strong>\u00a0<\/span>\u00a03<br \/>\n<\/span><strong><span class=\"baywa-details-values\"><span class=\"baywa-details-label\">Garantia do produto<\/span>\u00a0<\/span><\/strong><span class=\"baywa-details-values\">10 anos<\/span><strong><span class=\"baywa-details-values\"><br \/>\nCompat\u00edvel com:<\/span><\/strong><\/p>\n<ul>\n<li>Optimizadores SUN2000-450W-P2, SUN2000-600W-P<\/li>\n<li>Baterias LUNA2000-5\/10\/15-S0<\/li>\n<li>Dongle inteligente-4G<\/li>\n<\/ul>","protected":false},"featured_media":13217,"comment_status":"closed","ping_status":"closed","template":"","meta":{"site-sidebar-layout":"default","site-content-layout":"","ast-site-content-layout":"default","site-content-style":"default","site-sidebar-style":"default","ast-global-header-display":"","ast-banner-title-visibility":"","ast-main-header-display":"","ast-hfb-above-header-display":"","ast-hfb-below-header-display":"","ast-hfb-mobile-header-display":"","site-post-title":"","ast-breadcrumbs-content":"","ast-featured-img":"","footer-sml-layout":"","ast-disable-related-posts":"","theme-transparent-header-meta":"default","adv-header-id-meta":"","stick-header-meta":"","header-above-stick-meta":"","header-main-stick-meta":"","header-below-stick-meta":"","astra-migrate-meta-layouts":"set","ast-page-background-enabled":"default","ast-page-background-meta":{"desktop":{"background-color":"var(--ast-global-color-4)","background-image":"","background-repeat":"repeat","background-position":"center center","background-size":"auto","background-attachment":"scroll","background-type":"","background-media":"","overlay-type":"","overlay-color":"","overlay-opacity":"","overlay-gradient":""},"tablet":{"background-color":"","background-image":"","background-repeat":"repeat","background-position":"center center","background-size":"auto","background-attachment":"scroll","background-type":"","background-media":"","overlay-type":"","overlay-color":"","overlay-opacity":"","overlay-gradient":""},"mobile":{"background-color":"","background-image":"","background-repeat":"repeat","background-position":"center center","background-size":"auto","background-attachment":"scroll","background-type":"","background-media":"","overlay-type":"","overlay-color":"","overlay-opacity":"","overlay-gradient":""}},"ast-content-background-meta":{"desktop":{"background-color":"var(--ast-global-color-5)","background-image":"","background-repeat":"repeat","background-position":"center center","background-size":"auto","background-attachment":"scroll","background-type":"","background-media":"","overlay-type":"","overlay-color":"","overlay-opacity":"","overlay-gradient":""},"tablet":{"background-color":"var(--ast-global-color-5)","background-image":"","background-repeat":"repeat","background-position":"center center","background-size":"auto","background-attachment":"scroll","background-type":"","background-media":"","overlay-type":"","overlay-color":"","overlay-opacity":"","overlay-gradient":""},"mobile":{"background-color":"var(--ast-global-color-5)","background-image":"","background-repeat":"repeat","background-position":"center center","background-size":"auto","background-attachment":"scroll","background-type":"","background-media":"","overlay-type":"","overlay-color":"","overlay-opacity":"","overlay-gradient":""}}},"pwb-brand":[381],"product_brand":[],"product_cat":[333,359,924],"product_tag":[],"class_list":{"0":"post-13215","1":"product","2":"type-product","3":"status-publish","4":"has-post-thumbnail","6":"pwb-brand-huawei","7":"product_cat-inversores","8":"product_cat-inversores-autoconsumo-hibridos","9":"product_cat-inversores-autoconsumo-hibridos-monofasicos","10":"desktop-align-left","11":"tablet-align-left","12":"mobile-align-left","13":"ast-product-gallery-layout-horizontal-slider","14":"ast-product-gallery-with-no-image","15":"ast-product-tabs-layout-horizontal","17":"first","18":"instock","19":"taxable","20":"shipping-taxable","21":"purchasable","22":"product-type-simple"},"wcpa_form_fields":null,"brands":[{"id":381,"name":"Inversores Huawei","slug":"huawei"}],"_links":{"self":[{"href":"https:\/\/fvcomponentes.com\/pt\/wp-json\/wp\/v2\/product\/13215","targetHints":{"allow":["GET"]}}],"collection":[{"href":"https:\/\/fvcomponentes.com\/pt\/wp-json\/wp\/v2\/product"}],"about":[{"href":"https:\/\/fvcomponentes.com\/pt\/wp-json\/wp\/v2\/types\/product"}],"replies":[{"embeddable":true,"href":"https:\/\/fvcomponentes.com\/pt\/wp-json\/wp\/v2\/comments?post=13215"}],"wp:featuredmedia":[{"embeddable":true,"href":"https:\/\/fvcomponentes.com\/pt\/wp-json\/wp\/v2\/media\/13217"}],"wp:attachment":[{"href":"https:\/\/fvcomponentes.com\/pt\/wp-json\/wp\/v2\/media?parent=13215"}],"wp:term":[{"taxonomy":"pwb-brand","embeddable":true,"href":"https:\/\/fvcomponentes.com\/pt\/wp-json\/wp\/v2\/pwb-brand?post=13215"},{"taxonomy":"product_brand","embeddable":true,"href":"https:\/\/fvcomponentes.com\/pt\/wp-json\/wp\/v2\/product_brand?post=13215"},{"taxonomy":"product_cat","embeddable":true,"href":"https:\/\/fvcomponentes.com\/pt\/wp-json\/wp\/v2\/product_cat?post=13215"},{"taxonomy":"product_tag","embeddable":true,"href":"https:\/\/fvcomponentes.com\/pt\/wp-json\/wp\/v2\/product_tag?post=13215"}],"curies":[{"name":"wp","href":"https:\/\/api.w.org\/{rel}","templated":true}]}}