{"id":12976,"date":"2024-03-25T13:29:25","date_gmt":"2024-03-25T12:29:25","guid":{"rendered":"https:\/\/fvcomponentes.com\/?post_type=product&#038;p=12976"},"modified":"2026-02-16T12:21:52","modified_gmt":"2026-02-16T11:21:52","slug":"victron-multiplus-ii-48-5000-pylontech-us5000-kit-solar-fora-da-rede","status":"publish","type":"product","link":"https:\/\/fvcomponentes.com\/pt\/producto\/kit-solar-aislada-victron-multiplus-ii-48-5000-pylontech-us5000\/","title":{"rendered":"Kit solar fora da rede Victron Multiplus II 48\/5000 + Pylontech US5000 + Cerbo GX"},"content":{"rendered":"<h2>Kit solar fora da rede Victron Multiplus II de 5000Va com baterias de l\u00edtio Pylontech.<\/h2>\n<p>Compre ao melhor pre\u00e7o o kit completo para a sua instala\u00e7\u00e3o solar fora da rede.<\/p>\n<p>Este kit solar fora da rede \u00e9 composto pelo famoso inversor solar fora da rede Victron Multiplus II 48V e por uma bateria de l\u00edtio de 48V da Pylontech.<\/p>\n<p>Al\u00e9m disso, inclui o <a href=\"https:\/\/fvcomponentes.com\/pt\/produto\/monitor-victron-cerbo-gx-mk2-bpp900451100-victron-cerbo-mk2\/\" target=\"_blank\" rel=\"noopener\">Monitoriza\u00e7\u00e3o Victron Cerbo GX MK2 - BPP900451100<\/a> necess\u00e1rio para que o sistema comunique via BUS entre o inversor Victron Multiplus II e a bateria de l\u00edtio Pylontech US5000.<\/p>\n<h2>Como configurar o seu Victron Multiplus II 48\/5000 + Pylontech US5000<\/h2>\n<p>Se quiser saber\u00a0<a href=\"https:\/\/fvcomponentes.com\/pt\/como-configurar-o-seu-victron-multiplus-ii-48-5000-pylontech-us5000\/\">Como configurar o seu Victron Multiplus II 48\/5000 + Pylontech US5000<\/a> clique agora e saiba tudo sobre o assunto!<\/p>","protected":false},"excerpt":{"rendered":"<p>Kit isolado com inversor Victron Multiplus II de 5000Va constitu\u00eddo pelos seguintes componentes:<\/p>\n<p>OPCIONAL: Cabo Ve.Diret para comunicar com o <a href=\"https:\/\/fvcomponentes.com\/pt\/produto\/unidade-de-controlo-victron-cerbo-gx-bpp900451100\/\" target=\"_blank\" rel=\"noopener\">CERBO GX<\/a> com o <a href=\"https:\/\/fvcomponentes.com\/pt\/categoria-produto\/controladores-de-carga-solar\/reguladores-de-mppt\/\" target=\"_blank\" rel=\"noopener\">Controlador Victron MPPT<\/a>.<\/p>","protected":false},"featured_media":13122,"comment_status":"open","ping_status":"closed","template":"","meta":{"site-sidebar-layout":"default","site-content-layout":"","ast-site-content-layout":"default","site-content-style":"default","site-sidebar-style":"default","ast-global-header-display":"","ast-banner-title-visibility":"","ast-main-header-display":"","ast-hfb-above-header-display":"","ast-hfb-below-header-display":"","ast-hfb-mobile-header-display":"","site-post-title":"","ast-breadcrumbs-content":"","ast-featured-img":"","footer-sml-layout":"","ast-disable-related-posts":"","theme-transparent-header-meta":"default","adv-header-id-meta":"","stick-header-meta":"","header-above-stick-meta":"","header-main-stick-meta":"","header-below-stick-meta":"","astra-migrate-meta-layouts":"set","ast-page-background-enabled":"default","ast-page-background-meta":{"desktop":{"background-color":"var(--ast-global-color-4)","background-image":"","background-repeat":"repeat","background-position":"center center","background-size":"auto","background-attachment":"scroll","background-type":"","background-media":"","overlay-type":"","overlay-color":"","overlay-opacity":"","overlay-gradient":""},"tablet":{"background-color":"","background-image":"","background-repeat":"repeat","background-position":"center center","background-size":"auto","background-attachment":"scroll","background-type":"","background-media":"","overlay-type":"","overlay-color":"","overlay-opacity":"","overlay-gradient":""},"mobile":{"background-color":"","background-image":"","background-repeat":"repeat","background-position":"center center","background-size":"auto","background-attachment":"scroll","background-type":"","background-media":"","overlay-type":"","overlay-color":"","overlay-opacity":"","overlay-gradient":""}},"ast-content-background-meta":{"desktop":{"background-color":"var(--ast-global-color-5)","background-image":"","background-repeat":"repeat","background-position":"center center","background-size":"auto","background-attachment":"scroll","background-type":"","background-media":"","overlay-type":"","overlay-color":"","overlay-opacity":"","overlay-gradient":""},"tablet":{"background-color":"var(--ast-global-color-5)","background-image":"","background-repeat":"repeat","background-position":"center center","background-size":"auto","background-attachment":"scroll","background-type":"","background-media":"","overlay-type":"","overlay-color":"","overlay-opacity":"","overlay-gradient":""},"mobile":{"background-color":"var(--ast-global-color-5)","background-image":"","background-repeat":"repeat","background-position":"center center","background-size":"auto","background-attachment":"scroll","background-type":"","background-media":"","overlay-type":"","overlay-color":"","overlay-opacity":"","overlay-gradient":""}}},"pwb-brand":[332,339],"product_brand":[],"product_cat":[465,464],"product_tag":[],"class_list":{"0":"post-12976","1":"product","2":"type-product","3":"status-publish","4":"has-post-thumbnail","6":"pwb-brand-victron","7":"pwb-brand-pylontech","8":"product_cat-kit-solar-aislada","9":"product_cat-kits-solares","10":"product_shipping_class-baterias","11":"desktop-align-left","12":"tablet-align-left","13":"mobile-align-left","14":"ast-product-gallery-layout-horizontal-slider","15":"ast-product-gallery-with-no-image","16":"ast-product-tabs-layout-horizontal","18":"first","19":"instock","20":"featured","21":"taxable","22":"shipping-taxable","23":"purchasable","24":"product-type-yith_bundle"},"wcpa_form_fields":null,"brands":[{"id":339,"name":"Baterias Pylontech","slug":"pylontech"},{"id":332,"name":"Victron Energia","slug":"victron"}],"_links":{"self":[{"href":"https:\/\/fvcomponentes.com\/pt\/wp-json\/wp\/v2\/product\/12976","targetHints":{"allow":["GET"]}}],"collection":[{"href":"https:\/\/fvcomponentes.com\/pt\/wp-json\/wp\/v2\/product"}],"about":[{"href":"https:\/\/fvcomponentes.com\/pt\/wp-json\/wp\/v2\/types\/product"}],"replies":[{"embeddable":true,"href":"https:\/\/fvcomponentes.com\/pt\/wp-json\/wp\/v2\/comments?post=12976"}],"wp:featuredmedia":[{"embeddable":true,"href":"https:\/\/fvcomponentes.com\/pt\/wp-json\/wp\/v2\/media\/13122"}],"wp:attachment":[{"href":"https:\/\/fvcomponentes.com\/pt\/wp-json\/wp\/v2\/media?parent=12976"}],"wp:term":[{"taxonomy":"pwb-brand","embeddable":true,"href":"https:\/\/fvcomponentes.com\/pt\/wp-json\/wp\/v2\/pwb-brand?post=12976"},{"taxonomy":"product_brand","embeddable":true,"href":"https:\/\/fvcomponentes.com\/pt\/wp-json\/wp\/v2\/product_brand?post=12976"},{"taxonomy":"product_cat","embeddable":true,"href":"https:\/\/fvcomponentes.com\/pt\/wp-json\/wp\/v2\/product_cat?post=12976"},{"taxonomy":"product_tag","embeddable":true,"href":"https:\/\/fvcomponentes.com\/pt\/wp-json\/wp\/v2\/product_tag?post=12976"}],"curies":[{"name":"wp","href":"https:\/\/api.w.org\/{rel}","templated":true}]}}