{"id":12606,"date":"2024-03-07T11:12:41","date_gmt":"2024-03-07T10:12:41","guid":{"rendered":"https:\/\/fvcomponentes.com\/?post_type=product&#038;p=12606"},"modified":"2026-01-12T07:17:04","modified_gmt":"2026-01-12T06:17:04","slug":"calculo-da-cablagem-de-projeto-victron","status":"publish","type":"product","link":"https:\/\/fvcomponentes.com\/pt\/producto\/calculo-cableado-diseno-victron\/","title":{"rendered":"C\u00e1lculos de cablagem e projeto de instala\u00e7\u00e3o Esquema Victron"},"content":{"rendered":"<p>Se est\u00e1 a pensar instalar inversores Victron, baterias de l\u00edtio, conversores Orion e outros... Pode ter muitas d\u00favidas.<\/p>\n<p>Qual o cabo a utilizar?<\/p>\n<p>Que fus\u00edveis devo colocar e onde?<\/p>\n<p>Terei autonomia suficiente na minha instala\u00e7\u00e3o?<\/p>\n<p>Ter um profissional com mais de 15 anos de experi\u00eancia a projetar instala\u00e7\u00f5es com a Victron Energy \u00e9 um luxo que muitos clientes exigiam e que agora colocamos \u00e0 sua disposi\u00e7\u00e3o.<\/p>\n<p>Para \"democratizar\" o acesso ao nosso parceiro, e dado que o seu tempo custa dinheiro, pode adquirir o <strong>C\u00e1lculo da cablagem Victron e conce\u00e7\u00e3o do esquema el\u00e9trico<\/strong>.<\/p>\n<p>Este servi\u00e7o s\u00f3 est\u00e1 dispon\u00edvel para os clientes da FVComponentes.com e \u00e9 limitado aos artigos fornecidos.<\/p>","protected":false},"excerpt":{"rendered":"<p>N\u00e3o sabe que cabo utilizar na sua instala\u00e7\u00e3o, que liga\u00e7\u00f5es fazer, calculou corretamente os fus\u00edveis, tem bateria suficiente, pain\u00e9is, regulador...?<\/p>\n<p>Colocamos \u00e0 sua disposi\u00e7\u00e3o os servi\u00e7os de um dos nossos parceiros engenheiros para o ajudar a dimensionar corretamente a sua instala\u00e7\u00e3o.<\/p>","protected":false},"featured_media":12607,"comment_status":"open","ping_status":"closed","template":"","meta":{"site-sidebar-layout":"default","site-content-layout":"","ast-site-content-layout":"default","site-content-style":"default","site-sidebar-style":"default","ast-global-header-display":"","ast-banner-title-visibility":"","ast-main-header-display":"","ast-hfb-above-header-display":"","ast-hfb-below-header-display":"","ast-hfb-mobile-header-display":"","site-post-title":"","ast-breadcrumbs-content":"","ast-featured-img":"","footer-sml-layout":"","ast-disable-related-posts":"","theme-transparent-header-meta":"default","adv-header-id-meta":"","stick-header-meta":"","header-above-stick-meta":"","header-main-stick-meta":"","header-below-stick-meta":"","astra-migrate-meta-layouts":"set","ast-page-background-enabled":"default","ast-page-background-meta":{"desktop":{"background-color":"var(--ast-global-color-4)","background-image":"","background-repeat":"repeat","background-position":"center center","background-size":"auto","background-attachment":"scroll","background-type":"","background-media":"","overlay-type":"","overlay-color":"","overlay-opacity":"","overlay-gradient":""},"tablet":{"background-color":"","background-image":"","background-repeat":"repeat","background-position":"center center","background-size":"auto","background-attachment":"scroll","background-type":"","background-media":"","overlay-type":"","overlay-color":"","overlay-opacity":"","overlay-gradient":""},"mobile":{"background-color":"","background-image":"","background-repeat":"repeat","background-position":"center center","background-size":"auto","background-attachment":"scroll","background-type":"","background-media":"","overlay-type":"","overlay-color":"","overlay-opacity":"","overlay-gradient":""}},"ast-content-background-meta":{"desktop":{"background-color":"var(--ast-global-color-5)","background-image":"","background-repeat":"repeat","background-position":"center center","background-size":"auto","background-attachment":"scroll","background-type":"","background-media":"","overlay-type":"","overlay-color":"","overlay-opacity":"","overlay-gradient":""},"tablet":{"background-color":"var(--ast-global-color-5)","background-image":"","background-repeat":"repeat","background-position":"center center","background-size":"auto","background-attachment":"scroll","background-type":"","background-media":"","overlay-type":"","overlay-color":"","overlay-opacity":"","overlay-gradient":""},"mobile":{"background-color":"var(--ast-global-color-5)","background-image":"","background-repeat":"repeat","background-position":"center center","background-size":"auto","background-attachment":"scroll","background-type":"","background-media":"","overlay-type":"","overlay-color":"","overlay-opacity":"","overlay-gradient":""}}},"pwb-brand":[332],"product_brand":[],"product_cat":[872],"product_tag":[],"class_list":{"0":"post-12606","1":"product","2":"type-product","3":"status-publish","4":"has-post-thumbnail","6":"pwb-brand-victron","7":"product_cat-servicios-de-configuracion","8":"desktop-align-left","9":"tablet-align-left","10":"mobile-align-left","11":"ast-product-gallery-layout-horizontal-slider","12":"ast-product-gallery-with-no-image","13":"ast-product-tabs-layout-horizontal","15":"first","16":"outofstock","17":"virtual","18":"taxable","19":"purchasable","20":"product-type-simple"},"wcpa_form_fields":null,"brands":[{"id":332,"name":"Victron Energia","slug":"victron"}],"_links":{"self":[{"href":"https:\/\/fvcomponentes.com\/pt\/wp-json\/wp\/v2\/product\/12606","targetHints":{"allow":["GET"]}}],"collection":[{"href":"https:\/\/fvcomponentes.com\/pt\/wp-json\/wp\/v2\/product"}],"about":[{"href":"https:\/\/fvcomponentes.com\/pt\/wp-json\/wp\/v2\/types\/product"}],"replies":[{"embeddable":true,"href":"https:\/\/fvcomponentes.com\/pt\/wp-json\/wp\/v2\/comments?post=12606"}],"wp:featuredmedia":[{"embeddable":true,"href":"https:\/\/fvcomponentes.com\/pt\/wp-json\/wp\/v2\/media\/12607"}],"wp:attachment":[{"href":"https:\/\/fvcomponentes.com\/pt\/wp-json\/wp\/v2\/media?parent=12606"}],"wp:term":[{"taxonomy":"pwb-brand","embeddable":true,"href":"https:\/\/fvcomponentes.com\/pt\/wp-json\/wp\/v2\/pwb-brand?post=12606"},{"taxonomy":"product_brand","embeddable":true,"href":"https:\/\/fvcomponentes.com\/pt\/wp-json\/wp\/v2\/product_brand?post=12606"},{"taxonomy":"product_cat","embeddable":true,"href":"https:\/\/fvcomponentes.com\/pt\/wp-json\/wp\/v2\/product_cat?post=12606"},{"taxonomy":"product_tag","embeddable":true,"href":"https:\/\/fvcomponentes.com\/pt\/wp-json\/wp\/v2\/product_tag?post=12606"}],"curies":[{"name":"wp","href":"https:\/\/api.w.org\/{rel}","templated":true}]}}