{"id":11662,"date":"2024-01-31T09:17:56","date_gmt":"2024-01-31T08:17:56","guid":{"rendered":"https:\/\/fvcomponentes.com\/?post_type=product&#038;p=11662"},"modified":"2026-04-04T12:48:26","modified_gmt":"2026-04-04T10:48:26","slug":"barramento-lynx-distribuidor-m10-lyn060102010","status":"publish","type":"product","link":"https:\/\/fvcomponentes.com\/pt\/producto\/barra-colectora-lynx-distributor-m10-lyn060102010\/","title":{"rendered":"Barramento do distribuidor Victron Lynx (M10) - LYN060102010"},"content":{"rendered":"<div class=\"ui9f13y mgz-element mgz-child mgz-element-product_description content-text\">\n<div class=\"mgz-element-inner ui9f13y-s\">\n<div class=\"ppbd-product-description\">O Lynx Distributor Busbar (M10) - LYN060102010 \u00e9 um barramento DC modular, com locais para quatro fus\u00edveis DC.<\/div>\n<div class=\"ppbd-product-description\">Monitoriza o estado de cada fus\u00edvel e indica o seu estado atrav\u00e9s de um LED na parte frontal.<\/div>\n<div class=\"ppbd-product-description\">\n<p>Parte do sistema de distribui\u00e7\u00e3o modular Lynx.<\/p>\n<\/div>\n<h2>Caracter\u00edsticas do barramento de distribui\u00e7\u00e3o Lynx (M10) - LYN060102010<\/h2>\n<\/div>\n<\/div>\n<div class=\"nvy3xat mgz-element mgz-child mgz-element-separator mgz-element-title-align-center\">\n<div class=\"mgz-element-inner nvy3xat-s\">\n<div class=\"mgz-element-separator-wrapper mgz-text-center\">O Distribuidor Lynx cont\u00e9m um barramento positivo e um negativo. O barramento positivo possui quatro conex\u00f5es protegidas por fus\u00edveis com rastreamento de fus\u00edvel. O barramento negativo tem quatro liga\u00e7\u00f5es e uma liga\u00e7\u00e3o \u00e0 terra. Faz parte do sistema de distribui\u00e7\u00e3o Lynx.<br \/>\nO Distribuidor Lynx tem um LED de alimenta\u00e7\u00e3o e quatro LEDs indicadores do estado do fus\u00edvel.<br \/>\nSe conectado a um Lynx Smart BMS, at\u00e9 quatro distribuidores Lynx podem enviar informa\u00e7\u00f5es sobre o status do fus\u00edvel para o Lynx Smart BMS. Esta op\u00e7\u00e3o n\u00e3o \u00e9 poss\u00edvel quando conectado a um Lynx Shunt VE.Can.<\/div>\n<\/div>\n<div>O Distribuidor Lynx inclui um cabo RJ10 de 40 cm. O cabo fornece energia para o Distribuidor Lynx e, se conectado a um Lynx Smart BMS, tamb\u00e9m \u00e9 usado para transmitir informa\u00e7\u00f5es.<\/div>\n<div>O Distribuidor Lynx foi concebido para fus\u00edveis. <a href=\"https:\/\/fvcomponentes.com\/pt\/categoria-produto\/equipamento-eletrico\/fusiveis\/mega-fusiveis\/\" target=\"_blank\" rel=\"noopener\">MEGA<\/a>.<\/div>\n<div><img fetchpriority=\"high\" decoding=\"async\" class=\"alignnone size-full wp-image-6134\" src=\"https:\/\/fvcomponentes.com\/wp-content\/uploads\/2023\/03\/Captura-6.png\" alt=\"Lynx Smart BMS Victron - LYN034160200\" width=\"800\" height=\"491\" title=\"\"><\/div>\n<h2>O sistema de distribui\u00e7\u00e3o Lynx<\/h2>\n<p>Este sistema de distribui\u00e7\u00e3o \u00e9 composto pelos seguintes elementos:<\/p>\n<ul>\n<li><a href=\"https:\/\/fvcomponentes.com\/pt\/produto\/lynx-power-em-victron-m10-lyn020102010\/\" target=\"_blank\" rel=\"noopener\"><strong>Entrada de energia Lynx<\/strong><\/a> - Um barramento positivo e um negativo com quatro liga\u00e7\u00f5es para baterias ou equipamento de corrente cont\u00ednua.<\/li>\n<li><a href=\"https:\/\/fvcomponentes.com\/pt\/produto\/barramento-lynx-distribuidor-m10-lyn060102010\/\" target=\"_blank\" rel=\"noopener\"><strong>Distribuidor Lynx<\/strong><\/a> - Um barramento positivo e um negativo com quatro liga\u00e7\u00f5es com fus\u00edveis para baterias ou equipamento de corrente cont\u00ednua, juntamente com monitoriza\u00e7\u00e3o de fus\u00edveis.<\/li>\n<li><a href=\"https:\/\/fvcomponentes.com\/pt\/produto\/victron-victron-lynx-smart-bms-1000-m10-lyn034170210\/\" target=\"_blank\" rel=\"noopener\"><strong>Lynx Smart BMS<\/strong><\/a> - Para utiliza\u00e7\u00e3o em conjunto com as baterias de l\u00edtio Victron Energy Smart. Cont\u00e9m um barramento positivo com um contactor acionado por um sistema de gest\u00e3o de bateria (BMS) e um barramento negativo com um shunt para monitoriza\u00e7\u00e3o da bateria. Possui comunica\u00e7\u00e3o Bluetooth para monitoriza\u00e7\u00e3o e configura\u00e7\u00e3o atrav\u00e9s da aplica\u00e7\u00e3o. <a href=\"https:\/\/www.victronenergy.com.es\/panel-systems-remote-monitoring\/victronconnect\" target=\"_blank\" rel=\"noopener\">VictronConnect<\/a> e comunica\u00e7\u00e3o VE.Can para monitoriza\u00e7\u00e3o com um dispositivo GX e o Portal VRM.<\/li>\n<\/ul>\n<\/div>\n<div>\n<h2>Manual do barramento do distribuidor Lynx - LYN060102010<\/h2>\n<p><a href=\"https:\/\/fvcomponentes.com\/wp-content\/uploads\/2024\/01\/24531-Lynx_Distributor_Manual-pdf-es.pdf\" target=\"_blank\" rel=\"noopener\">Ver manual do barramento do distribuidor Lynx - LYN0600102010<\/a><\/p>\n<\/div>","protected":false},"excerpt":{"rendered":"<p>Cont\u00e9m um barramento positivo e um negativo.<\/p>\n<p><strong>Deslizamento de terra positivo:<\/strong> Quatro liga\u00e7\u00f5es protegidas por fus\u00edveis<\/p>\n<p><strong>Lavagem negativa de lama:\u00a0<\/strong> Quatro liga\u00e7\u00f5es e uma liga\u00e7\u00e3o \u00e0 terra.<\/p>","protected":false},"featured_media":11665,"comment_status":"closed","ping_status":"closed","template":"","meta":{"site-sidebar-layout":"default","site-content-layout":"","ast-site-content-layout":"default","site-content-style":"default","site-sidebar-style":"default","ast-global-header-display":"","ast-banner-title-visibility":"","ast-main-header-display":"","ast-hfb-above-header-display":"","ast-hfb-below-header-display":"","ast-hfb-mobile-header-display":"","site-post-title":"","ast-breadcrumbs-content":"","ast-featured-img":"","footer-sml-layout":"","ast-disable-related-posts":"","theme-transparent-header-meta":"default","adv-header-id-meta":"","stick-header-meta":"","header-above-stick-meta":"","header-main-stick-meta":"","header-below-stick-meta":"","astra-migrate-meta-layouts":"set","ast-page-background-enabled":"default","ast-page-background-meta":{"desktop":{"background-color":"var(--ast-global-color-4)","background-image":"","background-repeat":"repeat","background-position":"center center","background-size":"auto","background-attachment":"scroll","background-type":"","background-media":"","overlay-type":"","overlay-color":"","overlay-opacity":"","overlay-gradient":""},"tablet":{"background-color":"","background-image":"","background-repeat":"repeat","background-position":"center center","background-size":"auto","background-attachment":"scroll","background-type":"","background-media":"","overlay-type":"","overlay-color":"","overlay-opacity":"","overlay-gradient":""},"mobile":{"background-color":"","background-image":"","background-repeat":"repeat","background-position":"center center","background-size":"auto","background-attachment":"scroll","background-type":"","background-media":"","overlay-type":"","overlay-color":"","overlay-opacity":"","overlay-gradient":""}},"ast-content-background-meta":{"desktop":{"background-color":"var(--ast-global-color-5)","background-image":"","background-repeat":"repeat","background-position":"center center","background-size":"auto","background-attachment":"scroll","background-type":"","background-media":"","overlay-type":"","overlay-color":"","overlay-opacity":"","overlay-gradient":""},"tablet":{"background-color":"var(--ast-global-color-5)","background-image":"","background-repeat":"repeat","background-position":"center center","background-size":"auto","background-attachment":"scroll","background-type":"","background-media":"","overlay-type":"","overlay-color":"","overlay-opacity":"","overlay-gradient":""},"mobile":{"background-color":"var(--ast-global-color-5)","background-image":"","background-repeat":"repeat","background-position":"center center","background-size":"auto","background-attachment":"scroll","background-type":"","background-media":"","overlay-type":"","overlay-color":"","overlay-opacity":"","overlay-gradient":""}}},"pwb-brand":[332],"product_brand":[],"product_cat":[410,991],"product_tag":[],"class_list":{"0":"post-11662","1":"product","2":"type-product","3":"status-publish","4":"has-post-thumbnail","6":"pwb-brand-victron","7":"product_cat-material-electrico","8":"product_cat-busbar","9":"desktop-align-left","10":"tablet-align-left","11":"mobile-align-left","12":"ast-product-gallery-layout-horizontal-slider","13":"ast-product-tabs-layout-horizontal","15":"first","16":"instock","17":"taxable","18":"shipping-taxable","19":"purchasable","20":"product-type-simple"},"wcpa_form_fields":null,"brands":[{"id":332,"name":"Victron Energia","slug":"victron"}],"_links":{"self":[{"href":"https:\/\/fvcomponentes.com\/pt\/wp-json\/wp\/v2\/product\/11662","targetHints":{"allow":["GET"]}}],"collection":[{"href":"https:\/\/fvcomponentes.com\/pt\/wp-json\/wp\/v2\/product"}],"about":[{"href":"https:\/\/fvcomponentes.com\/pt\/wp-json\/wp\/v2\/types\/product"}],"replies":[{"embeddable":true,"href":"https:\/\/fvcomponentes.com\/pt\/wp-json\/wp\/v2\/comments?post=11662"}],"wp:featuredmedia":[{"embeddable":true,"href":"https:\/\/fvcomponentes.com\/pt\/wp-json\/wp\/v2\/media\/11665"}],"wp:attachment":[{"href":"https:\/\/fvcomponentes.com\/pt\/wp-json\/wp\/v2\/media?parent=11662"}],"wp:term":[{"taxonomy":"pwb-brand","embeddable":true,"href":"https:\/\/fvcomponentes.com\/pt\/wp-json\/wp\/v2\/pwb-brand?post=11662"},{"taxonomy":"product_brand","embeddable":true,"href":"https:\/\/fvcomponentes.com\/pt\/wp-json\/wp\/v2\/product_brand?post=11662"},{"taxonomy":"product_cat","embeddable":true,"href":"https:\/\/fvcomponentes.com\/pt\/wp-json\/wp\/v2\/product_cat?post=11662"},{"taxonomy":"product_tag","embeddable":true,"href":"https:\/\/fvcomponentes.com\/pt\/wp-json\/wp\/v2\/product_tag?post=11662"}],"curies":[{"name":"wp","href":"https:\/\/api.w.org\/{rel}","templated":true}]}}