{"id":11655,"date":"2024-01-31T08:58:28","date_gmt":"2024-01-31T07:58:28","guid":{"rendered":"https:\/\/fvcomponentes.com\/?post_type=product&#038;p=11655"},"modified":"2026-04-04T12:51:35","modified_gmt":"2026-04-04T10:51:35","slug":"victron-victron-lynx-smart-bms-1000-m10-lyn034170210","status":"publish","type":"product","link":"https:\/\/fvcomponentes.com\/pt\/producto\/victron-lynx-smart-bms-1000-m10-lyn034170210\/","title":{"rendered":"Victron Lynx Smart BMS 1000 (M10) - LYN034170210"},"content":{"rendered":"<p>O Victron Lynx Smart BMS 1000 (M10) - LYN034170210 \u00e9 um sistema de gest\u00e3o de baterias (BMS) espec\u00edfico para baterias.<a href=\"https:\/\/fvcomponentes.com\/pt\/categoria-produto\/baterias\/baterias-de-litio-de-12v\/\" target=\"_blank\" rel=\"noopener\"> Bateria de l\u00edtio inteligente Victron<\/a>. Estas s\u00e3o baterias de fosfato de ferro e l\u00edtio (LiFePO4) dispon\u00edveis em 12,8 V ou 25,6 V e em diferentes capacidades. Podem ser ligadas em s\u00e9rie, paralelo e s\u00e9rie\/paralelo, de modo a que um banco de baterias possa ser montado para tens\u00f5es de sistema de 12 V, 24 V ou 48 V. O n\u00famero m\u00e1ximo de baterias num sistema \u00e9 20, o que significa um armazenamento m\u00e1ximo de energia de 84 kWh num sistema de 12 V e at\u00e9 102 kWh num sistema de 24 V1) e 48 V1).<\/p>\n<p>Entre os v\u00e1rios BMS dispon\u00edveis, o Lynx Smart BMS \u00e9 a op\u00e7\u00e3o mais abrangente e rica em recursos e \u00e9 facilmente integrado no sistema de distribui\u00e7\u00e3o Lynx.<\/p>\n<h2>Contactor integrado de 1000 A<\/h2>\n<p>O contactor funciona como um sistema de seguran\u00e7a secund\u00e1rio para proteger a bateria no caso de os controlos principais (os contactos ATC (permitir carga) e ATD (permitir descarga) e o DVCC) n\u00e3o desactivarem as cargas ou os carregadores quando necess\u00e1rio, e \u00e9 tamb\u00e9m adequado como interrutor principal do sistema telecomandado.<\/p>\n<h2>Victron Lynx Smart BMS 1000 (M10) - LYN034170210: Circuito de pr\u00e9-carregamento<\/h2>\n<p>Para al\u00e9m do contactor, um circuito de pr\u00e9-carga integrado evita correntes de arranque elevadas quando \u00e9 ligada uma carga capacitiva, como um MultiPlus, Quattro ou outro inversor, eliminando a necessidade de pr\u00e9-carga externa.<\/p>\n<h2>Monitoriza\u00e7\u00e3o e controlo com Victron Lynx Smart BMS 1000 (M10) - LYN034170210<\/h2>\n<p>Pode monitorizar e controlar o Victron Lynx Smart BMS - LYN034160200 atrav\u00e9s de Bluetooth com a aplica\u00e7\u00e3o VictronConnect ou um dispositivo GX, como o <a href=\"https:\/\/fvcomponentes.com\/pt\/produto\/monitor-victron-cerbo-gx-mk2-bpp900451100-victron-cerbo-mk2\/\" target=\"_blank\" rel=\"noopener\">Monitoriza\u00e7\u00e3o Victron Cerbo GX MK2 - BPP900451100<\/a>e o portal VRM. Um monitor de bateria integrado que funciona de forma semelhante aos outros monitores de bateria da Victron Energy fornece dados como o estado de carga, tens\u00e3o, corrente, dados hist\u00f3ricos e informa\u00e7\u00f5es de estado em tempo real e, com o Instant Readout, nem sequer precisa de se ligar ao BMS, permitindo-lhe obter diagn\u00f3sticos num relance.<\/p>\n<h2>Controlo em circuito fechado Contactos DVCC e ATC\/ATD<\/h2>\n<p>Os inversores\/carregadores Victron compat\u00edveis e os carregadores solares s\u00e3o automaticamente controlados por um dispositivo GX e DVCC ligados. Os contactos ATC (ativar carga)\/ATD (ativar descarga) podem ser utilizados para controlar outros carregadores e cargas que tenham uma porta remota para ligar\/desligar.<\/p>\n<h2>Victron Lynx Smart BMS 1000 (M10) - LYN034170210: Rel\u00e9 program\u00e1vel<\/h2>\n<p>O rel\u00e9 pode ser utilizado como rel\u00e9 de alarme (juntamente com o pr\u00e9-alarme) ou para controlar um alternador atrav\u00e9s do seu regulador externo (cabo de igni\u00e7\u00e3o). Quando em modo ATC alternador, o rel\u00e9 s\u00f3 se ativa quando o contactor est\u00e1 fechado. O contacto ATC do alternador abre primeiro e depois o contactor abre com um atraso de dois segundos. Estes dois segundos asseguram que o alternador \u00e9 desligado antes de a bateria ser desligada do sistema.<\/p>\n<h2>Terminal AUX<\/h2>\n<p>A vantagem da fonte de alimenta\u00e7\u00e3o auxiliar de bordo (1,1 A \u00e0 tens\u00e3o do sistema) \u00e9 fornecer energia a cargas espec\u00edficas (por exemplo, um dispositivo GX) depois de o BMS ter desligado as cargas devido a uma baixa tens\u00e3o da c\u00e9lula. Se n\u00e3o for detectada qualquer tens\u00e3o de carga no espa\u00e7o de 5 minutos, o BMS, incluindo a liga\u00e7\u00e3o AUX, \u00e9 desligado.<\/p>\n<h2>Victron Lynx Smart BMS 1000 (M10) - LYN034170210, Comunica\u00e7\u00e3o de dados VE.Can e NMEA 2000<\/h2>\n<p>O VE.Can permite uma liga\u00e7\u00e3o f\u00e1cil (cabo de rede standard RJ45) e a comunica\u00e7\u00e3o com um dispositivo GX. Como o protocolo CAN-bus se baseia no NMEA 2000 (e J1939), \u00e9 f\u00e1cil integr\u00e1-lo numa rede n\u00e1utica e transmitir informa\u00e7\u00f5es para o visor n\u00e1utico multifun\u00e7\u00f5es (\u00e9 necess\u00e1rio um cabo micro C VE.Can para NMEA 2000 macho).<\/p>\n<h2>Monitoriza\u00e7\u00e3o do fus\u00edvel do distribuidor Lynx<\/h2>\n<p>L\u00ea o estado do fus\u00edvel e recebe um alarme se o fus\u00edvel estiver queimado. O Lynx Smart BMS monitoriza at\u00e9 quatro distribuidores Lynx ligados e os seus fus\u00edveis atrav\u00e9s do VictronConnect ou de um dispositivo GX.<br \/>\n<img fetchpriority=\"high\" decoding=\"async\" class=\"alignnone size-full wp-image-6134\" src=\"https:\/\/fvcomponentes.com\/wp-content\/uploads\/2023\/03\/Captura-6.png\" alt=\"Lynx Smart BMS Victron - LYN034160200\" width=\"800\" height=\"491\" title=\"\"><\/p>\n<h2>O sistema de distribui\u00e7\u00e3o Lynx<\/h2>\n<p>Este sistema de distribui\u00e7\u00e3o \u00e9 composto pelos seguintes elementos:<\/p>\n<ul>\n<li><a href=\"https:\/\/fvcomponentes.com\/pt\/produto\/lynx-power-em-victron-m10-lyn020102010\/\" target=\"_blank\" rel=\"noopener\"><strong>Entrada de energia Lynx<\/strong><\/a> - Um barramento positivo e um negativo com quatro liga\u00e7\u00f5es para baterias ou equipamento de corrente cont\u00ednua.<\/li>\n<li><a href=\"https:\/\/fvcomponentes.com\/pt\/produto\/barramento-lynx-distribuidor-m10-lyn060102010\/\" target=\"_blank\" rel=\"noopener\"><strong>Distribuidor Lynx<\/strong><\/a> - Um barramento positivo e um negativo com quatro liga\u00e7\u00f5es com fus\u00edveis para baterias ou equipamento de corrente cont\u00ednua, juntamente com monitoriza\u00e7\u00e3o de fus\u00edveis.<\/li>\n<li><a href=\"https:\/\/fvcomponentes.com\/pt\/produto\/victron-victron-lynx-smart-bms-1000-m10-lyn034170210\/\" target=\"_blank\" rel=\"noopener\"><strong>Lynx Smart BMS<\/strong><\/a> - Para utiliza\u00e7\u00e3o em conjunto com as baterias de l\u00edtio Victron Energy Smart. Cont\u00e9m um barramento positivo com um contactor acionado por um sistema de gest\u00e3o de bateria (BMS) e um barramento negativo com um shunt para monitoriza\u00e7\u00e3o da bateria. Possui comunica\u00e7\u00e3o Bluetooth para monitoriza\u00e7\u00e3o e configura\u00e7\u00e3o atrav\u00e9s da aplica\u00e7\u00e3o. <a href=\"https:\/\/www.victronenergy.com.es\/panel-systems-remote-monitoring\/victronconnect\" target=\"_blank\" rel=\"noopener\">VictronConnect<\/a> e comunica\u00e7\u00e3o VE.Can para monitoriza\u00e7\u00e3o com um dispositivo GX e o Portal VRM.<\/li>\n<\/ul>\n<h2>Ficha t\u00e9cnica Victron Lynx Smart BMS 1000 (M10) - LYN034170210<\/h2>\n<p><a href=\"https:\/\/fvcomponentes.com\/wp-content\/uploads\/2024\/01\/Datasheet-Lynx-Smart-BMS-ES.pdf\" target=\"_blank\" rel=\"noopener\">Ver ficha de dados Victron Lynx Smart BMS 1000 (M10) - LYN034170210<\/a><\/p>","protected":false},"excerpt":{"rendered":"<p><strong>Gama de tens\u00e3o da bateria:<\/strong> 9 - 58 VDC<br \/>\n<strong>Tens\u00e3o m\u00e1xima de entrada:<\/strong> 75 VDC<br \/>\n<strong>Tens\u00f5es do sistema aceites:<\/strong> 12, 24 ou 48 V<\/p>","protected":false},"featured_media":11657,"comment_status":"open","ping_status":"closed","template":"","meta":{"site-sidebar-layout":"default","site-content-layout":"default","ast-site-content-layout":"default","site-content-style":"default","site-sidebar-style":"default","ast-global-header-display":"","ast-banner-title-visibility":"","ast-main-header-display":"","ast-hfb-above-header-display":"","ast-hfb-below-header-display":"","ast-hfb-mobile-header-display":"","site-post-title":"","ast-breadcrumbs-content":"","ast-featured-img":"","footer-sml-layout":"","ast-disable-related-posts":"","theme-transparent-header-meta":"default","adv-header-id-meta":"","stick-header-meta":"","header-above-stick-meta":"","header-main-stick-meta":"","header-below-stick-meta":"","astra-migrate-meta-layouts":"set","ast-page-background-enabled":"default","ast-page-background-meta":{"desktop":{"background-color":"var(--ast-global-color-4)","background-image":"","background-repeat":"repeat","background-position":"center center","background-size":"auto","background-attachment":"scroll","background-type":"","background-media":"","overlay-type":"","overlay-color":"","overlay-opacity":"","overlay-gradient":""},"tablet":{"background-color":"","background-image":"","background-repeat":"repeat","background-position":"center center","background-size":"auto","background-attachment":"scroll","background-type":"","background-media":"","overlay-type":"","overlay-color":"","overlay-opacity":"","overlay-gradient":""},"mobile":{"background-color":"","background-image":"","background-repeat":"repeat","background-position":"center center","background-size":"auto","background-attachment":"scroll","background-type":"","background-media":"","overlay-type":"","overlay-color":"","overlay-opacity":"","overlay-gradient":""}},"ast-content-background-meta":{"desktop":{"background-color":"var(--ast-global-color-5)","background-image":"","background-repeat":"repeat","background-position":"center center","background-size":"auto","background-attachment":"scroll","background-type":"","background-media":"","overlay-type":"","overlay-color":"","overlay-opacity":"","overlay-gradient":""},"tablet":{"background-color":"var(--ast-global-color-5)","background-image":"","background-repeat":"repeat","background-position":"center center","background-size":"auto","background-attachment":"scroll","background-type":"","background-media":"","overlay-type":"","overlay-color":"","overlay-opacity":"","overlay-gradient":""},"mobile":{"background-color":"var(--ast-global-color-5)","background-image":"","background-repeat":"repeat","background-position":"center center","background-size":"auto","background-attachment":"scroll","background-type":"","background-media":"","overlay-type":"","overlay-color":"","overlay-opacity":"","overlay-gradient":""}}},"pwb-brand":[332],"product_brand":[],"product_cat":[435,391,340,933],"product_tag":[],"class_list":{"0":"post-11655","1":"product","2":"type-product","3":"status-publish","4":"has-post-thumbnail","6":"pwb-brand-victron","7":"product_cat-bms-sistemas-de-supervision-de-baterias","8":"product_cat-accesorios-para-baterias","9":"product_cat-baterias","10":"product_cat-monitores-de-baterias","11":"desktop-align-left","12":"tablet-align-left","13":"mobile-align-left","14":"ast-product-gallery-layout-horizontal-slider","15":"ast-product-tabs-layout-horizontal","17":"first","18":"instock","19":"taxable","20":"shipping-taxable","21":"purchasable","22":"product-type-simple"},"wcpa_form_fields":null,"brands":[{"id":332,"name":"Victron Energia","slug":"victron"}],"_links":{"self":[{"href":"https:\/\/fvcomponentes.com\/pt\/wp-json\/wp\/v2\/product\/11655","targetHints":{"allow":["GET"]}}],"collection":[{"href":"https:\/\/fvcomponentes.com\/pt\/wp-json\/wp\/v2\/product"}],"about":[{"href":"https:\/\/fvcomponentes.com\/pt\/wp-json\/wp\/v2\/types\/product"}],"replies":[{"embeddable":true,"href":"https:\/\/fvcomponentes.com\/pt\/wp-json\/wp\/v2\/comments?post=11655"}],"wp:featuredmedia":[{"embeddable":true,"href":"https:\/\/fvcomponentes.com\/pt\/wp-json\/wp\/v2\/media\/11657"}],"wp:attachment":[{"href":"https:\/\/fvcomponentes.com\/pt\/wp-json\/wp\/v2\/media?parent=11655"}],"wp:term":[{"taxonomy":"pwb-brand","embeddable":true,"href":"https:\/\/fvcomponentes.com\/pt\/wp-json\/wp\/v2\/pwb-brand?post=11655"},{"taxonomy":"product_brand","embeddable":true,"href":"https:\/\/fvcomponentes.com\/pt\/wp-json\/wp\/v2\/product_brand?post=11655"},{"taxonomy":"product_cat","embeddable":true,"href":"https:\/\/fvcomponentes.com\/pt\/wp-json\/wp\/v2\/product_cat?post=11655"},{"taxonomy":"product_tag","embeddable":true,"href":"https:\/\/fvcomponentes.com\/pt\/wp-json\/wp\/v2\/product_tag?post=11655"}],"curies":[{"name":"wp","href":"https:\/\/api.w.org\/{rel}","templated":true}]}}