{"id":11423,"date":"2024-01-22T18:20:47","date_gmt":"2024-01-22T17:20:47","guid":{"rendered":"https:\/\/fvcomponentes.com\/?post_type=product&#038;p=11423"},"modified":"2026-01-15T10:09:06","modified_gmt":"2026-01-15T09:09:06","slug":"victron-orion-xs-12-12-50a-ori121217050-victron-booster-converter","status":"publish","type":"product","link":"https:\/\/fvcomponentes.com\/pt\/producto\/convertidor-booster-victron-orion-xs-12-12-50a-ori121217050\/","title":{"rendered":"Conversor de refor\u00e7o Victron Orion XS 12\/12-50A- ORI121217050"},"content":{"rendered":"<h2>Conversor Victron Orion XS 12\/12-50A- ORI121217050<\/h2>\n<div>Concebido de raiz, o Victron Orion XS 12\/12-50A- ORI121217050 Victron Orion Converter revoluciona o carregamento CC-CC adaptativo. Para utiliza\u00e7\u00e3o em sistemas de bateria dupla carregados com um alternador (inteligente). Este dispositivo n\u00e3o s\u00f3 assegura um desempenho de primeira classe, como tamb\u00e9m garante a seguran\u00e7a do sistema.<\/div>\n<div>Mantenha o controlo com correntes de entrada e sa\u00edda configur\u00e1veis e tenha a certeza de que o Orion XS funcionar\u00e1 na sua capacidade m\u00e1xima at\u00e9 40 \u00b0C. A inovadora tecnologia de arrefecimento de PCB em alum\u00ednio proporciona uma espantosa efici\u00eancia de 98 % sem necessidade de ventoinhas.<\/div>\n<div>Como parte integrante do sistema Victron, o Orion XS oferece fun\u00e7\u00f5es completas (remotas) de monitoriza\u00e7\u00e3o e controlo, proporcionando um controlo total do dispositivo e do seu sistema:<\/div>\n<ul>\n<li>Totalmente configur\u00e1vel<\/li>\n<li>Dete\u00e7\u00e3o de paragem do motor<\/li>\n<li>Algoritmos de carregamento inteligentes<\/li>\n<li>Funciona com o VictronConnect<\/li>\n<li>Monitoriza\u00e7\u00e3o remota opcional<\/li>\n<\/ul>\n<h3>Conversor Victron Orion XS 12\/12-50A- ORI121217050: <span class=\"productDetails__block-title-content\">Processo de carregamento configur\u00e1vel<\/span><\/h3>\n<div class=\"productDetails__block-description\">\n<div>\n<p>Ajusta com precis\u00e3o a corrente de entrada e de sa\u00edda atrav\u00e9s de controlos simples. Isto ajuda a proteger os alternadores de sobrecargas e a carregar corretamente a bateria auxiliar, especialmente no caso dos alternadores inteligentes.<\/p>\n<\/div>\n<h3>Corrente de carga ajust\u00e1vel<\/h3>\n<p>A corrente de carga pode ser ajustada em incrementos m\u00ednimos de 0,1 A atrav\u00e9s do VictronConnect.<\/p>\n<div>\n<h3 class=\"productDetails__block-title\"><span class=\"productDetails__block-title-content\">Liga\u00e7\u00e3o em paralelo para aumentar a corrente de sa\u00edda<\/span><\/h3>\n<div class=\"productDetails__block-description\">\n<div>Pode ser ligado em paralelo um n\u00famero ilimitado de dispositivos Orion XS. \u00c9 muito f\u00e1cil dimensionar a corrente de sa\u00edda de acordo com os requisitos do seu sistema.<\/div>\n<div><\/div>\n<\/div>\n<div>\n<h3>Conversor Victron Orion XS 12\/12-50A- ORI121217040:\u00a0<span class=\"productDetails__block-title-content\">Compatibilidade com o alternador inteligente<\/span><\/h3>\n<div class=\"productDetails__block-description\">\n<div>Com a sua dete\u00e7\u00e3o de funcionamento do motor integrada, o Orion XS garante que o carregador s\u00f3 consome energia quando o motor est\u00e1 a funcionar. Tamb\u00e9m ajuda a obter uma corrente de carga adequada de alternadores inteligentes, como os dos motores Euro 5 e Euro 6.<\/div>\n<div><\/div>\n<\/div>\n<div>\n<h3 class=\"productDetails__block-title\"><span class=\"productDetails__block-title-content\">Algoritmo de carregamento adaptativo<\/span><\/h3>\n<div class=\"productDetails__block-description\">\n<div>O Orion XS inclui algoritmos de carregamento adapt\u00e1veis e oito modos de bateria pr\u00e9-configurados. Para baterias de chumbo-\u00e1cido, estas defini\u00e7\u00f5es asseguram tempos de absor\u00e7\u00e3o \u00f3ptimos tanto para descargas superficiais como profundas.<\/div>\n<\/div>\n<\/div>\n<div>\n<h3><\/h3>\n<h3 class=\"productDetails__block-title\"><span class=\"productDetails__block-title-content\">Prote\u00e7\u00e3o eletr\u00f3nica total<\/span><\/h3>\n<div class=\"productDetails__block-description\">\n<div>O Orion XS est\u00e1 equipado com uma vasta prote\u00e7\u00e3o eletr\u00f3nica contra sobrecargas, curto-circuitos e temperaturas excessivas. Reduz automaticamente a pot\u00eancia de sa\u00edda quando a temperatura m\u00e1xima do produto \u00e9 atingida.<\/div>\n<div><\/div>\n<\/div>\n<div>\n<h3 class=\"productDetails__block-title\"><span class=\"productDetails__block-title-content\">Desligamento por baixa temperatura e prote\u00e7\u00e3o contra subtens\u00e3o<\/span><\/h3>\n<div class=\"productDetails__block-description\">Para evitar danos nas baterias de l\u00edtio, o carregador desliga-se automaticamente a baixas temperaturas. Tamb\u00e9m se desliga quando a tens\u00e3o de entrada desce abaixo de um valor de bloqueio configur\u00e1vel pelo utilizador e reinicia quando a tens\u00e3o de entrada sobe acima do valor de rein\u00edcio, protegendo assim a fonte de entrada, ou seja, a bateria de arranque, de uma descarga profunda.<\/div>\n<div><\/div>\n<h3>Ligar\/desligar remotamente<\/h3>\n<p>O Orion XS pode ser ligado e desligado remotamente atrav\u00e9s do conetor de ligar\/desligar remoto ou da aplica\u00e7\u00e3o VictronConnect. As aplica\u00e7\u00f5es mais comuns envolvem normalmente uma liga\u00e7\u00e3o por cabo a um interrutor ou Sistema de Gest\u00e3o de Bateria (BMS).<\/p>\n<\/div>\n<\/div>\n<h2>Conversor Victron Orion XS 12\/12-50A- ORI121217050: Bluetooth Smart ativado<\/h2>\n<p>Bluetooth Smart integrado: A solu\u00e7\u00e3o sem fios para alterar defini\u00e7\u00f5es, monitorizar actividades e atualizar o software Orion XS com um smartphone, tablet ou outro dispositivo Apple ou Android. Com a aplica\u00e7\u00e3o<a href=\"https:\/\/www.victronenergy.com.es\/victronconnectapp\/victronconnect\" target=\"_blank\" rel=\"noopener\"> VictronConnect<\/a> podem ser definidos v\u00e1rios par\u00e2metros.<br \/>\nLeitura instant\u00e2nea: A aplica\u00e7\u00e3o VictronConnect pode apresentar os dados mais importantes, incluindo avisos e alarmes, na p\u00e1gina da lista de dispositivos sem necessidade de liga\u00e7\u00e3o ao produto.<\/p>\n<h3 style=\"font-style: normal;\"><img fetchpriority=\"high\" decoding=\"async\" class=\"alignnone size-full wp-image-11430\" style=\"font-size: 1.5em;\" src=\"https:\/\/fvcomponentes.com\/wp-content\/uploads\/2024\/01\/Esquema-Convertidor-Victron-Orion-XS-12-12-50A-ORI121217040.png\" alt=\"\" width=\"1154\" height=\"656\" title=\"\"><\/h3>\n<h3>Porta VE.Direct<\/h3>\n<p>Para uma liga\u00e7\u00e3o com fios a um dispositivo GX, como o <a href=\"https:\/\/fvcomponentes.com\/pt\/produto\/monitor-victron-cerbo-gx-mk2-bpp900451100-victron-cerbo-mk2\/\" target=\"_blank\" rel=\"noopener\">Monitoriza\u00e7\u00e3o Victron Cerbo GX MK2 - BPP900451100<\/a>\u00a0ou o Ekrano GX, para um PC ou outros dispositivos. Permite a monitoriza\u00e7\u00e3o, o controlo e o diagn\u00f3stico avan\u00e7ado a partir de qualquer lugar (requer um dispositivo GX ligado \u00e0 Internet e um portal VRM) ou localmente atrav\u00e9s da consola remota.<\/p>\n<div>\n<div>\n<div>\n<h3 class=\"productDetails__block-title\"><span class=\"productDetails__block-title-content\">Prote\u00e7\u00e3o contra poeira e \u00e1gua<\/span><\/h3>\n<div class=\"productDetails__block-description\">O Orion XS foi concebido para resistir \u00e0 contamina\u00e7\u00e3o por poeiras e \u00e1gua e tem uma classifica\u00e7\u00e3o IP65.<\/div>\n<\/div>\n<div><\/div>\n<h3>Ficha t\u00e9cnica Conversor Victron Orion XS 12\/12-50A- ORI121217050<\/h3>\n<p><a href=\"https:\/\/fvcomponentes.com\/wp-content\/uploads\/2024\/01\/Datasheet-Orion-XS-12-12-50A-DC-DC-battery-charger-ES.pdf\" target=\"_blank\" rel=\"noopener\">Ver ficha de dados do conversor Victron Orion XS 12\/12-50A-ORI121217050 <\/a><\/p>\n<\/div>\n<\/div>\n<\/div>\n<\/div>\n<\/div>","protected":false},"excerpt":{"rendered":"<ul>\n<li><span style=\"color: #99cc00;\"><strong>Equipamento Bluetooth<\/strong><\/span><\/li>\n<li><strong>Carregador conversor<\/strong><\/li>\n<li><strong>Corrente de carga nominal:<\/strong> 50 A<\/li>\n<li><strong>Tens\u00e3o de entrada:<\/strong> 9-17 V<\/li>\n<li><strong>Tens\u00e3o de sa\u00edda ajust\u00e1vel:<\/strong> 10-17 V<\/li>\n<li><strong>Classe de prote\u00e7\u00e3o:<\/strong>\u00a0 IP65<\/li>\n<\/ul>","protected":false},"featured_media":11425,"comment_status":"open","ping_status":"closed","template":"","meta":{"site-sidebar-layout":"default","site-content-layout":"","ast-site-content-layout":"default","site-content-style":"default","site-sidebar-style":"default","ast-global-header-display":"","ast-banner-title-visibility":"","ast-main-header-display":"","ast-hfb-above-header-display":"","ast-hfb-below-header-display":"","ast-hfb-mobile-header-display":"","site-post-title":"","ast-breadcrumbs-content":"","ast-featured-img":"","footer-sml-layout":"","ast-disable-related-posts":"","theme-transparent-header-meta":"default","adv-header-id-meta":"","stick-header-meta":"","header-above-stick-meta":"","header-main-stick-meta":"","header-below-stick-meta":"","astra-migrate-meta-layouts":"set","ast-page-background-enabled":"default","ast-page-background-meta":{"desktop":{"background-color":"var(--ast-global-color-4)","background-image":"","background-repeat":"repeat","background-position":"center center","background-size":"auto","background-attachment":"scroll","background-type":"","background-media":"","overlay-type":"","overlay-color":"","overlay-opacity":"","overlay-gradient":""},"tablet":{"background-color":"","background-image":"","background-repeat":"repeat","background-position":"center center","background-size":"auto","background-attachment":"scroll","background-type":"","background-media":"","overlay-type":"","overlay-color":"","overlay-opacity":"","overlay-gradient":""},"mobile":{"background-color":"","background-image":"","background-repeat":"repeat","background-position":"center center","background-size":"auto","background-attachment":"scroll","background-type":"","background-media":"","overlay-type":"","overlay-color":"","overlay-opacity":"","overlay-gradient":""}},"ast-content-background-meta":{"desktop":{"background-color":"var(--ast-global-color-5)","background-image":"","background-repeat":"repeat","background-position":"center center","background-size":"auto","background-attachment":"scroll","background-type":"","background-media":"","overlay-type":"","overlay-color":"","overlay-opacity":"","overlay-gradient":""},"tablet":{"background-color":"var(--ast-global-color-5)","background-image":"","background-repeat":"repeat","background-position":"center center","background-size":"auto","background-attachment":"scroll","background-type":"","background-media":"","overlay-type":"","overlay-color":"","overlay-opacity":"","overlay-gradient":""},"mobile":{"background-color":"var(--ast-global-color-5)","background-image":"","background-repeat":"repeat","background-position":"center center","background-size":"auto","background-attachment":"scroll","background-type":"","background-media":"","overlay-type":"","overlay-color":"","overlay-opacity":"","overlay-gradient":""}}},"pwb-brand":[332],"product_brand":[],"product_cat":[898,419,865],"product_tag":[],"class_list":{"0":"post-11423","1":"product","2":"type-product","3":"status-publish","4":"has-post-thumbnail","6":"pwb-brand-victron","7":"product_cat-12v-12v","8":"product_cat-cargadores-de-baterias","9":"product_cat-convertidores","10":"desktop-align-left","11":"tablet-align-left","12":"mobile-align-left","13":"ast-product-gallery-layout-horizontal-slider","14":"ast-product-tabs-layout-horizontal","16":"first","17":"instock","18":"featured","19":"taxable","20":"shipping-taxable","21":"purchasable","22":"product-type-simple"},"wcpa_form_fields":null,"brands":[{"id":332,"name":"Victron Energia","slug":"victron"}],"_links":{"self":[{"href":"https:\/\/fvcomponentes.com\/pt\/wp-json\/wp\/v2\/product\/11423","targetHints":{"allow":["GET"]}}],"collection":[{"href":"https:\/\/fvcomponentes.com\/pt\/wp-json\/wp\/v2\/product"}],"about":[{"href":"https:\/\/fvcomponentes.com\/pt\/wp-json\/wp\/v2\/types\/product"}],"replies":[{"embeddable":true,"href":"https:\/\/fvcomponentes.com\/pt\/wp-json\/wp\/v2\/comments?post=11423"}],"wp:featuredmedia":[{"embeddable":true,"href":"https:\/\/fvcomponentes.com\/pt\/wp-json\/wp\/v2\/media\/11425"}],"wp:attachment":[{"href":"https:\/\/fvcomponentes.com\/pt\/wp-json\/wp\/v2\/media?parent=11423"}],"wp:term":[{"taxonomy":"pwb-brand","embeddable":true,"href":"https:\/\/fvcomponentes.com\/pt\/wp-json\/wp\/v2\/pwb-brand?post=11423"},{"taxonomy":"product_brand","embeddable":true,"href":"https:\/\/fvcomponentes.com\/pt\/wp-json\/wp\/v2\/product_brand?post=11423"},{"taxonomy":"product_cat","embeddable":true,"href":"https:\/\/fvcomponentes.com\/pt\/wp-json\/wp\/v2\/product_cat?post=11423"},{"taxonomy":"product_tag","embeddable":true,"href":"https:\/\/fvcomponentes.com\/pt\/wp-json\/wp\/v2\/product_tag?post=11423"}],"curies":[{"name":"wp","href":"https:\/\/api.w.org\/{rel}","templated":true}]}}