{"id":10691,"date":"2023-11-27T17:04:01","date_gmt":"2023-11-27T16:04:01","guid":{"rendered":"https:\/\/fvcomponentes.com\/?post_type=product&#038;p=10691"},"modified":"2026-01-15T10:03:36","modified_gmt":"2026-01-15T09:03:36","slug":"suporte-de-fusiveis-suporte-de-fusiveis-de-6-vias-para-mega-fusivel-cip050060000","status":"publish","type":"product","link":"https:\/\/fvcomponentes.com\/pt\/producto\/portafusibles-fuse-holder-6-way-para-mega-fuse-cip050060000\/","title":{"rendered":"Porta-fus\u00edveis Victron Porta-fus\u00edveis de 6 vias para Mega Fus\u00edvel - CIP050060000"},"content":{"rendered":"<h2>Suporte de fus\u00edveis de 6 vias para Mega Fuse carater\u00edsticas<\/h2>\n<p>Este porta-fus\u00edveis de 6 vias para Mega Fuse - CIP050060000 foi concebido para um m\u00e1ximo de 6 MEGA fus\u00edveis de 40A a 300A, tais como o fus\u00edvel <a href=\"https:\/\/fvcomponentes.com\/pt\/produto\/mega-fuse-victron-125a-58v-cip137125010\/\" target=\"_blank\" rel=\"noopener\">Mega-fus\u00edvel Victron 125A\/58v - CIP137125010<\/a>. O porta-fus\u00edvel de 6 vias \u00e9 adequado para espessuras de cabo at\u00e9 70 mm\u00b2, inclusive, e uma corrente m\u00e1xima de 300 A. Se a pot\u00eancia dos fus\u00edveis for superior, recomendamos a escolha de um porta-fus\u00edveis com maior pot\u00eancia.<\/p>\n<h2>Tampa transparente<\/h2>\n<p>A tampa amov\u00edvel \u00e9 transparente, de modo que o estado do fus\u00edvel pode ser visto sem retirar a tampa.<\/p>\n<h2>Liga\u00e7\u00f5es M8<\/h2>\n<p>O terminal de liga\u00e7\u00e3o\/cabo para os cabos (e tamb\u00e9m para o fus\u00edvel MEGA) \u00e9 M8.<br \/>\nO porta-fus\u00edvel pode ser aparafusado a uma placa traseira ou anteparo com 4 parafusos (n\u00e3o inclu\u00eddos).<\/p>\n<h2>Dimens\u00f5es do porta-fus\u00edvel Porta-fus\u00edvel de 6 vias para Mega Fuse - CIP050060000<\/h2>\n<p><a href=\"https:\/\/fvcomponentes.com\/wp-content\/uploads\/2023\/11\/Fuse-holder-6-way-for-MEGA-fuse.pdf\" target=\"_blank\" rel=\"noopener\">Ver ficha de dimens\u00f5es do porta-fus\u00edvel de 6 vias para Mega Fuse <\/a><\/p>","protected":false},"excerpt":{"rendered":"<p><strong>Adequado para<\/strong> fus\u00edveis 6 MEGA<br \/>\n<strong>Dimens\u00f5es:<\/strong> 38x43x121mm<br \/>\n<strong>Extremidades roscadas:<\/strong> M8<\/p>","protected":false},"featured_media":10692,"comment_status":"open","ping_status":"closed","template":"","meta":{"site-sidebar-layout":"default","site-content-layout":"","ast-site-content-layout":"default","site-content-style":"default","site-sidebar-style":"default","ast-global-header-display":"","ast-banner-title-visibility":"","ast-main-header-display":"","ast-hfb-above-header-display":"","ast-hfb-below-header-display":"","ast-hfb-mobile-header-display":"","site-post-title":"","ast-breadcrumbs-content":"","ast-featured-img":"","footer-sml-layout":"","ast-disable-related-posts":"","theme-transparent-header-meta":"default","adv-header-id-meta":"","stick-header-meta":"","header-above-stick-meta":"","header-main-stick-meta":"","header-below-stick-meta":"","astra-migrate-meta-layouts":"set","ast-page-background-enabled":"default","ast-page-background-meta":{"desktop":{"background-color":"var(--ast-global-color-4)","background-image":"","background-repeat":"repeat","background-position":"center center","background-size":"auto","background-attachment":"scroll","background-type":"","background-media":"","overlay-type":"","overlay-color":"","overlay-opacity":"","overlay-gradient":""},"tablet":{"background-color":"","background-image":"","background-repeat":"repeat","background-position":"center center","background-size":"auto","background-attachment":"scroll","background-type":"","background-media":"","overlay-type":"","overlay-color":"","overlay-opacity":"","overlay-gradient":""},"mobile":{"background-color":"","background-image":"","background-repeat":"repeat","background-position":"center center","background-size":"auto","background-attachment":"scroll","background-type":"","background-media":"","overlay-type":"","overlay-color":"","overlay-opacity":"","overlay-gradient":""}},"ast-content-background-meta":{"desktop":{"background-color":"var(--ast-global-color-5)","background-image":"","background-repeat":"repeat","background-position":"center center","background-size":"auto","background-attachment":"scroll","background-type":"","background-media":"","overlay-type":"","overlay-color":"","overlay-opacity":"","overlay-gradient":""},"tablet":{"background-color":"var(--ast-global-color-5)","background-image":"","background-repeat":"repeat","background-position":"center center","background-size":"auto","background-attachment":"scroll","background-type":"","background-media":"","overlay-type":"","overlay-color":"","overlay-opacity":"","overlay-gradient":""},"mobile":{"background-color":"var(--ast-global-color-5)","background-image":"","background-repeat":"repeat","background-position":"center center","background-size":"auto","background-attachment":"scroll","background-type":"","background-media":"","overlay-type":"","overlay-color":"","overlay-opacity":"","overlay-gradient":""}}},"pwb-brand":[332],"product_brand":[],"product_cat":[410,991,988],"product_tag":[],"class_list":{"0":"post-10691","1":"product","2":"type-product","3":"status-publish","4":"has-post-thumbnail","6":"pwb-brand-victron","7":"product_cat-material-electrico","8":"product_cat-busbar","9":"product_cat-portafusibles","10":"desktop-align-left","11":"tablet-align-left","12":"mobile-align-left","13":"ast-product-gallery-layout-horizontal-slider","14":"ast-product-gallery-with-no-image","15":"ast-product-tabs-layout-horizontal","17":"first","18":"instock","19":"taxable","20":"shipping-taxable","21":"purchasable","22":"product-type-simple"},"wcpa_form_fields":null,"brands":[{"id":332,"name":"Victron Energia","slug":"victron"}],"_links":{"self":[{"href":"https:\/\/fvcomponentes.com\/pt\/wp-json\/wp\/v2\/product\/10691","targetHints":{"allow":["GET"]}}],"collection":[{"href":"https:\/\/fvcomponentes.com\/pt\/wp-json\/wp\/v2\/product"}],"about":[{"href":"https:\/\/fvcomponentes.com\/pt\/wp-json\/wp\/v2\/types\/product"}],"replies":[{"embeddable":true,"href":"https:\/\/fvcomponentes.com\/pt\/wp-json\/wp\/v2\/comments?post=10691"}],"wp:featuredmedia":[{"embeddable":true,"href":"https:\/\/fvcomponentes.com\/pt\/wp-json\/wp\/v2\/media\/10692"}],"wp:attachment":[{"href":"https:\/\/fvcomponentes.com\/pt\/wp-json\/wp\/v2\/media?parent=10691"}],"wp:term":[{"taxonomy":"pwb-brand","embeddable":true,"href":"https:\/\/fvcomponentes.com\/pt\/wp-json\/wp\/v2\/pwb-brand?post=10691"},{"taxonomy":"product_brand","embeddable":true,"href":"https:\/\/fvcomponentes.com\/pt\/wp-json\/wp\/v2\/product_brand?post=10691"},{"taxonomy":"product_cat","embeddable":true,"href":"https:\/\/fvcomponentes.com\/pt\/wp-json\/wp\/v2\/product_cat?post=10691"},{"taxonomy":"product_tag","embeddable":true,"href":"https:\/\/fvcomponentes.com\/pt\/wp-json\/wp\/v2\/product_tag?post=10691"}],"curies":[{"name":"wp","href":"https:\/\/api.w.org\/{rel}","templated":true}]}}