{"id":10010,"date":"2023-10-24T10:13:24","date_gmt":"2023-10-24T08:13:24","guid":{"rendered":"https:\/\/fvcomponentes.com\/?post_type=product&#038;p=10010"},"modified":"2026-04-04T12:52:16","modified_gmt":"2026-04-04T10:52:16","slug":"inversor-carregador-hibrido-victron-multi-rs-solar-pmr482602020-pmr482602020","status":"publish","type":"product","link":"https:\/\/fvcomponentes.com\/pt\/producto\/inversor-hibrido-cargador-victron-multi-rs-solar-pmr482602020\/","title":{"rendered":"Carregador de inversor Victron Multi RS Solar 48\/6000 - 450\/100 - PMR482602020"},"content":{"rendered":"<h2>Inversor\/carregador h\u00edbrido solar Victron Multi RS Solar Victron Multi RS Solar - PMR482602020<\/h2>\n<p>O Inversor\/Carregador H\u00edbrido Solar Multi RS da Victron - PMR482602020 \u00e9 um inversor\/carregador de 48V, 6kVA com duas entradas independentes de seguimento MPPT de 3kWp e 450V para um total de 6kWp de pot\u00eancia fotovoltaica.<\/p>\n<p>Gra\u00e7as \u00e0 tecnologia de alta frequ\u00eancia e a um novo design, este potente inversor pesa apenas 11 kg. Al\u00e9m disso, tem uma excelente efici\u00eancia, um baixo consumo em modo de espera e funciona de forma muito silenciosa.<\/p>\n<p>O ecr\u00e3 apresenta os par\u00e2metros da bateria, do inversor e da energia solar. Os mesmos par\u00e2metros podem ser acedidos atrav\u00e9s de um smartphone ou outro dispositivo com Bluetooth, utilizando a aplica\u00e7\u00e3o. <a href=\"https:\/\/www.victronenergy.com.es\/panel-systems-remote-monitoring\/victronconnect\" target=\"_blank\" rel=\"noopener\">VictronConnect.<\/a><\/p>\n<h2>Modos de funcionamento do inversor\/carregador h\u00edbrido solar Victron Multi RS - PMR482602020<\/h2>\n<p><strong>Modo h\u00edbrido:<\/strong> Armazena o excesso de energia solar numa bateria para utiliza\u00e7\u00e3o durante a noite ou durante per\u00edodos de elevada procura. Fornece energia adicional a partir da bateria quando a procura excede a capacidade da rede.<br \/>\n<strong>Modo de c\u00f3pia de seguran\u00e7a:<\/strong> Passa para o modo de reserva durante uma falha de energia el\u00e9ctrica.<br \/>\n<strong>Modo fora da rede:<\/strong> Funciona fora da rede.<br \/>\n<strong>Modo gerador:<\/strong> Controla o gerador para minimizar as horas de funcionamento. Fornece energia adicional a partir da bateria quando a procura excede a capacidade do gerador.<\/p>\n<h2>PowerControl e PowerAssist: Aumentar a capacidade da rede ou de um gerador<\/h2>\n<p>Pode ser definida uma corrente m\u00e1xima para a rede ou para o gerador.<br \/>\nO Multi RS ter\u00e1 em conta outras cargas CA e utilizar\u00e1 qualquer excesso para carregar a bateria, evitando assim sobrecarregar o gerador ou a rede (fun\u00e7\u00e3o PowerControl). O PowerAssist leva o princ\u00edpio do PowerControl a um n\u00edvel mais elevado. Quando \u00e9 necess\u00e1ria a pot\u00eancia m\u00e1xima durante um per\u00edodo limitado, o Multi RS compensa a falta de energia do gerador ou da rede com energia da bateria. Quando a carga diminui, a energia excedente \u00e9 utilizada para recarregar a bateria.<\/p>\n<h2>Ecr\u00e3, Bluetooth e a aplica\u00e7\u00e3o VictronConnect<\/h2>\n<p>O ecr\u00e3 apresenta os par\u00e2metros da bateria, do inversor e da energia solar. Os mesmos par\u00e2metros podem ser acedidos atrav\u00e9s de um smartphone ou outro dispositivo com Bluetooth utilizando a aplica\u00e7\u00e3o VictronConnect.<\/p>\n<h2>Capacidade fotovoltaica extens\u00edvel, tanto acoplada a CA como a CC<\/h2>\n<p>A capacidade fotovoltaica integrada de 6 kWp pode ser expandida atrav\u00e9s da adi\u00e7\u00e3o de carregadores solares ao sistema. Em alternativa, a capacidade fotovoltaica pode ser expandida atrav\u00e9s da instala\u00e7\u00e3o de inversores fotovoltaicos, cuja pot\u00eancia de sa\u00edda ser\u00e1 automaticamente controlada pelo controlo de pot\u00eancia com mudan\u00e7a de frequ\u00eancia integrado.<\/p>\n<h2>Inversor\/carregador h\u00edbrido Victron Portas de comunica\u00e7\u00e3o Victron Multi RS Solar - PMR482602020<\/h2>\n<p>VE.Liga\u00e7\u00e3o direta a um dispositivo GX para monitoriza\u00e7\u00e3o do sistema, registo de dados e actualiza\u00e7\u00f5es remotas de firmware. VE.Liga\u00e7\u00e3o direta a um GlobalLink 520 para monitoriza\u00e7\u00e3o remota de dados.<\/p>\n<h2>Liga\u00e7\u00f5es de entrada\/sa\u00edda<\/h2>\n<p>Liga\u00e7\u00f5es program\u00e1veis para rel\u00e9s, sensores de temperatura e sensores de tens\u00e3o.<\/p>\n<p><img fetchpriority=\"high\" decoding=\"async\" class=\"wp-image-10012\" src=\"https:\/\/fvcomponentes.com\/wp-content\/uploads\/2023\/10\/Captura-de-pantalla-2023-10-24-095827.png\" alt=\"Inversor\/carregador h\u00edbrido solar Victron Multi RS Solar Victron Multi RS Solar - PMR482602020\" width=\"900\" height=\"687\" title=\"\"><\/p>\n<h2>Victron Multi RS Solar Hybrid Inverter\/Charger Datasheet - PMR482602020<\/h2>\n<p><a href=\"https:\/\/fvcomponentes.com\/wp-content\/uploads\/2023\/10\/Datasheet-Multi-RS-Solar-Dual-Tracker-EN-1.pdf\" target=\"_blank\" rel=\"noopener\">Ver ficha t\u00e9cnica do Inversor\/Carregador H\u00edbrido Solar Victron Multi RS - PMR482602020<\/a><\/p>","protected":false},"excerpt":{"rendered":"<p><span style=\"color: #ff0000;\"><strong>Novo! Tamb\u00e9m funciona ligado \u00e0 rede el\u00e9ctrica SEM PILHAS. Adicione baterias quando precisar delas. O primeiro inversor h\u00edbrido ligado \u00e0 rede da Victron que n\u00e3o necessita de baterias para funcionar.<\/strong><\/span><\/p>\n<p><strong>Tens\u00e3o de entrada:<\/strong> 38\/62 V<br \/>\n<strong>Pot\u00eancia a 25\u00ba:<\/strong> De 4800W a 46VDC a 5300W a 52VDC<br \/>\n<strong>Pot\u00eancia a 40\u00ba: <\/strong>4500W<br \/>\n<strong>Pot\u00eancia a 65\u00ba: <\/strong>3000W<br \/>\n<strong>Pot\u00eancia m\u00e1xima PV:<\/strong> 6kW no total, 3kW por rastreador<br \/>\n<strong>Corrente m\u00e1xima de carga CA: <\/strong>88A<\/p>","protected":false},"featured_media":9827,"comment_status":"closed","ping_status":"closed","template":"","meta":{"site-sidebar-layout":"default","site-content-layout":"","ast-site-content-layout":"default","site-content-style":"default","site-sidebar-style":"default","ast-global-header-display":"","ast-banner-title-visibility":"","ast-main-header-display":"","ast-hfb-above-header-display":"","ast-hfb-below-header-display":"","ast-hfb-mobile-header-display":"","site-post-title":"","ast-breadcrumbs-content":"","ast-featured-img":"","footer-sml-layout":"","ast-disable-related-posts":"","theme-transparent-header-meta":"default","adv-header-id-meta":"","stick-header-meta":"","header-above-stick-meta":"","header-main-stick-meta":"","header-below-stick-meta":"","astra-migrate-meta-layouts":"set","ast-page-background-enabled":"default","ast-page-background-meta":{"desktop":{"background-color":"var(--ast-global-color-4)","background-image":"","background-repeat":"repeat","background-position":"center center","background-size":"auto","background-attachment":"scroll","background-type":"","background-media":"","overlay-type":"","overlay-color":"","overlay-opacity":"","overlay-gradient":""},"tablet":{"background-color":"","background-image":"","background-repeat":"repeat","background-position":"center center","background-size":"auto","background-attachment":"scroll","background-type":"","background-media":"","overlay-type":"","overlay-color":"","overlay-opacity":"","overlay-gradient":""},"mobile":{"background-color":"","background-image":"","background-repeat":"repeat","background-position":"center center","background-size":"auto","background-attachment":"scroll","background-type":"","background-media":"","overlay-type":"","overlay-color":"","overlay-opacity":"","overlay-gradient":""}},"ast-content-background-meta":{"desktop":{"background-color":"var(--ast-global-color-5)","background-image":"","background-repeat":"repeat","background-position":"center center","background-size":"auto","background-attachment":"scroll","background-type":"","background-media":"","overlay-type":"","overlay-color":"","overlay-opacity":"","overlay-gradient":""},"tablet":{"background-color":"var(--ast-global-color-5)","background-image":"","background-repeat":"repeat","background-position":"center center","background-size":"auto","background-attachment":"scroll","background-type":"","background-media":"","overlay-type":"","overlay-color":"","overlay-opacity":"","overlay-gradient":""},"mobile":{"background-color":"var(--ast-global-color-5)","background-image":"","background-repeat":"repeat","background-position":"center center","background-size":"auto","background-attachment":"scroll","background-type":"","background-media":"","overlay-type":"","overlay-color":"","overlay-opacity":"","overlay-gradient":""}}},"pwb-brand":[332],"product_brand":[],"product_cat":[333,334,359,924],"product_tag":[],"class_list":{"0":"post-10010","1":"product","2":"type-product","3":"status-publish","4":"has-post-thumbnail","6":"pwb-brand-victron","7":"product_cat-inversores","8":"product_cat-inversores-cargadores-48v","9":"product_cat-inversores-autoconsumo-hibridos","10":"product_cat-inversores-autoconsumo-hibridos-monofasicos","11":"desktop-align-left","12":"tablet-align-left","13":"mobile-align-left","14":"ast-product-gallery-layout-horizontal-slider","15":"ast-product-tabs-layout-horizontal","17":"first","18":"instock","19":"taxable","20":"shipping-taxable","21":"purchasable","22":"product-type-simple"},"wcpa_form_fields":null,"brands":[{"id":332,"name":"Victron Energia","slug":"victron"}],"_links":{"self":[{"href":"https:\/\/fvcomponentes.com\/pt\/wp-json\/wp\/v2\/product\/10010","targetHints":{"allow":["GET"]}}],"collection":[{"href":"https:\/\/fvcomponentes.com\/pt\/wp-json\/wp\/v2\/product"}],"about":[{"href":"https:\/\/fvcomponentes.com\/pt\/wp-json\/wp\/v2\/types\/product"}],"replies":[{"embeddable":true,"href":"https:\/\/fvcomponentes.com\/pt\/wp-json\/wp\/v2\/comments?post=10010"}],"wp:featuredmedia":[{"embeddable":true,"href":"https:\/\/fvcomponentes.com\/pt\/wp-json\/wp\/v2\/media\/9827"}],"wp:attachment":[{"href":"https:\/\/fvcomponentes.com\/pt\/wp-json\/wp\/v2\/media?parent=10010"}],"wp:term":[{"taxonomy":"pwb-brand","embeddable":true,"href":"https:\/\/fvcomponentes.com\/pt\/wp-json\/wp\/v2\/pwb-brand?post=10010"},{"taxonomy":"product_brand","embeddable":true,"href":"https:\/\/fvcomponentes.com\/pt\/wp-json\/wp\/v2\/product_brand?post=10010"},{"taxonomy":"product_cat","embeddable":true,"href":"https:\/\/fvcomponentes.com\/pt\/wp-json\/wp\/v2\/product_cat?post=10010"},{"taxonomy":"product_tag","embeddable":true,"href":"https:\/\/fvcomponentes.com\/pt\/wp-json\/wp\/v2\/product_tag?post=10010"}],"curies":[{"name":"wp","href":"https:\/\/api.w.org\/{rel}","templated":true}]}}