{"id":4710,"date":"2022-12-13T14:16:04","date_gmt":"2022-12-13T13:16:04","guid":{"rendered":"https:\/\/fvcomponentes.com\/?page_id=4710"},"modified":"2025-09-23T09:55:44","modified_gmt":"2025-09-23T07:55:44","slug":"politica-de-cookies","status":"publish","type":"page","link":"https:\/\/fvcomponentes.com\/pt\/politica-de-cookies\/","title":{"rendered":"Pol\u00edtica de cookies"},"content":{"rendered":"<div data-elementor-type=\"wp-page\" data-elementor-id=\"4710\" class=\"elementor elementor-4710\" data-elementor-post-type=\"page\">\n\t\t\t\t\t\t<section class=\"elementor-section elementor-top-section elementor-element elementor-element-78a8faf elementor-section-boxed elementor-section-height-default elementor-section-height-default\" data-id=\"78a8faf\" data-element_type=\"section\" data-e-type=\"section\">\n\t\t\t\t\t\t<div class=\"elementor-container elementor-column-gap-default\">\n\t\t\t\t\t<div class=\"elementor-column elementor-col-100 elementor-top-column elementor-element elementor-element-7c306c7\" data-id=\"7c306c7\" data-element_type=\"column\" data-e-type=\"column\">\n\t\t\t<div class=\"elementor-widget-wrap elementor-element-populated\">\n\t\t\t\t\t\t<div class=\"elementor-element elementor-element-8959884 elementor-widget elementor-widget-heading\" data-id=\"8959884\" data-element_type=\"widget\" data-e-type=\"widget\" data-widget_type=\"heading.default\">\n\t\t\t\t<div class=\"elementor-widget-container\">\n\t\t\t\t\t<h2 class=\"elementor-heading-title elementor-size-default\">Pol\u00edtica de cookies<\/h2>\t\t\t\t<\/div>\n\t\t\t\t<\/div>\n\t\t\t\t<div class=\"elementor-element elementor-element-c33ab08 elementor-widget elementor-widget-text-editor\" data-id=\"c33ab08\" data-element_type=\"widget\" data-e-type=\"widget\" data-widget_type=\"text-editor.default\">\n\t\t\t\t<div class=\"elementor-widget-container\">\n\t\t\t\t\t\t\t\t\t<h2 class=\"h3 titulo-subrayado\">O que \u00e9 uma bolacha?<\/h2><p class=\"texto-n\">Um cookie \u00e9 um ficheiro que \u00e9 descarregado para o seu computador quando acede a determinados s\u00edtios Web. Os cookies permitem a um s\u00edtio Web, entre outras coisas, armazenar e recuperar informa\u00e7\u00f5es sobre os h\u00e1bitos de navega\u00e7\u00e3o de um utilizador ou do seu computador e, dependendo das informa\u00e7\u00f5es que cont\u00eam e da forma como utiliza o seu computador, podem ser utilizados para reconhecer o utilizador.<\/p><h2 class=\"titulo-subrayado m-t-3 url-break h3\">Que tipos de cookies utiliza a fvcomponentes.com?<\/h2><p class=\"texto-n\">Dependendo do per\u00edodo de tempo em que os cookies permanecem activos, podem ser:<\/p><ul class=\"text-only-content lista-n\"><li class=\"texto-n\"><strong>Cookies de sess\u00e3o<\/strong>cookies: concebidos para recolher e armazenar dados enquanto o utilizador acede a um s\u00edtio Web. S\u00e3o normalmente utilizados para armazenar informa\u00e7\u00f5es que s\u00f3 s\u00e3o relevantes para a presta\u00e7\u00e3o do servi\u00e7o solicitado pelo utilizador numa \u00fanica ocasi\u00e3o (por exemplo, uma lista de produtos comprados).<\/li><li class=\"texto-n\"><strong>Cookies persistentes<\/strong>Cookies: Trata-se de um tipo de cookie em que os dados permanecem armazenados no terminal e podem ser acedidos e processados durante um per\u00edodo de tempo definido. T\u00eam uma data de elimina\u00e7\u00e3o. S\u00e3o utilizados, por exemplo, no processo de compra ou de registo para evitar ter de introduzir constantemente os nossos dados.<\/li><\/ul><p class=\"texto-n\">Dependendo da entidade que gere o equipamento ou dom\u00ednio a partir do qual os cookies s\u00e3o enviados e processa os dados obtidos, podemos distinguir:<\/p><ul class=\"text-only-content lista-n\"><li class=\"texto-n\"><strong>Bolachas pr\u00f3prias:<\/strong>\u00a0Trata-se de cookies que s\u00e3o enviados para o dispositivo do utilizador e que s\u00e3o geridos exclusivamente por n\u00f3s para o melhor funcionamento do s\u00edtio.<\/li><li class=\"texto-n\"><strong>Cookies de terceiros:<\/strong>\u00a0S\u00e3o aqueles que s\u00e3o enviados para o dispositivo do utilizador a partir de um computador ou dom\u00ednio que n\u00e3o \u00e9 gerido por n\u00f3s, mas por outra entidade, que ir\u00e1 processar os dados obtidos.<\/li><\/ul><p class=\"texto-n\">Quando navega em fvcomponentes.com, os seguintes cookies podem ser instalados no seu dispositivo:<\/p><ul class=\"text-only-content lista-n\"><li class=\"texto-n\"><strong>Cookies de registo<\/strong>Quando o utilizador entra no nosso site e faz o login, \u00e9 instalado um cookie tempor\u00e1rio para que possa navegar na sua \u00e1rea de utilizador sem ter de introduzir os seus dados continuamente. Este cookie desaparecer\u00e1 quando o utilizador terminar a sess\u00e3o.<\/li><li class=\"texto-n\"><strong>Cookies anal\u00edticos<\/strong>S\u00e3o utilizados para estudar o comportamento dos utilizadores, de forma an\u00f3nima, quando navegam no nosso s\u00edtio Web. Desta forma, podemos saber quais os conte\u00fados mais vistos, o n\u00famero de visitantes, etc. Estas informa\u00e7\u00f5es s\u00e3o utilizadas para melhorar a experi\u00eancia de navega\u00e7\u00e3o e otimizar os nossos servi\u00e7os. Podem ser os nossos pr\u00f3prios cookies, mas tamb\u00e9m cookies de terceiros. Estes \u00faltimos incluem os cookies do Google Analytics e do Iadvice.<\/li><li class=\"texto-n\"><strong>Cookies de publicidade de terceiros<\/strong>O objetivo \u00e9 otimizar a exposi\u00e7\u00e3o dos an\u00fancios. Para gerir estes servi\u00e7os, utilizamos a plataforma Doubleclick da Google, que armazena informa\u00e7\u00f5es sobre os an\u00fancios que foram apresentados a um utilizador, os que lhe interessam e se visita o s\u00edtio Web do anunciante.<\/li><li class=\"texto-n\"><strong>Cookies de personaliza\u00e7\u00e3o de terceiros<\/strong>O objetivo \u00e9 personalizar o conte\u00fado da Web e fazer recomenda\u00e7\u00f5es com base nos interesses do utilizador. Para tal, podemos utilizar cookies de terceiros e a plataforma de personaliza\u00e7\u00e3o fornecida pelos nossos parceiros operadores de telecomunica\u00e7\u00f5es, que ter\u00e3o acesso ao endere\u00e7o IP a partir do qual navega e que, se for cliente desse operador, nos ajudar\u00e3o a personalizar as recomenda\u00e7\u00f5es sobre produtos do seu interesse. Al\u00e9m disso, armazenar\u00e3o informa\u00e7\u00f5es sobre os produtos que foram mostrados e os que interessam a cada utilizador, a fim de melhorar constantemente as recomenda\u00e7\u00f5es.<\/li><\/ul><h2 class=\"titulo-subrayado m-t-3 h3\">Configura\u00e7\u00e3o, consulta e desativa\u00e7\u00e3o de cookies<\/h2><p class=\"texto-n\">O utilizador pode permitir, bloquear ou eliminar os cookies instalados no seu computador, configurando as op\u00e7\u00f5es do navegador instalado no seu computador:<\/p><ul class=\"text-only-content lista-n\"><li class=\"texto-n\"><strong>Cromado<\/strong>de\u00a0<a class=\"url-break\" href=\"http:\/\/support.google.com\/chrome\/bin\/answer.py?hl=es&amp;answer=95647\" target=\"_blank\" rel=\"noopener\">http:\/\/support.google.com\/chrome\/bin\/answer.py?hl=es&amp;answer=95647<\/a><\/li><li class=\"texto-n\"><strong>Safari<\/strong>de\u00a0<a class=\"url-break\" href=\"http:\/\/support.apple.com\/kb\/ph5042\" target=\"_blank\" rel=\"noopener\">http:\/\/support.apple.com\/kb\/ph5042<\/a><\/li><li class=\"texto-n\"><strong>Explorador<\/strong>de\u00a0<a class=\"url-break\" href=\"http:\/\/windows.microsoft.com\/es-es\/windows7\/how-to-manage-cookies-in-internet-explorer-9\" target=\"_blank\" rel=\"noopener\">http:\/\/windows.microsoft.com\/es-es\/windows7\/how-to-manage-cookies-in-internet-explorer-9<\/a><\/li><li class=\"texto-n\"><strong>Firefox<\/strong>de\u00a0<a class=\"url-break\" href=\"http:\/\/support.mozilla.org\/es\/kb\/habilitar-y-deshabilitar-cookies-que-los-sitios-we\" target=\"_blank\" rel=\"noopener\">http:\/\/support.mozilla.org\/es\/kb\/habilitar-y-deshabilitar-cookies-que-los-sitios-we<\/a><\/li><\/ul><p class=\"texto-n\">Tudo o que est\u00e1 relacionado com os cookies da Google, tanto anal\u00edticos como publicit\u00e1rios, bem como a sua gest\u00e3o e configura\u00e7\u00e3o, pode ser consultado em<\/p><ul class=\"text-only-content lista-n\"><li class=\"texto-n\"><a class=\"url-break\" href=\"http:\/\/www.google.es\/intl\/es\/policies\/technologies\/types\/\" target=\"_blank\" rel=\"noopener\">http:\/\/www.google.es\/intl\/es\/policies\/technologies\/types\/<\/a><\/li><li class=\"texto-n\"><a class=\"url-break\" href=\"http:\/\/www.google.es\/policies\/technologies\/ads\/\" target=\"_blank\" rel=\"noopener\">http:\/\/www.google.es\/policies\/technologies\/ads\/<\/a><\/li><li class=\"texto-n\"><a class=\"url-break\" href=\"https:\/\/developers.google.com\/analytics\/devguides\/collection\/analyticsjs\/cookie-usage\" target=\"_blank\" rel=\"noopener\">https:\/\/developers.google.com\/analytics\/devguides\/collection\/analyticsjs\/cookie-usage<\/a><\/li><\/ul><p class=\"texto-n\">No que respeita aos cookies instalados por\u00a0<strong>Aconselhamento<\/strong>\u00a0Encontra-o em\u00a0<a class=\"url-break\" href=\"http:\/\/www.iadvize.com\/es\/aviso_legal_iadvize.html\" target=\"_blank\" rel=\"noopener\">http:\/\/www.iadvize.com\/es\/aviso_legal_iadvize.html<\/a><\/p><p class=\"texto-n\">Se optar por desativar os Cookies, n\u00e3o poderemos oferecer-lhe alguns dos nossos servi\u00e7os como, por exemplo, manter a sess\u00e3o iniciada ou manter as compras no seu carrinho de compras.<\/p><h2 class=\"titulo-subrayado m-t-3 h3\">Atualiza\u00e7\u00e3o de cookies<\/h2><p class=\"texto-n\">Os biscoitos de <strong><a href=\"https:\/\/fvcomponentes.com\/pt\/\" target=\"_parent\">fvcomponentes.com<\/a><\/strong>\u00a0pode ser actualizada e aconselhamos a que reveja a nossa pol\u00edtica periodicamente.<\/p>\t\t\t\t\t\t\t\t<\/div>\n\t\t\t\t<\/div>\n\t\t\t\t\t<\/div>\n\t\t<\/div>\n\t\t\t\t\t<\/div>\n\t\t<\/section>\n\t\t\t\t<\/div>","protected":false},"excerpt":{"rendered":"<p>Pol\u00edtica de cookies \u00bfQu\u00e9 es una cookie? Una cookie es un fichero que se descarga en su ordenador al acceder a determinadas p\u00e1ginas web. Las cookies permiten a una p\u00e1gina web, entre otras cosas, almacenar y recuperar informaci\u00f3n sobre los h\u00e1bitos de navegaci\u00f3n de un usuario o de su equipo y, dependiendo de la informaci\u00f3n [&hellip;]<\/p>\n","protected":false},"author":1,"featured_media":0,"parent":0,"menu_order":0,"comment_status":"closed","ping_status":"closed","template":"","meta":{"site-sidebar-layout":"no-sidebar","site-content-layout":"page-builder","ast-site-content-layout":"full-width-container","site-content-style":"unboxed","site-sidebar-style":"unboxed","ast-global-header-display":"","ast-banner-title-visibility":"","ast-main-header-display":"","ast-hfb-above-header-display":"","ast-hfb-below-header-display":"","ast-hfb-mobile-header-display":"","site-post-title":"disabled","ast-breadcrumbs-content":"","ast-featured-img":"disabled","footer-sml-layout":"","ast-disable-related-posts":"","theme-transparent-header-meta":"","adv-header-id-meta":"","stick-header-meta":"","header-above-stick-meta":"","header-main-stick-meta":"","header-below-stick-meta":"","astra-migrate-meta-layouts":"set","ast-page-background-enabled":"default","ast-page-background-meta":{"desktop":{"background-color":"var(--ast-global-color-4)","background-image":"","background-repeat":"repeat","background-position":"center center","background-size":"auto","background-attachment":"scroll","background-type":"","background-media":"","overlay-type":"","overlay-color":"","overlay-opacity":"","overlay-gradient":""},"tablet":{"background-color":"","background-image":"","background-repeat":"repeat","background-position":"center center","background-size":"auto","background-attachment":"scroll","background-type":"","background-media":"","overlay-type":"","overlay-color":"","overlay-opacity":"","overlay-gradient":""},"mobile":{"background-color":"","background-image":"","background-repeat":"repeat","background-position":"center center","background-size":"auto","background-attachment":"scroll","background-type":"","background-media":"","overlay-type":"","overlay-color":"","overlay-opacity":"","overlay-gradient":""}},"ast-content-background-meta":{"desktop":{"background-color":"var(--ast-global-color-5)","background-image":"","background-repeat":"repeat","background-position":"center center","background-size":"auto","background-attachment":"scroll","background-type":"","background-media":"","overlay-type":"","overlay-color":"","overlay-opacity":"","overlay-gradient":""},"tablet":{"background-color":"var(--ast-global-color-5)","background-image":"","background-repeat":"repeat","background-position":"center center","background-size":"auto","background-attachment":"scroll","background-type":"","background-media":"","overlay-type":"","overlay-color":"","overlay-opacity":"","overlay-gradient":""},"mobile":{"background-color":"var(--ast-global-color-5)","background-image":"","background-repeat":"repeat","background-position":"center center","background-size":"auto","background-attachment":"scroll","background-type":"","background-media":"","overlay-type":"","overlay-color":"","overlay-opacity":"","overlay-gradient":""}},"footnotes":""},"class_list":["post-4710","page","type-page","status-publish","hentry"],"_links":{"self":[{"href":"https:\/\/fvcomponentes.com\/pt\/wp-json\/wp\/v2\/pages\/4710","targetHints":{"allow":["GET"]}}],"collection":[{"href":"https:\/\/fvcomponentes.com\/pt\/wp-json\/wp\/v2\/pages"}],"about":[{"href":"https:\/\/fvcomponentes.com\/pt\/wp-json\/wp\/v2\/types\/page"}],"author":[{"embeddable":true,"href":"https:\/\/fvcomponentes.com\/pt\/wp-json\/wp\/v2\/users\/1"}],"replies":[{"embeddable":true,"href":"https:\/\/fvcomponentes.com\/pt\/wp-json\/wp\/v2\/comments?post=4710"}],"version-history":[{"count":3,"href":"https:\/\/fvcomponentes.com\/pt\/wp-json\/wp\/v2\/pages\/4710\/revisions"}],"predecessor-version":[{"id":30712,"href":"https:\/\/fvcomponentes.com\/pt\/wp-json\/wp\/v2\/pages\/4710\/revisions\/30712"}],"wp:attachment":[{"href":"https:\/\/fvcomponentes.com\/pt\/wp-json\/wp\/v2\/media?parent=4710"}],"curies":[{"name":"wp","href":"https:\/\/api.w.org\/{rel}","templated":true}]}}