{"id":4708,"date":"2022-12-13T14:15:27","date_gmt":"2022-12-13T13:15:27","guid":{"rendered":"https:\/\/fvcomponentes.com\/?page_id=4708"},"modified":"2025-09-23T08:17:56","modified_gmt":"2025-09-23T06:17:56","slug":"politica-de-privacidade","status":"publish","type":"page","link":"https:\/\/fvcomponentes.com\/pt\/politica-de-privacidad\/","title":{"rendered":"Pol\u00edtica de privacidade"},"content":{"rendered":"<div data-elementor-type=\"wp-page\" data-elementor-id=\"4708\" class=\"elementor elementor-4708\" data-elementor-post-type=\"page\">\n\t\t\t\t\t\t<section class=\"elementor-section elementor-top-section elementor-element elementor-element-d1509f6 elementor-section-boxed elementor-section-height-default elementor-section-height-default\" data-id=\"d1509f6\" data-element_type=\"section\" data-e-type=\"section\">\n\t\t\t\t\t\t<div class=\"elementor-container elementor-column-gap-default\">\n\t\t\t\t\t<div class=\"elementor-column elementor-col-100 elementor-top-column elementor-element elementor-element-78f8a02\" data-id=\"78f8a02\" data-element_type=\"column\" data-e-type=\"column\">\n\t\t\t<div class=\"elementor-widget-wrap elementor-element-populated\">\n\t\t\t\t\t\t<div class=\"elementor-element elementor-element-f852eb5 elementor-widget elementor-widget-heading\" data-id=\"f852eb5\" data-element_type=\"widget\" data-e-type=\"widget\" data-widget_type=\"heading.default\">\n\t\t\t\t<div class=\"elementor-widget-container\">\n\t\t\t\t\t<h2 class=\"elementor-heading-title elementor-size-default\">Pol\u00edtica de privacidade<\/h2>\t\t\t\t<\/div>\n\t\t\t\t<\/div>\n\t\t\t\t<div class=\"elementor-element elementor-element-6bc38c2 elementor-widget elementor-widget-text-editor\" data-id=\"6bc38c2\" data-element_type=\"widget\" data-e-type=\"widget\" data-widget_type=\"text-editor.default\">\n\t\t\t\t<div class=\"elementor-widget-container\">\n\t\t\t\t\t\t\t\t\t<p>A \"FV Componentes\" est\u00e1 profundamente comprometida com o cumprimento da regulamenta\u00e7\u00e3o espanhola e europeia em mat\u00e9ria de prote\u00e7\u00e3o de dados pessoais, e garante o pleno cumprimento das obriga\u00e7\u00f5es estabelecidas, bem como a implementa\u00e7\u00e3o das medidas de seguran\u00e7a estabelecidas no Regulamento Geral de Prote\u00e7\u00e3o de Dados (RGPD) (UE) 2016\/679, de 27 de abril, e na Lei Org\u00e2nica 3\/2018, de 5 de dezembro, sobre a Prote\u00e7\u00e3o de Dados Pessoais e garantia dos direitos digitais (LOPD e GDD, doravante LOPD).<\/p>\n<p>Em conformidade com estes regulamentos, informamos que a utiliza\u00e7\u00e3o do nosso s\u00edtio Web pode exigir que forne\u00e7a determinados dados pessoais atrav\u00e9s de formul\u00e1rios de registo ou de contacto, ou atrav\u00e9s do envio de mensagens de correio eletr\u00f3nico, e que estes dados ser\u00e3o tratados pela \".<strong>Componentes FV\".<\/strong>Respons\u00e1vel pelo tratamento, cujos dados s\u00e3o:<\/p>\n<ul>\n<li><strong>Nome da empresa<\/strong>ICIDE Energ\u00eda, S.L.<\/li>\n<li><strong>N\u00daMERO DE IVA<\/strong>: B56227523<\/li>\n<li><strong>Sede social<\/strong>Endere\u00e7o : C\/ Bratislava, 5, P.I. Cabezo Beaza, 30392, Cartagena, Murcia, Espanha<\/li>\n<li><strong>Telefone<\/strong>: (+34) 968 978 301<\/li>\n<li><strong>Correio eletr\u00f3nico<\/strong>: info@fvcomponentes.com<\/li>\n<\/ul>\n<p><strong>Recolha e tratamento de dados pessoais<\/strong><\/p>\n<p>Os dados pessoais s\u00e3o todas as informa\u00e7\u00f5es relativas a uma pessoa: nome, e-mail, endere\u00e7o, n\u00famero de telefone, NIF\/NIE... Al\u00e9m disso, quando um Utilizador visita o nosso s\u00edtio Web, certas informa\u00e7\u00f5es s\u00e3o automaticamente armazenadas por raz\u00f5es t\u00e9cnicas, como o endere\u00e7o IP atribu\u00eddo pelo seu fornecedor de acesso \u00e0 Internet.<\/p>\n<p>A \"FV Componentes\", na qualidade de Respons\u00e1vel pelo Tratamento de Dados, tem o dever de informar os Utilizadores do seu website sobre a recolha de dados pessoais que poder\u00e1 ser efectuada, quer atrav\u00e9s do envio de um e-mail, quer atrav\u00e9s do preenchimento dos formul\u00e1rios inclu\u00eddos no website.<\/p>\n<p>Apenas ser\u00e3o obtidos os dados necess\u00e1rios para a realiza\u00e7\u00e3o do servi\u00e7o contratado, ou para poder responder adequadamente ao pedido de informa\u00e7\u00e3o efectuado pelo Utilizador. Os dados recolhidos s\u00e3o dados de identifica\u00e7\u00e3o e correspondem a um m\u00ednimo razo\u00e1vel para poder levar a cabo a atividade desenvolvida. Em particular, em nenhum momento s\u00e3o recolhidos dados especialmente protegidos. Em caso algum os dados ser\u00e3o utilizados para uma finalidade diferente daquela para a qual foram recolhidos.<\/p>\n<p><u>Formul\u00e1rios de contacto\/email <\/u><\/p>\n<p><em>Objetivo<\/em>Para responder ao seu pedido de informa\u00e7\u00f5es feito atrav\u00e9s do(s) nosso(s) formul\u00e1rio(s) de contacto.<\/p>\n<p><em>Legitima\u00e7\u00e3o<\/em>A base legal para este tratamento \u00e9 o consentimento do Utilizador, que pode ser revogado a qualquer momento.<\/p>\n<p><em>Transfer\u00eancia de dados<\/em>Os dados pessoais ser\u00e3o processados atrav\u00e9s de servidores geridos pela Cloudmax, que ser\u00e1 considerada o Processador de Dados.<\/p>\n<p><u>Formul\u00e1rios de inscri\u00e7\u00e3o em listas de correio (boletim informativo) <\/u><\/p>\n<p><em>Objetivo<\/em>Envio de comunica\u00e7\u00f5es, algumas delas comerciais, de interesse para os utilizadores em fun\u00e7\u00e3o da tem\u00e1tica do site. De acordo com o estabelecido na LSSICE, a \"FV Componentes\" compromete-se a n\u00e3o enviar comunica\u00e7\u00f5es comerciais sem as identificar como tal. Para este efeito, n\u00e3o ser\u00e1 considerada como comunica\u00e7\u00e3o comercial a informa\u00e7\u00e3o enviada aos clientes para a manuten\u00e7\u00e3o da rela\u00e7\u00e3o contratual existente, caso exista.<\/p>\n<p><em>Legitima\u00e7\u00e3o<\/em>A base legal para este tratamento \u00e9 o consentimento do Utilizador, que pode ser revogado a qualquer momento.<\/p>\n<p><em>Transfer\u00eancia de dados<\/em>Os dados pessoais ser\u00e3o processados atrav\u00e9s de servidores geridos pela Mailchimp, que ser\u00e1 considerada como o Processador de Dados.<\/p>\n<p><u>Registo\/Formul\u00e1rios de registo <\/u><u>cliente\/contrata\u00e7\u00e3o<\/u><\/p>\n<p><em>Objectivos<\/em>:<\/p>\n<ul>\n<li>Gerir o seu registo de utilizador no nosso s\u00edtio Web.<\/li>\n<li>Gerir as compras efectuadas.<\/li>\n<li>Fornecer informa\u00e7\u00f5es sobre o processamento e o estado das aquisi\u00e7\u00f5es.<\/li>\n<li>Registo hist\u00f3rico das compras efectuadas no nosso s\u00edtio Web.<\/li>\n<li>Envio de comunica\u00e7\u00f5es por correio eletr\u00f3nico e\/ou telefone, a fim de informar o Utilizador de eventuais incidentes, erros, problemas e\/ou estado das encomendas.<\/li>\n<\/ul>\n<p><em>Legitima\u00e7\u00e3o<\/em>A base legal para este tratamento \u00e9 a execu\u00e7\u00e3o de um contrato.<\/p>\n<p><em>Transfer\u00eancia de dados<\/em>A \"FV Componentes\" n\u00e3o ceder\u00e1 nem comunicar\u00e1 os seus dados a terceiros, exceto nos casos previstos na lei ou quando tal for estritamente necess\u00e1rio para a presta\u00e7\u00e3o de um servi\u00e7o. Especificamente, os dados podem ser transferidos para:<\/p>\n<ul>\n<li>Prestadores de servi\u00e7os de tecnologia ou de TI.<\/li>\n<li>Prestadores de servi\u00e7os de pagamento.<\/li>\n<li>Empresas de correio e encomendas.<\/li>\n<li>Terceiros ou intermedi\u00e1rios, na qualidade de prestadores de servi\u00e7os, que actuam em nosso nome (ag\u00eancia, consultoria, etc.).<\/li>\n<\/ul>\n<p>A transfer\u00eancia de dados ser\u00e1 efectuada com a mais estrita confidencialidade, utilizando as medidas necess\u00e1rias, tais como a assinatura de contratos de confidencialidade ou a ades\u00e3o \u00e0s suas pol\u00edticas de privacidade estabelecidas nos respectivos s\u00edtios Web. O Utilizador pode recusar a transfer\u00eancia dos seus dados para os Subcontratantes, mediante pedido escrito, por qualquer dos meios acima referidos.<\/p>\n<p>Al\u00e9m disso, nos casos em que seja necess\u00e1rio, os dados do Cliente podem ser transferidos para determinados organismos, em cumprimento de uma obriga\u00e7\u00e3o legal: Ag\u00eancia Tribut\u00e1ria Espanhola, bancos, Inspe\u00e7\u00e3o do Trabalho, etc.<\/p>\n<p>Menores<\/p>\n<p>Apenas as pessoas com mais de 14 anos de idade podem fornecer dados pessoais neste s\u00edtio Web. Conforme exigido pela LOPD e pelo GDD, no caso de menores de 14 anos, o consentimento dos pais ou tutores \u00e9 uma condi\u00e7\u00e3o obrigat\u00f3ria para podermos processar os seus dados pessoais.<\/p>\n<p>Por outro lado, apenas as pessoas com mais de 18 anos de idade podem contratar os nossos servi\u00e7os. No caso de menores de 18 anos, o consentimento dos pais ou tutores legais \u00e9 uma condi\u00e7\u00e3o obrigat\u00f3ria para a presta\u00e7\u00e3o dos servi\u00e7os oferecidos, exceto se o menor for emancipado.<\/p>\n<p><strong>Registo do utilizador<\/strong><\/p>\n<p>Quando o Utilizador se regista atrav\u00e9s do formul\u00e1rio relevante, as informa\u00e7\u00f5es que recolhemos incluem:<\/p>\n<ul>\n<li>Nome e apelido<\/li>\n<li>Correio eletr\u00f3nico e\/ou telefone<\/li>\n<li>Endere\u00e7os de envio<\/li>\n<li>IP<\/li>\n<li>Nome de utilizador\/palavra-passe<\/li>\n<\/ul>\n<p>O Utilizador deve tamb\u00e9m fornecer uma palavra-passe, que deve cumprir determinados requisitos de seguran\u00e7a. A palavra-passe n\u00e3o expira. Para recuperar a palavra-passe, o Utilizador deve aceder ao formul\u00e1rio de recupera\u00e7\u00e3o espec\u00edfico e introduzir o seu endere\u00e7o de correio eletr\u00f3nico para continuar o processo e poder modific\u00e1-la, clicando na liga\u00e7\u00e3o que ser\u00e1 enviada para o endere\u00e7o de correio eletr\u00f3nico introduzido. O Utilizador \u00e9 respons\u00e1vel por manter a confidencialidade da sua palavra-passe, bem como de todas as utiliza\u00e7\u00f5es que fizer da mesma. O Utilizador deve informar a \"FV Componentes\" de qualquer utiliza\u00e7\u00e3o n\u00e3o autorizada da sua conta ou palavra-passe o mais rapidamente poss\u00edvel.<\/p>\n<p>O Utilizador, uma vez registado, tem acesso a um painel privado, onde pode visualizar determinados conte\u00fados, registar compras efectuadas, etc. Pode tamb\u00e9m gerir as op\u00e7\u00f5es da sua conta, como a sua palavra-passe ou os seus dados de utilizador.<\/p>\n<p>O Utilizador pode receber as seguintes notifica\u00e7\u00f5es:<\/p>\n<ul>\n<li>Ao registar-se na plataforma (e-mail de valida\u00e7\u00e3o da conta).<\/li>\n<li>Aquando da realiza\u00e7\u00e3o de compras, tais como comprovativos de compra, incidentes, envios efectuados, etc.<\/li>\n<li>O Utilizador recebe o boletim informativo da loja se se tiver registado na loja, do qual pode cancelar a subscri\u00e7\u00e3o no seu painel de Utilizador e nas liga\u00e7\u00f5es correspondentes inclu\u00eddas na parte inferior do boletim informativo.<\/li>\n<li>Por recupera\u00e7\u00e3o da palavra-passe (especificada no campo anterior).<\/li>\n<li>Ao anular a subscri\u00e7\u00e3o ou eliminar a conta.<\/li>\n<\/ul>\n<p>Medidas de seguran\u00e7a<\/p>\n<p>Informa-se os utilizadores do site da \"FV Componentes\" que foram adoptadas as medidas de seguran\u00e7a t\u00e9cnicas e organizativas ao nosso dispor para evitar a perda, m\u00e1 utiliza\u00e7\u00e3o, altera\u00e7\u00e3o, acesso n\u00e3o autorizado e roubo de dados, garantindo assim a confidencialidade, integridade e qualidade da informa\u00e7\u00e3o nele contida, em conformidade com o disposto na legisla\u00e7\u00e3o vigente sobre prote\u00e7\u00e3o de dados. Os dados pessoais recolhidos nos formul\u00e1rios s\u00e3o processados apenas pelo pessoal da \"FV Componentes\" ou pelos processadores de dados designados.<\/p>\n<p>O s\u00edtio Web da \"FV Componentes\" disp\u00f5e igualmente de encripta\u00e7\u00e3o SSL, o que permite aos utilizadores enviar os seus dados pessoais de forma segura atrav\u00e9s dos formul\u00e1rios de contacto ou de registo no s\u00edtio Web.<\/p>\n<p><strong>Veracidade dos dados<\/strong><\/p>\n<p>O Utilizador declara que todos os dados por si fornecidos s\u00e3o verdadeiros e correctos e compromete-se a mant\u00ea-los actualizados. O utilizador ser\u00e1 respons\u00e1vel pela veracidade dos seus dados e ser\u00e1 o \u00fanico respons\u00e1vel por quaisquer disputas ou lit\u00edgios que possam surgir como resultado da falsidade dos mesmos. \u00c9 importante que, para podermos manter os dados pessoais actualizados, o utilizador informe a \"FV Componentes\" sempre que se verifique qualquer altera\u00e7\u00e3o nos mesmos.<\/p>\n<p><strong>Transfer\u00eancia de dados<\/strong><\/p>\n<p>A \"FV Componentes\" n\u00e3o ceder\u00e1 nem comunicar\u00e1 os seus dados a terceiros, exceto nos casos previstos na lei ou quando a presta\u00e7\u00e3o de um servi\u00e7o implique a necessidade de uma rela\u00e7\u00e3o contratual com um Respons\u00e1vel pelo Tratamento. Assim, o Utilizador aceita que alguns dos dados pessoais recolhidos possam ser facultados a estes Subcontratantes (plataformas de pagamento, ag\u00eancias, intermedi\u00e1rios, etc.), quando tal for necess\u00e1rio para a execu\u00e7\u00e3o efectiva de um servi\u00e7o contratado ou de um produto adquirido. O Utilizador aceita ainda que, no caso da presta\u00e7\u00e3o de servi\u00e7os, estes possam ser total ou parcialmente subcontratados a outras pessoas ou empresas, que ser\u00e3o consideradas como Subcontratantes, com as quais tenha sido acordado o correspondente contrato de confidencialidade, ou que tenham aderido \u00e0s suas pol\u00edticas de privacidade, estabelecidas nos respectivos sites. O Utilizador pode recusar a transfer\u00eancia dos seus dados para os Subcontratantes, mediante pedido escrito, por qualquer dos meios acima referidos.<\/p>\n<p>Al\u00e9m disso, nos casos em que seja necess\u00e1rio, os dados do Cliente podem ser transferidos para determinados organismos, em cumprimento de uma obriga\u00e7\u00e3o legal: Ag\u00eancia Tribut\u00e1ria Espanhola, bancos, Inspe\u00e7\u00e3o do Trabalho, etc.<\/p>\n<p><strong>Exerc\u00edcio dos direitos de utilizador<\/strong><\/p>\n<p>A LOPD e o GDD e o RGPD concedem aos interessados a possibilidade de exercer uma s\u00e9rie de direitos relacionados com o tratamento dos seus dados pessoais. Para tal, o Utilizador deve contactar-nos, fornecendo documenta\u00e7\u00e3o que comprove a sua identidade (bilhete de identidade ou passaporte), por correio eletr\u00f3nico para info@fvcomponentes.com, ou por comunica\u00e7\u00e3o escrita para o endere\u00e7o que aparece no nosso Aviso Legal. A referida comunica\u00e7\u00e3o deve incluir as seguintes informa\u00e7\u00f5es: nome e apelido do Utilizador, finalidade do pedido, endere\u00e7o e dados comprovativos.<\/p>\n<p>O exerc\u00edcio dos direitos deve ser efectuado pelo pr\u00f3prio Utilizador. No entanto, podem ser exercidos por uma pessoa autorizada como representante legal do Utilizador, fornecendo a documenta\u00e7\u00e3o que comprove essa representa\u00e7\u00e3o.<\/p>\n<p>O Utilizador pode solicitar o exerc\u00edcio dos seguintes direitos:<\/p>\n<ul>\n<li>Direito de solicitar o <strong>acesso<\/strong> aos dados pessoais, que consiste no direito de obter informa\u00e7\u00f5es sobre se os seus pr\u00f3prios dados pessoais est\u00e3o a ser tratados, a finalidade do tratamento que, se for caso disso, est\u00e1 a ser efectuado, bem como as informa\u00e7\u00f5es dispon\u00edveis sobre a origem desses dados e as comunica\u00e7\u00f5es efectuadas ou previstas dos mesmos.<\/li>\n<li>Direito de solicitar o seu <strong>retifica\u00e7\u00e3o<\/strong>se os dados pessoais estiverem incorrectos ou imprecisos, ou <strong>elimina\u00e7\u00e3o <\/strong>de dados que se revelem inadequados ou excessivos.<\/li>\n<li>Direito de solicitar o <strong>limita\u00e7\u00e3o<\/strong> do seu tratamento, caso em que apenas ser\u00e3o conservados pela \"FV Componentes\" os dados estritamente necess\u00e1rios para o exerc\u00edcio ou a defesa de reclama\u00e7\u00f5es.<\/li>\n<li>Direito de <strong>objeto<\/strong> ao tratamento: trata-se do direito da pessoa em causa de n\u00e3o ver os seus dados pessoais tratados ou de cessar o tratamento nos casos em que o seu consentimento n\u00e3o \u00e9 necess\u00e1rio para o tratamento, no caso de ficheiros de prospe\u00e7\u00e3o comercial ou para efeitos de tomada de decis\u00f5es relativas \u00e0 pessoa em causa e com base unicamente no tratamento automatizado dos seus dados, a menos que, por raz\u00f5es leg\u00edtimas ou para o exerc\u00edcio ou a defesa de eventuais reclama\u00e7\u00f5es, os dados devam continuar a ser tratados.<\/li>\n<li>Direito de <strong>portabilidade<\/strong> dos dados: no caso de pretender que os seus dados sejam tratados por outra empresa, a \"FV Componentes\" facultar-lhe-\u00e1 a portabilidade dos seus dados em formato export\u00e1vel.<\/li>\n<\/ul>\n<p>Se o consentimento tiver sido dado para um objetivo espec\u00edfico, <strong>o Utilizador tem o direito de retirar o consentimento em qualquer altura<\/strong>sem afetar a legalidade do tratamento baseado no consentimento antes da sua retirada.<\/p>\n<p>Comprometemo-nos a executar todos estes direitos no prazo m\u00e1ximo legal (1 m\u00eas).<\/p>\n<p>Se um Utilizador considerar que existe um problema com a forma como a \"FV Componentes\" est\u00e1 a tratar os seus dados, pode dirigir as suas reclama\u00e7\u00f5es ao Respons\u00e1vel de Seguran\u00e7a ou \u00e0 autoridade de prote\u00e7\u00e3o de dados correspondente, sendo a Ag\u00eancia Espanhola de Prote\u00e7\u00e3o de Dados a indicada no caso de Espanha.<\/p>\n<p>Reten\u00e7\u00e3o de dados<\/p>\n<p>Os dados pessoais dos Utilizadores que utilizem o formul\u00e1rio de contacto ou nos enviem uma mensagem de correio eletr\u00f3nico a solicitar informa\u00e7\u00f5es ser\u00e3o tratados durante o tempo estritamente necess\u00e1rio para responder ao pedido de informa\u00e7\u00f5es ou at\u00e9 que o consentimento dado seja revogado.<\/p>\n<p>Os dados pessoais do Cliente ser\u00e3o tratados at\u00e9 ao termo da rela\u00e7\u00e3o contratual. O per\u00edodo de conserva\u00e7\u00e3o dos dados pessoais ser\u00e1 o m\u00ednimo necess\u00e1rio, podendo ser mantidos at\u00e9 ao final da rela\u00e7\u00e3o contratual:<\/p>\n<ul>\n<li>4 anos: Lei sobre as Infrac\u00e7\u00f5es e as San\u00e7\u00f5es na Ordem Social (obriga\u00e7\u00f5es em mat\u00e9ria de filia\u00e7\u00e3o, inscri\u00e7\u00f5es, anula\u00e7\u00f5es, contribui\u00e7\u00f5es, pagamento de sal\u00e1rios...); artigos 66\u00ba e seguintes da Lei Geral Tribut\u00e1ria (livros contabil\u00edsticos...)<\/li>\n<li>5 anos: art. 1964.\u00ba do C\u00f3digo Civil (ac\u00e7\u00f5es pessoais sem prazo especial)<\/li>\n<li>6 anos: Art. 30\u00ba do C\u00f3digo Comercial (livros de contabilidade, facturas...)<\/li>\n<li>10 anos: art. 25.\u00ba da Lei relativa \u00e0 preven\u00e7\u00e3o do branqueamento de capitais e do financiamento do terrorismo.<\/li>\n<li>Sem prazo: dados desagregados e an\u00f3nimos.<\/li>\n<\/ul>\n<p>Por outro lado, os dados dos Utilizadores que se inscrevem na newsletter ser\u00e3o conservados por tempo indeterminado, at\u00e9 que o consentimento dado seja revogado.<\/p>\n<p>No caso do tratamento dos dados dos candidatos (C.V.), a \"FV Componentes\" pode conservar o seu curr\u00edculo durante um per\u00edodo m\u00e1ximo de dois anos, a fim de o incorporar em futuros concursos, salvo indica\u00e7\u00e3o em contr\u00e1rio do candidato.<\/p>\n<p>Redes sociais<\/p>\n<p>A \"FV Componentes\" tem um perfil em algumas das principais redes sociais da Internet (Facebook, Instagram, LinkedIn), reconhecendo que em todos os casos \u00e9 respons\u00e1vel pelo tratamento dos dados dos seus seguidores, f\u00e3s, subscritores, comentadores e outros perfis de utilizadores (doravante, seguidores) publicados pela \"FV Componentes\".<\/p>\n<p>A finalidade do tratamento de dados pela \"FV Componentes\", quando a lei n\u00e3o o pro\u00edba, ser\u00e1 informar os seus seguidores sobre as suas actividades e ofertas, por qualquer meio que a rede social permita, bem como prestar um servi\u00e7o personalizado ao Utilizador. A base legal que legitima este tratamento ser\u00e1 o consentimento do interessado, que poder\u00e1 ser revogado em qualquer altura.<\/p>\n<p>Em caso algum a \"FV Componentes\" extrair\u00e1 dados das redes sociais, a n\u00e3o ser que o consentimento do utilizador seja espec\u00edfica e expressamente obtido para esse efeito (por exemplo, para a realiza\u00e7\u00e3o de um concurso).<\/p>\n<p>Transfer\u00eancias internacionais de dados<\/p>\n<p>A \"FV Componentes\" utiliza os servi\u00e7os de envio de comunica\u00e7\u00f5es eletr\u00f3nicas da empresa Mailchimp, que se encontra localizada nos Estados Unidos. Com esta entidade foram assinadas cl\u00e1usulas contratuais-tipo aprovadas pela Comiss\u00e3o Europeia, de forma a garantir o n\u00edvel de prote\u00e7\u00e3o adequado no tratamento dos seus dados pessoais, de acordo com os crit\u00e9rios estabelecidos pelo RGPD.<\/p>\n<p>Sele\u00e7\u00e3o de pessoal<\/p>\n<p>Os candidatos que enviem comunica\u00e7\u00f5es electr\u00f3nicas \u00e0 \"FV Componentes\", com o objetivo de aceder aos processos de sele\u00e7\u00e3o de pessoal do respons\u00e1vel, autorizam-nos a analisar os documentos enviados (ex. CV.), todo o conte\u00fado diretamente acess\u00edvel atrav\u00e9s de motores de busca na Internet (ex. Google), os perfis que mant\u00e9m em redes sociais profissionais (ex. LinkedIn), os dados obtidos nos testes de admiss\u00e3o e as informa\u00e7\u00f5es que revela na entrevista de emprego, com o objetivo de avaliar a sua candidatura e poder, se necess\u00e1rio, oferecer-lhe um emprego. No caso de o candidato n\u00e3o ser selecionado, a \"FV Componentes\" pode manter o seu CV armazenado por um per\u00edodo m\u00e1ximo de dois anos, a fim de o incorporar em futuros convites \u00e0 apresenta\u00e7\u00e3o de candidaturas, salvo indica\u00e7\u00e3o em contr\u00e1rio do candidato. A base legal para este tratamento \u00e9 o consentimento do interessado, que pode ser revogado em qualquer altura.<\/p>\n<p>Confidencialidade<\/p>\n<p>As informa\u00e7\u00f5es fornecidas pelo utilizador ser\u00e3o, em qualquer caso, consideradas confidenciais, n\u00e3o podendo ser utilizadas para outros fins que n\u00e3o os aqui descritos. A \"FV Componentes\" compromete-se a n\u00e3o divulgar ou revelar informa\u00e7\u00f5es sobre as pretens\u00f5es do Utilizador, os motivos do aconselhamento solicitado ou a dura\u00e7\u00e3o da sua rela\u00e7\u00e3o com o Utilizador.<\/p>\n<p><strong>Validade<\/strong><\/p>\n<p>Esta pol\u00edtica de privacidade e prote\u00e7\u00e3o de dados foi elaborada em 22 de mar\u00e7o de 2023, podendo variar em fun\u00e7\u00e3o das altera\u00e7\u00f5es regulamentares e jurisprudenciais que possam ocorrer, sendo da responsabilidade do titular dos dados ler o documento atualizado para conhecer sempre os seus direitos e obriga\u00e7\u00f5es nesta mat\u00e9ria.<\/p>\t\t\t\t\t\t\t\t<\/div>\n\t\t\t\t<\/div>\n\t\t\t\t\t<\/div>\n\t\t<\/div>\n\t\t\t\t\t<\/div>\n\t\t<\/section>\n\t\t\t\t<\/div>","protected":false},"excerpt":{"rendered":"<p>Pol\u00edtica de privacidad \u201cFV Componentes\u201d se encuentra profundamente comprometido con el cumplimiento de la normativa espa\u00f1ola y europea de protecci\u00f3n de datos de car\u00e1cter personal, y garantiza el cumplimiento \u00edntegro de las obligaciones dispuestas, as\u00ed como la implementaci\u00f3n de las medidas de seguridad dispuestas en el Reglamento General de Protecci\u00f3n de Datos (RGPD) (UE) 2016\/679, [&hellip;]<\/p>\n","protected":false},"author":1,"featured_media":0,"parent":0,"menu_order":0,"comment_status":"closed","ping_status":"closed","template":"","meta":{"site-sidebar-layout":"no-sidebar","site-content-layout":"page-builder","ast-site-content-layout":"full-width-container","site-content-style":"unboxed","site-sidebar-style":"unboxed","ast-global-header-display":"","ast-banner-title-visibility":"","ast-main-header-display":"","ast-hfb-above-header-display":"","ast-hfb-below-header-display":"","ast-hfb-mobile-header-display":"","site-post-title":"disabled","ast-breadcrumbs-content":"","ast-featured-img":"disabled","footer-sml-layout":"","ast-disable-related-posts":"","theme-transparent-header-meta":"","adv-header-id-meta":"","stick-header-meta":"","header-above-stick-meta":"","header-main-stick-meta":"","header-below-stick-meta":"","astra-migrate-meta-layouts":"set","ast-page-background-enabled":"default","ast-page-background-meta":{"desktop":{"background-color":"var(--ast-global-color-4)","background-image":"","background-repeat":"repeat","background-position":"center center","background-size":"auto","background-attachment":"scroll","background-type":"","background-media":"","overlay-type":"","overlay-color":"","overlay-opacity":"","overlay-gradient":""},"tablet":{"background-color":"","background-image":"","background-repeat":"repeat","background-position":"center center","background-size":"auto","background-attachment":"scroll","background-type":"","background-media":"","overlay-type":"","overlay-color":"","overlay-opacity":"","overlay-gradient":""},"mobile":{"background-color":"","background-image":"","background-repeat":"repeat","background-position":"center center","background-size":"auto","background-attachment":"scroll","background-type":"","background-media":"","overlay-type":"","overlay-color":"","overlay-opacity":"","overlay-gradient":""}},"ast-content-background-meta":{"desktop":{"background-color":"var(--ast-global-color-5)","background-image":"","background-repeat":"repeat","background-position":"center center","background-size":"auto","background-attachment":"scroll","background-type":"","background-media":"","overlay-type":"","overlay-color":"","overlay-opacity":"","overlay-gradient":""},"tablet":{"background-color":"var(--ast-global-color-5)","background-image":"","background-repeat":"repeat","background-position":"center center","background-size":"auto","background-attachment":"scroll","background-type":"","background-media":"","overlay-type":"","overlay-color":"","overlay-opacity":"","overlay-gradient":""},"mobile":{"background-color":"var(--ast-global-color-5)","background-image":"","background-repeat":"repeat","background-position":"center center","background-size":"auto","background-attachment":"scroll","background-type":"","background-media":"","overlay-type":"","overlay-color":"","overlay-opacity":"","overlay-gradient":""}},"footnotes":""},"class_list":["post-4708","page","type-page","status-publish","hentry"],"_links":{"self":[{"href":"https:\/\/fvcomponentes.com\/pt\/wp-json\/wp\/v2\/pages\/4708","targetHints":{"allow":["GET"]}}],"collection":[{"href":"https:\/\/fvcomponentes.com\/pt\/wp-json\/wp\/v2\/pages"}],"about":[{"href":"https:\/\/fvcomponentes.com\/pt\/wp-json\/wp\/v2\/types\/page"}],"author":[{"embeddable":true,"href":"https:\/\/fvcomponentes.com\/pt\/wp-json\/wp\/v2\/users\/1"}],"replies":[{"embeddable":true,"href":"https:\/\/fvcomponentes.com\/pt\/wp-json\/wp\/v2\/comments?post=4708"}],"version-history":[{"count":3,"href":"https:\/\/fvcomponentes.com\/pt\/wp-json\/wp\/v2\/pages\/4708\/revisions"}],"predecessor-version":[{"id":30696,"href":"https:\/\/fvcomponentes.com\/pt\/wp-json\/wp\/v2\/pages\/4708\/revisions\/30696"}],"wp:attachment":[{"href":"https:\/\/fvcomponentes.com\/pt\/wp-json\/wp\/v2\/media?parent=4708"}],"curies":[{"name":"wp","href":"https:\/\/api.w.org\/{rel}","templated":true}]}}