{"id":4337,"date":"2022-12-07T18:03:27","date_gmt":"2022-12-07T17:03:27","guid":{"rendered":"https:\/\/fvcomponentes.com\/?page_id=4337"},"modified":"2024-08-09T21:32:16","modified_gmt":"2024-08-09T19:32:16","slug":"nos","status":"publish","type":"page","link":"https:\/\/fvcomponentes.com\/pt\/nosotros\/","title":{"rendered":"N\u00f3s"},"content":{"rendered":"<div data-elementor-type=\"wp-page\" data-elementor-id=\"4337\" class=\"elementor elementor-4337\" data-elementor-post-type=\"page\">\n\t\t\t\t\t\t<section class=\"elementor-section elementor-top-section elementor-element elementor-element-36388b6 elementor-section-boxed elementor-section-height-default elementor-section-height-default\" data-id=\"36388b6\" data-element_type=\"section\" data-e-type=\"section\">\n\t\t\t\t\t\t<div class=\"elementor-container elementor-column-gap-default\">\n\t\t\t\t\t<div class=\"elementor-column elementor-col-100 elementor-top-column elementor-element elementor-element-15b0b40\" data-id=\"15b0b40\" data-element_type=\"column\" data-e-type=\"column\">\n\t\t\t<div class=\"elementor-widget-wrap elementor-element-populated\">\n\t\t\t\t\t\t<div class=\"elementor-element elementor-element-a75a3d0 elementor-widget elementor-widget-heading\" data-id=\"a75a3d0\" data-element_type=\"widget\" data-e-type=\"widget\" data-widget_type=\"heading.default\">\n\t\t\t\t<div class=\"elementor-widget-container\">\n\t\t\t\t\t<h1 class=\"elementor-heading-title elementor-size-default\">Especialistas em energia solar fotovoltaica e componentes<\/h1>\t\t\t\t<\/div>\n\t\t\t\t<\/div>\n\t\t\t\t<div class=\"elementor-element elementor-element-ee3c95b elementor-widget-divider--view-line elementor-widget elementor-widget-divider\" data-id=\"ee3c95b\" data-element_type=\"widget\" data-e-type=\"widget\" data-widget_type=\"divider.default\">\n\t\t\t\t<div class=\"elementor-widget-container\">\n\t\t\t\t\t\t\t<div class=\"elementor-divider\">\n\t\t\t<span class=\"elementor-divider-separator\">\n\t\t\t\t\t\t<\/span>\n\t\t<\/div>\n\t\t\t\t\t\t<\/div>\n\t\t\t\t<\/div>\n\t\t\t\t<div class=\"elementor-element elementor-element-e35cdee elementor-widget elementor-widget-text-editor\" data-id=\"e35cdee\" data-element_type=\"widget\" data-e-type=\"widget\" data-widget_type=\"text-editor.default\">\n\t\t\t\t<div class=\"elementor-widget-container\">\n\t\t\t\t\t\t\t\t\t<p>FV Componentes marca registada de ICIDE Energ\u00eda S.L. - B56227523, Somos a sua loja online de refer\u00eancia, especializada em produtos e acess\u00f3rios de energia solar fotovoltaica. Oferecemos uma grande variedade de pain\u00e9is solares, inversores, baterias e todos os acess\u00f3rios necess\u00e1rios para a instala\u00e7\u00e3o e manuten\u00e7\u00e3o de sistemas solares.<\/p>\n<p>Na PV Components, oferecemos apenas pain\u00e9is solares fotovoltaicos de alta qualidade e efici\u00eancia, garantindo um desempenho \u00f3timo e uma maior produ\u00e7\u00e3o de energia. Os inversores, que s\u00e3o essenciais para a convers\u00e3o da energia solar em energia el\u00e9ctrica utiliz\u00e1vel, tamb\u00e9m est\u00e3o dispon\u00edveis numa variedade de tamanhos e pot\u00eancias para se adaptarem \u00e0s necessidades de cada projeto.<\/p>\n<p>Para al\u00e9m dos pain\u00e9is solares, na FV Componentes dispomos de sistemas de armazenamento de energia, como as baterias solares, que permitem armazenar a energia produzida durante o dia para ser utilizada em alturas de baixa produ\u00e7\u00e3o, como \u00e0 noite ou em dias nublados.<\/p>\n<p>Dispomos de uma vasta gama de acess\u00f3rios para a instala\u00e7\u00e3o e manuten\u00e7\u00e3o de sistemas solares, tais como cabos, conectores, ferramentas e monitores de sistema. Estes acess\u00f3rios s\u00e3o essenciais para garantir uma instala\u00e7\u00e3o segura e correcta e para manter o sistema em boas condi\u00e7\u00f5es de funcionamento.<\/p>\n<p>A FV Componentes \u00e9 uma excelente op\u00e7\u00e3o para os interessados em instalar um sistema solar fotovoltaico, seja para uso particular ou profissional. Oferecemos uma grande variedade de produtos de alta qualidade e todos os acess\u00f3rios necess\u00e1rios para uma instala\u00e7\u00e3o segura e eficiente, bem como um servi\u00e7o de apoio ao cliente excecional.<\/p>\t\t\t\t\t\t\t\t<\/div>\n\t\t\t\t<\/div>\n\t\t\t\t\t<\/div>\n\t\t<\/div>\n\t\t\t\t\t<\/div>\n\t\t<\/section>\n\t\t\t\t<section class=\"elementor-section elementor-top-section elementor-element elementor-element-2b4dae1 elementor-section-boxed elementor-section-height-default elementor-section-height-default\" data-id=\"2b4dae1\" data-element_type=\"section\" data-e-type=\"section\">\n\t\t\t\t\t\t<div class=\"elementor-container elementor-column-gap-default\">\n\t\t\t\t\t<div class=\"elementor-column elementor-col-100 elementor-top-column elementor-element elementor-element-19dcf51\" data-id=\"19dcf51\" data-element_type=\"column\" data-e-type=\"column\">\n\t\t\t<div class=\"elementor-widget-wrap elementor-element-populated\">\n\t\t\t\t\t\t<div class=\"elementor-element elementor-element-dc56bd6 elementor-widget elementor-widget-heading\" data-id=\"dc56bd6\" data-element_type=\"widget\" data-e-type=\"widget\" data-widget_type=\"heading.default\">\n\t\t\t\t<div class=\"elementor-widget-container\">\n\t\t\t\t\t<h2 class=\"elementor-heading-title elementor-size-default\">Servi\u00e7o t\u00e9cnico oficial<\/h2>\t\t\t\t<\/div>\n\t\t\t\t<\/div>\n\t\t\t\t<div class=\"elementor-element elementor-element-518753f elementor-widget-divider--view-line elementor-widget elementor-widget-divider\" data-id=\"518753f\" data-element_type=\"widget\" data-e-type=\"widget\" data-widget_type=\"divider.default\">\n\t\t\t\t<div class=\"elementor-widget-container\">\n\t\t\t\t\t\t\t<div class=\"elementor-divider\">\n\t\t\t<span class=\"elementor-divider-separator\">\n\t\t\t\t\t\t<\/span>\n\t\t<\/div>\n\t\t\t\t\t\t<\/div>\n\t\t\t\t<\/div>\n\t\t\t\t\t<\/div>\n\t\t<\/div>\n\t\t\t\t\t<\/div>\n\t\t<\/section>\n\t\t\t\t<section class=\"elementor-section elementor-top-section elementor-element elementor-element-c4dcb9d elementor-section-content-middle elementor-reverse-mobile elementor-section-boxed elementor-section-height-default elementor-section-height-default\" data-id=\"c4dcb9d\" data-element_type=\"section\" data-e-type=\"section\">\n\t\t\t\t\t\t<div class=\"elementor-container elementor-column-gap-default\">\n\t\t\t\t\t<div class=\"elementor-column elementor-col-50 elementor-top-column elementor-element elementor-element-c4ab025\" data-id=\"c4ab025\" data-element_type=\"column\" data-e-type=\"column\">\n\t\t\t<div class=\"elementor-widget-wrap elementor-element-populated\">\n\t\t\t\t\t\t<div class=\"elementor-element elementor-element-1f2da7b elementor-widget elementor-widget-text-editor\" data-id=\"1f2da7b\" data-element_type=\"widget\" data-e-type=\"widget\" data-widget_type=\"text-editor.default\">\n\t\t\t\t<div class=\"elementor-widget-container\">\n\t\t\t\t\t\t\t\t\t<p>Somos o servi\u00e7o t\u00e9cnico oficial da famosa marca de inversores solares.\u00a0<strong>Fronius.<\/strong>\u00a0Na qualidade de FSP (Fronius System Partner), estamos em condi\u00e7\u00f5es de oferecer a todos os nossos clientes um apoio t\u00e9cnico oficial de primeira classe e de resolver qualquer problema com o equipamento da forma mais r\u00e1pida e eficiente. A nossa equipa \u00e9 certificada e possui todos os conhecimentos necess\u00e1rios para lhe oferecer o melhor servi\u00e7o t\u00e9cnico. <strong>Fronius<\/strong>.<\/p>\t\t\t\t\t\t\t\t<\/div>\n\t\t\t\t<\/div>\n\t\t\t\t\t<\/div>\n\t\t<\/div>\n\t\t\t\t<div class=\"elementor-column elementor-col-50 elementor-top-column elementor-element elementor-element-87200dd\" data-id=\"87200dd\" data-element_type=\"column\" data-e-type=\"column\">\n\t\t\t<div class=\"elementor-widget-wrap elementor-element-populated\">\n\t\t\t\t\t\t<div class=\"elementor-element elementor-element-d0d15e6 elementor-widget elementor-widget-image\" data-id=\"d0d15e6\" data-element_type=\"widget\" data-e-type=\"widget\" data-widget_type=\"image.default\">\n\t\t\t\t<div class=\"elementor-widget-container\">\n\t\t\t\t\t\t\t\t\t\t\t\t\t\t\t<img decoding=\"async\" width=\"330\" height=\"92\" src=\"https:\/\/fvcomponentes.com\/wp-content\/uploads\/2022\/12\/fronius-logo.png\" class=\"attachment-full size-full wp-image-4288\" alt=\"\" srcset=\"https:\/\/fvcomponentes.com\/wp-content\/uploads\/2022\/12\/fronius-logo.png 330w, https:\/\/fvcomponentes.com\/wp-content\/uploads\/2022\/12\/fronius-logo-300x84.png 300w, https:\/\/fvcomponentes.com\/wp-content\/uploads\/2022\/12\/fronius-logo-200x56.png 200w\" sizes=\"(max-width: 330px) 100vw, 330px\" title=\"\">\t\t\t\t\t\t\t\t\t\t\t\t\t\t\t<\/div>\n\t\t\t\t<\/div>\n\t\t\t\t\t<\/div>\n\t\t<\/div>\n\t\t\t\t\t<\/div>\n\t\t<\/section>\n\t\t\t\t<section class=\"elementor-section elementor-top-section elementor-element elementor-element-fa5f201 elementor-section-content-middle elementor-section-boxed elementor-section-height-default elementor-section-height-default\" data-id=\"fa5f201\" data-element_type=\"section\" data-e-type=\"section\">\n\t\t\t\t\t\t<div class=\"elementor-container elementor-column-gap-default\">\n\t\t\t\t\t<div class=\"elementor-column elementor-col-50 elementor-top-column elementor-element elementor-element-4df6454\" data-id=\"4df6454\" data-element_type=\"column\" data-e-type=\"column\">\n\t\t\t<div class=\"elementor-widget-wrap elementor-element-populated\">\n\t\t\t\t\t\t<div class=\"elementor-element elementor-element-95a3fbe elementor-widget elementor-widget-image\" data-id=\"95a3fbe\" data-element_type=\"widget\" data-e-type=\"widget\" data-widget_type=\"image.default\">\n\t\t\t\t<div class=\"elementor-widget-container\">\n\t\t\t\t\t\t\t\t\t\t\t\t\t\t\t<img decoding=\"async\" width=\"330\" height=\"52\" src=\"https:\/\/fvcomponentes.com\/wp-content\/uploads\/2022\/12\/LogoVictron.png\" class=\"attachment-full size-full wp-image-4291\" alt=\"\" srcset=\"https:\/\/fvcomponentes.com\/wp-content\/uploads\/2022\/12\/LogoVictron.png 330w, https:\/\/fvcomponentes.com\/wp-content\/uploads\/2022\/12\/LogoVictron-300x47.png 300w, https:\/\/fvcomponentes.com\/wp-content\/uploads\/2022\/12\/LogoVictron-200x32.png 200w\" sizes=\"(max-width: 330px) 100vw, 330px\" title=\"\">\t\t\t\t\t\t\t\t\t\t\t\t\t\t\t<\/div>\n\t\t\t\t<\/div>\n\t\t\t\t\t<\/div>\n\t\t<\/div>\n\t\t\t\t<div class=\"elementor-column elementor-col-50 elementor-top-column elementor-element elementor-element-49bcf56\" data-id=\"49bcf56\" data-element_type=\"column\" data-e-type=\"column\">\n\t\t\t<div class=\"elementor-widget-wrap elementor-element-populated\">\n\t\t\t\t\t\t<div class=\"elementor-element elementor-element-c5469c1 elementor-widget elementor-widget-text-editor\" data-id=\"c5469c1\" data-element_type=\"widget\" data-e-type=\"widget\" data-widget_type=\"text-editor.default\">\n\t\t\t\t<div class=\"elementor-widget-container\">\n\t\t\t\t\t\t\t\t\t<p>Somos instaladores autorizados de\u00a0<strong>Victron Energia<\/strong>\u00a0em toda a sua gama (inversores Phoenix, carregadores de inversores Multiplus, controladores de carga Bluesolar e SmartSolar, etc...) Confiamos no 100% em\u00a0<strong>Victron Energia<\/strong>. A qualidade do seu equipamento, a efic\u00e1cia do seu servi\u00e7o p\u00f3s-venda e a simplicidade do seu funcionamento colocam-nos na primeira posi\u00e7\u00e3o para os nossos clientes. Desconfie de outros equipamentos \"tudo inclu\u00eddo\".<\/p>\t\t\t\t\t\t\t\t<\/div>\n\t\t\t\t<\/div>\n\t\t\t\t\t<\/div>\n\t\t<\/div>\n\t\t\t\t\t<\/div>\n\t\t<\/section>\n\t\t\t\t<\/div>","protected":false},"excerpt":{"rendered":"<p>Expertos en energ\u00eda solar fotovoltaica y componentes FV Componentes marca comercial de ICIDE Energ\u00eda S.L.&nbsp; &#8211; B56227523,&nbsp; Somos tu tienda online de referencia, especializada en productos de energ\u00eda solar fotovoltaica y accesorios. Ofrecemos una amplia variedad de paneles solares, inversores, bater\u00edas, y todos los accesorios necesarios para la instalaci\u00f3n y el mantenimiento de sistemas solares. [&hellip;]<\/p>\n","protected":false},"author":1,"featured_media":0,"parent":0,"menu_order":0,"comment_status":"closed","ping_status":"closed","template":"","meta":{"site-sidebar-layout":"no-sidebar","site-content-layout":"page-builder","ast-site-content-layout":"full-width-container","site-content-style":"unboxed","site-sidebar-style":"unboxed","ast-global-header-display":"","ast-banner-title-visibility":"","ast-main-header-display":"","ast-hfb-above-header-display":"","ast-hfb-below-header-display":"","ast-hfb-mobile-header-display":"","site-post-title":"disabled","ast-breadcrumbs-content":"","ast-featured-img":"disabled","footer-sml-layout":"","ast-disable-related-posts":"","theme-transparent-header-meta":"","adv-header-id-meta":"","stick-header-meta":"","header-above-stick-meta":"","header-main-stick-meta":"","header-below-stick-meta":"","astra-migrate-meta-layouts":"set","ast-page-background-enabled":"default","ast-page-background-meta":{"desktop":{"background-color":"var(--ast-global-color-4)","background-image":"","background-repeat":"repeat","background-position":"center center","background-size":"auto","background-attachment":"scroll","background-type":"","background-media":"","overlay-type":"","overlay-color":"","overlay-opacity":"","overlay-gradient":""},"tablet":{"background-color":"","background-image":"","background-repeat":"repeat","background-position":"center center","background-size":"auto","background-attachment":"scroll","background-type":"","background-media":"","overlay-type":"","overlay-color":"","overlay-opacity":"","overlay-gradient":""},"mobile":{"background-color":"","background-image":"","background-repeat":"repeat","background-position":"center center","background-size":"auto","background-attachment":"scroll","background-type":"","background-media":"","overlay-type":"","overlay-color":"","overlay-opacity":"","overlay-gradient":""}},"ast-content-background-meta":{"desktop":{"background-color":"var(--ast-global-color-5)","background-image":"","background-repeat":"repeat","background-position":"center center","background-size":"auto","background-attachment":"scroll","background-type":"","background-media":"","overlay-type":"","overlay-color":"","overlay-opacity":"","overlay-gradient":""},"tablet":{"background-color":"var(--ast-global-color-5)","background-image":"","background-repeat":"repeat","background-position":"center center","background-size":"auto","background-attachment":"scroll","background-type":"","background-media":"","overlay-type":"","overlay-color":"","overlay-opacity":"","overlay-gradient":""},"mobile":{"background-color":"var(--ast-global-color-5)","background-image":"","background-repeat":"repeat","background-position":"center center","background-size":"auto","background-attachment":"scroll","background-type":"","background-media":"","overlay-type":"","overlay-color":"","overlay-opacity":"","overlay-gradient":""}},"footnotes":""},"class_list":["post-4337","page","type-page","status-publish","hentry"],"_links":{"self":[{"href":"https:\/\/fvcomponentes.com\/pt\/wp-json\/wp\/v2\/pages\/4337","targetHints":{"allow":["GET"]}}],"collection":[{"href":"https:\/\/fvcomponentes.com\/pt\/wp-json\/wp\/v2\/pages"}],"about":[{"href":"https:\/\/fvcomponentes.com\/pt\/wp-json\/wp\/v2\/types\/page"}],"author":[{"embeddable":true,"href":"https:\/\/fvcomponentes.com\/pt\/wp-json\/wp\/v2\/users\/1"}],"replies":[{"embeddable":true,"href":"https:\/\/fvcomponentes.com\/pt\/wp-json\/wp\/v2\/comments?post=4337"}],"version-history":[{"count":0,"href":"https:\/\/fvcomponentes.com\/pt\/wp-json\/wp\/v2\/pages\/4337\/revisions"}],"wp:attachment":[{"href":"https:\/\/fvcomponentes.com\/pt\/wp-json\/wp\/v2\/media?parent=4337"}],"curies":[{"name":"wp","href":"https:\/\/api.w.org\/{rel}","templated":true}]}}