{"id":8737,"date":"2023-08-21T09:04:47","date_gmt":"2023-08-21T07:04:47","guid":{"rendered":"https:\/\/fvcomponentes.com\/?post_type=product&#038;p=8737"},"modified":"2025-11-06T15:50:56","modified_gmt":"2025-11-06T14:50:56","slug":"configuration-de-londuleur-a-distance","status":"publish","type":"product","link":"https:\/\/fvcomponentes.com\/fr\/producto\/configuracion-de-inversores-en-remoto\/","title":{"rendered":"Configuration de l'onduleur \u00e0 distance"},"content":{"rendered":"<p>Configuration des onduleurs Victron Energy Multiplus, Quatro et Phoenix Remote<\/p>\n<p><strong>Vous avez des probl\u00e8mes pour installer votre syst\u00e8me VICTRON ?<\/strong><\/p>\n<p>Vous pouvez d\u00e9sormais faire appel \u00e0 notre \u00e9quipe sp\u00e9cialis\u00e9e dans la programmation et la configuration des \u00e9quipements Victron Energy.<\/p>\n<p>Si vous avez un <strong><a href=\"https:\/\/fvcomponentes.com\/fr\/produit\/victron-ve-mk3-usb-interface-interface-link\/\" target=\"_blank\" rel=\"noopener\">C\u00e2ble MK3<\/a> <\/strong>nous pouvons \u00e9tablir une connexion \u00e0 distance avec un ordinateur portable que vous avez connect\u00e9 au c\u00e2ble et \u00e0 l'onduleur. Pour ce faire, vous devez t\u00e9l\u00e9charger le programme d'assistance \u00e0 distance <strong><a href=\"https:\/\/www.supremocontrol.com\/es\/descarga-supremo\/windows\/\" target=\"_blank\" rel=\"noopener\">T\u00e9l\u00e9commande supr\u00eame<\/a> <\/strong>et nous facilitent la t\u00e2che <em>ID et MOT DE PASSE<\/em> qui appara\u00eetra lorsque vous d\u00e9marrerez le programme. Nous pouvons ainsi nous connecter \u00e0 votre ordinateur portable et configurer l'onduleur Victron comme si nous \u00e9tions \u00e0 vos c\u00f4t\u00e9s.<\/p>\n<p><img fetchpriority=\"high\" decoding=\"async\" class=\"alignnone size-full wp-image-9372\" src=\"https:\/\/fvcomponentes.com\/wp-content\/uploads\/2023\/08\/Captura-de-pantalla-2023-09-22-105142.jpg\" alt=\"\" width=\"1000\" height=\"1211\" title=\"\"><\/p>","protected":false},"excerpt":{"rendered":"<p>Configuration par Internet des <strong>1 onduleur<\/strong> Victron Energy et <strong>1 heure<\/strong> dur\u00e9e maximale.<\/p>\n<p><strong>REMARQUE : ce service est r\u00e9serv\u00e9 aux clients de FVComponentes.com et limit\u00e9 aux articles fournis. Les \u00e9l\u00e9ments suivants doivent \u00eatre en place AVANT la conclusion d'un contrat d'assistance ;<\/strong><\/p>\n<p><strong>Connexion internet sur le site d'installation via un routeur internet avec c\u00e2ble r\u00e9seau vers le CERBO ou l'onduleur GX, si vous n'en avez pas, nous vous conseillons d'acheter un routeur 4G pour y ins\u00e9rer une carte SIM t\u00e9l\u00e9phonique. Une connexion partag\u00e9e avec un t\u00e9l\u00e9phone portable n'est pas valable.<\/strong><\/p>\n<p><a href=\"https:\/\/fvcomponentes.com\/fr\/produit\/routeur-sans-fil-4g-tp-link-tl-mr100-300mbps-2-4ghz-2-antennes-wifi-802-11b-g-n-tpl-rou-tl-mr100\/\" target=\"_blank\" rel=\"noopener\">https:\/\/fvcomponentes.com\/producto\/router-inalambrico-4g-tp-link-tl-mr100-300mbps-2-4ghz-2-antenas-wifi-802-11b-g-n-tpl-rou-tl-mr100\/<\/a><\/p>\n<p><strong>Un c\u00e2ble MK3 pour la connexion \u00e0 l'onduleur.<\/strong><\/p>\n<p><a href=\"https:\/\/fvcomponentes.com\/fr\/produit\/victron-ve-mk3-usb-interface-interface-link\/\" target=\"_blank\" rel=\"noopener\">https:\/\/fvcomponentes.com\/producto\/interfaz-de-enlace-victron-ve-mk3-usb\/<\/a><\/p>\n<p><strong>Vous pouvez \u00e9galement faire surveiller l'installation par Internet via le portail VRM.<\/strong><\/p>\n<p><a href=\"https:\/\/vrm.victronenergy.com\/\" target=\"_blank\" rel=\"noopener\">https:\/\/vrm.victronenergy.com\/<\/a><\/p>\n<p><strong>Un PC portable sous Windows connect\u00e9 au routeur internet mentionn\u00e9 au premier point. Il n'est pas possible de faire l'assistance avec un MAC et d'avoir t\u00e9l\u00e9charg\u00e9 l'application SUPREMO REMOTE.<\/strong><\/p>\n<p><a href=\"https:\/\/www.supremocontrol.com\/es\/\" target=\"_blank\" rel=\"noopener\">https:\/\/www.supremocontrol.com\/es\/<\/a><\/p>","protected":false},"featured_media":8762,"comment_status":"open","ping_status":"closed","template":"","meta":{"site-sidebar-layout":"default","site-content-layout":"","ast-site-content-layout":"default","site-content-style":"default","site-sidebar-style":"default","ast-global-header-display":"","ast-banner-title-visibility":"","ast-main-header-display":"","ast-hfb-above-header-display":"","ast-hfb-below-header-display":"","ast-hfb-mobile-header-display":"","site-post-title":"","ast-breadcrumbs-content":"","ast-featured-img":"","footer-sml-layout":"","ast-disable-related-posts":"","theme-transparent-header-meta":"default","adv-header-id-meta":"","stick-header-meta":"","header-above-stick-meta":"","header-main-stick-meta":"","header-below-stick-meta":"","astra-migrate-meta-layouts":"set","ast-page-background-enabled":"default","ast-page-background-meta":{"desktop":{"background-color":"var(--ast-global-color-4)","background-image":"","background-repeat":"repeat","background-position":"center center","background-size":"auto","background-attachment":"scroll","background-type":"","background-media":"","overlay-type":"","overlay-color":"","overlay-opacity":"","overlay-gradient":""},"tablet":{"background-color":"","background-image":"","background-repeat":"repeat","background-position":"center center","background-size":"auto","background-attachment":"scroll","background-type":"","background-media":"","overlay-type":"","overlay-color":"","overlay-opacity":"","overlay-gradient":""},"mobile":{"background-color":"","background-image":"","background-repeat":"repeat","background-position":"center center","background-size":"auto","background-attachment":"scroll","background-type":"","background-media":"","overlay-type":"","overlay-color":"","overlay-opacity":"","overlay-gradient":""}},"ast-content-background-meta":{"desktop":{"background-color":"var(--ast-global-color-5)","background-image":"","background-repeat":"repeat","background-position":"center center","background-size":"auto","background-attachment":"scroll","background-type":"","background-media":"","overlay-type":"","overlay-color":"","overlay-opacity":"","overlay-gradient":""},"tablet":{"background-color":"var(--ast-global-color-5)","background-image":"","background-repeat":"repeat","background-position":"center center","background-size":"auto","background-attachment":"scroll","background-type":"","background-media":"","overlay-type":"","overlay-color":"","overlay-opacity":"","overlay-gradient":""},"mobile":{"background-color":"var(--ast-global-color-5)","background-image":"","background-repeat":"repeat","background-position":"center center","background-size":"auto","background-attachment":"scroll","background-type":"","background-media":"","overlay-type":"","overlay-color":"","overlay-opacity":"","overlay-gradient":""}}},"pwb-brand":[332],"product_brand":[],"product_cat":[872],"product_tag":[],"class_list":{"0":"post-8737","1":"product","2":"type-product","3":"status-publish","4":"has-post-thumbnail","6":"pwb-brand-victron","7":"product_cat-servicios-de-configuracion","8":"desktop-align-left","9":"tablet-align-left","10":"mobile-align-left","11":"ast-product-gallery-layout-horizontal-slider","12":"ast-product-gallery-with-no-image","13":"ast-product-tabs-layout-horizontal","15":"first","16":"instock","17":"virtual","18":"taxable","19":"purchasable","20":"product-type-simple"},"wcpa_form_fields":null,"brands":[{"id":332,"name":"Victron Energy","slug":"victron"}],"_links":{"self":[{"href":"https:\/\/fvcomponentes.com\/fr\/wp-json\/wp\/v2\/product\/8737","targetHints":{"allow":["GET"]}}],"collection":[{"href":"https:\/\/fvcomponentes.com\/fr\/wp-json\/wp\/v2\/product"}],"about":[{"href":"https:\/\/fvcomponentes.com\/fr\/wp-json\/wp\/v2\/types\/product"}],"replies":[{"embeddable":true,"href":"https:\/\/fvcomponentes.com\/fr\/wp-json\/wp\/v2\/comments?post=8737"}],"wp:featuredmedia":[{"embeddable":true,"href":"https:\/\/fvcomponentes.com\/fr\/wp-json\/wp\/v2\/media\/8762"}],"wp:attachment":[{"href":"https:\/\/fvcomponentes.com\/fr\/wp-json\/wp\/v2\/media?parent=8737"}],"wp:term":[{"taxonomy":"pwb-brand","embeddable":true,"href":"https:\/\/fvcomponentes.com\/fr\/wp-json\/wp\/v2\/pwb-brand?post=8737"},{"taxonomy":"product_brand","embeddable":true,"href":"https:\/\/fvcomponentes.com\/fr\/wp-json\/wp\/v2\/product_brand?post=8737"},{"taxonomy":"product_cat","embeddable":true,"href":"https:\/\/fvcomponentes.com\/fr\/wp-json\/wp\/v2\/product_cat?post=8737"},{"taxonomy":"product_tag","embeddable":true,"href":"https:\/\/fvcomponentes.com\/fr\/wp-json\/wp\/v2\/product_tag?post=8737"}],"curies":[{"name":"wp","href":"https:\/\/api.w.org\/{rel}","templated":true}]}}