{"id":8526,"date":"2023-07-14T12:11:17","date_gmt":"2023-07-14T10:11:17","guid":{"rendered":"https:\/\/fvcomponentes.com\/?post_type=product&#038;p=8526"},"modified":"2026-04-08T21:26:35","modified_gmt":"2026-04-08T19:26:35","slug":"victron-fuse-holder-midi-fuse-holder-cip000050001","status":"publish","type":"product","link":"https:\/\/fvcomponentes.com\/fr\/producto\/portafusibles-midi-victron-fuse-holder-cip000050001\/","title":{"rendered":"Victron MIDI Fuse Holder Victron Fuse Holder - CIP000050001"},"content":{"rendered":"<h2 class=\"tw-data-text tw-text-large tw-ta\" dir=\"ltr\" data-placeholder=\"Traducci\u00f3n\">Porte-fusible MIDI Porte-fusible Victron<\/h2>\n<p>Le porte-fusible MIDI de Victron - CIP000050001 est un composant essentiel pour la protection \u00e9lectrique des syst\u00e8mes \u00e0 courant continu. Con\u00e7u sp\u00e9cifiquement pour accueillir des fusibles de type MIDI (\u00e9galement connus sous le nom de fusibles ANL compacts), ce porte-fusible assure une connexion s\u00fbre, robuste et facile \u00e0 installer dans les applications solaires, marines, de v\u00e9hicules de loisirs et de secours.<br \/>\nFabriqu\u00e9 \u00e0 partir de mat\u00e9riaux de haute qualit\u00e9, le porte-fusible Victron offre une excellente r\u00e9sistance thermique et m\u00e9canique, garantissant des performances fiables m\u00eame dans des conditions exigeantes. Il est con\u00e7u pour minimiser les pertes \u00e9lectriques et faciliter la maintenance, en permettant un remplacement rapide du fusible en cas de surcharge ou de court-circuit.<\/p>\n<h2>Principales caract\u00e9ristiques du porte-fusible MIDI Victron Fuse Holder<\/h2>\n<ul>\n<li>Compatible avec les fusibles MIDI jusqu'\u00e0 100 A.<\/li>\n<li>Des raccords viss\u00e9s s\u00fbrs et solides pour une installation stable.<\/li>\n<li>Construction durable, r\u00e9sistante aux chocs et aux temp\u00e9ratures \u00e9lev\u00e9es.<\/li>\n<li>Id\u00e9al pour les syst\u00e8mes de batteries, les onduleurs, les chargeurs et la distribution de courant continu.<\/li>\n<li>Compact et facile \u00e0 int\u00e9grer dans des bo\u00eetes ou des panneaux \u00e9lectriques personnalis\u00e9s.<\/li>\n<\/ul>\n<h2>Fiche technique Porte-fusible MIDI Victron Porte-fusible Victron - CIP000050001<\/h2>\n<p class=\"tw-data-text tw-text-large tw-ta\" dir=\"ltr\" data-placeholder=\"Traducci\u00f3n\"><span class=\"Y2IQFc\" lang=\"es\"><a href=\"https:\/\/fvcomponentes.com\/wp-content\/uploads\/2023\/03\/Datasheet-Midi-Mega-and-ANL-fuses-and-fuse-holders-EN.pdf\" target=\"_blank\" rel=\"noopener\">Voir la fiche technique du porte-fusible Victron Porte-fusible MIDI<\/a><\/span><\/p>","protected":false},"excerpt":{"rendered":"<p>Type de fusible compatible : MIDI (\u00e9galement connu sous le nom de fusibles ANL compacts)<br \/>\nTension nominale : jusqu'\u00e0 32 V DC<br \/>\nMat\u00e9riau du corps : plastique tr\u00e8s r\u00e9sistant, non conducteur<br \/>\nUtilisation recommand\u00e9e : syst\u00e8mes d'\u00e9nergie solaire, v\u00e9hicules de loisirs, bateaux, installations de batteries, onduleurs, chargeurs DC<\/p>\n<p>&nbsp;<\/p>","protected":false},"featured_media":8527,"comment_status":"open","ping_status":"closed","template":"","meta":{"site-sidebar-layout":"default","site-content-layout":"default","ast-site-content-layout":"default","site-content-style":"default","site-sidebar-style":"default","ast-global-header-display":"","ast-banner-title-visibility":"","ast-main-header-display":"","ast-hfb-above-header-display":"","ast-hfb-below-header-display":"","ast-hfb-mobile-header-display":"","site-post-title":"","ast-breadcrumbs-content":"","ast-featured-img":"","footer-sml-layout":"","ast-disable-related-posts":"","theme-transparent-header-meta":"default","adv-header-id-meta":"","stick-header-meta":"","header-above-stick-meta":"","header-main-stick-meta":"","header-below-stick-meta":"","astra-migrate-meta-layouts":"set","ast-page-background-enabled":"default","ast-page-background-meta":{"desktop":{"background-color":"var(--ast-global-color-4)","background-image":"","background-repeat":"repeat","background-position":"center center","background-size":"auto","background-attachment":"scroll","background-type":"","background-media":"","overlay-type":"","overlay-color":"","overlay-opacity":"","overlay-gradient":""},"tablet":{"background-color":"","background-image":"","background-repeat":"repeat","background-position":"center center","background-size":"auto","background-attachment":"scroll","background-type":"","background-media":"","overlay-type":"","overlay-color":"","overlay-opacity":"","overlay-gradient":""},"mobile":{"background-color":"","background-image":"","background-repeat":"repeat","background-position":"center center","background-size":"auto","background-attachment":"scroll","background-type":"","background-media":"","overlay-type":"","overlay-color":"","overlay-opacity":"","overlay-gradient":""}},"ast-content-background-meta":{"desktop":{"background-color":"var(--ast-global-color-5)","background-image":"","background-repeat":"repeat","background-position":"center center","background-size":"auto","background-attachment":"scroll","background-type":"","background-media":"","overlay-type":"","overlay-color":"","overlay-opacity":"","overlay-gradient":""},"tablet":{"background-color":"var(--ast-global-color-5)","background-image":"","background-repeat":"repeat","background-position":"center center","background-size":"auto","background-attachment":"scroll","background-type":"","background-media":"","overlay-type":"","overlay-color":"","overlay-opacity":"","overlay-gradient":""},"mobile":{"background-color":"var(--ast-global-color-5)","background-image":"","background-repeat":"repeat","background-position":"center center","background-size":"auto","background-attachment":"scroll","background-type":"","background-media":"","overlay-type":"","overlay-color":"","overlay-opacity":"","overlay-gradient":""}}},"pwb-brand":[332],"product_brand":[],"product_cat":[410,988],"product_tag":[],"class_list":{"0":"post-8526","1":"product","2":"type-product","3":"status-publish","4":"has-post-thumbnail","6":"pwb-brand-victron","7":"product_cat-material-electrico","8":"product_cat-portafusibles","9":"desktop-align-left","10":"tablet-align-left","11":"mobile-align-left","12":"ast-product-gallery-layout-horizontal-slider","13":"ast-product-gallery-with-no-image","14":"ast-product-tabs-layout-horizontal","16":"first","17":"instock","18":"taxable","19":"shipping-taxable","20":"purchasable","21":"product-type-simple"},"wcpa_form_fields":null,"brands":[{"id":332,"name":"Victron Energy","slug":"victron"}],"_links":{"self":[{"href":"https:\/\/fvcomponentes.com\/fr\/wp-json\/wp\/v2\/product\/8526","targetHints":{"allow":["GET"]}}],"collection":[{"href":"https:\/\/fvcomponentes.com\/fr\/wp-json\/wp\/v2\/product"}],"about":[{"href":"https:\/\/fvcomponentes.com\/fr\/wp-json\/wp\/v2\/types\/product"}],"replies":[{"embeddable":true,"href":"https:\/\/fvcomponentes.com\/fr\/wp-json\/wp\/v2\/comments?post=8526"}],"wp:featuredmedia":[{"embeddable":true,"href":"https:\/\/fvcomponentes.com\/fr\/wp-json\/wp\/v2\/media\/8527"}],"wp:attachment":[{"href":"https:\/\/fvcomponentes.com\/fr\/wp-json\/wp\/v2\/media?parent=8526"}],"wp:term":[{"taxonomy":"pwb-brand","embeddable":true,"href":"https:\/\/fvcomponentes.com\/fr\/wp-json\/wp\/v2\/pwb-brand?post=8526"},{"taxonomy":"product_brand","embeddable":true,"href":"https:\/\/fvcomponentes.com\/fr\/wp-json\/wp\/v2\/product_brand?post=8526"},{"taxonomy":"product_cat","embeddable":true,"href":"https:\/\/fvcomponentes.com\/fr\/wp-json\/wp\/v2\/product_cat?post=8526"},{"taxonomy":"product_tag","embeddable":true,"href":"https:\/\/fvcomponentes.com\/fr\/wp-json\/wp\/v2\/product_tag?post=8526"}],"curies":[{"name":"wp","href":"https:\/\/api.w.org\/{rel}","templated":true}]}}