{"id":8413,"date":"2023-06-21T13:14:39","date_gmt":"2023-06-21T11:14:39","guid":{"rendered":"https:\/\/fvcomponentes.com\/?post_type=product&#038;p=8413"},"modified":"2026-03-30T12:15:01","modified_gmt":"2026-03-30T10:15:01","slug":"chargeur-de-voiture-electrique-fronius-wattpilot-go-22j-2-0-4240400","status":"publish","type":"product","link":"https:\/\/fvcomponentes.com\/fr\/producto\/cargador-coche-electrico-fronius-wattpilot-go-22j-2-0-4240400\/","title":{"rendered":"Fronius Wattpilot Go 22J 2.0 Chargeur de voiture \u00e9lectrique - 4 240 400"},"content":{"rendered":"<div class=\"layoutSection white\" data-component-anchor-id=\"anc_dynamic-surplus\">\n<div class=\"container\">\n<div class=\"heading\">\n<h2>Caract\u00e9ristiques du chargeur de voiture \u00e9lectrique Fronius Wattpilot Go 22J 2.0 - 4 240 400<\/h2>\n<p>Fronius Wattpilot HOME 11J 2.0 est la nouvelle solution de charge intelligente pour les voitures \u00e9lectriques. Les conducteurs de voitures \u00e9lectriques peuvent d\u00e9cider eux-m\u00eames de la mani\u00e8re dont ils rechargent leur v\u00e9hicule. La recharge est tr\u00e8s rentable en combinaison avec un tarif d'\u00e9lectricit\u00e9 variable. Il est tr\u00e8s facile \u00e0 installer et c'est l'un des rares produits sur le march\u00e9 capable de basculer automatiquement entre la charge monophas\u00e9e et la charge triphas\u00e9e exc\u00e9dentaire pour obtenir le maximum d'\u00e9nergie possible de l'installation.<\/p>\n<div>Fronius Wattpilot est disponible en deux versions : Wattpilot Home, <a href=\"https:\/\/fvcomponentes.com\/fr\/produit\/chargeur-de-voiture-electrique-fronius-wattpilot-home-22j-2-0-4240403\/\" target=\"_blank\" rel=\"noopener\">Chargeur de voiture \u00e9lectrique Fronius Wattpilot Home 22J 2.0 - 4 240 403<\/a>La version mobile de Wattpilot Go est disponible pour une installation fixe dans la maison et la version mobile de Wattpilot Go. L'appareil peut \u00eatre utilis\u00e9 via son <strong>app Solar.wattpilot<\/strong>qui fournit \u00e9galement une vue d'ensemble du processus de charge. Cette solution de charge intelligente fonctionne via plug &amp; play et dispose de deux modes de charge : \"Eco\" et \"Next Trip\". En outre, Wattpilot est optimis\u00e9 pour les syst\u00e8mes photovolta\u00efques : il est ainsi possible de recharger la voiture de mani\u00e8re particuli\u00e8rement rentable et durable gr\u00e2ce \u00e0 l'\u00e9nergie solaire exc\u00e9dentaire.<\/div>\n<h2><\/h2>\n<h2>Processus dynamique de chargement des exc\u00e9dents<\/h2>\n<\/div>\n<div class=\"text\" data-component-anchor-id=\"anc_\">\n<div class=\"text-wrap\" data-gtm-vis-has-fired-2269922_821=\"1\">Le processus de chargement dynamique des exc\u00e9dents garantit la <strong>l'utilisation optimale de l'\u00e9nergie photovolta\u00efque exc\u00e9dentaire dans notre syst\u00e8me<\/strong> y <strong>\u00e9vite la recharge \u00e0 partir du r\u00e9seau<\/strong>. En utilisant la base de charge intelligente Fronius WattPilot, m\u00eame les utilisateurs les plus exigeants sont en mesure d'\u00e9conomiser du temps et de l'argent. <strong>des exc\u00e9dents moins importants <\/strong><strong>peut \u00eatre utilis\u00e9<\/strong> pour recharger le v\u00e9hicule \u00e9lectrique.<\/div>\n<\/div>\n<div class=\"layoutTemplate layoutTemplate-8-4\">\n<div class=\"row\">\n<div class=\"col-xs-12 col-md-8\">\n<div class=\"mediaSlider\" data-component-anchor-id=\"anc_\">\n<div class=\"container-fluid\">\n<div class=\"row\">\n<div class=\"container-inner col-md-12\">\n<div id=\"id_09082805-4a96-4e01-a472-4a6e935a0741_16bcc064-1590-4125-916f-8d67b5c83611_\" class=\"carousel slide\" data-interval=\"false\" data-count=\"1\" data-calculatecontrolposition=\"true\">\n<div class=\"carousel-inner\">\n<div class=\"item active\">\n<div class=\"carousel-image\">\n<p><img fetchpriority=\"high\" decoding=\"async\" class=\"alignnone wp-image-8410\" src=\"https:\/\/fvcomponentes.com\/wp-content\/uploads\/2023\/06\/wattpilot-pv-surplus-charging-169.jpg\" alt=\"\" width=\"600\" height=\"337\" title=\"\"><\/p>\n<\/div>\n<\/div>\n<\/div>\n<\/div>\n<\/div>\n<\/div>\n<\/div>\n<\/div>\n<div class=\"text\" data-component-anchor-id=\"anc_\">\n<div class=\"text-wrap\" data-gtm-vis-has-fired-2269922_821=\"1\">\n<p><strong><span style=\"color: #00ccff;\">- Surplus photovolta\u00efque<br \/>\n<\/span><\/strong><span style=\"color: #339966;\"><strong>- V\u00e9hicule \u00e9lectrique<\/strong><\/span><\/p>\n<\/div>\n<\/div>\n<\/div>\n<div class=\"col-xs-12 col-md-4\">\n<div class=\"text\" data-component-anchor-id=\"anc_\">\n<div class=\"text-wrap\" data-gtm-vis-has-fired-2269922_821=\"1\">\n<p>Les\u00a0\u00a0<strong>le processus de chargement d\u00e9marre automatiquement lorsqu'il y a un surplus de puissance minimum<\/strong> et le fera <strong>s'adapte \u00e0 la quantit\u00e9 d'\u00e9nergie exc\u00e9dentaire \u00e0 un moment donn\u00e9<\/strong>. Apr\u00e8s une configuration correcte par l'installateur, cette solution garantit que le v\u00e9hicule \u00e9lectrique est automatiquement recharg\u00e9 avec l'\u00e9nergie solaire restante pendant la journ\u00e9e au lieu de l'injecter dans le r\u00e9seau.<\/p>\n<\/div>\n<\/div>\n<\/div>\n<\/div>\n<\/div>\n<div class=\"text imageText row img-right inside-grid-6-6\" data-component-anchor-id=\"anc_\">\n<div class=\"text-wrap\" data-gtm-vis-has-fired-2269922_821=\"1\">\n<h3>Chargement dynamique avec le chargeur de voiture \u00e9lectrique Fronius Wattpilot Go 22J 2.0 - 4 240 400<\/h3>\n<p>La borne de recharge pour v\u00e9hicules \u00e9lectriques Fronius WattPilot GO 22J 2.0 est le meilleur moyen de recharger les v\u00e9hicules \u00e9lectriques.<strong> solution de recharge intelligente, car elle<\/strong>\u00a0permet <strong>charge dynamique des exc\u00e9dents photovolta\u00efques<\/strong>.<\/p>\n<p>Gr\u00e2ce \u00e0 la<strong> commutation monophas\u00e9e\/triphas\u00e9e enti\u00e8rement automatique<\/strong>De cette mani\u00e8re, il est possible d'utiliser de mani\u00e8re optimale le syst\u00e8me d'information de l'UE. <strong>l'\u00e9nergie photovolta\u00efque<\/strong> exc\u00e9dentaire\u00a0<strong>de 1,38 \u00e0 22 kW de puissance<\/strong>.<\/p>\n<p>Le WattPilot est \u00e9galement <strong>compatible avec les tarifs d'\u00e9lectricit\u00e9 avec discrimination horaire<\/strong>. Cela signifie que vous pouvez utiliser le r\u00e9seau \u00e9lectrique pour <strong>Chargement tr\u00e8s \u00e9conomique<\/strong>\u00a0la nuit pendant\u00a0<strong>les p\u00e9riodes creuses o\u00f9 les tarifs sont bas.<\/strong><\/p>\n<\/div>\n<\/div>\n<h3>Lecteur de cartes RFID<\/h3>\n<div class=\"text imageText row img-right inside-grid-6-6\" data-component-anchor-id=\"anc_\">\n<p>Capteur RFID int\u00e9gr\u00e9 : le chargement ne d\u00e9marre que si la base de chargement est activ\u00e9e par une carte \u00e0 puce valide (RFID).<\/p>\n<h3>Gestion de la charge avec l'application \"Solar.WattPilot\".<\/h3>\n<p>Pour g\u00e9rer et contr\u00f4ler le processus de charge avec la base de charge Fronius WattPilot, l'application Solar.WattPilot (iOS et Android) est disponible. \u00c0 l'aide de votre smartphone, vous pouvez contr\u00f4ler et g\u00e9rer facilement et simplement l'ensemble du processus de charge.<\/p>\n<div class=\"ast-oembed-container\" style=\"height: 100%;\"><iframe title=\"Fronius Wattpilot. Con\u00e7u pour bouger (EN)\" width=\"500\" height=\"281\" src=\"https:\/\/www.youtube.com\/embed\/G-x1wQN4Cg0?list=PLxnRyy-bGLh-LkvuoMfPWXQmZFN78edO5\" frameborder=\"0\" allow=\"accelerometer; autoplay; clipboard-write; encrypted-media; gyroscope; picture-in-picture; web-share\" referrerpolicy=\"strict-origin-when-cross-origin\" allowfullscreen><\/iframe><\/div>\n<div id=\"hbacc_61df56e0-df84-4e3c-a4b0-f07776ec9597_372160b4-7b89-436b-80c5-d56ae52046d5_\" class=\"panel-heading\" role=\"tab\">\n<h2 class=\"panel-title\">Caract\u00e9ristiques techniques du chargeur de voiture \u00e9lectrique Fronius Wattpilot Go 22J 2.0 - 4.240.400<\/h2>\n<\/div>\n<div id=\"bacc_61df56e0-df84-4e3c-a4b0-f07776ec9597_372160b4-7b89-436b-80c5-d56ae52046d5_\" class=\"panel-collapse collapse in\" role=\"tabpanel\" aria-labelledby=\"hbacc_61df56e0-df84-4e3c-a4b0-f07776ec9597_372160b4-7b89-436b-80c5-d56ae52046d5_\">\n<div class=\"panel-body\">\n<div class=\"text\" data-component-anchor-id=\"anc_\">\n<div class=\"text-wrap\" data-gtm-vis-has-fired-2269922_821=\"1\">\n<h2>Donn\u00e9es d'entr\u00e9e<\/h2>\n<div class=\"table-responsive\">\n<table>\n<tbody>\n<tr>\n<th>Fr\u00e9quence (entr\u00e9e)<\/th>\n<td>50 Hz<\/td>\n<\/tr>\n<tr>\n<th>Types de connexion r\u00e9seau<\/th>\n<td>TT \/ TN \/ IT<\/td>\n<\/tr>\n<tr>\n<th>Raccordements principaux<\/th>\n<td>Connecteur CEE32 rouge 5 p\u00f4les avec conducteur neutre<\/td>\n<\/tr>\n<tr>\n<th>Tension nominale<\/th>\n<td>230 V (monophas\u00e9) \/ 400 V (triphas\u00e9)<\/td>\n<\/tr>\n<tr>\n<th>Courant nominal<\/th>\n<td>6-32A monophas\u00e9 ou triphas\u00e9<\/td>\n<\/tr>\n<tr>\n<th>Consommation en mode ralenti<\/th>\n<td>1,9 W (LED sombre), 4,2 W (LED claire)<\/td>\n<\/tr>\n<tr>\n<th>Prise de charge<\/th>\n<td>Connecteur de type 2 avec verrouillage m\u00e9canique<\/td>\n<\/tr>\n<tr>\n<th>Dispositif \u00e0 courant r\u00e9siduel<\/th>\n<td>30 mA AC, 6 mA DC<\/td>\n<\/tr>\n<tr>\n<th>Section du c\u00e2ble d'alimentation<\/th>\n<td>6 mm 2<\/td>\n<\/tr>\n<tr>\n<th>Puissance de charge maximale<\/th>\n<td>22 kW<\/td>\n<\/tr>\n<\/tbody>\n<\/table>\n<\/div>\n<h2>Donn\u00e9es g\u00e9n\u00e9rales<\/h2>\n<div class=\"table-responsive\">\n<table>\n<tbody>\n<tr>\n<th>\n<div>Dimension \/ largeur<\/div>\n<\/th>\n<td>146 mm<\/td>\n<\/tr>\n<tr>\n<th>\n<div>Dimension (hauteur)<\/div>\n<\/th>\n<td>251 mm<\/td>\n<\/tr>\n<tr>\n<th>\n<div>Dimension (profondeur)<\/div>\n<\/th>\n<td>96 mm<\/td>\n<\/tr>\n<tr>\n<th>Poids<\/th>\n<td>1,89 kg<\/td>\n<\/tr>\n<tr>\n<th>Poids avec emballage<\/th>\n<td>3,25 kg<\/td>\n<\/tr>\n<tr>\n<th>Classe de protection<\/th>\n<td>IP 54 (IP44 avec un c\u00e2ble de type 2 connect\u00e9)<\/td>\n<\/tr>\n<tr>\n<th>Installation<\/th>\n<td>Installation \u00e0 l'int\u00e9rieur et \u00e0 l'ext\u00e9rieur<\/td>\n<\/tr>\n<tr>\n<th>Plage de temp\u00e9rature ambiante<\/th>\n<td>De -25 \u00b0C \u00e0 +40 \u00b0C (sans exposition directe au soleil)<\/td>\n<\/tr>\n<tr>\n<th>Humidit\u00e9<\/th>\n<td>5% \u2013 95%<\/td>\n<\/tr>\n<tr>\n<th>Altitude maximale<\/th>\n<td>2000 m<\/td>\n<\/tr>\n<tr>\n<th>R\u00e9sistance aux chocs<\/th>\n<td>IK08<\/td>\n<\/tr>\n<tr>\n<th>Optimisation photovolta\u00efque<\/th>\n<td>1,38-22 kW de charge PV dynamique (commutation automatique monophas\u00e9\/triphas\u00e9)<\/td>\n<\/tr>\n<tr>\n<th>Connexion au r\u00e9seau<\/th>\n<td>WLAN* WLAN* WLAN* WLAN* WLAN* WLAN* WLAN* WLAN* WLAN* WLAN* WLAN<\/td>\n<\/tr>\n<tr>\n<th>Type d'installation<\/th>\n<td>Suspension \u00e0 la verticale<\/td>\n<\/tr>\n<tr>\n<th>Temp\u00e9rature ambiante moyenne pendant 24 heures<\/th>\n<td>Max. 35\u00b0 C<\/td>\n<\/tr>\n<\/tbody>\n<\/table>\n<h2>Adaptateur pour chargeur de voiture \u00e9lectrique Fronius Wattpilot Go 22J 2.0 - 4 240 400<\/h2>\n<p>Les\u00a0<a href=\"https:\/\/fvcomponentes.com\/fr\/produit\/adaptateur-pour-chargeur-de-voiture-electrique-fronius-wattpilot-go-22-4240410\/\" target=\"_blank\" rel=\"noopener\">Kit d'adaptation pour Fronius Wattpilot Go 22<\/a>\u00a0(CEE32A, CEE bleu, Schuko) vendus s\u00e9par\u00e9ment.<\/p>\n<h2>Fronius Wattpilot Go 22J 2.0 Chargeur de voiture \u00e9lectrique Donn\u00e9es techniques - 4.240.400<\/h2>\n<p><a href=\"https:\/\/fvcomponentes.com\/wp-content\/uploads\/2023\/06\/Fronius_TDS_Wattpilot_New_EN.pdf\" target=\"_blank\" rel=\"noopener\">Fiche technique du chargeur de voiture \u00e9lectrique Fronius Wattpilot Go 22J 2.0 - 4 240 400<\/a><\/p>\n<\/div>\n<\/div>\n<\/div>\n<\/div>\n<\/div>\n<\/div>\n<\/div>\n<\/div>","protected":false},"excerpt":{"rendered":"<ul>\n<li>Le chargeur de v\u00e9hicule \u00e9lectrique<strong> Fronius WattPilot<\/strong> GO 22J est la meilleure solution de recharge intelligente pour les voitures \u00e9lectriques. Il permet une charge dynamique des surplus photovolta\u00efques.<\/li>\n<li><span style=\"color: #ff0000;\"><strong>Sans c\u00e2ble de chargement<\/strong><\/span><\/li>\n<\/ul>","protected":false},"featured_media":8414,"comment_status":"open","ping_status":"closed","template":"","meta":{"site-sidebar-layout":"default","site-content-layout":"default","ast-site-content-layout":"default","site-content-style":"default","site-sidebar-style":"default","ast-global-header-display":"","ast-banner-title-visibility":"","ast-main-header-display":"","ast-hfb-above-header-display":"","ast-hfb-below-header-display":"","ast-hfb-mobile-header-display":"","site-post-title":"","ast-breadcrumbs-content":"","ast-featured-img":"","footer-sml-layout":"","ast-disable-related-posts":"","theme-transparent-header-meta":"default","adv-header-id-meta":"","stick-header-meta":"","header-above-stick-meta":"","header-main-stick-meta":"","header-below-stick-meta":"","astra-migrate-meta-layouts":"set","ast-page-background-enabled":"default","ast-page-background-meta":{"desktop":{"background-color":"var(--ast-global-color-4)","background-image":"","background-repeat":"repeat","background-position":"center center","background-size":"auto","background-attachment":"scroll","background-type":"","background-media":"","overlay-type":"","overlay-color":"","overlay-opacity":"","overlay-gradient":""},"tablet":{"background-color":"","background-image":"","background-repeat":"repeat","background-position":"center center","background-size":"auto","background-attachment":"scroll","background-type":"","background-media":"","overlay-type":"","overlay-color":"","overlay-opacity":"","overlay-gradient":""},"mobile":{"background-color":"","background-image":"","background-repeat":"repeat","background-position":"center center","background-size":"auto","background-attachment":"scroll","background-type":"","background-media":"","overlay-type":"","overlay-color":"","overlay-opacity":"","overlay-gradient":""}},"ast-content-background-meta":{"desktop":{"background-color":"var(--ast-global-color-5)","background-image":"","background-repeat":"repeat","background-position":"center center","background-size":"auto","background-attachment":"scroll","background-type":"","background-media":"","overlay-type":"","overlay-color":"","overlay-opacity":"","overlay-gradient":""},"tablet":{"background-color":"var(--ast-global-color-5)","background-image":"","background-repeat":"repeat","background-position":"center center","background-size":"auto","background-attachment":"scroll","background-type":"","background-media":"","overlay-type":"","overlay-color":"","overlay-opacity":"","overlay-gradient":""},"mobile":{"background-color":"var(--ast-global-color-5)","background-image":"","background-repeat":"repeat","background-position":"center center","background-size":"auto","background-attachment":"scroll","background-type":"","background-media":"","overlay-type":"","overlay-color":"","overlay-opacity":"","overlay-gradient":""}}},"pwb-brand":[344],"product_brand":[],"product_cat":[385],"product_tag":[],"class_list":{"0":"post-8413","1":"product","2":"type-product","3":"status-publish","4":"has-post-thumbnail","6":"pwb-brand-fronius","7":"product_cat-cargadores-para-vehiculo-electrico","8":"desktop-align-left","9":"tablet-align-left","10":"mobile-align-left","11":"ast-product-gallery-layout-horizontal-slider","12":"ast-product-gallery-with-no-image","13":"ast-product-tabs-layout-horizontal","15":"first","16":"instock","17":"taxable","18":"shipping-taxable","19":"purchasable","20":"product-type-simple"},"wcpa_form_fields":null,"brands":[{"id":344,"name":"Onduleurs Fronius","slug":"fronius"}],"_links":{"self":[{"href":"https:\/\/fvcomponentes.com\/fr\/wp-json\/wp\/v2\/product\/8413","targetHints":{"allow":["GET"]}}],"collection":[{"href":"https:\/\/fvcomponentes.com\/fr\/wp-json\/wp\/v2\/product"}],"about":[{"href":"https:\/\/fvcomponentes.com\/fr\/wp-json\/wp\/v2\/types\/product"}],"replies":[{"embeddable":true,"href":"https:\/\/fvcomponentes.com\/fr\/wp-json\/wp\/v2\/comments?post=8413"}],"wp:featuredmedia":[{"embeddable":true,"href":"https:\/\/fvcomponentes.com\/fr\/wp-json\/wp\/v2\/media\/8414"}],"wp:attachment":[{"href":"https:\/\/fvcomponentes.com\/fr\/wp-json\/wp\/v2\/media?parent=8413"}],"wp:term":[{"taxonomy":"pwb-brand","embeddable":true,"href":"https:\/\/fvcomponentes.com\/fr\/wp-json\/wp\/v2\/pwb-brand?post=8413"},{"taxonomy":"product_brand","embeddable":true,"href":"https:\/\/fvcomponentes.com\/fr\/wp-json\/wp\/v2\/product_brand?post=8413"},{"taxonomy":"product_cat","embeddable":true,"href":"https:\/\/fvcomponentes.com\/fr\/wp-json\/wp\/v2\/product_cat?post=8413"},{"taxonomy":"product_tag","embeddable":true,"href":"https:\/\/fvcomponentes.com\/fr\/wp-json\/wp\/v2\/product_tag?post=8413"}],"curies":[{"name":"wp","href":"https:\/\/api.w.org\/{rel}","templated":true}]}}