{"id":8380,"date":"2023-06-12T13:48:18","date_gmt":"2023-06-12T11:48:18","guid":{"rendered":"https:\/\/fvcomponentes.com\/?post_type=product&#038;p=8380"},"modified":"2025-06-24T16:09:15","modified_gmt":"2025-06-24T14:09:15","slug":"35mm-drum-cable-black-custom-made","status":"publish","type":"product","link":"https:\/\/fvcomponentes.com\/fr\/producto\/cable-para-bateria-35mm-negro-a-medida\/","title":{"rendered":"C\u00e2ble de batterie 35mm NOIR (sur mesure)"},"content":{"rendered":"<h2>C\u00e2ble de batterie SUMFLEX 1 X 35mm\u00b2 450\/750V Noir<\/h2>\n<p><span class=\"a-list-item\">C\u00e2ble de batterie SUMFLEX 1 X 35mm\u00b2 450\/750V noir, flexible et adapt\u00e9 \u00e0 tous les types d'installations, aussi bien \u00e0 l'int\u00e9rieur qu'\u00e0 l'ext\u00e9rieur. Convient pour les connexions entre les panneaux solaires et entre ceux-ci et les diff\u00e9rents composants de l'installation, tels que les protections, les r\u00e9gulateurs, les onduleurs, etc. C\u00e2bles r\u00e9sistants aux rayons ultraviolets et \u00e0 l'effet de l'humidit\u00e9.<\/span><\/p>\n<h3>Caract\u00e9ristiques<\/h3>\n<ul>\n<li>R\u00e9sistance \u00e0 l'eau am\u00e9lior\u00e9e ; directement sous terre<\/li>\n<li>Conformit\u00e9 \u00e0 la norme CPR EN50575<\/li>\n<li>Disposition g\u00e9n\u00e9rale<\/li>\n<li>Dur\u00e9e d'utilisation estim\u00e9e \u00e0 25 ans<\/li>\n<li>Le c\u00e2ble est exp\u00e9di\u00e9 avec des marquages par m\u00e8tre de c\u00e2ble.<\/li>\n<li>Tension nominale : 1,5kV DC et 1,0kV AC<\/li>\n<li>Tension de fonctionnement maximale admissible : 1,8 kV DC (2,0 kV DC v\u00e9rification interne suppl\u00e9mentaire)<\/li>\n<li>Construction du fil : fil toronn\u00e9 en cuivre \u00e9tam\u00e9 (cuivre \u00e9lectrolytique) selon IEC 60228 Classe 5<\/li>\n<li>Isolation : conducteur \u00e9lectrique isol\u00e9 en poly-ol\u00e9fine ; duret\u00e9 Shore D 32<\/li>\n<li>Gaine ext\u00e9rieure : conducteur \u00e9lectrique isol\u00e9 XLPO ; duret\u00e9 Shore D 36<\/li>\n<\/ul>\n<p>Egalement disponible en rouge : <a href=\"https:\/\/fvcomponentes.com\/fr\/produit\/sumflex-battery-cable-1-x-35mm%c2%b2-450-750v-red\/\" target=\"_blank\" rel=\"noopener\">C\u00e2ble de batterie SUMFLEX 1 X 35mm\u00b2 450\/750V ROUGE (sur mesure)<\/a><\/p>\n<h3>Fiche technique C\u00e2ble de batterie SUMFLEX 1 X 35mm\u00b2 450\/750V Noir<\/h3>\n<p>Fiche technique C\u00e2ble de batterie SUMFLEX 1 X 35mm\u00b2 450\/750V Noir<\/p>","protected":false},"excerpt":{"rendered":"<p><b>Nous fabriquons vos c\u00e2bles sur mesure, s\u00e9lectionnez les centim\u00e8tres de longueur totale et les connecteurs que vous souhaitez \u00e0 chaque extr\u00e9mit\u00e9 du c\u00e2ble. Sertissage professionnel et gaine thermor\u00e9tractable dans la couleur du c\u00e2ble. Regardez les photos pour voir le niveau de finition.<\/b><br \/>\n<span style=\"color: #ff0000;\"><strong>IMPORTANT : Fourni en centim\u00e8tres. Pas de possibilit\u00e9 de retour. Frais de manutention + distance en centim\u00e8tres + connecteurs.<\/strong><\/span><\/p>\n<p>S'agit-il du bon c\u00e2ble ? Consultez notre guide <a href=\"https:\/\/fvcomponentes.com\/fr\/comment-calculer-la-section-dun-cable\/\" target=\"_blank\" rel=\"noopener\">Comment calculer la section d'un c\u00e2ble ?<\/a><\/p>","protected":false},"featured_media":8855,"comment_status":"open","ping_status":"closed","template":"","meta":{"site-sidebar-layout":"default","site-content-layout":"default","ast-site-content-layout":"default","site-content-style":"default","site-sidebar-style":"default","ast-global-header-display":"","ast-banner-title-visibility":"","ast-main-header-display":"","ast-hfb-above-header-display":"","ast-hfb-below-header-display":"","ast-hfb-mobile-header-display":"","site-post-title":"","ast-breadcrumbs-content":"","ast-featured-img":"","footer-sml-layout":"","ast-disable-related-posts":"","theme-transparent-header-meta":"default","adv-header-id-meta":"","stick-header-meta":"","header-above-stick-meta":"","header-main-stick-meta":"","header-below-stick-meta":"","astra-migrate-meta-layouts":"set","ast-page-background-enabled":"default","ast-page-background-meta":{"desktop":{"background-color":"var(--ast-global-color-4)","background-image":"","background-repeat":"repeat","background-position":"center center","background-size":"auto","background-attachment":"scroll","background-type":"","background-media":"","overlay-type":"","overlay-color":"","overlay-opacity":"","overlay-gradient":""},"tablet":{"background-color":"","background-image":"","background-repeat":"repeat","background-position":"center center","background-size":"auto","background-attachment":"scroll","background-type":"","background-media":"","overlay-type":"","overlay-color":"","overlay-opacity":"","overlay-gradient":""},"mobile":{"background-color":"","background-image":"","background-repeat":"repeat","background-position":"center center","background-size":"auto","background-attachment":"scroll","background-type":"","background-media":"","overlay-type":"","overlay-color":"","overlay-opacity":"","overlay-gradient":""}},"ast-content-background-meta":{"desktop":{"background-color":"var(--ast-global-color-5)","background-image":"","background-repeat":"repeat","background-position":"center center","background-size":"auto","background-attachment":"scroll","background-type":"","background-media":"","overlay-type":"","overlay-color":"","overlay-opacity":"","overlay-gradient":""},"tablet":{"background-color":"var(--ast-global-color-5)","background-image":"","background-repeat":"repeat","background-position":"center center","background-size":"auto","background-attachment":"scroll","background-type":"","background-media":"","overlay-type":"","overlay-color":"","overlay-opacity":"","overlay-gradient":""},"mobile":{"background-color":"var(--ast-global-color-5)","background-image":"","background-repeat":"repeat","background-position":"center center","background-size":"auto","background-attachment":"scroll","background-type":"","background-media":"","overlay-type":"","overlay-color":"","overlay-opacity":"","overlay-gradient":""}}},"pwb-brand":[],"product_brand":[],"product_cat":[877,410],"product_tag":[],"class_list":{"0":"post-8380","1":"product","2":"type-product","3":"status-publish","4":"has-post-thumbnail","6":"product_cat-cables-electricos","7":"product_cat-material-electrico","8":"desktop-align-left","9":"tablet-align-left","10":"mobile-align-left","11":"ast-product-gallery-layout-horizontal-slider","12":"ast-product-tabs-layout-horizontal","13":"wcpa_has_options","15":"first","16":"instock","17":"taxable","18":"shipping-taxable","19":"purchasable","20":"product-type-simple"},"wcpa_form_fields":{"wcpaData":{"product":{"product_price":1.2,"price_html":"<span class=\"woocommerce-Price-amount amount\"><bdi>1,20<span class=\"woocommerce-Price-currencySymbol\">&euro;<\/span><\/bdi><\/span>","original_product_price":1.2,"price_including_tax":1.2,"price_excluding_tax":1.2,"product_id":{"parent":8380,"variation":false},"is_variable":false,"stock_status":"instock","stock_quantity":null,"parent_sku":"","product_attributes":[],"custom_fields":[],"is_taxable":true,"product_name":"Cable para bateria 35mm NEGRO (A medida)","hasImage":false},"fields":{"sec_065047a8f30044":{"extra":{"key":"sec_065047a8f30044","section_id":"sec_065047a8f30044","name":"Cable 35mm","status":1,"cl_rule":"show","enableCl":false,"relations":[],"toggle":true,"title_tag":"h3","show_title":false,"showPrice":"default","form_id":9233,"form_rules":{"exclude_from_discount":false,"fee_label":"Fee","disp_hide_options_price":false,"disp_show_section_price":false,"disp_show_field_price":"%s","layout_option":"standard","pric_use_as_fee":false,"process_fee_as":"woo_fee"},"layout_option":"standard"},"fields":[[{"active":true,"col":6,"relations":false,"cl_rule":"show","enableCl":false,"price":"0,1252455","enablePrice":true,"className":"","label_position":"default","desc_position":"default","type":"number","required":true,"elementId":"number_365047a8f3007a","label":"Longitud en CENT\u00cdMETROS (1 cent\u00edmetro = 0,01 metro)","name":"number_365047a8f3007a","value":"10","error":false,"description":"","placeholder":"","use_as_fee":false,"pricingType":"multiply","enable_quantity":false,"quantity_label":"Quantity","disable_manual_input":false,"charleft":false,"mapToCheckout":false,"min":"10","minValueError":"Selecciona como m\u00ednimo 10cms","step":"1","isWeightTemplate":false,"isTemplate":false,"min_quantity":"1","quantity_decimal":false,"quantity_step":"1","repeater_field_label":"{field_label}","repeater_bind":"","gt_translate_keys":["label","placeholder","description","value","repeater_field_label","quantity_label","minValueError"],"price_dependency":false,"cl_dependency":false}],[{"active":true,"col":6,"relations":false,"cl_rule":"show","enableCl":false,"price":"","enablePrice":true,"className":"","label_position":"default","desc_position":"default","type":"select","required":true,"elementId":"select_1065047a8f30087","label":"Conector 1","name":"select_1065047a8f30087","values":[{"label":"Sin conector","value":"Sin conector","selected":false,"tempId":"aco_2587","gt_translate_keys":["label"]},{"label":"Bater\u00eda positivo","value":"Bater\u00eda positivo","selected":false,"tempId":"aco_1399","price":"6","pimage":"https:\/\/fvcomponentes.com\/wp-content\/uploads\/2023\/08\/borne-arranque-negativo-acople-para-bater-a.jpg","pthumb":"https:\/\/fvcomponentes.com\/wp-content\/uploads\/2023\/08\/borne-arranque-negativo-acople-para-bater-a-150x150.jpg","pimage_id":8858,"productImage":{"title":"borne-arranque-negativo-acople-para-bater-a","caption":"","url":"https:\/\/fvcomponentes.com\/wp-content\/uploads\/2023\/08\/borne-arranque-negativo-acople-para-bater-a.jpg","alt":"Terminal bateria negativo","src":"https:\/\/fvcomponentes.com\/wp-content\/uploads\/2023\/08\/borne-arranque-negativo-acople-para-bater-a-1000x1000.jpg","srcset":"https:\/\/fvcomponentes.com\/wp-content\/uploads\/2023\/08\/borne-arranque-negativo-acople-para-bater-a-1000x1000.jpg 1000w, https:\/\/fvcomponentes.com\/wp-content\/uploads\/2023\/08\/borne-arranque-negativo-acople-para-bater-a-500x500.jpg 500w, https:\/\/fvcomponentes.com\/wp-content\/uploads\/2023\/08\/borne-arranque-negativo-acople-para-bater-a-200x200.jpg 200w","sizes":"(max-width: 1000px) 100vw, 1000px","full_src":"https:\/\/fvcomponentes.com\/wp-content\/uploads\/2023\/08\/borne-arranque-negativo-acople-para-bater-a.jpg","full_src_w":1100,"full_src_h":1422,"gallery_thumbnail_src":"https:\/\/fvcomponentes.com\/wp-content\/uploads\/2023\/08\/borne-arranque-negativo-acople-para-bater-a-200x200.jpg","gallery_thumbnail_src_w":200,"gallery_thumbnail_src_h":200,"thumb_src":"https:\/\/fvcomponentes.com\/wp-content\/uploads\/2023\/08\/borne-arranque-negativo-acople-para-bater-a-500x500.jpg","thumb_src_w":500,"thumb_src_h":500,"src_w":1000,"src_h":1000,"image_id":8858},"gt_translate_keys":["label"]},{"label":"Bater\u00eda negativo","value":"Bater\u00eda negativo","selected":false,"tempId":"aco_1400","price":"6","pimage":"https:\/\/fvcomponentes.com\/wp-content\/uploads\/2023\/08\/borne-arranque-negativo-acople-para-bater-a.jpg","pthumb":"https:\/\/fvcomponentes.com\/wp-content\/uploads\/2023\/08\/borne-arranque-negativo-acople-para-bater-a-150x150.jpg","pimage_id":8858,"productImage":{"title":"borne-arranque-negativo-acople-para-bater-a","caption":"","url":"https:\/\/fvcomponentes.com\/wp-content\/uploads\/2023\/08\/borne-arranque-negativo-acople-para-bater-a.jpg","alt":"Terminal bateria negativo","src":"https:\/\/fvcomponentes.com\/wp-content\/uploads\/2023\/08\/borne-arranque-negativo-acople-para-bater-a-1000x1000.jpg","srcset":"https:\/\/fvcomponentes.com\/wp-content\/uploads\/2023\/08\/borne-arranque-negativo-acople-para-bater-a-1000x1000.jpg 1000w, https:\/\/fvcomponentes.com\/wp-content\/uploads\/2023\/08\/borne-arranque-negativo-acople-para-bater-a-500x500.jpg 500w, https:\/\/fvcomponentes.com\/wp-content\/uploads\/2023\/08\/borne-arranque-negativo-acople-para-bater-a-200x200.jpg 200w","sizes":"(max-width: 1000px) 100vw, 1000px","full_src":"https:\/\/fvcomponentes.com\/wp-content\/uploads\/2023\/08\/borne-arranque-negativo-acople-para-bater-a.jpg","full_src_w":1100,"full_src_h":1422,"gallery_thumbnail_src":"https:\/\/fvcomponentes.com\/wp-content\/uploads\/2023\/08\/borne-arranque-negativo-acople-para-bater-a-200x200.jpg","gallery_thumbnail_src_w":200,"gallery_thumbnail_src_h":200,"thumb_src":"https:\/\/fvcomponentes.com\/wp-content\/uploads\/2023\/08\/borne-arranque-negativo-acople-para-bater-a-500x500.jpg","thumb_src_w":500,"thumb_src_h":500,"src_w":1000,"src_h":1000,"image_id":8858},"gt_translate_keys":["label"]},{"label":"Terminal tornillo 6mm","value":"Terminal tornillo 6mm","selected":false,"tempId":"aco_91","price":"3,6","gt_translate_keys":["label"]},{"label":"Terminal tornillo 8mm","value":"Terminal tornillo 8mm","selected":false,"tempId":"aco_748","pimage":"https:\/\/fvcomponentes.com\/wp-content\/uploads\/2023\/08\/terminal-cobre-cable-25mm-fijaci-n-12mm.jpg","pthumb":"https:\/\/fvcomponentes.com\/wp-content\/uploads\/2023\/08\/terminal-cobre-cable-25mm-fijaci-n-12mm-150x150.jpg","pimage_id":8857,"price":"3,6","productImage":{"title":"terminal-cobre-cable-25mm-fijaci-n-12mm","caption":"","url":"https:\/\/fvcomponentes.com\/wp-content\/uploads\/2023\/08\/terminal-cobre-cable-25mm-fijaci-n-12mm.jpg","alt":"terminal-cobre-cable-25mm-fijaci-n-12mm","src":"https:\/\/fvcomponentes.com\/wp-content\/uploads\/2023\/08\/terminal-cobre-cable-25mm-fijaci-n-12mm-774x1000.jpg","srcset":"https:\/\/fvcomponentes.com\/wp-content\/uploads\/2023\/08\/terminal-cobre-cable-25mm-fijaci-n-12mm-774x1000.jpg 774w, https:\/\/fvcomponentes.com\/wp-content\/uploads\/2023\/08\/terminal-cobre-cable-25mm-fijaci-n-12mm-232x300.jpg 232w, https:\/\/fvcomponentes.com\/wp-content\/uploads\/2023\/08\/terminal-cobre-cable-25mm-fijaci-n-12mm-792x1024.jpg 792w, https:\/\/fvcomponentes.com\/wp-content\/uploads\/2023\/08\/terminal-cobre-cable-25mm-fijaci-n-12mm-768x993.jpg 768w, https:\/\/fvcomponentes.com\/wp-content\/uploads\/2023\/08\/terminal-cobre-cable-25mm-fijaci-n-12mm-9x12.jpg 9w, https:\/\/fvcomponentes.com\/wp-content\/uploads\/2023\/08\/terminal-cobre-cable-25mm-fijaci-n-12mm-70x90.jpg 70w, https:\/\/fvcomponentes.com\/wp-content\/uploads\/2023\/08\/terminal-cobre-cable-25mm-fijaci-n-12mm-387x500.jpg 387w, https:\/\/fvcomponentes.com\/wp-content\/uploads\/2023\/08\/terminal-cobre-cable-25mm-fijaci-n-12mm-155x200.jpg 155w, https:\/\/fvcomponentes.com\/wp-content\/uploads\/2023\/08\/terminal-cobre-cable-25mm-fijaci-n-12mm.jpg 1100w","sizes":"(max-width: 774px) 100vw, 774px","full_src":"https:\/\/fvcomponentes.com\/wp-content\/uploads\/2023\/08\/terminal-cobre-cable-25mm-fijaci-n-12mm.jpg","full_src_w":1100,"full_src_h":1422,"gallery_thumbnail_src":"https:\/\/fvcomponentes.com\/wp-content\/uploads\/2023\/08\/terminal-cobre-cable-25mm-fijaci-n-12mm.jpg","gallery_thumbnail_src_w":155,"gallery_thumbnail_src_h":200,"thumb_src":"https:\/\/fvcomponentes.com\/wp-content\/uploads\/2023\/08\/terminal-cobre-cable-25mm-fijaci-n-12mm-387x500.jpg","thumb_src_w":387,"thumb_src_h":500,"src_w":774,"src_h":1000,"image_id":8857},"gt_translate_keys":["label"]},{"label":"Terminal tornillo 10mm","value":"Terminal tornillo 10mm","selected":false,"tempId":"aco_62","price":"3,6","gt_translate_keys":["label"]},{"label":"Conector ByD 35mm","value":"Conector ByD 35mm","selected":false,"tempId":"aco_272","price":"14","gt_translate_keys":["label"]}],"dropdown_type":"basic","error":false,"priceOptions":"different_for_all","placeholder":"Selecciona el tipo de conector en el extremo 1 del cable","description":"","pricingType":"fixed","cartLabel":"Conectores a medida","hideFieldIn_cart":false,"enable_quantity":false,"quantity_label":"Quantity","enable_product_image":true,"hideFieldIn_order":true,"isWeightTemplate":false,"isTemplate":false,"min_quantity":"1","quantity_decimal":false,"quantity_step":"1","repeater_field_label":"{field_label}","repeater_bind":"","gt_translate_keys":["label","placeholder","description","repeater_field_label","quantity_label"],"price_dependency":false,"cl_dependency":false,"value":""}],[{"label":"Conector 2","cartLabel":"Conectores a medida","active":true,"required":true,"elementId":"select_965047a8f30093","dropdown_type":"basic","placeholder":"Selecciona el tipo de conector en el extremo 2 del cable","description":"","name":"select_965047a8f30093","label_position":"default","desc_position":"default","enablePrice":true,"className":"","enableCl":false,"relations":false,"enable_quantity":false,"quantity_label":"Quantity","enable_product_image":true,"values":[{"label":"Sin conector","value":"Sin conector","selected":false,"tempId":"aco_2759","gt_translate_keys":["label"]},{"label":"Bater\u00eda positivo","value":"Bater\u00eda positivo","selected":false,"tempId":"aco_1399","price":"6","pimage":"https:\/\/fvcomponentes.com\/wp-content\/uploads\/2023\/08\/borne-arranque-negativo-acople-para-bater-a.jpg","pthumb":"https:\/\/fvcomponentes.com\/wp-content\/uploads\/2023\/08\/borne-arranque-negativo-acople-para-bater-a-150x150.jpg","pimage_id":8858,"productImage":{"title":"borne-arranque-negativo-acople-para-bater-a","caption":"","url":"https:\/\/fvcomponentes.com\/wp-content\/uploads\/2023\/08\/borne-arranque-negativo-acople-para-bater-a.jpg","alt":"Terminal bateria negativo","src":"https:\/\/fvcomponentes.com\/wp-content\/uploads\/2023\/08\/borne-arranque-negativo-acople-para-bater-a-1000x1000.jpg","srcset":"https:\/\/fvcomponentes.com\/wp-content\/uploads\/2023\/08\/borne-arranque-negativo-acople-para-bater-a-1000x1000.jpg 1000w, https:\/\/fvcomponentes.com\/wp-content\/uploads\/2023\/08\/borne-arranque-negativo-acople-para-bater-a-500x500.jpg 500w, https:\/\/fvcomponentes.com\/wp-content\/uploads\/2023\/08\/borne-arranque-negativo-acople-para-bater-a-200x200.jpg 200w","sizes":"(max-width: 1000px) 100vw, 1000px","full_src":"https:\/\/fvcomponentes.com\/wp-content\/uploads\/2023\/08\/borne-arranque-negativo-acople-para-bater-a.jpg","full_src_w":1100,"full_src_h":1422,"gallery_thumbnail_src":"https:\/\/fvcomponentes.com\/wp-content\/uploads\/2023\/08\/borne-arranque-negativo-acople-para-bater-a-200x200.jpg","gallery_thumbnail_src_w":200,"gallery_thumbnail_src_h":200,"thumb_src":"https:\/\/fvcomponentes.com\/wp-content\/uploads\/2023\/08\/borne-arranque-negativo-acople-para-bater-a-500x500.jpg","thumb_src_w":500,"thumb_src_h":500,"src_w":1000,"src_h":1000,"image_id":8858},"gt_translate_keys":["label"]},{"label":"Bater\u00eda negativo","value":"Bater\u00eda negativo","selected":false,"tempId":"aco_1400","price":"6","pimage":"https:\/\/fvcomponentes.com\/wp-content\/uploads\/2023\/08\/borne-arranque-negativo-acople-para-bater-a.jpg","pthumb":"https:\/\/fvcomponentes.com\/wp-content\/uploads\/2023\/08\/borne-arranque-negativo-acople-para-bater-a-150x150.jpg","pimage_id":8858,"productImage":{"title":"borne-arranque-negativo-acople-para-bater-a","caption":"","url":"https:\/\/fvcomponentes.com\/wp-content\/uploads\/2023\/08\/borne-arranque-negativo-acople-para-bater-a.jpg","alt":"Terminal bateria negativo","src":"https:\/\/fvcomponentes.com\/wp-content\/uploads\/2023\/08\/borne-arranque-negativo-acople-para-bater-a-1000x1000.jpg","srcset":"https:\/\/fvcomponentes.com\/wp-content\/uploads\/2023\/08\/borne-arranque-negativo-acople-para-bater-a-1000x1000.jpg 1000w, https:\/\/fvcomponentes.com\/wp-content\/uploads\/2023\/08\/borne-arranque-negativo-acople-para-bater-a-500x500.jpg 500w, https:\/\/fvcomponentes.com\/wp-content\/uploads\/2023\/08\/borne-arranque-negativo-acople-para-bater-a-200x200.jpg 200w","sizes":"(max-width: 1000px) 100vw, 1000px","full_src":"https:\/\/fvcomponentes.com\/wp-content\/uploads\/2023\/08\/borne-arranque-negativo-acople-para-bater-a.jpg","full_src_w":1100,"full_src_h":1422,"gallery_thumbnail_src":"https:\/\/fvcomponentes.com\/wp-content\/uploads\/2023\/08\/borne-arranque-negativo-acople-para-bater-a-200x200.jpg","gallery_thumbnail_src_w":200,"gallery_thumbnail_src_h":200,"thumb_src":"https:\/\/fvcomponentes.com\/wp-content\/uploads\/2023\/08\/borne-arranque-negativo-acople-para-bater-a-500x500.jpg","thumb_src_w":500,"thumb_src_h":500,"src_w":1000,"src_h":1000,"image_id":8858},"gt_translate_keys":["label"]},{"label":"Terminal tornillo 6mm","value":"Terminal tornillo 6mm","selected":false,"tempId":"aco_146","price":"3,6","gt_translate_keys":["label"]},{"label":"Terminal tornillo 8mm","value":"Terminal tornillo 8mm","selected":false,"tempId":"aco_748","pimage":"https:\/\/fvcomponentes.com\/wp-content\/uploads\/2023\/08\/terminal-cobre-cable-25mm-fijaci-n-12mm.jpg","pthumb":"https:\/\/fvcomponentes.com\/wp-content\/uploads\/2023\/08\/terminal-cobre-cable-25mm-fijaci-n-12mm-150x150.jpg","pimage_id":8857,"price":"3,6","productImage":{"title":"terminal-cobre-cable-25mm-fijaci-n-12mm","caption":"","url":"https:\/\/fvcomponentes.com\/wp-content\/uploads\/2023\/08\/terminal-cobre-cable-25mm-fijaci-n-12mm.jpg","alt":"terminal-cobre-cable-25mm-fijaci-n-12mm","src":"https:\/\/fvcomponentes.com\/wp-content\/uploads\/2023\/08\/terminal-cobre-cable-25mm-fijaci-n-12mm-774x1000.jpg","srcset":"https:\/\/fvcomponentes.com\/wp-content\/uploads\/2023\/08\/terminal-cobre-cable-25mm-fijaci-n-12mm-774x1000.jpg 774w, https:\/\/fvcomponentes.com\/wp-content\/uploads\/2023\/08\/terminal-cobre-cable-25mm-fijaci-n-12mm-232x300.jpg 232w, https:\/\/fvcomponentes.com\/wp-content\/uploads\/2023\/08\/terminal-cobre-cable-25mm-fijaci-n-12mm-792x1024.jpg 792w, https:\/\/fvcomponentes.com\/wp-content\/uploads\/2023\/08\/terminal-cobre-cable-25mm-fijaci-n-12mm-768x993.jpg 768w, https:\/\/fvcomponentes.com\/wp-content\/uploads\/2023\/08\/terminal-cobre-cable-25mm-fijaci-n-12mm-9x12.jpg 9w, https:\/\/fvcomponentes.com\/wp-content\/uploads\/2023\/08\/terminal-cobre-cable-25mm-fijaci-n-12mm-70x90.jpg 70w, https:\/\/fvcomponentes.com\/wp-content\/uploads\/2023\/08\/terminal-cobre-cable-25mm-fijaci-n-12mm-387x500.jpg 387w, https:\/\/fvcomponentes.com\/wp-content\/uploads\/2023\/08\/terminal-cobre-cable-25mm-fijaci-n-12mm-155x200.jpg 155w, https:\/\/fvcomponentes.com\/wp-content\/uploads\/2023\/08\/terminal-cobre-cable-25mm-fijaci-n-12mm.jpg 1100w","sizes":"(max-width: 774px) 100vw, 774px","full_src":"https:\/\/fvcomponentes.com\/wp-content\/uploads\/2023\/08\/terminal-cobre-cable-25mm-fijaci-n-12mm.jpg","full_src_w":1100,"full_src_h":1422,"gallery_thumbnail_src":"https:\/\/fvcomponentes.com\/wp-content\/uploads\/2023\/08\/terminal-cobre-cable-25mm-fijaci-n-12mm.jpg","gallery_thumbnail_src_w":155,"gallery_thumbnail_src_h":200,"thumb_src":"https:\/\/fvcomponentes.com\/wp-content\/uploads\/2023\/08\/terminal-cobre-cable-25mm-fijaci-n-12mm-387x500.jpg","thumb_src_w":387,"thumb_src_h":500,"src_w":774,"src_h":1000,"image_id":8857},"gt_translate_keys":["label"]},{"label":"Terminal tornillo 10mm","value":"Terminal tornillo 10mm","selected":false,"tempId":"aco_555","price":"3,6","gt_translate_keys":["label"]},{"label":"Conector ByD 35mm","value":"Conector ByD 35mm","selected":false,"tempId":"aco_402","price":"14","gt_translate_keys":["label"]}],"priceOptions":"different_for_all","pricingType":"fixed","price":"","cl_rule":"show","col":6,"type":"select","error":false,"isWeightTemplate":false,"isTemplate":false,"min_quantity":"1","quantity_decimal":false,"quantity_step":"1","repeater_field_label":"{field_label}","repeater_bind":"","gt_translate_keys":["label","placeholder","description","repeater_field_label","quantity_label"],"price_dependency":false,"cl_dependency":false,"value":""}]]}},"config":{"price_override":"","enable_recaptcha":false,"bind_quantity":false,"quantity_bind_formula":false,"disp_summ_show_option_price":false,"disp_summ_show_product_price":false,"disp_summ_show_total_price":"%s","disp_summ_show_fee":false,"disp_summ_show_discount":false,"summary_title":"","options_total_label":"Precio de opciones","total_label":"Total","options_product_label":"Precio del producto","fee_label":"Fee","discount_label":"Discount","has_price":true,"has_quantity_formula":false},"mc_unit":1,"tax_rate":1,"tax_rate_real":0,"discount":{"percentage":0,"fixed":0},"design":{"conf":{"LabelPosition":"above","DescPosition":"above","UploadField":"custom_1","QuantityFieldStyle":"default"},"css":{"LeftLabelWidth":"120px"}},"formulas":[],"lookuptables":[],"clones":false,"cartKey":false}},"brands":[],"_links":{"self":[{"href":"https:\/\/fvcomponentes.com\/fr\/wp-json\/wp\/v2\/product\/8380","targetHints":{"allow":["GET"]}}],"collection":[{"href":"https:\/\/fvcomponentes.com\/fr\/wp-json\/wp\/v2\/product"}],"about":[{"href":"https:\/\/fvcomponentes.com\/fr\/wp-json\/wp\/v2\/types\/product"}],"replies":[{"embeddable":true,"href":"https:\/\/fvcomponentes.com\/fr\/wp-json\/wp\/v2\/comments?post=8380"}],"wp:featuredmedia":[{"embeddable":true,"href":"https:\/\/fvcomponentes.com\/fr\/wp-json\/wp\/v2\/media\/8855"}],"wp:attachment":[{"href":"https:\/\/fvcomponentes.com\/fr\/wp-json\/wp\/v2\/media?parent=8380"}],"wp:term":[{"taxonomy":"pwb-brand","embeddable":true,"href":"https:\/\/fvcomponentes.com\/fr\/wp-json\/wp\/v2\/pwb-brand?post=8380"},{"taxonomy":"product_brand","embeddable":true,"href":"https:\/\/fvcomponentes.com\/fr\/wp-json\/wp\/v2\/product_brand?post=8380"},{"taxonomy":"product_cat","embeddable":true,"href":"https:\/\/fvcomponentes.com\/fr\/wp-json\/wp\/v2\/product_cat?post=8380"},{"taxonomy":"product_tag","embeddable":true,"href":"https:\/\/fvcomponentes.com\/fr\/wp-json\/wp\/v2\/product_tag?post=8380"}],"curies":[{"name":"wp","href":"https:\/\/api.w.org\/{rel}","templated":true}]}}