{"id":7066,"date":"2023-08-28T10:14:06","date_gmt":"2023-08-28T08:14:06","guid":{"rendered":"https:\/\/fvcomponentes.com\/?post_type=product&#038;p=7066"},"modified":"2026-04-08T21:36:21","modified_gmt":"2026-04-08T19:36:21","slug":"batterie-victron-peak-power-pack-128v-40ah-512wh-ppp012040000","status":"publish","type":"product","link":"https:\/\/fvcomponentes.com\/fr\/producto\/bateria-victron-peak-power-pack-128v-40ah-512wh-ppp012040000\/","title":{"rendered":"Batterie Victron Peak Power Pack 12,8V\/40Ah 512Wh - PPP01204000000"},"content":{"rendered":"<h2>Victron Peak Power Pack 12,8V\/40Ah 512Wh Battery - PPP012040000 : L\u00e9ger et facile \u00e0 installer<\/h2>\n<p>La batterie Peak Power Pack 12,8V\/40Ah 512Wh - PPP012040000 de Victron est id\u00e9ale pour les applications mobiles.<\/p>\n<h2>Protection efficace contre les abus<\/h2>\n<p>Id\u00e9al pour l'\u00e9nergie solaire et d'autres applications o\u00f9 une d\u00e9charge excessive pourrait rapidement endommager les batteries au plomb.<\/p>\n<h2>Sortie 1 \"mover\" : sortie \u00e0 haute capacit\u00e9 pour les syst\u00e8mes de contr\u00f4le des caravanes et autres applications \u00e0 forte consommation d'\u00e9nergie.<\/h2>\n<p>Id\u00e9al pour man\u0153uvrer les caravanes (caravan movers).<br \/>\nR\u00e9sistant aux courts-circuits.<br \/>\nProt\u00e9g\u00e9 contre les d\u00e9charges excessives.<\/p>\n<h2>Sortie 2 \"domestique\" : pour les charges CC de faible puissance<\/h2>\n<p>Con\u00e7u pour l'\u00e9clairage, l'audio et la vid\u00e9o, les pompes, les r\u00e9frig\u00e9rateurs.<br \/>\nR\u00e9sistant aux courts-circuits.<br \/>\nProt\u00e9g\u00e9 contre les d\u00e9charges excessives.<\/p>\n<h2>Entr\u00e9e 1 \"car\/solar\" : recharge en roulant ou avec un panneau solaire.<\/h2>\n<p>\u00c9quip\u00e9 d'un contr\u00f4le de la tension et du courant pour une charge s\u00fbre de la batterie au lithium-ion. En fait, toute source d'\u00e9nergie \u00e9lectrique peut \u00eatre connect\u00e9e \u00e0 cette entr\u00e9e (par exemple, un alternateur ou un chargeur de batterie) \u00e0 condition que 11 V &lt; Vin &lt; 25V.<br \/>\nLa limite de courant est automatiquement fix\u00e9e \u00e0 une valeur s\u00fbre.<\/p>\n<h2>Entr\u00e9e 2 \"adaptateur\" : l'adaptateur fourni avec le Peak Power Pack peut \u00eatre connect\u00e9 \u00e0 cette entr\u00e9e.<\/h2>\n<p>Courant de charge de la batterie : 3A, adapt\u00e9 \u00e0 une alimentation 110\/230V.<\/p>\n<h2>La charge rapide est possible via la sortie 1 (sortie haute capacit\u00e9 et mod\u00e8les 30Ah\/40Ah uniquement).<\/h2>\n<p>Un chargeur de batterie ou un onduleur\/chargeur peut \u00eatre connect\u00e9 \u00e0 la sortie haute capacit\u00e9. Le courant de charge maximum est de 15A et 20A respectivement et la tension de charge maximum recommand\u00e9e est de 14V (maximum 14,2V).<\/p>\n<h2>Batterie Victron Peak Power Pack 12,8V\/40Ah 512Wh - PPP012040000 : Mode de stockage<\/h2>\n<p>R\u00e9duit la consommation d'\u00e9nergie \u00e0 pratiquement z\u00e9ro. Pr\u00e9vient les dommages dus \u00e0 une d\u00e9charge excessive pendant le stockage de la batterie.<\/p>\n<h2>Batterie Victron Peak Power Pack 12,8V\/40Ah 512Wh - PPP012040000 : T\u00e9l\u00e9commande avec indicateur d'\u00e9tat<\/h2>\n<p>Bouton poussoir (fourni) avec indicateur d'\u00e9tat LED bicolore :<br \/>\nBr\u00e8ve pression sur le bouton : activation de la sortie haute capacit\u00e9 pendant 30 minutes (applications telles que les d\u00e9m\u00e9nageurs), LED rouge.<br \/>\nAppui de 2 secondes : la sortie haute capacit\u00e9 est activ\u00e9e en permanence, la LED rouge clignote lentement.<br \/>\nAppuyer pendant 5 secondes : mode stockage, LED bleue, clignote 10 fois.<br \/>\nLa batterie est charg\u00e9e par l'entr\u00e9e 1, la LED bleue clignote lentement.<br \/>\nBatterie enti\u00e8rement charg\u00e9e, indicateur LED bleu.<br \/>\nSurcharge ou surchauffe, le voyant rouge clignote.<\/p>\n<h2>Port VE.Direct : pour la connexion \u00e0 un PC ou \u00e0 un smartphone<\/h2>\n<p>(Un c\u00e2ble VE.Direct vers USB ou un dongle Bluetooth Smart VE.Direct est n\u00e9cessaire).<\/p>\n<p>Fonctionnement :<br \/>\nSortie 1 : on\/30 minute timer\/off<br \/>\nSortie 2 : marche\/arr\u00eat<br \/>\nEntr\u00e9e 1 : marche\/arr\u00eat<\/p>\n<p>Contr\u00f4le :<br \/>\nTension de la batterie<br \/>\nTemp\u00e9rature et alarmes<\/p>\n<h2>Fiche technique Batterie Victron Peak Power Pack 12,8V\/40Ah 512Wh - PPP012040000<\/h2>\n<p><a href=\"https:\/\/fvcomponentes.com\/wp-content\/uploads\/2023\/04\/PPP-BATERIA-1.pdf\" target=\"_blank\" rel=\"noopener\">Voir la fiche technique de la batterie Victron Peak Power Pack 12,8V\/40Ah 512Wh PPP012040000<\/a><\/p>","protected":false},"excerpt":{"rendered":"<p><strong>Tension nominale : <\/strong>12,8V<strong><br \/>\nCapacit\u00e9 :\u00a0<\/strong>20 Ah<br \/>\n<strong>\u00c9nergie stock\u00e9e :\u00a0<\/strong>256 Wh<br \/>\n<strong>Poids : <\/strong>8,6 kg<br \/>\n<strong>Dimensions :<\/strong>212 x 190 x 172 mm<\/p>","protected":false},"featured_media":7068,"comment_status":"open","ping_status":"closed","template":"","meta":{"site-sidebar-layout":"default","site-content-layout":"default","ast-site-content-layout":"default","site-content-style":"default","site-sidebar-style":"default","ast-global-header-display":"","ast-banner-title-visibility":"","ast-main-header-display":"","ast-hfb-above-header-display":"","ast-hfb-below-header-display":"","ast-hfb-mobile-header-display":"","site-post-title":"","ast-breadcrumbs-content":"","ast-featured-img":"","footer-sml-layout":"","ast-disable-related-posts":"","theme-transparent-header-meta":"default","adv-header-id-meta":"","stick-header-meta":"","header-above-stick-meta":"","header-main-stick-meta":"","header-below-stick-meta":"","astra-migrate-meta-layouts":"set","ast-page-background-enabled":"default","ast-page-background-meta":{"desktop":{"background-color":"var(--ast-global-color-4)","background-image":"","background-repeat":"repeat","background-position":"center center","background-size":"auto","background-attachment":"scroll","background-type":"","background-media":"","overlay-type":"","overlay-color":"","overlay-opacity":"","overlay-gradient":""},"tablet":{"background-color":"","background-image":"","background-repeat":"repeat","background-position":"center center","background-size":"auto","background-attachment":"scroll","background-type":"","background-media":"","overlay-type":"","overlay-color":"","overlay-opacity":"","overlay-gradient":""},"mobile":{"background-color":"","background-image":"","background-repeat":"repeat","background-position":"center center","background-size":"auto","background-attachment":"scroll","background-type":"","background-media":"","overlay-type":"","overlay-color":"","overlay-opacity":"","overlay-gradient":""}},"ast-content-background-meta":{"desktop":{"background-color":"var(--ast-global-color-5)","background-image":"","background-repeat":"repeat","background-position":"center center","background-size":"auto","background-attachment":"scroll","background-type":"","background-media":"","overlay-type":"","overlay-color":"","overlay-opacity":"","overlay-gradient":""},"tablet":{"background-color":"var(--ast-global-color-5)","background-image":"","background-repeat":"repeat","background-position":"center center","background-size":"auto","background-attachment":"scroll","background-type":"","background-media":"","overlay-type":"","overlay-color":"","overlay-opacity":"","overlay-gradient":""},"mobile":{"background-color":"var(--ast-global-color-5)","background-image":"","background-repeat":"repeat","background-position":"center center","background-size":"auto","background-attachment":"scroll","background-type":"","background-media":"","overlay-type":"","overlay-color":"","overlay-opacity":"","overlay-gradient":""}}},"pwb-brand":[332],"product_brand":[],"product_cat":[340,431],"product_tag":[],"class_list":{"0":"post-7066","1":"product","2":"type-product","3":"status-publish","4":"has-post-thumbnail","6":"pwb-brand-victron","7":"product_cat-baterias","8":"product_cat-baterias-litio-12v","9":"product_shipping_class-baterias","10":"desktop-align-left","11":"tablet-align-left","12":"mobile-align-left","13":"ast-product-gallery-layout-horizontal-slider","14":"ast-product-tabs-layout-horizontal","16":"first","17":"instock","18":"taxable","19":"shipping-taxable","20":"purchasable","21":"product-type-simple"},"wcpa_form_fields":null,"brands":[{"id":332,"name":"Victron Energy","slug":"victron"}],"_links":{"self":[{"href":"https:\/\/fvcomponentes.com\/fr\/wp-json\/wp\/v2\/product\/7066","targetHints":{"allow":["GET"]}}],"collection":[{"href":"https:\/\/fvcomponentes.com\/fr\/wp-json\/wp\/v2\/product"}],"about":[{"href":"https:\/\/fvcomponentes.com\/fr\/wp-json\/wp\/v2\/types\/product"}],"replies":[{"embeddable":true,"href":"https:\/\/fvcomponentes.com\/fr\/wp-json\/wp\/v2\/comments?post=7066"}],"wp:featuredmedia":[{"embeddable":true,"href":"https:\/\/fvcomponentes.com\/fr\/wp-json\/wp\/v2\/media\/7068"}],"wp:attachment":[{"href":"https:\/\/fvcomponentes.com\/fr\/wp-json\/wp\/v2\/media?parent=7066"}],"wp:term":[{"taxonomy":"pwb-brand","embeddable":true,"href":"https:\/\/fvcomponentes.com\/fr\/wp-json\/wp\/v2\/pwb-brand?post=7066"},{"taxonomy":"product_brand","embeddable":true,"href":"https:\/\/fvcomponentes.com\/fr\/wp-json\/wp\/v2\/product_brand?post=7066"},{"taxonomy":"product_cat","embeddable":true,"href":"https:\/\/fvcomponentes.com\/fr\/wp-json\/wp\/v2\/product_cat?post=7066"},{"taxonomy":"product_tag","embeddable":true,"href":"https:\/\/fvcomponentes.com\/fr\/wp-json\/wp\/v2\/product_tag?post=7066"}],"curies":[{"name":"wp","href":"https:\/\/api.w.org\/{rel}","templated":true}]}}