{"id":7037,"date":"2023-09-21T10:03:57","date_gmt":"2023-09-21T08:03:57","guid":{"rendered":"https:\/\/fvcomponentes.com\/?post_type=product&#038;p=7037"},"modified":"2026-04-08T21:32:14","modified_gmt":"2026-04-08T19:32:14","slug":"victron-smart-bms-cl-12-100-bms110022000","status":"publish","type":"product","link":"https:\/\/fvcomponentes.com\/fr\/producto\/victron-smart-bms-cl-12-100-bms110022000\/","title":{"rendered":"Victron Smart BMS CL 12\/100 - BMS110022000"},"content":{"rendered":"<p>Le Victron Smart BMS CL 12\/100 - BMS110022000 est un syst\u00e8me de gestion de batterie (BMS) pour les batteries. <a href=\"https:\/\/fvcomponentes.com\/fr\/categorie-de-produits\/piles\/batteries-au-lithium-12v\/\" target=\"_blank\" rel=\"noopener\">Pile au lithium 12,8V Victron Smart<\/a> disponible avec une tension nominale de 12,8 V dans diff\u00e9rentes capacit\u00e9s. Il s'agit sans doute du type de pile au lithium le plus s\u00fbr de tous les types de piles les plus courants.<\/p>\n<p>Le nombre maximum de batteries que le Victron Smart BMS CL 12\/100 - BMS110022000 autorise dans un syst\u00e8me est de 20, ce qui repr\u00e9sente un stockage d'\u00e9nergie maximum de 84 kWh dans un syst\u00e8me 12V. Il est sp\u00e9cifiquement con\u00e7u pour les syst\u00e8mes 12V avec un alternateur 12V, tels que les v\u00e9hicules et les bateaux.<\/p>\n<p>Enfin, une entr\u00e9e d\u00e9di\u00e9e \u00e0 l'alternateur fournit une limitation de courant et un trafic unidirectionnel de l'alternateur \u00e0 la batterie, de sorte qu'un alternateur 12V de n'importe quelle taille (et une batterie de d\u00e9marrage) peut \u00eatre connect\u00e9 en toute s\u00e9curit\u00e9 \u00e0 la batterie au lithium. En outre, il int\u00e8gre \u00e9galement un limiteur de courant de charge qui prot\u00e8ge l'alternateur contre les surcharges.<\/p>\n<p>Il surveille et prot\u00e8ge chaque \u00e9l\u00e9ment de la batterie (ou du parc de batteries) et d\u00e9connecte l'alternateur, les sources de charge ou les charges CC en cas de tension basse ou \u00e9lev\u00e9e des \u00e9l\u00e9ments de la batterie ou de surchauffe.<\/p>\n<h2>Caract\u00e9ristiques du Victron Smart BMS CL 12\/100 - BMS110022000<\/h2>\n<p>- Alternateur avec port Alternateur\/D\u00e9marreur Batt+ et protection de la batterie : Le courant d'appel du port Alternateur\/D\u00e9marreur Batt+ est limit\u00e9 \u00e9lectroniquement \u00e0 environ 90 % du calibre du fusible. Un fusible de 100 A, par exemple, limitera donc le courant d'entr\u00e9e \u00e0 environ 90 A et prot\u00e9gera ainsi la batterie au lithium d'un courant de charge excessif et l'alternateur d'une surcharge (la plupart des alternateurs de 12 V surchauffent et tombent en panne s'ils fonctionnent \u00e0 pleine puissance pendant plus de 5 minutes).<br \/>\n- Terminal marche\/arr\u00eat \u00e0 distance : peut \u00eatre utilis\u00e9 pour interrompre le processus de charge via le port de l'alternateur tout en maintenant la fonction BMS active ou comme interrupteur marche\/arr\u00eat pour arr\u00eater compl\u00e8tement le syst\u00e8me.<br \/>\n- Sortie de d\u00e9connexion de la charge et du chargeur1) : Le Smart BMS CL 12-100 surveille et prot\u00e8ge chaque cellule de la batterie et d\u00e9connecte l'alternateur, les sources de charge ou les charges CC en cas de tension basse ou \u00e9lev\u00e9e de la batterie ou de surchauffe.<br \/>\n- Sortie de pr\u00e9-alarme : peut \u00eatre utilis\u00e9e pour piloter un relais, une LED ou un signal sonore afin d'\u00e9mettre un signal d'avertissement avant que le BMS ne d\u00e9connecte les batteries du syst\u00e8me.<br \/>\n- Bluetooth pour la surveillance et la configuration via notre application VictronConnect.<br \/>\n<img fetchpriority=\"high\" decoding=\"async\" class=\"alignnone size-full wp-image-7041\" src=\"https:\/\/fvcomponentes.com\/wp-content\/uploads\/2023\/04\/smart-bms-cl.png\" alt=\"Smart BMS Victron CL 12\/100 BMS110022000\" width=\"1000\" height=\"594\" title=\"\"><\/p>\n<p>&nbsp;<\/p>\n<h2>Fiche technique Victron Smart BMS CL 12\/100 - BMS110022000<\/h2>\n<p><a href=\"https:\/\/fvcomponentes.com\/wp-content\/uploads\/2023\/04\/SMART-BMS-CL.pdf\" target=\"_blank\" rel=\"noopener\">Voir la fiche technique Victron Smart BMS CL 12\/100 - BMS110022000<\/a><\/p>","protected":false},"excerpt":{"rendered":"<p><strong>Port de l'alternateur - courant de charge maximal :<\/strong> 100 A (avec fusible 125 A)<br \/>\n<strong>Tension d'entr\u00e9e pour d\u00e9marrer la charge :<\/strong> &gt; 13 V<br \/>\n<strong>Poids :\u00a0<\/strong>1,6 kg<br \/>\n<strong>Dimensions :<\/strong> 65 x 120 x 224 mm<\/p>","protected":false},"featured_media":7045,"comment_status":"open","ping_status":"closed","template":"","meta":{"site-sidebar-layout":"default","site-content-layout":"default","ast-site-content-layout":"default","site-content-style":"default","site-sidebar-style":"default","ast-global-header-display":"","ast-banner-title-visibility":"","ast-main-header-display":"","ast-hfb-above-header-display":"","ast-hfb-below-header-display":"","ast-hfb-mobile-header-display":"","site-post-title":"","ast-breadcrumbs-content":"","ast-featured-img":"","footer-sml-layout":"","ast-disable-related-posts":"","theme-transparent-header-meta":"default","adv-header-id-meta":"","stick-header-meta":"","header-above-stick-meta":"","header-main-stick-meta":"","header-below-stick-meta":"","astra-migrate-meta-layouts":"set","ast-page-background-enabled":"default","ast-page-background-meta":{"desktop":{"background-color":"var(--ast-global-color-4)","background-image":"","background-repeat":"repeat","background-position":"center center","background-size":"auto","background-attachment":"scroll","background-type":"","background-media":"","overlay-type":"","overlay-color":"","overlay-opacity":"","overlay-gradient":""},"tablet":{"background-color":"","background-image":"","background-repeat":"repeat","background-position":"center center","background-size":"auto","background-attachment":"scroll","background-type":"","background-media":"","overlay-type":"","overlay-color":"","overlay-opacity":"","overlay-gradient":""},"mobile":{"background-color":"","background-image":"","background-repeat":"repeat","background-position":"center center","background-size":"auto","background-attachment":"scroll","background-type":"","background-media":"","overlay-type":"","overlay-color":"","overlay-opacity":"","overlay-gradient":""}},"ast-content-background-meta":{"desktop":{"background-color":"var(--ast-global-color-5)","background-image":"","background-repeat":"repeat","background-position":"center center","background-size":"auto","background-attachment":"scroll","background-type":"","background-media":"","overlay-type":"","overlay-color":"","overlay-opacity":"","overlay-gradient":""},"tablet":{"background-color":"var(--ast-global-color-5)","background-image":"","background-repeat":"repeat","background-position":"center center","background-size":"auto","background-attachment":"scroll","background-type":"","background-media":"","overlay-type":"","overlay-color":"","overlay-opacity":"","overlay-gradient":""},"mobile":{"background-color":"var(--ast-global-color-5)","background-image":"","background-repeat":"repeat","background-position":"center center","background-size":"auto","background-attachment":"scroll","background-type":"","background-media":"","overlay-type":"","overlay-color":"","overlay-opacity":"","overlay-gradient":""}}},"pwb-brand":[332],"product_brand":[],"product_cat":[340,435],"product_tag":[],"class_list":{"0":"post-7037","1":"product","2":"type-product","3":"status-publish","4":"has-post-thumbnail","6":"pwb-brand-victron","7":"product_cat-baterias","8":"product_cat-bms-sistemas-de-supervision-de-baterias","9":"desktop-align-left","10":"tablet-align-left","11":"mobile-align-left","12":"ast-product-gallery-layout-horizontal-slider","13":"ast-product-tabs-layout-horizontal","15":"first","16":"instock","17":"taxable","18":"shipping-taxable","19":"purchasable","20":"product-type-simple"},"wcpa_form_fields":null,"brands":[{"id":332,"name":"Victron Energy","slug":"victron"}],"_links":{"self":[{"href":"https:\/\/fvcomponentes.com\/fr\/wp-json\/wp\/v2\/product\/7037","targetHints":{"allow":["GET"]}}],"collection":[{"href":"https:\/\/fvcomponentes.com\/fr\/wp-json\/wp\/v2\/product"}],"about":[{"href":"https:\/\/fvcomponentes.com\/fr\/wp-json\/wp\/v2\/types\/product"}],"replies":[{"embeddable":true,"href":"https:\/\/fvcomponentes.com\/fr\/wp-json\/wp\/v2\/comments?post=7037"}],"wp:featuredmedia":[{"embeddable":true,"href":"https:\/\/fvcomponentes.com\/fr\/wp-json\/wp\/v2\/media\/7045"}],"wp:attachment":[{"href":"https:\/\/fvcomponentes.com\/fr\/wp-json\/wp\/v2\/media?parent=7037"}],"wp:term":[{"taxonomy":"pwb-brand","embeddable":true,"href":"https:\/\/fvcomponentes.com\/fr\/wp-json\/wp\/v2\/pwb-brand?post=7037"},{"taxonomy":"product_brand","embeddable":true,"href":"https:\/\/fvcomponentes.com\/fr\/wp-json\/wp\/v2\/product_brand?post=7037"},{"taxonomy":"product_cat","embeddable":true,"href":"https:\/\/fvcomponentes.com\/fr\/wp-json\/wp\/v2\/product_cat?post=7037"},{"taxonomy":"product_tag","embeddable":true,"href":"https:\/\/fvcomponentes.com\/fr\/wp-json\/wp\/v2\/product_tag?post=7037"}],"curies":[{"name":"wp","href":"https:\/\/api.w.org\/{rel}","templated":true}]}}