{"id":7026,"date":"2023-07-18T17:54:41","date_gmt":"2023-07-18T15:54:41","guid":{"rendered":"https:\/\/fvcomponentes.com\/?post_type=product&#038;p=7026"},"modified":"2026-04-04T12:48:52","modified_gmt":"2026-04-04T10:48:52","slug":"smart-bms-victron-12-200-bms210055000","status":"publish","type":"product","link":"https:\/\/fvcomponentes.com\/fr\/producto\/smart-bms-victron-12-200-bms210055000\/","title":{"rendered":"Smart BMS Victron 12\/200 - BMS210055000"},"content":{"rendered":"<p>Victron Smart BMS 12\/200 - BMS210055000 est un syst\u00e8me de gestion de batterie (BMS) pour les batteries au lithium Victron Smart 12,8V, disponibles en diff\u00e9rentes capacit\u00e9s. Les batteries Victron Smart sont les batteries au lithium les plus s\u00fbres parmi les mod\u00e8les les plus courants. Le nombre maximum de batteries dans un syst\u00e8me est de 20, ce qui signifie un stockage maximum de 84 kWh dans un syst\u00e8me 12V. Le Victron Smart BMS 12\/200 - BMS210055000 est sp\u00e9cialement con\u00e7u pour les syst\u00e8mes 12V avec alternateur 12V, tels que les caravanes ou les bateaux.<\/p>\n<p>Le Smart BMS Victron 12\/200 - BMS210055000 combine un limiteur de courant, un coupleur de batterie et un protecteur de batterie dans une solution robuste et compacte qui vous permet de connecter en toute s\u00e9curit\u00e9 n'importe quelle taille d'alternateur 12V (et de batterie de d\u00e9marrage), via sa connexion d\u00e9di\u00e9e. Il prot\u00e8ge l'alternateur (et le c\u00e2blage), assure la limitation du courant de l'alternateur et un trafic unidirectionnel de l'alternateur vers la batterie, de sorte que l'alternateur peut \u00eatre connect\u00e9 en toute s\u00e9curit\u00e9 \u00e0 la batterie au lithium et que la batterie de d\u00e9marrage est prot\u00e9g\u00e9e d'une d\u00e9charge excessive. Le Smart BMS 12-200 utilise des commutateurs MOSFET \u00e0 l'\u00e9preuve de l'allumage.<\/p>\n<h2>Caract\u00e9ristiques du Smart BMS Victron 12\/200 - BMS210055000<\/h2>\n<ul>\n<li><strong>Alternateur avec port Batt+ alternateur\/d\u00e9marreur et protection de la batterie :<\/strong> Le courant d'entr\u00e9e au port Batt+ de l'alternateur\/d\u00e9marreur est limit\u00e9 \u00e9lectroniquement \u00e0 environ 90 % du calibre du fusible. Un fusible de 100A, par exemple, limitera le courant d'entr\u00e9e \u00e0 environ 90A, prot\u00e9geant ainsi la batterie au lithium d'un courant de charge excessif et l'alternateur d'une surcharge (la plupart des alternateurs de 1V surchauffent et tombent en panne s'ils fonctionnent \u00e0 pleine puissance pendant plus de 5 minutes).<\/li>\n<li><strong>Port d'alimentation System+ pour connecter des charges et des chargeurs suppl\u00e9mentaires :<\/strong> Il peut \u00eatre utilis\u00e9 pour charger ou d\u00e9charger la batterie au lithium (par exemple via un chargeur suppl\u00e9mentaire, un onduleur ou un onduleur\/chargeur directement connect\u00e9 \u00e0 ce port) avec un courant continu maximum de 200A dans les deux sens. Il peut \u00e9galement \u00eatre utilis\u00e9 comme sortie de charge, de sorte que des charges \u00e0 courant continu peuvent \u00eatre connect\u00e9es directement \u00e0 ce port.<\/li>\n<li><strong>Borne de marche\/arr\u00eat \u00e0 distance :<\/strong> Il peut \u00eatre utilis\u00e9 pour interrompre le processus de charge via le port de l'alternateur et pour charger et d\u00e9charger via le port du syst\u00e8me+ tout en maintenant la fonction BMS active ou comme interrupteur marche\/arr\u00eat pour arr\u00eater compl\u00e8tement le syst\u00e8me.<\/li>\n<li><strong>Sortie de d\u00e9connexion de la charge et du chargeur :<\/strong> Le Victron Smart BMS 12\/200 - BMS210055000 surveille et prot\u00e8ge chacun des \u00e9l\u00e9ments de la batterie et d\u00e9connecte l'alternateur, les sources de charge ou les charges CC en cas de tension basse ou \u00e9lev\u00e9e de la batterie ou de surchauffe.<\/li>\n<li><strong>Sortie de pr\u00e9-alarme :<\/strong> Il peut \u00eatre utilis\u00e9 pour d\u00e9clencher un relais, une LED ou un signal sonore afin d'\u00e9mettre un signal d'avertissement avant que le BMS ne d\u00e9connecte les batteries du syst\u00e8me.<\/li>\n<li><strong>Bluetooth<\/strong> pour la surveillance et la configuration via notre application VictronConnect.<\/li>\n<\/ul>\n<p><img fetchpriority=\"high\" decoding=\"async\" class=\"alignnone size-full wp-image-7028\" src=\"https:\/\/fvcomponentes.com\/wp-content\/uploads\/2023\/04\/smart-bms.png\" alt=\"Smart BMS Victron 12\/200 - BMS210055000\" width=\"898\" height=\"621\" title=\"\"><\/p>\n<h2>Fiche technique Smart BMS Victron 12\/200 - BMS210055000<\/h2>\n<p><a href=\"https:\/\/fvcomponentes.com\/wp-content\/uploads\/2023\/04\/SMART-BMS.pdf\" target=\"_blank\" rel=\"noopener\">Voir la fiche technique Smart BMS Victron 12\/200 - BMS210055000<\/a><\/p>","protected":false},"excerpt":{"rendered":"<p><strong>Port de l'alternateur - courant de charge maximal :<\/strong> 100 A (avec fusible 125 A)<br \/>\n<strong>Port System+ - courant de charge et de d\u00e9charge maximal :<\/strong> 200 A<br \/>\n<strong>Courant de d\u00e9charge de pointe :<\/strong> 400 A<\/p>","protected":false},"featured_media":7032,"comment_status":"open","ping_status":"closed","template":"","meta":{"site-sidebar-layout":"default","site-content-layout":"default","ast-site-content-layout":"default","site-content-style":"default","site-sidebar-style":"default","ast-global-header-display":"","ast-banner-title-visibility":"","ast-main-header-display":"","ast-hfb-above-header-display":"","ast-hfb-below-header-display":"","ast-hfb-mobile-header-display":"","site-post-title":"","ast-breadcrumbs-content":"","ast-featured-img":"","footer-sml-layout":"","ast-disable-related-posts":"","theme-transparent-header-meta":"default","adv-header-id-meta":"","stick-header-meta":"","header-above-stick-meta":"","header-main-stick-meta":"","header-below-stick-meta":"","astra-migrate-meta-layouts":"set","ast-page-background-enabled":"default","ast-page-background-meta":{"desktop":{"background-color":"var(--ast-global-color-4)","background-image":"","background-repeat":"repeat","background-position":"center center","background-size":"auto","background-attachment":"scroll","background-type":"","background-media":"","overlay-type":"","overlay-color":"","overlay-opacity":"","overlay-gradient":""},"tablet":{"background-color":"","background-image":"","background-repeat":"repeat","background-position":"center center","background-size":"auto","background-attachment":"scroll","background-type":"","background-media":"","overlay-type":"","overlay-color":"","overlay-opacity":"","overlay-gradient":""},"mobile":{"background-color":"","background-image":"","background-repeat":"repeat","background-position":"center center","background-size":"auto","background-attachment":"scroll","background-type":"","background-media":"","overlay-type":"","overlay-color":"","overlay-opacity":"","overlay-gradient":""}},"ast-content-background-meta":{"desktop":{"background-color":"var(--ast-global-color-5)","background-image":"","background-repeat":"repeat","background-position":"center center","background-size":"auto","background-attachment":"scroll","background-type":"","background-media":"","overlay-type":"","overlay-color":"","overlay-opacity":"","overlay-gradient":""},"tablet":{"background-color":"var(--ast-global-color-5)","background-image":"","background-repeat":"repeat","background-position":"center center","background-size":"auto","background-attachment":"scroll","background-type":"","background-media":"","overlay-type":"","overlay-color":"","overlay-opacity":"","overlay-gradient":""},"mobile":{"background-color":"var(--ast-global-color-5)","background-image":"","background-repeat":"repeat","background-position":"center center","background-size":"auto","background-attachment":"scroll","background-type":"","background-media":"","overlay-type":"","overlay-color":"","overlay-opacity":"","overlay-gradient":""}}},"pwb-brand":[332],"product_brand":[],"product_cat":[340,435],"product_tag":[],"class_list":{"0":"post-7026","1":"product","2":"type-product","3":"status-publish","4":"has-post-thumbnail","6":"pwb-brand-victron","7":"product_cat-baterias","8":"product_cat-bms-sistemas-de-supervision-de-baterias","9":"desktop-align-left","10":"tablet-align-left","11":"mobile-align-left","12":"ast-product-gallery-layout-horizontal-slider","13":"ast-product-tabs-layout-horizontal","15":"first","16":"instock","17":"taxable","18":"shipping-taxable","19":"purchasable","20":"product-type-simple"},"wcpa_form_fields":null,"brands":[{"id":332,"name":"Victron Energy","slug":"victron"}],"_links":{"self":[{"href":"https:\/\/fvcomponentes.com\/fr\/wp-json\/wp\/v2\/product\/7026","targetHints":{"allow":["GET"]}}],"collection":[{"href":"https:\/\/fvcomponentes.com\/fr\/wp-json\/wp\/v2\/product"}],"about":[{"href":"https:\/\/fvcomponentes.com\/fr\/wp-json\/wp\/v2\/types\/product"}],"replies":[{"embeddable":true,"href":"https:\/\/fvcomponentes.com\/fr\/wp-json\/wp\/v2\/comments?post=7026"}],"wp:featuredmedia":[{"embeddable":true,"href":"https:\/\/fvcomponentes.com\/fr\/wp-json\/wp\/v2\/media\/7032"}],"wp:attachment":[{"href":"https:\/\/fvcomponentes.com\/fr\/wp-json\/wp\/v2\/media?parent=7026"}],"wp:term":[{"taxonomy":"pwb-brand","embeddable":true,"href":"https:\/\/fvcomponentes.com\/fr\/wp-json\/wp\/v2\/pwb-brand?post=7026"},{"taxonomy":"product_brand","embeddable":true,"href":"https:\/\/fvcomponentes.com\/fr\/wp-json\/wp\/v2\/product_brand?post=7026"},{"taxonomy":"product_cat","embeddable":true,"href":"https:\/\/fvcomponentes.com\/fr\/wp-json\/wp\/v2\/product_cat?post=7026"},{"taxonomy":"product_tag","embeddable":true,"href":"https:\/\/fvcomponentes.com\/fr\/wp-json\/wp\/v2\/product_tag?post=7026"}],"curies":[{"name":"wp","href":"https:\/\/api.w.org\/{rel}","templated":true}]}}