{"id":7016,"date":"2023-09-06T16:53:09","date_gmt":"2023-09-06T14:53:09","guid":{"rendered":"https:\/\/fvcomponentes.com\/?post_type=product&#038;p=7016"},"modified":"2026-04-04T12:47:58","modified_gmt":"2026-04-04T10:47:58","slug":"victron-cyrix-li-charge-12-24v-230a-cyr010230430-battery-combiner-cyr010230430","status":"publish","type":"product","link":"https:\/\/fvcomponentes.com\/fr\/producto\/combinador-de-baterias-victron-cyrix-li-charge-12-24v-230a-cyr010230430\/","title":{"rendered":"Victron Cyrix-Li-Charge 12\/24V-230A combinateur de batteries - CYR010230430 - CYR010230430"},"content":{"rendered":"<p><span style=\"font-size: 1.7em;font-weight: bold\">Victron Cyrix-Li-Charge 12\/24V-230A battery combiner - CYR010230430 : emp\u00eache la sous-tension, la surtension et la surchauffe des cellules.<\/span><\/p>\n<div>\n<p>Dans le domaine des batteries LiFePO4, une protection fondamentale est l'\u00e9quilibrage des cellules, une pratique essentielle pour maintenir les performances de la batterie. Dans le cas des batteries LiFePO4 de Victron, l'\u00e9quilibrage des cellules est enti\u00e8rement int\u00e9gr\u00e9, ce qui pose les bases d'un fonctionnement s\u00fbr et prolong\u00e9.<\/p>\n<p>Mais la protection ne s'arr\u00eate pas l\u00e0. Une deuxi\u00e8me ligne de d\u00e9fense est \u00e9rig\u00e9e, consistant en des mesures de sauvegarde suppl\u00e9mentaires :<\/p>\n<ul>\n<li>Interruption automatique des charges en cas de sous-tension imminente des cellules.<\/li>\n<li>D\u00e9connexion ou r\u00e9gulation du courant de charge en r\u00e9ponse \u00e0 des conditions critiques, telles qu'une surtension imminente, des temp\u00e9ratures \u00e9lev\u00e9es (sup\u00e9rieures \u00e0 50\u00b0C) ou des temp\u00e9ratures n\u00e9gatives (inf\u00e9rieures \u00e0 0\u00b0C) affectant l'appareillage de commutation.<\/li>\n<\/ul>\n<p>Dans ce sc\u00e9nario, le syst\u00e8me de gestion de la batterie (BMS) du VE.Bus est au c\u0153ur de cette deuxi\u00e8me ligne de protection. Cependant, il est important de noter que toutes les charges ou tous les dispositifs de charge ne peuvent pas \u00eatre directement contr\u00f4l\u00e9s par le BMS du VE.Bus.<\/p>\n<p>Pour r\u00e9pondre \u00e0 ce besoin, les interrupteurs Cyrix entrent en jeu, une solution polyvalente qui peut \u00eatre contr\u00f4l\u00e9e par le BMS VE.Bus pour une d\u00e9connexion efficace des charges ou des chargeurs qui, autrement, ne seraient pas g\u00e9r\u00e9s directement.<\/p>\n<p>En conclusion, la combinaison de l'\u00e9quilibrage des cellules et des performances robustes du BMS VE.Bus constitue un syst\u00e8me de protection complet pour les batteries Victron LiFePO4. Cette strat\u00e9gie garantit non seulement un fonctionnement efficace, mais aussi une longue dur\u00e9e de vie de la batterie, ce qui renforce la fiabilit\u00e9 et la durabilit\u00e9 de ces syst\u00e8mes de stockage d'\u00e9nergie.<\/p>\n<h2>Victron Cyrix-Li-Charge 12\/24V-230A combinateur de batteries - CYR010230430 - CYR010230430<\/h2>\n<p>Le Cyrix-Li-Charge connectera un chargeur de batterie apr\u00e8s 3 secondes :<br \/>\n- Si la sortie de d\u00e9connexion du chargeur VE.Bus BMS est haute.<br \/>\n- Si 13,0 V (26,0 V ou 52,0 V respectivement) ou plus atteignent la borne de connexion du chargeur de batterie.<br \/>\n- Et si 2 V ou plus arrivent \u00e0 sa borne de batterie (le Cyrix restera ouvert s'il n'est pas connect\u00e9 \u00e0 la batterie).<br \/>\nLe Cyrix-Li-Charge se d\u00e9connecte imm\u00e9diatement lorsque son entr\u00e9e de contr\u00f4le devient flottante, indiquant une surtension ou une surchauffe des cellules.<\/p>\n<p>En g\u00e9n\u00e9ral, l'alarme de surtension sur les cellules se r\u00e9initialise peu apr\u00e8s l'arr\u00eat de la charge. Le Cyrix reconnectera alors le chargeur apr\u00e8s un d\u00e9lai de 3 secondes. Lorsque le Cyrix-Li-Charge est activ\u00e9 (chargeur connect\u00e9 \u00e0 la batterie), il se d\u00e9sactive apr\u00e8s 1 heure pour v\u00e9rifier si le chargeur est toujours activ\u00e9. Si, apr\u00e8s la d\u00e9sactivation du Cyrix, la sortie du chargeur de batterie est imm\u00e9diatement augment\u00e9e \u00e0 13,0 V ou plus, le Cyrix se r\u00e9activera avec un d\u00e9lai de 3 secondes.<\/p>\n<p><strong>Remarque :<\/strong> En cas de courant de d\u00e9charge nul ou faible, le Cyrix ne sera pas d\u00e9sactiv\u00e9 peu apr\u00e8s l'arr\u00eat et\/ou la d\u00e9connexion du chargeur, car la tension de la batterie restera sup\u00e9rieure \u00e0 13,5V.<\/p>\n<\/div>\n<p><img fetchpriority=\"high\" decoding=\"async\" class=\"alignnone size-full wp-image-7018\" src=\"https:\/\/fvcomponentes.com\/wp-content\/uploads\/2023\/04\/cyrix-charge-230.png\" alt=\"\" width=\"1037\" height=\"470\" title=\"\"><\/p>\n<h2>Fiche technique Victron Cyrix-Li-Charge Combinateur de batterie 12\/24V-230A - CYR010230430 - CYR010230430<\/h2>\n<p><a href=\"https:\/\/fvcomponentes.com\/wp-content\/uploads\/2023\/04\/CYRIX-230.pdf\" target=\"_blank\" rel=\"noopener\">Voir la fiche technique de Victron Cyrix-Li-Charge 12\/24V-230A - CYR010230430 - Combinateur de batteries CYR010230430<\/a><\/p>","protected":false},"excerpt":{"rendered":"<p><strong>Courant continu et capacit\u00e9 de coupure de 12 V ou 24 V : <\/strong>230 A<br \/>\n<strong>Consommation de courant en cas d'ouverture :<\/strong> 4 mA<br \/>\n<strong>Cat\u00e9gorie de protection :<\/strong> IP54<\/p>","protected":false},"featured_media":7005,"comment_status":"open","ping_status":"closed","template":"","meta":{"site-sidebar-layout":"default","site-content-layout":"default","ast-site-content-layout":"default","site-content-style":"default","site-sidebar-style":"default","ast-global-header-display":"","ast-banner-title-visibility":"","ast-main-header-display":"","ast-hfb-above-header-display":"","ast-hfb-below-header-display":"","ast-hfb-mobile-header-display":"","site-post-title":"","ast-breadcrumbs-content":"","ast-featured-img":"","footer-sml-layout":"","ast-disable-related-posts":"","theme-transparent-header-meta":"default","adv-header-id-meta":"","stick-header-meta":"","header-above-stick-meta":"","header-main-stick-meta":"","header-below-stick-meta":"","astra-migrate-meta-layouts":"set","ast-page-background-enabled":"default","ast-page-background-meta":{"desktop":{"background-color":"var(--ast-global-color-4)","background-image":"","background-repeat":"repeat","background-position":"center center","background-size":"auto","background-attachment":"scroll","background-type":"","background-media":"","overlay-type":"","overlay-color":"","overlay-opacity":"","overlay-gradient":""},"tablet":{"background-color":"","background-image":"","background-repeat":"repeat","background-position":"center center","background-size":"auto","background-attachment":"scroll","background-type":"","background-media":"","overlay-type":"","overlay-color":"","overlay-opacity":"","overlay-gradient":""},"mobile":{"background-color":"","background-image":"","background-repeat":"repeat","background-position":"center center","background-size":"auto","background-attachment":"scroll","background-type":"","background-media":"","overlay-type":"","overlay-color":"","overlay-opacity":"","overlay-gradient":""}},"ast-content-background-meta":{"desktop":{"background-color":"var(--ast-global-color-5)","background-image":"","background-repeat":"repeat","background-position":"center center","background-size":"auto","background-attachment":"scroll","background-type":"","background-media":"","overlay-type":"","overlay-color":"","overlay-opacity":"","overlay-gradient":""},"tablet":{"background-color":"var(--ast-global-color-5)","background-image":"","background-repeat":"repeat","background-position":"center center","background-size":"auto","background-attachment":"scroll","background-type":"","background-media":"","overlay-type":"","overlay-color":"","overlay-opacity":"","overlay-gradient":""},"mobile":{"background-color":"var(--ast-global-color-5)","background-image":"","background-repeat":"repeat","background-position":"center center","background-size":"auto","background-attachment":"scroll","background-type":"","background-media":"","overlay-type":"","overlay-color":"","overlay-opacity":"","overlay-gradient":""}}},"pwb-brand":[332],"product_brand":[],"product_cat":[391,340,932],"product_tag":[],"class_list":{"0":"post-7016","1":"product","2":"type-product","3":"status-publish","4":"has-post-thumbnail","6":"pwb-brand-victron","7":"product_cat-accesorios-para-baterias","8":"product_cat-baterias","9":"product_cat-combinadores-de-baterias","10":"desktop-align-left","11":"tablet-align-left","12":"mobile-align-left","13":"ast-product-gallery-layout-horizontal-slider","14":"ast-product-gallery-with-no-image","15":"ast-product-tabs-layout-horizontal","17":"first","18":"instock","19":"taxable","20":"shipping-taxable","21":"purchasable","22":"product-type-simple"},"wcpa_form_fields":null,"brands":[{"id":332,"name":"Victron Energy","slug":"victron"}],"_links":{"self":[{"href":"https:\/\/fvcomponentes.com\/fr\/wp-json\/wp\/v2\/product\/7016","targetHints":{"allow":["GET"]}}],"collection":[{"href":"https:\/\/fvcomponentes.com\/fr\/wp-json\/wp\/v2\/product"}],"about":[{"href":"https:\/\/fvcomponentes.com\/fr\/wp-json\/wp\/v2\/types\/product"}],"replies":[{"embeddable":true,"href":"https:\/\/fvcomponentes.com\/fr\/wp-json\/wp\/v2\/comments?post=7016"}],"wp:featuredmedia":[{"embeddable":true,"href":"https:\/\/fvcomponentes.com\/fr\/wp-json\/wp\/v2\/media\/7005"}],"wp:attachment":[{"href":"https:\/\/fvcomponentes.com\/fr\/wp-json\/wp\/v2\/media?parent=7016"}],"wp:term":[{"taxonomy":"pwb-brand","embeddable":true,"href":"https:\/\/fvcomponentes.com\/fr\/wp-json\/wp\/v2\/pwb-brand?post=7016"},{"taxonomy":"product_brand","embeddable":true,"href":"https:\/\/fvcomponentes.com\/fr\/wp-json\/wp\/v2\/product_brand?post=7016"},{"taxonomy":"product_cat","embeddable":true,"href":"https:\/\/fvcomponentes.com\/fr\/wp-json\/wp\/v2\/product_cat?post=7016"},{"taxonomy":"product_tag","embeddable":true,"href":"https:\/\/fvcomponentes.com\/fr\/wp-json\/wp\/v2\/product_tag?post=7016"}],"curies":[{"name":"wp","href":"https:\/\/api.w.org\/{rel}","templated":true}]}}