{"id":7008,"date":"2023-09-05T13:59:57","date_gmt":"2023-09-05T11:59:57","guid":{"rendered":"https:\/\/fvcomponentes.com\/?post_type=product&#038;p=7008"},"modified":"2026-04-08T21:30:29","modified_gmt":"2026-04-08T19:30:29","slug":"combiner-victron-cyrix-li-ct-12-24v-120a-combiner-cyr010120412","status":"publish","type":"product","link":"https:\/\/fvcomponentes.com\/fr\/producto\/combinador-victron-cyrix-li-ct-12-24v-120a-combiner-cyr010120412\/","title":{"rendered":"Victron Cyrix-Li-ct 12\/24V-120A combiner - CYR010120412"},"content":{"rendered":"<h2>Prot\u00e9gez vos batteries LiFePO4 avec le combineur Victron Cyrix-Li-ct 12\/24V-120A - CYR010120412 : il pr\u00e9vient la sous-tension, la surtension et la surchauffe des cellules.<\/h2>\n<p>Le combineur Victron Cyrix-Li-ct 12\/24V-120A - CYR010120412 connectera en parall\u00e8le une batterie de d\u00e9marrage au plomb avec une batterie au lithium LiFePO4, prot\u00e9geant la batterie au lithium contre les surtensions ou les surchauffes.<\/p>\n<p><strong>1. \u00c9quilibre cellulaire : optimisation et performance uniforme<\/strong> La premi\u00e8re ligne de d\u00e9fense est l'\u00e9quilibrage des cellules, une caract\u00e9ristique essentielle de toutes les batteries Victron LiFePO4. Ce syst\u00e8me garantit que toutes les cellules fonctionnent en harmonie, ce qui permet non seulement d'optimiser la capacit\u00e9 de la batterie, mais aussi d'\u00e9viter les probl\u00e8mes potentiels tels que la surcharge ou la d\u00e9charge excessive.<\/p>\n<p><strong>2) Garanties avanc\u00e9es : une r\u00e9ponse agile aux risques<\/strong> La deuxi\u00e8me couche de protection est con\u00e7ue pour r\u00e9pondre efficacement aux situations critiques :<\/p>\n<ul>\n<li>En cas de risque imminent de sous-tension dans l'appareillage de commutation, le syst\u00e8me d\u00e9connecte automatiquement les charges.<\/li>\n<li>En cas de surtension, de temp\u00e9rature \u00e9lev\u00e9e (&gt;50\u00b0C) ou de temp\u00e9rature basse (&lt;0\u00b0C), le syst\u00e8me intervient en d\u00e9connectant ou en r\u00e9duisant le courant de charge. Au c\u0153ur de cette ligne de protection se trouve le BMS VE.Bus, qui surveille en permanence les conditions pour assurer la s\u00e9curit\u00e9 de vos cellules.<\/li>\n<\/ul>\n<p>Cependant, il est important de noter que tous les chargeurs ou toutes les charges ne peuvent pas \u00eatre directement contr\u00f4l\u00e9s par la GTB VE.Bus. Pour rem\u00e9dier \u00e0 cette limitation, les interrupteurs Cyrix sont pr\u00e9sent\u00e9s comme une solution permettant de d\u00e9connecter ces dispositifs.<\/p>\n<h2><strong>Caract\u00e9ristiques principales du combineur Victron Cyrix-Li-ct 12\/24V-120A<\/strong><\/h2>\n<p>Le Cyrix-Li-ct est un compl\u00e9ment essentiel \u00e0 ce r\u00e9seau de protection. Comme son homologue Cyrix-ct, le Cyrix-Li-ct remplit une fonction parall\u00e8le essentielle. Il connecte en parall\u00e8le une batterie de d\u00e9marrage au plomb et une batterie LiFePO4 dans les conditions suivantes :<\/p>\n<ul>\n<li>Haute d\u00e9connexion du chargeur du BMS VE.Bus.<\/li>\n<li>D\u00e9tection d'une tension de 13,4 V (ou 26,8 V) ou plus \u00e0 l'une de ses bornes de connexion.<\/li>\n<\/ul>\n<p>Cet appareil est programm\u00e9 pour s'\u00e9teindre imm\u00e9diatement en cas de :<\/p>\n<ul>\n<li>Sortie de contr\u00f4le en mode flottant, indiquant une surtension ou une surchauffe de l'appareillage de commutation.<\/li>\n<li>La tension de la batterie passe sous le seuil de 13,2 V.<\/li>\n<\/ul>\n<p>Le Cyrix-Li-ct est \u00e9galement dot\u00e9 d'un indicateur d'\u00e9tat LED qui vous donne un retour visuel rapide sur son fonctionnement :<\/p>\n<ul>\n<li>LED allum\u00e9e : indique que le dispositif est activ\u00e9.<\/li>\n<li>La LED clignote pendant 10 secondes : signale que le dispositif est d\u00e9sactiv\u00e9.<\/li>\n<li>La LED clignote pendant 2 secondes : indique que l'appareil est en cours de connexion.<\/li>\n<li>LED clignotant pendant 2 secondes : indique que l'appareil est en train de s'\u00e9teindre.<\/li>\n<li>LED clignotant pendant 0,25 seconde : avertit d'une alarme qui peut inclure des conditions de surchauffe, une tension sup\u00e9rieure \u00e0 16V, les deux batteries avec des tensions inf\u00e9rieures \u00e0 10V, ou l'une des batteries avec une tension inf\u00e9rieure \u00e0 2V.<\/li>\n<\/ul>\n<p>En outre, le Cyrix-Li-ct est dot\u00e9 d'une fonction StartAssist qui donne un coup de pouce suppl\u00e9mentaire au d\u00e9marreur. Une br\u00e8ve pression sur le bouton n\u00e9gatif activera le relais pendant 30 secondes, ce qui peut s'av\u00e9rer tr\u00e8s utile dans les situations de d\u00e9marrage difficiles.<\/p>\n<p>La s\u00e9curit\u00e9 est une priorit\u00e9 de tous les instants, et le Cyrix-Li-ct int\u00e8gre un suppresseur de tension transitoire qui limite les pics de tension en cas d'arr\u00eat soudain d\u00fb \u00e0 une surtension de la cellule ou \u00e0 une surchauffe.<\/p>\n<p><img fetchpriority=\"high\" decoding=\"async\" class=\"alignnone size-full wp-image-7009\" src=\"https:\/\/fvcomponentes.com\/wp-content\/uploads\/2023\/04\/cyrix-ct.png\" alt=\"Victron Cyrix-Li-ct 12\/24V-120A combiner - CYR01010120412 \" width=\"742\" height=\"410\" title=\"\"><\/p>\n<h2>Fiche technique Victron Cyrix-Li-ct 12\/24V-120A combiner - CYR010120412<\/h2>\n<p><a href=\"https:\/\/fvcomponentes.com\/wp-content\/uploads\/2023\/04\/SERIE-CYRIX.pdf\" target=\"_blank\" rel=\"noopener\">Voir la fiche technique du combineur Victron Cyrix-Li-ct 12\/24V-120A - CYR010120412<\/a><\/p>","protected":false},"excerpt":{"rendered":"<p><strong>Consommation \u00e9lectrique en cas d'ouverture : <\/strong>&lt; 4 mA<br \/>\n<strong>Classe de protection :<\/strong>\u00a0\u00a0IP54<br \/>\n<strong>Tension :<\/strong> \u00a012 \/ 24 V<strong><br \/>\nCapacit\u00e9 de coupure en courant continu et en 12\/24V : <\/strong>120A<br \/>\n<strong>Courant continu et capacit\u00e9 de coupure de 48V : <\/strong>40A<\/p>","protected":false},"featured_media":10525,"comment_status":"open","ping_status":"closed","template":"","meta":{"site-sidebar-layout":"default","site-content-layout":"default","ast-site-content-layout":"default","site-content-style":"default","site-sidebar-style":"default","ast-global-header-display":"","ast-banner-title-visibility":"","ast-main-header-display":"","ast-hfb-above-header-display":"","ast-hfb-below-header-display":"","ast-hfb-mobile-header-display":"","site-post-title":"","ast-breadcrumbs-content":"","ast-featured-img":"","footer-sml-layout":"","ast-disable-related-posts":"","theme-transparent-header-meta":"default","adv-header-id-meta":"","stick-header-meta":"","header-above-stick-meta":"","header-main-stick-meta":"","header-below-stick-meta":"","astra-migrate-meta-layouts":"set","ast-page-background-enabled":"default","ast-page-background-meta":{"desktop":{"background-color":"var(--ast-global-color-4)","background-image":"","background-repeat":"repeat","background-position":"center center","background-size":"auto","background-attachment":"scroll","background-type":"","background-media":"","overlay-type":"","overlay-color":"","overlay-opacity":"","overlay-gradient":""},"tablet":{"background-color":"","background-image":"","background-repeat":"repeat","background-position":"center center","background-size":"auto","background-attachment":"scroll","background-type":"","background-media":"","overlay-type":"","overlay-color":"","overlay-opacity":"","overlay-gradient":""},"mobile":{"background-color":"","background-image":"","background-repeat":"repeat","background-position":"center center","background-size":"auto","background-attachment":"scroll","background-type":"","background-media":"","overlay-type":"","overlay-color":"","overlay-opacity":"","overlay-gradient":""}},"ast-content-background-meta":{"desktop":{"background-color":"var(--ast-global-color-5)","background-image":"","background-repeat":"repeat","background-position":"center center","background-size":"auto","background-attachment":"scroll","background-type":"","background-media":"","overlay-type":"","overlay-color":"","overlay-opacity":"","overlay-gradient":""},"tablet":{"background-color":"var(--ast-global-color-5)","background-image":"","background-repeat":"repeat","background-position":"center center","background-size":"auto","background-attachment":"scroll","background-type":"","background-media":"","overlay-type":"","overlay-color":"","overlay-opacity":"","overlay-gradient":""},"mobile":{"background-color":"var(--ast-global-color-5)","background-image":"","background-repeat":"repeat","background-position":"center center","background-size":"auto","background-attachment":"scroll","background-type":"","background-media":"","overlay-type":"","overlay-color":"","overlay-opacity":"","overlay-gradient":""}}},"pwb-brand":[332],"product_brand":[],"product_cat":[391,340,932],"product_tag":[],"class_list":{"0":"post-7008","1":"product","2":"type-product","3":"status-publish","4":"has-post-thumbnail","6":"pwb-brand-victron","7":"product_cat-accesorios-para-baterias","8":"product_cat-baterias","9":"product_cat-combinadores-de-baterias","10":"desktop-align-left","11":"tablet-align-left","12":"mobile-align-left","13":"ast-product-gallery-layout-horizontal-slider","14":"ast-product-gallery-with-no-image","15":"ast-product-tabs-layout-horizontal","17":"first","18":"instock","19":"taxable","20":"shipping-taxable","21":"purchasable","22":"product-type-simple"},"wcpa_form_fields":null,"brands":[{"id":332,"name":"Victron Energy","slug":"victron"}],"_links":{"self":[{"href":"https:\/\/fvcomponentes.com\/fr\/wp-json\/wp\/v2\/product\/7008","targetHints":{"allow":["GET"]}}],"collection":[{"href":"https:\/\/fvcomponentes.com\/fr\/wp-json\/wp\/v2\/product"}],"about":[{"href":"https:\/\/fvcomponentes.com\/fr\/wp-json\/wp\/v2\/types\/product"}],"replies":[{"embeddable":true,"href":"https:\/\/fvcomponentes.com\/fr\/wp-json\/wp\/v2\/comments?post=7008"}],"wp:featuredmedia":[{"embeddable":true,"href":"https:\/\/fvcomponentes.com\/fr\/wp-json\/wp\/v2\/media\/10525"}],"wp:attachment":[{"href":"https:\/\/fvcomponentes.com\/fr\/wp-json\/wp\/v2\/media?parent=7008"}],"wp:term":[{"taxonomy":"pwb-brand","embeddable":true,"href":"https:\/\/fvcomponentes.com\/fr\/wp-json\/wp\/v2\/pwb-brand?post=7008"},{"taxonomy":"product_brand","embeddable":true,"href":"https:\/\/fvcomponentes.com\/fr\/wp-json\/wp\/v2\/product_brand?post=7008"},{"taxonomy":"product_cat","embeddable":true,"href":"https:\/\/fvcomponentes.com\/fr\/wp-json\/wp\/v2\/product_cat?post=7008"},{"taxonomy":"product_tag","embeddable":true,"href":"https:\/\/fvcomponentes.com\/fr\/wp-json\/wp\/v2\/product_tag?post=7008"}],"curies":[{"name":"wp","href":"https:\/\/api.w.org\/{rel}","templated":true}]}}