{"id":6995,"date":"2023-09-06T17:19:21","date_gmt":"2023-09-06T15:19:21","guid":{"rendered":"https:\/\/fvcomponentes.com\/?post_type=product&#038;p=6995"},"modified":"2026-04-04T12:45:36","modified_gmt":"2026-04-04T10:45:36","slug":"victron-cyrix-li-load-12-24v-120a-combiner-cyr010120450","status":"publish","type":"product","link":"https:\/\/fvcomponentes.com\/fr\/producto\/combinador-victron-cyrix-li-load-12-24v-120a-cyr010120450\/","title":{"rendered":"Victron Cyrix-Li-load 12\/24V-120A combinateur de batteries - CYR010120450"},"content":{"rendered":"<h2>Pr\u00e9vient la sous-tension, la surtension et la surchauffe des \u00e9l\u00e9ments de batterie LiFePo4 de Victron.<\/h2>\n<p>La premi\u00e8re ligne de protection est l'\u00e9quilibrage des cellules. Toutes les batteries Victron LiFePO4 int\u00e8grent l'\u00e9quilibrage des cellules.<br \/>\nLa deuxi\u00e8me ligne de protection consiste en<br \/>\n- d\u00e9connecter les charges en cas de sous-tension imminente dans l'appareillage de connexion, et<br \/>\n- d\u00e9connecter ou r\u00e9duire le courant de charge en cas de surtension imminente, de temp\u00e9rature \u00e9lev\u00e9e (&gt;50\u00b0C) ou de temp\u00e9rature basse (&lt;0\u00b0C) dans l&#039;appareillage de connexion.<br \/>\nLe BMS VE.Bus est le c\u0153ur de la deuxi\u00e8me ligne de protection.<br \/>\nCependant, toutes les charges ou tous les chargeurs ne peuvent pas \u00eatre contr\u00f4l\u00e9s directement par le BMS VE.Bus.<br \/>\nPlusieurs interrupteurs Cyrix sont disponibles pour \u00e9teindre ces charges ou chargeurs, qui sont contr\u00f4l\u00e9s par le BMS VE.Bus.<\/p>\n<h2>Victron Cyrix-Li-load 12\/24V-120A combinateur de batteries - CYR010120450<\/h2>\n<p>Le Cyrix-Li-load s'\u00e9teint lorsque son entr\u00e9e de contr\u00f4le devient flottante.<br \/>\nSi la tension de la batterie se r\u00e9tablit apr\u00e8s la d\u00e9connexion (ce qui se produit lorsqu'il n'y a pas d'autres charges connect\u00e9es \u00e0 la batterie), la sortie BMS passera \u00e0 un niveau \u00e9lev\u00e9 et le Cyrix se r\u00e9activera apr\u00e8s 30 secondes. Apr\u00e8s trois tentatives de r\u00e9activation, le Cyrix restera d\u00e9sactiv\u00e9 jusqu'\u00e0 ce que la tension d\u00e9passe 13 V (26 V ou 52 V, respectivement) pendant au moins 30 secondes (ce qui est le signe que la batterie se recharge).<br \/>\nIl est \u00e9galement possible d'utiliser une batterie Protect (avantage : tr\u00e8s faible consommation d'\u00e9nergie).<\/p>\n<p><img fetchpriority=\"high\" decoding=\"async\" class=\"alignnone size-full wp-image-6997\" src=\"https:\/\/fvcomponentes.com\/wp-content\/uploads\/2023\/04\/cyrix-load.png\" alt=\"Victron Cyrix-Li-load Combiner 12\/24V-120A - CYR010120450\" width=\"881\" height=\"428\" title=\"\"><\/p>\n<h2>Fiche technique Victron Cyrix-Li-load battery combiner 12\/24V-120A - CYR010120450<\/h2>\n<p><a href=\"https:\/\/fvcomponentes.com\/wp-content\/uploads\/2023\/04\/SERIE-CYRIX.pdf\" target=\"_blank\" rel=\"noopener\">Voir la fiche technique du combineur de batteries Victron Cyrix-Li-load 12\/24V-120A - CYR010120450<\/a><\/p>\n<p>&nbsp;<\/p>","protected":false},"excerpt":{"rendered":"<p><strong>Courant continu et capacit\u00e9 de coupure de 12 V ou 24 V :<\/strong> 120 A<br \/>\n<strong>Consommation de courant en cas d'ouverture :<\/strong>\u00a04 mA<br \/>\n<strong>Cat\u00e9gorie de protection :<\/strong>\u00a0IP54<\/p>","protected":false},"featured_media":7000,"comment_status":"open","ping_status":"closed","template":"","meta":{"site-sidebar-layout":"default","site-content-layout":"default","ast-site-content-layout":"default","site-content-style":"default","site-sidebar-style":"default","ast-global-header-display":"","ast-banner-title-visibility":"","ast-main-header-display":"","ast-hfb-above-header-display":"","ast-hfb-below-header-display":"","ast-hfb-mobile-header-display":"","site-post-title":"","ast-breadcrumbs-content":"","ast-featured-img":"","footer-sml-layout":"","ast-disable-related-posts":"","theme-transparent-header-meta":"default","adv-header-id-meta":"","stick-header-meta":"","header-above-stick-meta":"","header-main-stick-meta":"","header-below-stick-meta":"","astra-migrate-meta-layouts":"set","ast-page-background-enabled":"default","ast-page-background-meta":{"desktop":{"background-color":"var(--ast-global-color-4)","background-image":"","background-repeat":"repeat","background-position":"center center","background-size":"auto","background-attachment":"scroll","background-type":"","background-media":"","overlay-type":"","overlay-color":"","overlay-opacity":"","overlay-gradient":""},"tablet":{"background-color":"","background-image":"","background-repeat":"repeat","background-position":"center center","background-size":"auto","background-attachment":"scroll","background-type":"","background-media":"","overlay-type":"","overlay-color":"","overlay-opacity":"","overlay-gradient":""},"mobile":{"background-color":"","background-image":"","background-repeat":"repeat","background-position":"center center","background-size":"auto","background-attachment":"scroll","background-type":"","background-media":"","overlay-type":"","overlay-color":"","overlay-opacity":"","overlay-gradient":""}},"ast-content-background-meta":{"desktop":{"background-color":"var(--ast-global-color-5)","background-image":"","background-repeat":"repeat","background-position":"center center","background-size":"auto","background-attachment":"scroll","background-type":"","background-media":"","overlay-type":"","overlay-color":"","overlay-opacity":"","overlay-gradient":""},"tablet":{"background-color":"var(--ast-global-color-5)","background-image":"","background-repeat":"repeat","background-position":"center center","background-size":"auto","background-attachment":"scroll","background-type":"","background-media":"","overlay-type":"","overlay-color":"","overlay-opacity":"","overlay-gradient":""},"mobile":{"background-color":"var(--ast-global-color-5)","background-image":"","background-repeat":"repeat","background-position":"center center","background-size":"auto","background-attachment":"scroll","background-type":"","background-media":"","overlay-type":"","overlay-color":"","overlay-opacity":"","overlay-gradient":""}}},"pwb-brand":[332],"product_brand":[],"product_cat":[391,340,932],"product_tag":[],"class_list":{"0":"post-6995","1":"product","2":"type-product","3":"status-publish","4":"has-post-thumbnail","6":"pwb-brand-victron","7":"product_cat-accesorios-para-baterias","8":"product_cat-baterias","9":"product_cat-combinadores-de-baterias","10":"desktop-align-left","11":"tablet-align-left","12":"mobile-align-left","13":"ast-product-gallery-layout-horizontal-slider","14":"ast-product-gallery-with-no-image","15":"ast-product-tabs-layout-horizontal","17":"first","18":"instock","19":"taxable","20":"shipping-taxable","21":"purchasable","22":"product-type-simple"},"wcpa_form_fields":null,"brands":[{"id":332,"name":"Victron Energy","slug":"victron"}],"_links":{"self":[{"href":"https:\/\/fvcomponentes.com\/fr\/wp-json\/wp\/v2\/product\/6995","targetHints":{"allow":["GET"]}}],"collection":[{"href":"https:\/\/fvcomponentes.com\/fr\/wp-json\/wp\/v2\/product"}],"about":[{"href":"https:\/\/fvcomponentes.com\/fr\/wp-json\/wp\/v2\/types\/product"}],"replies":[{"embeddable":true,"href":"https:\/\/fvcomponentes.com\/fr\/wp-json\/wp\/v2\/comments?post=6995"}],"wp:featuredmedia":[{"embeddable":true,"href":"https:\/\/fvcomponentes.com\/fr\/wp-json\/wp\/v2\/media\/7000"}],"wp:attachment":[{"href":"https:\/\/fvcomponentes.com\/fr\/wp-json\/wp\/v2\/media?parent=6995"}],"wp:term":[{"taxonomy":"pwb-brand","embeddable":true,"href":"https:\/\/fvcomponentes.com\/fr\/wp-json\/wp\/v2\/pwb-brand?post=6995"},{"taxonomy":"product_brand","embeddable":true,"href":"https:\/\/fvcomponentes.com\/fr\/wp-json\/wp\/v2\/product_brand?post=6995"},{"taxonomy":"product_cat","embeddable":true,"href":"https:\/\/fvcomponentes.com\/fr\/wp-json\/wp\/v2\/product_cat?post=6995"},{"taxonomy":"product_tag","embeddable":true,"href":"https:\/\/fvcomponentes.com\/fr\/wp-json\/wp\/v2\/product_tag?post=6995"}],"curies":[{"name":"wp","href":"https:\/\/api.w.org\/{rel}","templated":true}]}}