{"id":6987,"date":"2023-09-19T18:06:51","date_gmt":"2023-09-19T16:06:51","guid":{"rendered":"https:\/\/fvcomponentes.com\/?post_type=product&#038;p=6987"},"modified":"2026-04-04T12:44:40","modified_gmt":"2026-04-04T10:44:40","slug":"victron-solidswitch-104-bms800200104","status":"publish","type":"product","link":"https:\/\/fvcomponentes.com\/fr\/producto\/victron-solidswitch-104-bms800200104\/","title":{"rendered":"Victron SolidSwitch 104 - BMS800200104"},"content":{"rendered":"<p>Le SolidSwitch 104 de Victron commute des charges DC jusqu'\u00e0 70 V\/4 A et peut \u00eatre contr\u00f4l\u00e9 par un signal num\u00e9rique de faible puissance. Il peut \u00eatre command\u00e9 par un signal num\u00e9rique de faible puissance. Il a trois cas d'utilisation typiques :<br \/>\n1. contr\u00f4ler un r\u00e9gulateur d'alternateur externe, tel qu'un Balmar ou un Mastervolt Alpha pro sur un syst\u00e8me Victron lithium.<br \/>\n2. Commutation d'une charge \u00e0 courant continu, telle qu'une lampe. Un circuit de contr\u00f4le de faible puissance, le courant maximal tir\u00e9 ne sera que de 100 \u03bcA, peut contr\u00f4ler une charge jusqu'\u00e0 4 amp\u00e8res.<br \/>\n3. Augmenter le nombre de chargeurs pouvant \u00eatre connect\u00e9s \u00e0 la sortie ATC (autorisation de charge) d'une GTB Victron.<\/p>\n<h2>Qu'est-ce qui rend le SolidSwitch 104 de Victron unique ?<\/h2>\n<p>La caract\u00e9ristique qui en fait un interrupteur si utile est sa faible consommation de courant. Le SolidSwitch 104 de Victron consomme 0,04 Ah par mois, alors qu'un petit relais peut facilement consommer 10 Ah par mois, voire 22 Ah (*).<\/p>\n<p>Cette r\u00e9duction d'un facteur 250 est cruciale lorsqu'elle est utilis\u00e9e dans un syst\u00e8me au lithium pour connecter et contr\u00f4ler le r\u00e9gulateur de l'alternateur : le circuit de contr\u00f4le tirera toujours sa puissance de r\u00e9serve. Elle l'est \u00e9galement lorsqu'elle est utilis\u00e9e pour augmenter le nombre de chargeurs pouvant \u00eatre connect\u00e9s \u00e0 un contact ATC BMS. En utilisant un SolidSwitch 104 de Victron au lieu d'un relais ordinaire, la charge parasite est r\u00e9duite \u00e0 l'ordre de grandeur de l'autod\u00e9charge du parc de batteries.<\/p>\n<p>Notez que m\u00eame lorsque les batteries sont compl\u00e8tement charg\u00e9es, la sortie ATC du BMS est toujours activ\u00e9e. Ainsi, les circuits de commande tels qu'un relais ou, dans ce cas, le SolidSwitch, seront activ\u00e9s et consommeront de l'\u00e9nergie. M\u00eame lorsque le chargeur ou l'alternateur ne charge pas.<\/p>\n<p>Pour cet exemple, cela signifie qu'en utilisant un relais, le petit relais consomme 10 Ah par mois du parc de batteries, m\u00eame lorsque le moteur ne tourne pas. Alors que le SolidSwitch ne consomme que 0,04 Ah, ce qui est tr\u00e8s probablement bien inf\u00e9rieur \u00e0 l'autod\u00e9charge des batteries et donc n\u00e9gligeable.<\/p>\n<h2>Types de charge compatibles<\/h2>\n<p>La charge DC peut \u00eatre r\u00e9sistive, capacitive ou inductive (comme la bobine d'un contacteur de forte puissance).<\/p>\n<p><img fetchpriority=\"high\" decoding=\"async\" class=\"alignnone size-full wp-image-6988\" src=\"https:\/\/fvcomponentes.com\/wp-content\/uploads\/2023\/04\/Captura-1.png\" alt=\"SolidSwitch Victron 104 - BMS800200104\" width=\"452\" height=\"654\" title=\"\"><\/p>\n<h2>Fiche technique Victron SolidSwitch 104 - BMS800200104<\/h2>\n<p><a href=\"https:\/\/fvcomponentes.com\/wp-content\/uploads\/2023\/04\/SolidSwitch-104-EN.pdf\" target=\"_blank\" rel=\"noopener\">Voir la fiche technique Victron SolidSwitch 104 - BMS800200104<\/a><\/p>","protected":false},"excerpt":{"rendered":"<p id=\"tw-target-text\" class=\"tw-data-text tw-text-large tw-ta\" dir=\"ltr\" data-placeholder=\"Traducci\u00f3n\"><span class=\"Y2IQFc\" lang=\"es\"><strong>Plage de tension d'entr\u00e9e op\u00e9rationnelle :<\/strong> (Vbat) 8 - 70 V DC<br \/>\n<strong>Courant de charge maximal :<\/strong> 4A<br \/>\n<strong>Degr\u00e9 de protection :<\/strong> IP20<br \/>\n<strong>Mati\u00e8re et couleur :<\/strong> ABS, noir mat<\/span><\/p>\n<p>&nbsp;<\/p>","protected":false},"featured_media":6994,"comment_status":"open","ping_status":"closed","template":"","meta":{"site-sidebar-layout":"default","site-content-layout":"default","ast-site-content-layout":"default","site-content-style":"default","site-sidebar-style":"default","ast-global-header-display":"","ast-banner-title-visibility":"","ast-main-header-display":"","ast-hfb-above-header-display":"","ast-hfb-below-header-display":"","ast-hfb-mobile-header-display":"","site-post-title":"","ast-breadcrumbs-content":"","ast-featured-img":"","footer-sml-layout":"","ast-disable-related-posts":"","theme-transparent-header-meta":"default","adv-header-id-meta":"","stick-header-meta":"","header-above-stick-meta":"","header-main-stick-meta":"","header-below-stick-meta":"","astra-migrate-meta-layouts":"set","ast-page-background-enabled":"default","ast-page-background-meta":{"desktop":{"background-color":"var(--ast-global-color-4)","background-image":"","background-repeat":"repeat","background-position":"center center","background-size":"auto","background-attachment":"scroll","background-type":"","background-media":"","overlay-type":"","overlay-color":"","overlay-opacity":"","overlay-gradient":""},"tablet":{"background-color":"","background-image":"","background-repeat":"repeat","background-position":"center center","background-size":"auto","background-attachment":"scroll","background-type":"","background-media":"","overlay-type":"","overlay-color":"","overlay-opacity":"","overlay-gradient":""},"mobile":{"background-color":"","background-image":"","background-repeat":"repeat","background-position":"center center","background-size":"auto","background-attachment":"scroll","background-type":"","background-media":"","overlay-type":"","overlay-color":"","overlay-opacity":"","overlay-gradient":""}},"ast-content-background-meta":{"desktop":{"background-color":"var(--ast-global-color-5)","background-image":"","background-repeat":"repeat","background-position":"center center","background-size":"auto","background-attachment":"scroll","background-type":"","background-media":"","overlay-type":"","overlay-color":"","overlay-opacity":"","overlay-gradient":""},"tablet":{"background-color":"var(--ast-global-color-5)","background-image":"","background-repeat":"repeat","background-position":"center center","background-size":"auto","background-attachment":"scroll","background-type":"","background-media":"","overlay-type":"","overlay-color":"","overlay-opacity":"","overlay-gradient":""},"mobile":{"background-color":"var(--ast-global-color-5)","background-image":"","background-repeat":"repeat","background-position":"center center","background-size":"auto","background-attachment":"scroll","background-type":"","background-media":"","overlay-type":"","overlay-color":"","overlay-opacity":"","overlay-gradient":""}}},"pwb-brand":[332],"product_brand":[],"product_cat":[340,391,933],"product_tag":[],"class_list":{"0":"post-6987","1":"product","2":"type-product","3":"status-publish","4":"has-post-thumbnail","6":"pwb-brand-victron","7":"product_cat-baterias","8":"product_cat-accesorios-para-baterias","9":"product_cat-monitores-de-baterias","10":"desktop-align-left","11":"tablet-align-left","12":"mobile-align-left","13":"ast-product-gallery-layout-horizontal-slider","14":"ast-product-tabs-layout-horizontal","16":"first","17":"instock","18":"taxable","19":"shipping-taxable","20":"purchasable","21":"product-type-simple"},"wcpa_form_fields":null,"brands":[{"id":332,"name":"Victron Energy","slug":"victron"}],"_links":{"self":[{"href":"https:\/\/fvcomponentes.com\/fr\/wp-json\/wp\/v2\/product\/6987","targetHints":{"allow":["GET"]}}],"collection":[{"href":"https:\/\/fvcomponentes.com\/fr\/wp-json\/wp\/v2\/product"}],"about":[{"href":"https:\/\/fvcomponentes.com\/fr\/wp-json\/wp\/v2\/types\/product"}],"replies":[{"embeddable":true,"href":"https:\/\/fvcomponentes.com\/fr\/wp-json\/wp\/v2\/comments?post=6987"}],"wp:featuredmedia":[{"embeddable":true,"href":"https:\/\/fvcomponentes.com\/fr\/wp-json\/wp\/v2\/media\/6994"}],"wp:attachment":[{"href":"https:\/\/fvcomponentes.com\/fr\/wp-json\/wp\/v2\/media?parent=6987"}],"wp:term":[{"taxonomy":"pwb-brand","embeddable":true,"href":"https:\/\/fvcomponentes.com\/fr\/wp-json\/wp\/v2\/pwb-brand?post=6987"},{"taxonomy":"product_brand","embeddable":true,"href":"https:\/\/fvcomponentes.com\/fr\/wp-json\/wp\/v2\/product_brand?post=6987"},{"taxonomy":"product_cat","embeddable":true,"href":"https:\/\/fvcomponentes.com\/fr\/wp-json\/wp\/v2\/product_cat?post=6987"},{"taxonomy":"product_tag","embeddable":true,"href":"https:\/\/fvcomponentes.com\/fr\/wp-json\/wp\/v2\/product_tag?post=6987"}],"curies":[{"name":"wp","href":"https:\/\/api.w.org\/{rel}","templated":true}]}}