{"id":6977,"date":"2023-09-06T09:51:13","date_gmt":"2023-09-06T07:51:13","guid":{"rendered":"https:\/\/fvcomponentes.com\/?post_type=product&#038;p=6977"},"modified":"2026-04-04T12:45:04","modified_gmt":"2026-04-04T10:45:04","slug":"smallbms-victron-avec-pre-alarme-bms400100000","status":"publish","type":"product","link":"https:\/\/fvcomponentes.com\/fr\/producto\/smallbms-victron-con-prealarma-bms400100000\/","title":{"rendered":"Victron SmallBMS avec pr\u00e9-alarme - BMS400100000"},"content":{"rendered":"<p>Le SmallBMS de Victron avec pr\u00e9-alarme - BMS400100000 est un syst\u00e8me de gestion de batterie (BMS) tout-en-un pour les batteries. <a href=\"https:\/\/fvcomponentes.com\/fr\/categorie-de-produits\/piles\/batteries-au-lithium-12v\/\" target=\"_blank\" rel=\"noopener\">Batterie au lithium intelligente de Victron Energy<\/a>. Il s'agit de batteries au phosphate de fer lithi\u00e9 (LiFePO4) disponibles en 12,8 V ou 25,6 V et en diff\u00e9rentes capacit\u00e9s. Elles peuvent \u00eatre connect\u00e9es en s\u00e9rie, en parall\u00e8le et en s\u00e9rie\/parall\u00e8le, de sorte qu'un banc de batteries peut \u00eatre assembl\u00e9 pour des tensions de syst\u00e8me de 12 V, 24 V ou 48 V. Le nombre maximum de batteries dans un syst\u00e8me est de 20, ce qui signifie un stockage d'\u00e9nergie maximum de 84 kWh dans un syst\u00e8me de 12 V et jusqu'\u00e0 102 kWh dans un syst\u00e8me de 24 V1) et 48 V.1).<\/p>\n<p>Le smallBMS est une alternative simple et \u00e9conomique au BMS VE.Bus, mais il ne poss\u00e8de pas d'interface VE.Bus et n'est donc pas adapt\u00e9 aux onduleurs\/chargeurs VE.Bus MultiPlus et Quattro.<\/p>\n<h2>Caract\u00e9ristiques du Victron SmallBMS avec pr\u00e9-alarme - BMS400100000 :<\/h2>\n<h3>Sortie de d\u00e9connexion de la charge<\/h3>\n<div>La sortie de charge est normalement \u00e9lev\u00e9e et devient flottante en cas de sous-tension de l'\u00e9l\u00e9ment (2,8V\/\u00e9l\u00e9ment par d\u00e9faut, r\u00e9glable sur la batterie entre 2,6V et 2,8V par \u00e9l\u00e9ment). Courant maximum : 1A. La sortie de charge n'est pas prot\u00e9g\u00e9e contre les courts-circuits.<\/div>\n<div>La sortie de charge peut \u00eatre utilis\u00e9e pour contr\u00f4ler :<\/div>\n<div>- Un relais ou un contacteur \u00e0 courant \u00e9lev\u00e9.<\/div>\n<div>- Entr\u00e9e marche\/arr\u00eat \u00e0 distance \u00e0 partir d'un Battery Protect, d'un onduleur ou d'un convertisseur DC-DC ou d'autres charges (un c\u00e2ble marche\/arr\u00eat sans onduleur ou avec onduleur peut \u00eatre n\u00e9cessaire, voir le manuel d\u00e9taill\u00e9 sur notre site Web).<\/div>\n<div><\/div>\n<h3>Sortie de pr\u00e9-alarme<\/h3>\n<div>La sortie de pr\u00e9-alarme est normalement libre et passe \u00e0 l'\u00e9tat haut en cas de sous-tension imminente d'une cellule (par d\u00e9faut 3,1V\/cellule, r\u00e9glable sur la batterie entre 2,85V et 3,15V par cellule). Courant maximum : 1A (sans protection contre les courts-circuits).<\/div>\n<div>Le d\u00e9lai minimum entre la pr\u00e9-alarme et la d\u00e9connexion de la charge est de 30 secondes.<\/div>\n<div><\/div>\n<h3>Sortie de d\u00e9connexion de la charge<\/h3>\n<div>La sortie du chargeur est normalement \u00e9lev\u00e9e et devient flottante en cas de surtension ou de surchauffe imminente de la cellule. Courant maximum : 10mA.<\/div>\n<div>La sortie du chargeur n'est pas adapt\u00e9e \u00e0 l'alimentation d'une charge inductive telle qu'une bobine de relais.<\/div>\n<div>La sortie du chargeur peut \u00eatre utilis\u00e9e pour contr\u00f4ler :<\/div>\n<div>- Activation et d\u00e9sactivation \u00e0 distance d'un chargeur<\/div>\n<div>- Un relais Cyrix-Li-Charge<\/div>\n<div>- Un combinateur de batteries Cyrix-Li-ct<\/div>\n<div><\/div>\n<h3>Entr\u00e9e marche\/arr\u00eat du syst\u00e8me<\/h3>\n<div>L'entr\u00e9e marche\/arr\u00eat du syst\u00e8me contr\u00f4le les deux sorties. Lorsqu'elle est d\u00e9sactiv\u00e9e, les deux sorties sont libres, de sorte que les charges et les chargeurs sont d\u00e9sactiv\u00e9s.<\/div>\n<div>L'entr\u00e9e marche\/arr\u00eat du syst\u00e8me se compose de deux bornes : Remote L et Remote H.<\/div>\n<div>Entre L et H, il est possible de connecter un interrupteur marche\/arr\u00eat \u00e0 distance ou un contact de relais.<\/div>\n<div>La borne H peut \u00e9galement \u00eatre commut\u00e9e sur la batterie plus, ou la borne L peut \u00eatre commut\u00e9e sur la batterie moins.<\/div>\n<div><\/div>\n<h3>Prot\u00e8ge les syst\u00e8mes 12V, 24V et 48V<\/h3>\n<div>Plage de tension de fonctionnement : 8 \u00e0 70 V DC.<\/div>\n<div><\/div>\n<h3>Indicateurs LED<\/h3>\n<div>Charge ON (bleu) : puissance de charge \u00e9lev\u00e9e (tension de cellule &gt;2,8 V, r\u00e9glable sur la batterie).<br \/>\nTemp ou SBT (rouge) : Sortie de chargeur flottante (due \u00e0 une temp\u00e9rature de cellule trop \u00e9lev\u00e9e (&gt;50\u00b0C) ou trop basse (&lt;5\u00b0C) ou \u00e0 une surtension de la cellule).<\/div>\n<p><img fetchpriority=\"high\" decoding=\"async\" class=\"alignnone size-full wp-image-6979\" src=\"https:\/\/fvcomponentes.com\/wp-content\/uploads\/2023\/04\/Captura.png\" alt=\"smallBMS Victron avec pr\u00e9-alarme - BMS400100000\" width=\"825\" height=\"494\" title=\"\"><\/p>\n<h2>Fiche technique SmallBMS Victron avec pr\u00e9-alarme - BMS400100000<\/h2>\n<p><a href=\"https:\/\/fvcomponentes.com\/wp-content\/uploads\/2023\/04\/Datasheet-smallBMS-with-pre-alarm-ES.pdf\" target=\"_blank\" rel=\"noopener\">Voir la fiche technique Victron SmallBMS avec pr\u00e9-alarme - BMS400100000<\/a><\/p>","protected":false},"excerpt":{"rendered":"<p><strong>Tension de fonctionnement (Vbat) :<\/strong> 8 - 70 VDC<br \/>\n<strong>Consommation de courant, faible tension cellulaire :<\/strong> 1,2 mA<br \/>\n<strong>Consommation \u00e9lectrique, d\u00e9sactivation \u00e0 distance :<\/strong> 1,2 mA<\/p>","protected":false},"featured_media":6985,"comment_status":"open","ping_status":"closed","template":"","meta":{"site-sidebar-layout":"default","site-content-layout":"default","ast-site-content-layout":"default","site-content-style":"default","site-sidebar-style":"default","ast-global-header-display":"","ast-banner-title-visibility":"","ast-main-header-display":"","ast-hfb-above-header-display":"","ast-hfb-below-header-display":"","ast-hfb-mobile-header-display":"","site-post-title":"","ast-breadcrumbs-content":"","ast-featured-img":"","footer-sml-layout":"","ast-disable-related-posts":"","theme-transparent-header-meta":"default","adv-header-id-meta":"","stick-header-meta":"","header-above-stick-meta":"","header-main-stick-meta":"","header-below-stick-meta":"","astra-migrate-meta-layouts":"set","ast-page-background-enabled":"default","ast-page-background-meta":{"desktop":{"background-color":"var(--ast-global-color-4)","background-image":"","background-repeat":"repeat","background-position":"center center","background-size":"auto","background-attachment":"scroll","background-type":"","background-media":"","overlay-type":"","overlay-color":"","overlay-opacity":"","overlay-gradient":""},"tablet":{"background-color":"","background-image":"","background-repeat":"repeat","background-position":"center center","background-size":"auto","background-attachment":"scroll","background-type":"","background-media":"","overlay-type":"","overlay-color":"","overlay-opacity":"","overlay-gradient":""},"mobile":{"background-color":"","background-image":"","background-repeat":"repeat","background-position":"center center","background-size":"auto","background-attachment":"scroll","background-type":"","background-media":"","overlay-type":"","overlay-color":"","overlay-opacity":"","overlay-gradient":""}},"ast-content-background-meta":{"desktop":{"background-color":"var(--ast-global-color-5)","background-image":"","background-repeat":"repeat","background-position":"center center","background-size":"auto","background-attachment":"scroll","background-type":"","background-media":"","overlay-type":"","overlay-color":"","overlay-opacity":"","overlay-gradient":""},"tablet":{"background-color":"var(--ast-global-color-5)","background-image":"","background-repeat":"repeat","background-position":"center center","background-size":"auto","background-attachment":"scroll","background-type":"","background-media":"","overlay-type":"","overlay-color":"","overlay-opacity":"","overlay-gradient":""},"mobile":{"background-color":"var(--ast-global-color-5)","background-image":"","background-repeat":"repeat","background-position":"center center","background-size":"auto","background-attachment":"scroll","background-type":"","background-media":"","overlay-type":"","overlay-color":"","overlay-opacity":"","overlay-gradient":""}}},"pwb-brand":[332],"product_brand":[],"product_cat":[340,435],"product_tag":[],"class_list":{"0":"post-6977","1":"product","2":"type-product","3":"status-publish","4":"has-post-thumbnail","6":"pwb-brand-victron","7":"product_cat-baterias","8":"product_cat-bms-sistemas-de-supervision-de-baterias","9":"desktop-align-left","10":"tablet-align-left","11":"mobile-align-left","12":"ast-product-gallery-layout-horizontal-slider","13":"ast-product-tabs-layout-horizontal","15":"first","16":"instock","17":"taxable","18":"shipping-taxable","19":"purchasable","20":"product-type-simple"},"wcpa_form_fields":null,"brands":[{"id":332,"name":"Victron Energy","slug":"victron"}],"_links":{"self":[{"href":"https:\/\/fvcomponentes.com\/fr\/wp-json\/wp\/v2\/product\/6977","targetHints":{"allow":["GET"]}}],"collection":[{"href":"https:\/\/fvcomponentes.com\/fr\/wp-json\/wp\/v2\/product"}],"about":[{"href":"https:\/\/fvcomponentes.com\/fr\/wp-json\/wp\/v2\/types\/product"}],"replies":[{"embeddable":true,"href":"https:\/\/fvcomponentes.com\/fr\/wp-json\/wp\/v2\/comments?post=6977"}],"wp:featuredmedia":[{"embeddable":true,"href":"https:\/\/fvcomponentes.com\/fr\/wp-json\/wp\/v2\/media\/6985"}],"wp:attachment":[{"href":"https:\/\/fvcomponentes.com\/fr\/wp-json\/wp\/v2\/media?parent=6977"}],"wp:term":[{"taxonomy":"pwb-brand","embeddable":true,"href":"https:\/\/fvcomponentes.com\/fr\/wp-json\/wp\/v2\/pwb-brand?post=6977"},{"taxonomy":"product_brand","embeddable":true,"href":"https:\/\/fvcomponentes.com\/fr\/wp-json\/wp\/v2\/product_brand?post=6977"},{"taxonomy":"product_cat","embeddable":true,"href":"https:\/\/fvcomponentes.com\/fr\/wp-json\/wp\/v2\/product_cat?post=6977"},{"taxonomy":"product_tag","embeddable":true,"href":"https:\/\/fvcomponentes.com\/fr\/wp-json\/wp\/v2\/product_tag?post=6977"}],"curies":[{"name":"wp","href":"https:\/\/api.w.org\/{rel}","templated":true}]}}