{"id":6959,"date":"2024-01-19T19:30:28","date_gmt":"2024-01-19T18:30:28","guid":{"rendered":"https:\/\/fvcomponentes.com\/?post_type=product&#038;p=6959"},"modified":"2026-04-08T21:28:41","modified_gmt":"2026-04-08T19:28:41","slug":"mppt-wirebox-l-tr-pour-modeles-tr-h200mm-scc950300210","status":"publish","type":"product","link":"https:\/\/fvcomponentes.com\/fr\/producto\/mppt-wirebox-l-tr-for-tr-models-h200mm-scc950300210\/","title":{"rendered":"MPPT WireBox-L Tr (pour les mod\u00e8les Tr, h=200mm) - SCC950300210"},"content":{"rendered":"<h2>MPPT WireBox-L Tr (pour les mod\u00e8les Tr, h=200mm) - SCC950300210<\/h2>\n<ul>\n<li>Le MPPT WireBox offre une protection suppl\u00e9mentaire, particuli\u00e8rement utile lorsque votre contr\u00f4leur solaire MPPT est situ\u00e9 dans une zone accessible au public.<\/li>\n<li>Sa valeur est particuli\u00e8rement importante pour les contr\u00f4leurs qui fonctionnent avec des tensions plus \u00e9lev\u00e9es du c\u00f4t\u00e9 de l'entr\u00e9e, car il contribue \u00e0 la pr\u00e9vention des risques dans la zone de haute tension de la connexion du panneau, en gardant les doigts \u00e0 l'\u00e9cart.<\/li>\n<li>Ce dispositif couvre tous les points de connexion CC, r\u00e9duisant ainsi les risques de contact accidentel ou curieux avec les vis de connexion.<\/li>\n<\/ul>\n<h2>Fiche technique et guide d'installation pour MPPT WireBox-L Tr (pour les mod\u00e8les Tr, h=200mm) - SCC950300210<\/h2>\n<p><a href=\"https:\/\/fvcomponentes.com\/wp-content\/uploads\/2025\/09\/MPPT-WireBox-L-Tr-PDF.pdf\" target=\"_blank\" rel=\"noopener\">Fiche technique MPPT WireBox-L Tr - SCC950300210<\/a><\/p>\n<p><a href=\"https:\/\/fvcomponentes.com\/wp-content\/uploads\/2025\/09\/Quick-Install-Guide-MPPT-WireBox-L-Tr-EN.pdf\" target=\"_blank\" rel=\"noopener\">WireBox-L Tr MPPT Guide d'installation - SCC950300210<\/a><\/p>","protected":false},"excerpt":{"rendered":"<p>Couvre toutes les connexions CC, emp\u00eachant tout contact accidentel avec les bornes de connexion.<\/p>","protected":false},"featured_media":6963,"comment_status":"open","ping_status":"closed","template":"","meta":{"site-sidebar-layout":"default","site-content-layout":"default","ast-site-content-layout":"default","site-content-style":"default","site-sidebar-style":"default","ast-global-header-display":"","ast-banner-title-visibility":"","ast-main-header-display":"","ast-hfb-above-header-display":"","ast-hfb-below-header-display":"","ast-hfb-mobile-header-display":"","site-post-title":"","ast-breadcrumbs-content":"","ast-featured-img":"","footer-sml-layout":"","ast-disable-related-posts":"","theme-transparent-header-meta":"default","adv-header-id-meta":"","stick-header-meta":"","header-above-stick-meta":"","header-main-stick-meta":"","header-below-stick-meta":"","astra-migrate-meta-layouts":"set","ast-page-background-enabled":"default","ast-page-background-meta":{"desktop":{"background-color":"var(--ast-global-color-4)","background-image":"","background-repeat":"repeat","background-position":"center center","background-size":"auto","background-attachment":"scroll","background-type":"","background-media":"","overlay-type":"","overlay-color":"","overlay-opacity":"","overlay-gradient":""},"tablet":{"background-color":"","background-image":"","background-repeat":"repeat","background-position":"center center","background-size":"auto","background-attachment":"scroll","background-type":"","background-media":"","overlay-type":"","overlay-color":"","overlay-opacity":"","overlay-gradient":""},"mobile":{"background-color":"","background-image":"","background-repeat":"repeat","background-position":"center center","background-size":"auto","background-attachment":"scroll","background-type":"","background-media":"","overlay-type":"","overlay-color":"","overlay-opacity":"","overlay-gradient":""}},"ast-content-background-meta":{"desktop":{"background-color":"var(--ast-global-color-5)","background-image":"","background-repeat":"repeat","background-position":"center center","background-size":"auto","background-attachment":"scroll","background-type":"","background-media":"","overlay-type":"","overlay-color":"","overlay-opacity":"","overlay-gradient":""},"tablet":{"background-color":"var(--ast-global-color-5)","background-image":"","background-repeat":"repeat","background-position":"center center","background-size":"auto","background-attachment":"scroll","background-type":"","background-media":"","overlay-type":"","overlay-color":"","overlay-opacity":"","overlay-gradient":""},"mobile":{"background-color":"var(--ast-global-color-5)","background-image":"","background-repeat":"repeat","background-position":"center center","background-size":"auto","background-attachment":"scroll","background-type":"","background-media":"","overlay-type":"","overlay-color":"","overlay-opacity":"","overlay-gradient":""}}},"pwb-brand":[332],"product_brand":[],"product_cat":[986,353],"product_tag":[],"class_list":{"0":"post-6959","1":"product","2":"type-product","3":"status-publish","4":"has-post-thumbnail","6":"pwb-brand-victron","7":"product_cat-accesorios-reguladores-cargadores","8":"product_cat-reguladores-de-carga-solares","9":"desktop-align-left","10":"tablet-align-left","11":"mobile-align-left","12":"ast-product-gallery-layout-horizontal-slider","13":"ast-product-tabs-layout-horizontal","15":"first","16":"instock","17":"taxable","18":"shipping-taxable","19":"purchasable","20":"product-type-simple"},"wcpa_form_fields":null,"brands":[{"id":332,"name":"Victron Energy","slug":"victron"}],"_links":{"self":[{"href":"https:\/\/fvcomponentes.com\/fr\/wp-json\/wp\/v2\/product\/6959","targetHints":{"allow":["GET"]}}],"collection":[{"href":"https:\/\/fvcomponentes.com\/fr\/wp-json\/wp\/v2\/product"}],"about":[{"href":"https:\/\/fvcomponentes.com\/fr\/wp-json\/wp\/v2\/types\/product"}],"replies":[{"embeddable":true,"href":"https:\/\/fvcomponentes.com\/fr\/wp-json\/wp\/v2\/comments?post=6959"}],"wp:featuredmedia":[{"embeddable":true,"href":"https:\/\/fvcomponentes.com\/fr\/wp-json\/wp\/v2\/media\/6963"}],"wp:attachment":[{"href":"https:\/\/fvcomponentes.com\/fr\/wp-json\/wp\/v2\/media?parent=6959"}],"wp:term":[{"taxonomy":"pwb-brand","embeddable":true,"href":"https:\/\/fvcomponentes.com\/fr\/wp-json\/wp\/v2\/pwb-brand?post=6959"},{"taxonomy":"product_brand","embeddable":true,"href":"https:\/\/fvcomponentes.com\/fr\/wp-json\/wp\/v2\/product_brand?post=6959"},{"taxonomy":"product_cat","embeddable":true,"href":"https:\/\/fvcomponentes.com\/fr\/wp-json\/wp\/v2\/product_cat?post=6959"},{"taxonomy":"product_tag","embeddable":true,"href":"https:\/\/fvcomponentes.com\/fr\/wp-json\/wp\/v2\/product_tag?post=6959"}],"curies":[{"name":"wp","href":"https:\/\/api.w.org\/{rel}","templated":true}]}}