{"id":6949,"date":"2023-10-11T13:40:56","date_gmt":"2023-10-11T11:40:56","guid":{"rendered":"https:\/\/fvcomponentes.com\/?post_type=product&#038;p=6949"},"modified":"2026-04-08T21:27:48","modified_gmt":"2026-04-08T19:27:48","slug":"mppt-victron-victron-wirebox-s-100-20-pour-100-20-scc950140000","status":"publish","type":"product","link":"https:\/\/fvcomponentes.com\/fr\/producto\/mppt-victron-wirebox-s-100-20-for-100-20-scc950140000\/","title":{"rendered":"MPPT Victron WireBox-S 100-20 - SCC950140000"},"content":{"rendered":"<h2>Caract\u00e9ristiques du Victron WireBox-S 100-20 MPPT - SCC950140000<\/h2>\n<p><strong><span style=\"color: #ff0000\">REMARQUE : il s'agit du bo\u00eetier noir qui recouvre les fils du r\u00e9gulateur, qui n'inclut pas le r\u00e9gulateur.<\/span><\/strong><\/p>\n<p>Les <strong>Bo\u00eete de jonction pour contr\u00f4leur MPPT Victron WireBox-S 100-20 - SCC950140000<\/strong><b>\u00a0<\/b>est une solution pratique et s\u00fbre pour prot\u00e9ger les connexions \u00e9lectriques CC du contr\u00f4leur. Il offre un niveau suppl\u00e9mentaire de s\u00e9curit\u00e9 et de fonctionnalit\u00e9.<\/p>\n<p>Cette solution innovante est particuli\u00e8rement utile lorsque le chargeur solaire MPPT est install\u00e9 dans des zones accessibles au public ou lorsque l'on travaille avec des r\u00e9gulateurs qui utilisent des tensions d'entr\u00e9e plus \u00e9lev\u00e9es.<\/p>\n<p>La s\u00e9curit\u00e9 est une priorit\u00e9 incontest\u00e9e dans tout syst\u00e8me \u00e9lectrique, et les syst\u00e8mes solaires ne font pas exception. La MPPT WireBox agit comme un garde-fou, aidant \u00e0 pr\u00e9venir les accidents et les contacts \u00e9lectriques du c\u00f4t\u00e9 haute tension de la connexion du panneau solaire. Ceci est particuli\u00e8rement important dans les situations o\u00f9 la tension du c\u00f4t\u00e9 de l'entr\u00e9e est significativement plus \u00e9lev\u00e9e. Sa conception intelligente couvre toutes les bornes de courant continu, ce qui r\u00e9duit consid\u00e9rablement le risque de contact accidentel avec les vis de connexion.<\/p>\n<p>En installant le WireBox MPPT, les propri\u00e9taires d'installations solaires peuvent avoir l'esprit tranquille en sachant qu'ils prennent des mesures pour assurer la s\u00e9curit\u00e9 de leur syst\u00e8me et des personnes qui l'entourent. Ce composant ne prot\u00e8ge pas seulement contre les accidents, mais d\u00e9montre \u00e9galement un engagement envers les meilleures pratiques de s\u00e9curit\u00e9 solaire, ce qui est particuli\u00e8rement important dans les zones d'acc\u00e8s public o\u00f9 l'exposition \u00e0 des personnes non form\u00e9es est plus \u00e9lev\u00e9e.<\/p>\n<h2>Victron WireBox-S 100-20 MPPT Fiche de dimensions et guide d'installation - SCC950140000<\/h2>\n<p><a href=\"https:\/\/fvcomponentes.com\/wp-content\/uploads\/2023\/08\/MPPT-WireBox-S-100-20-PDF.pdf\" target=\"_blank\" rel=\"noopener\">Dimensions du Victron WireBox-S 100-20 MPPT - SCC950140000<\/a><\/p>\n<p><a href=\"https:\/\/fvcomponentes.com\/wp-content\/uploads\/2025\/09\/Quick-Install-Guide-MPPT-WireBox-S-100_20-EN.pdf\" target=\"_blank\" rel=\"noopener\">Victron WireBox-S 100-20 MPPT Guide d'installation - SCC950140000<\/a><\/p>","protected":false},"excerpt":{"rendered":"<p>Pour les r\u00e9gulateurs MPPT 100\/20<\/p>\n<p><strong><span style=\"color: #ff0000\">REMARQUE : il s'agit du bo\u00eetier noir qui recouvre les fils du r\u00e9gulateur, qui n'inclut pas le r\u00e9gulateur.<\/span><\/strong><\/p>","protected":false},"featured_media":6950,"comment_status":"open","ping_status":"closed","template":"","meta":{"site-sidebar-layout":"default","site-content-layout":"default","ast-site-content-layout":"default","site-content-style":"default","site-sidebar-style":"default","ast-global-header-display":"","ast-banner-title-visibility":"","ast-main-header-display":"","ast-hfb-above-header-display":"","ast-hfb-below-header-display":"","ast-hfb-mobile-header-display":"","site-post-title":"","ast-breadcrumbs-content":"","ast-featured-img":"","footer-sml-layout":"","ast-disable-related-posts":"","theme-transparent-header-meta":"default","adv-header-id-meta":"","stick-header-meta":"","header-above-stick-meta":"","header-main-stick-meta":"","header-below-stick-meta":"","astra-migrate-meta-layouts":"set","ast-page-background-enabled":"default","ast-page-background-meta":{"desktop":{"background-color":"var(--ast-global-color-4)","background-image":"","background-repeat":"repeat","background-position":"center center","background-size":"auto","background-attachment":"scroll","background-type":"","background-media":"","overlay-type":"","overlay-color":"","overlay-opacity":"","overlay-gradient":""},"tablet":{"background-color":"","background-image":"","background-repeat":"repeat","background-position":"center center","background-size":"auto","background-attachment":"scroll","background-type":"","background-media":"","overlay-type":"","overlay-color":"","overlay-opacity":"","overlay-gradient":""},"mobile":{"background-color":"","background-image":"","background-repeat":"repeat","background-position":"center center","background-size":"auto","background-attachment":"scroll","background-type":"","background-media":"","overlay-type":"","overlay-color":"","overlay-opacity":"","overlay-gradient":""}},"ast-content-background-meta":{"desktop":{"background-color":"var(--ast-global-color-5)","background-image":"","background-repeat":"repeat","background-position":"center center","background-size":"auto","background-attachment":"scroll","background-type":"","background-media":"","overlay-type":"","overlay-color":"","overlay-opacity":"","overlay-gradient":""},"tablet":{"background-color":"var(--ast-global-color-5)","background-image":"","background-repeat":"repeat","background-position":"center center","background-size":"auto","background-attachment":"scroll","background-type":"","background-media":"","overlay-type":"","overlay-color":"","overlay-opacity":"","overlay-gradient":""},"mobile":{"background-color":"var(--ast-global-color-5)","background-image":"","background-repeat":"repeat","background-position":"center center","background-size":"auto","background-attachment":"scroll","background-type":"","background-media":"","overlay-type":"","overlay-color":"","overlay-opacity":"","overlay-gradient":""}}},"pwb-brand":[332],"product_brand":[],"product_cat":[353,986],"product_tag":[],"class_list":{"0":"post-6949","1":"product","2":"type-product","3":"status-publish","4":"has-post-thumbnail","6":"pwb-brand-victron","7":"product_cat-reguladores-de-carga-solares","8":"product_cat-accesorios-reguladores-cargadores","9":"desktop-align-left","10":"tablet-align-left","11":"mobile-align-left","12":"ast-product-gallery-layout-horizontal-slider","13":"ast-product-tabs-layout-horizontal","15":"first","16":"instock","17":"taxable","18":"shipping-taxable","19":"purchasable","20":"product-type-simple"},"wcpa_form_fields":null,"brands":[{"id":332,"name":"Victron Energy","slug":"victron"}],"_links":{"self":[{"href":"https:\/\/fvcomponentes.com\/fr\/wp-json\/wp\/v2\/product\/6949","targetHints":{"allow":["GET"]}}],"collection":[{"href":"https:\/\/fvcomponentes.com\/fr\/wp-json\/wp\/v2\/product"}],"about":[{"href":"https:\/\/fvcomponentes.com\/fr\/wp-json\/wp\/v2\/types\/product"}],"replies":[{"embeddable":true,"href":"https:\/\/fvcomponentes.com\/fr\/wp-json\/wp\/v2\/comments?post=6949"}],"wp:featuredmedia":[{"embeddable":true,"href":"https:\/\/fvcomponentes.com\/fr\/wp-json\/wp\/v2\/media\/6950"}],"wp:attachment":[{"href":"https:\/\/fvcomponentes.com\/fr\/wp-json\/wp\/v2\/media?parent=6949"}],"wp:term":[{"taxonomy":"pwb-brand","embeddable":true,"href":"https:\/\/fvcomponentes.com\/fr\/wp-json\/wp\/v2\/pwb-brand?post=6949"},{"taxonomy":"product_brand","embeddable":true,"href":"https:\/\/fvcomponentes.com\/fr\/wp-json\/wp\/v2\/product_brand?post=6949"},{"taxonomy":"product_cat","embeddable":true,"href":"https:\/\/fvcomponentes.com\/fr\/wp-json\/wp\/v2\/product_cat?post=6949"},{"taxonomy":"product_tag","embeddable":true,"href":"https:\/\/fvcomponentes.com\/fr\/wp-json\/wp\/v2\/product_tag?post=6949"}],"curies":[{"name":"wp","href":"https:\/\/api.w.org\/{rel}","templated":true}]}}