{"id":6925,"date":"2023-09-21T10:08:33","date_gmt":"2023-09-21T08:08:33","guid":{"rendered":"https:\/\/fvcomponentes.com\/?post_type=product&#038;p=6925"},"modified":"2026-04-04T12:44:44","modified_gmt":"2026-04-04T10:44:44","slug":"batterie-intelligente-victron-sense-sbs050150200","status":"publish","type":"product","link":"https:\/\/fvcomponentes.com\/fr\/producto\/smart-battery-victron-sense-sbs050150200\/","title":{"rendered":"D\u00e9tection intelligente de la batterie Victron- SBS050150200"},"content":{"rendered":"<h2>Caract\u00e9ristiques du Smart Battery Sense Victron- SBS050150200<\/h2>\n<p>Avec le Victron Smart Battery Sense - SBS050150200 et son capteur de tension et de temp\u00e9rature, les batteries seront mieux charg\u00e9es, l'efficacit\u00e9 de la charge sera accrue et la dur\u00e9e de vie de la batterie sera prolong\u00e9e.<\/p>\n<h2><strong>Am\u00e9lioration du chargement de la batterie<\/strong><\/h2>\n<p>En mesurant la tension aux bornes du parc de batteries, les erreurs dues \u00e0 la perte de tension en raison de la r\u00e9sistance des c\u00e2bles sont \u00e9vit\u00e9es, ce qui garantit une tension de charge correcte.<\/p>\n<p>Pour les batteries plomb-acide, les informations relatives \u00e0 la temp\u00e9rature de la batterie sont utilis\u00e9es pour ajuster les tensions de charge : les batteries froides n\u00e9cessitent une tension de charge plus \u00e9lev\u00e9e, tandis que les batteries chaudes n\u00e9cessitent une tension de charge plus faible. Pour les batteries au lithium, les informations relatives \u00e0 la temp\u00e9rature sont utilis\u00e9es pour d\u00e9sactiver la charge lorsqu'elles sont trop froides, car la charge des batteries au lithium \u00e0 proximit\u00e9 ou en dessous du point de cong\u00e9lation provoque des dommages permanents aux cellules.<\/p>\n<h2>Pas de c\u00e2bles visibles<\/h2>\n<p>La connexion entre Smart Battery Sense et un ou plusieurs chargeurs solaires est sans fil : elle utilise le r\u00e9seau VE.Smart, une technologie sans fil bas\u00e9e sur Bluetooth Smart. Les informations transmises peuvent \u00eatre utilis\u00e9es simultan\u00e9ment par un, deux ou plusieurs chargeurs solaires connect\u00e9s au m\u00eame banc de batteries 12V, 24V et 48V. La configuration du Smart Grid se fait \u00e0 l'aide de l'application <a href=\"https:\/\/www.victronenergy.com.es\/panel-systems-remote-monitoring\/victronconnect\" target=\"_blank\" rel=\"noopener\">VictronConnect<\/a>.<\/p>\n<h2>Soign\u00e9, simple et intelligent<\/h2>\n<p>L'installation est simple, rapide et ordonn\u00e9e. Il suffit de connecter les deux \u0153illets de l'appareil aux bornes de votre batterie et de fixer l'unit\u00e9 Smart Battery Sense directement sur le corps de la batterie \u00e0 l'aide de sa bande autocollante.<\/p>\n<div class=\"ast-oembed-container\" style=\"height: 100%;\"><iframe title=\"Pr\u00e9sentation du Smart Battery Sense\" width=\"500\" height=\"281\" src=\"https:\/\/www.youtube.com\/embed\/v62wCfXaWXY?feature=oembed&#038;enablejsapi=1&#038;origin=https:\/\/fvcomponentes.com\" frameborder=\"0\" allow=\"accelerometer; autoplay; clipboard-write; encrypted-media; gyroscope; picture-in-picture; web-share\" referrerpolicy=\"strict-origin-when-cross-origin\" allowfullscreen><\/iframe><\/div>\n<h2>Fiche technique Smart Battery Sense Victron- SBS050150200<\/h2>\n<p><a href=\"https:\/\/fvcomponentes.com\/wp-content\/uploads\/2023\/08\/17801-Smart_Battery_Sense_Manual-pdf-en.pdf\" target=\"_blank\" rel=\"noopener\">Voir la fiche technique Smart Battery Sense Victron- SBS050150200<\/a><\/p>","protected":false},"excerpt":{"rendered":"<p><strong>Dimensions :<\/strong> 14 x 38 x 38 mm<\/p>\n<p><strong>Longueur du c\u00e2ble :<\/strong> 45cm<\/p>\n<p><strong>Tension maximale absolue :<\/strong> 65 V<\/p>","protected":false},"featured_media":6931,"comment_status":"open","ping_status":"closed","template":"","meta":{"site-sidebar-layout":"default","site-content-layout":"default","ast-site-content-layout":"default","site-content-style":"default","site-sidebar-style":"default","ast-global-header-display":"","ast-banner-title-visibility":"","ast-main-header-display":"","ast-hfb-above-header-display":"","ast-hfb-below-header-display":"","ast-hfb-mobile-header-display":"","site-post-title":"","ast-breadcrumbs-content":"","ast-featured-img":"","footer-sml-layout":"","ast-disable-related-posts":"","theme-transparent-header-meta":"default","adv-header-id-meta":"","stick-header-meta":"","header-above-stick-meta":"","header-main-stick-meta":"","header-below-stick-meta":"","astra-migrate-meta-layouts":"set","ast-page-background-enabled":"default","ast-page-background-meta":{"desktop":{"background-color":"var(--ast-global-color-4)","background-image":"","background-repeat":"repeat","background-position":"center center","background-size":"auto","background-attachment":"scroll","background-type":"","background-media":"","overlay-type":"","overlay-color":"","overlay-opacity":"","overlay-gradient":""},"tablet":{"background-color":"","background-image":"","background-repeat":"repeat","background-position":"center center","background-size":"auto","background-attachment":"scroll","background-type":"","background-media":"","overlay-type":"","overlay-color":"","overlay-opacity":"","overlay-gradient":""},"mobile":{"background-color":"","background-image":"","background-repeat":"repeat","background-position":"center center","background-size":"auto","background-attachment":"scroll","background-type":"","background-media":"","overlay-type":"","overlay-color":"","overlay-opacity":"","overlay-gradient":""}},"ast-content-background-meta":{"desktop":{"background-color":"var(--ast-global-color-5)","background-image":"","background-repeat":"repeat","background-position":"center center","background-size":"auto","background-attachment":"scroll","background-type":"","background-media":"","overlay-type":"","overlay-color":"","overlay-opacity":"","overlay-gradient":""},"tablet":{"background-color":"var(--ast-global-color-5)","background-image":"","background-repeat":"repeat","background-position":"center center","background-size":"auto","background-attachment":"scroll","background-type":"","background-media":"","overlay-type":"","overlay-color":"","overlay-opacity":"","overlay-gradient":""},"mobile":{"background-color":"var(--ast-global-color-5)","background-image":"","background-repeat":"repeat","background-position":"center center","background-size":"auto","background-attachment":"scroll","background-type":"","background-media":"","overlay-type":"","overlay-color":"","overlay-opacity":"","overlay-gradient":""}}},"pwb-brand":[332],"product_brand":[],"product_cat":[340,391,933],"product_tag":[],"class_list":{"0":"post-6925","1":"product","2":"type-product","3":"status-publish","4":"has-post-thumbnail","6":"pwb-brand-victron","7":"product_cat-baterias","8":"product_cat-accesorios-para-baterias","9":"product_cat-monitores-de-baterias","10":"desktop-align-left","11":"tablet-align-left","12":"mobile-align-left","13":"ast-product-gallery-layout-horizontal-slider","14":"ast-product-tabs-layout-horizontal","16":"first","17":"instock","18":"taxable","19":"shipping-taxable","20":"purchasable","21":"product-type-simple"},"wcpa_form_fields":null,"brands":[{"id":332,"name":"Victron Energy","slug":"victron"}],"_links":{"self":[{"href":"https:\/\/fvcomponentes.com\/fr\/wp-json\/wp\/v2\/product\/6925","targetHints":{"allow":["GET"]}}],"collection":[{"href":"https:\/\/fvcomponentes.com\/fr\/wp-json\/wp\/v2\/product"}],"about":[{"href":"https:\/\/fvcomponentes.com\/fr\/wp-json\/wp\/v2\/types\/product"}],"replies":[{"embeddable":true,"href":"https:\/\/fvcomponentes.com\/fr\/wp-json\/wp\/v2\/comments?post=6925"}],"wp:featuredmedia":[{"embeddable":true,"href":"https:\/\/fvcomponentes.com\/fr\/wp-json\/wp\/v2\/media\/6931"}],"wp:attachment":[{"href":"https:\/\/fvcomponentes.com\/fr\/wp-json\/wp\/v2\/media?parent=6925"}],"wp:term":[{"taxonomy":"pwb-brand","embeddable":true,"href":"https:\/\/fvcomponentes.com\/fr\/wp-json\/wp\/v2\/pwb-brand?post=6925"},{"taxonomy":"product_brand","embeddable":true,"href":"https:\/\/fvcomponentes.com\/fr\/wp-json\/wp\/v2\/product_brand?post=6925"},{"taxonomy":"product_cat","embeddable":true,"href":"https:\/\/fvcomponentes.com\/fr\/wp-json\/wp\/v2\/product_cat?post=6925"},{"taxonomy":"product_tag","embeddable":true,"href":"https:\/\/fvcomponentes.com\/fr\/wp-json\/wp\/v2\/product_tag?post=6925"}],"curies":[{"name":"wp","href":"https:\/\/api.w.org\/{rel}","templated":true}]}}