{"id":6920,"date":"2023-08-16T10:23:22","date_gmt":"2023-08-16T08:23:22","guid":{"rendered":"https:\/\/fvcomponentes.com\/?post_type=product&#038;p=6920"},"modified":"2026-04-04T11:14:22","modified_gmt":"2026-04-04T09:14:22","slug":"controle-mppt-victron-scc900500000","status":"publish","type":"product","link":"https:\/\/fvcomponentes.com\/fr\/producto\/mppt-control-victron-scc900500000\/","title":{"rendered":"Contr\u00f4le MPPT Victron - SCC900500000"},"content":{"rendered":"<p>Le contr\u00f4le MPPT Victron - SCC900500000 vous permet de configurer et de v\u00e9rifier l'\u00e9tat de tous les r\u00e9gulateurs de charge MPPT BlueSolar avec un port de communication VE.Direct. Le contr\u00f4le MPPT se monte dans le bo\u00eetier de la s\u00e9rie BMV-700, ce qui permet de conserver l'aspect professionnel et coh\u00e9rent de vos panneaux et de votre \u00e9quipement de contr\u00f4le du syst\u00e8me.<\/p>\n<p>Il peut \u00eatre utilis\u00e9 pour lire les donn\u00e9es historiques et en temps r\u00e9el du chargeur solaire et pour configurer le chargeur solaire.<\/p>\n<p>Pour monter facilement le contr\u00f4le MPPT sur un mur, au lieu de l'encastrer sur un panneau, un bo\u00eetier Victron sp\u00e9cifique peut \u00eatre utilis\u00e9 pour le montage.<\/p>\n<h2>Caract\u00e9ristiques du contr\u00f4le MPPT de Victron - SCC900500000 :<\/h2>\n<p>- Il fournit la puissance photovolta\u00efque, le rendement, la tension et les relev\u00e9s de courant des panneaux.<br \/>\n- Fournit des relev\u00e9s de tension, de courant et d'\u00e9tat de charge de la batterie.<br \/>\n- \u00c9tat et courant de la sortie de charge (disponible uniquement si le chargeur solaire dispose d'une sortie de charge).<br \/>\n- Valeurs historiques sur 30 jours<br \/>\n- Valeurs historiques accumul\u00e9es pendant la dur\u00e9e de vie du chargeur solaire<\/p>\n<h2>Fiche technique du contr\u00f4le MPPT de Victron - SCC900500000<\/h2>\n<p><a href=\"https:\/\/fvcomponentes.com\/wp-content\/uploads\/2025\/09\/Manual-MPPT-Control-A4-ES.pdf\" target=\"_blank\" rel=\"noopener\">Voir la fiche technique de Victron MPPT Control - SCC900500000<\/a><\/p>","protected":false},"excerpt":{"rendered":"<p><strong>Tension d'alimentation<\/strong>\u00a06,5 - 95VDC (alimentation par batterie) 5V (alimentation par VE.Direct)<br \/>\n<strong>Consommation d'\u00e9lectricit\u00e9 :<\/strong>\u00a0feu arri\u00e8re \u00e9teint &lt; 4mA<br \/>\n<strong>Plage de temp\u00e9rature de travail<\/strong>\u00a0-20 - +50\u00b0C (0 - 120\u00b0F)<br \/>\n<strong>Compatible MPPT : <\/strong>Tous les mod\u00e8les avec port VE.Direct, sauf MPPT 70\/15<br \/>\n<strong>Version du logiciel : <\/strong>Toutes les versions du logiciel &gt;= 1.12<\/p>","protected":false},"featured_media":6923,"comment_status":"open","ping_status":"closed","template":"","meta":{"site-sidebar-layout":"default","site-content-layout":"default","ast-site-content-layout":"default","site-content-style":"default","site-sidebar-style":"default","ast-global-header-display":"","ast-banner-title-visibility":"","ast-main-header-display":"","ast-hfb-above-header-display":"","ast-hfb-below-header-display":"","ast-hfb-mobile-header-display":"","site-post-title":"","ast-breadcrumbs-content":"","ast-featured-img":"","footer-sml-layout":"","ast-disable-related-posts":"","theme-transparent-header-meta":"default","adv-header-id-meta":"","stick-header-meta":"","header-above-stick-meta":"","header-main-stick-meta":"","header-below-stick-meta":"","astra-migrate-meta-layouts":"set","ast-page-background-enabled":"default","ast-page-background-meta":{"desktop":{"background-color":"var(--ast-global-color-4)","background-image":"","background-repeat":"repeat","background-position":"center center","background-size":"auto","background-attachment":"scroll","background-type":"","background-media":"","overlay-type":"","overlay-color":"","overlay-opacity":"","overlay-gradient":""},"tablet":{"background-color":"","background-image":"","background-repeat":"repeat","background-position":"center center","background-size":"auto","background-attachment":"scroll","background-type":"","background-media":"","overlay-type":"","overlay-color":"","overlay-opacity":"","overlay-gradient":""},"mobile":{"background-color":"","background-image":"","background-repeat":"repeat","background-position":"center center","background-size":"auto","background-attachment":"scroll","background-type":"","background-media":"","overlay-type":"","overlay-color":"","overlay-opacity":"","overlay-gradient":""}},"ast-content-background-meta":{"desktop":{"background-color":"var(--ast-global-color-5)","background-image":"","background-repeat":"repeat","background-position":"center center","background-size":"auto","background-attachment":"scroll","background-type":"","background-media":"","overlay-type":"","overlay-color":"","overlay-opacity":"","overlay-gradient":""},"tablet":{"background-color":"var(--ast-global-color-5)","background-image":"","background-repeat":"repeat","background-position":"center center","background-size":"auto","background-attachment":"scroll","background-type":"","background-media":"","overlay-type":"","overlay-color":"","overlay-opacity":"","overlay-gradient":""},"mobile":{"background-color":"var(--ast-global-color-5)","background-image":"","background-repeat":"repeat","background-position":"center center","background-size":"auto","background-attachment":"scroll","background-type":"","background-media":"","overlay-type":"","overlay-color":"","overlay-opacity":"","overlay-gradient":""}}},"pwb-brand":[332],"product_brand":[],"product_cat":[391,340,933],"product_tag":[],"class_list":{"0":"post-6920","1":"product","2":"type-product","3":"status-publish","4":"has-post-thumbnail","6":"pwb-brand-victron","7":"product_cat-accesorios-para-baterias","8":"product_cat-baterias","9":"product_cat-monitores-de-baterias","10":"desktop-align-left","11":"tablet-align-left","12":"mobile-align-left","13":"ast-product-gallery-layout-horizontal-slider","14":"ast-product-tabs-layout-horizontal","16":"first","17":"instock","18":"taxable","19":"shipping-taxable","20":"purchasable","21":"product-type-simple"},"wcpa_form_fields":null,"brands":[{"id":332,"name":"Victron Energy","slug":"victron"}],"_links":{"self":[{"href":"https:\/\/fvcomponentes.com\/fr\/wp-json\/wp\/v2\/product\/6920","targetHints":{"allow":["GET"]}}],"collection":[{"href":"https:\/\/fvcomponentes.com\/fr\/wp-json\/wp\/v2\/product"}],"about":[{"href":"https:\/\/fvcomponentes.com\/fr\/wp-json\/wp\/v2\/types\/product"}],"replies":[{"embeddable":true,"href":"https:\/\/fvcomponentes.com\/fr\/wp-json\/wp\/v2\/comments?post=6920"}],"wp:featuredmedia":[{"embeddable":true,"href":"https:\/\/fvcomponentes.com\/fr\/wp-json\/wp\/v2\/media\/6923"}],"wp:attachment":[{"href":"https:\/\/fvcomponentes.com\/fr\/wp-json\/wp\/v2\/media?parent=6920"}],"wp:term":[{"taxonomy":"pwb-brand","embeddable":true,"href":"https:\/\/fvcomponentes.com\/fr\/wp-json\/wp\/v2\/pwb-brand?post=6920"},{"taxonomy":"product_brand","embeddable":true,"href":"https:\/\/fvcomponentes.com\/fr\/wp-json\/wp\/v2\/product_brand?post=6920"},{"taxonomy":"product_cat","embeddable":true,"href":"https:\/\/fvcomponentes.com\/fr\/wp-json\/wp\/v2\/product_cat?post=6920"},{"taxonomy":"product_tag","embeddable":true,"href":"https:\/\/fvcomponentes.com\/fr\/wp-json\/wp\/v2\/product_tag?post=6920"}],"curies":[{"name":"wp","href":"https:\/\/api.w.org\/{rel}","templated":true}]}}