{"id":6917,"date":"2024-01-19T19:31:07","date_gmt":"2024-01-19T18:31:07","guid":{"rendered":"https:\/\/fvcomponentes.com\/?post_type=product&#038;p=6917"},"modified":"2026-01-15T10:03:56","modified_gmt":"2026-01-15T09:03:56","slug":"victron-smartsolar-control-screen-scc900650010","status":"publish","type":"product","link":"https:\/\/fvcomponentes.com\/fr\/producto\/pantalla-de-control-victron-smartsolar-scc900650010\/","title":{"rendered":"Victron SmartSolar Control Display - SCC900650010"},"content":{"rendered":"<h2>Victron SmartSolar Control Display - SCC900650010<\/h2>\n<p>La surveillance et le contr\u00f4le des performances de votre chargeur et de l'\u00e9tat de stockage de la batterie n'ont jamais \u00e9t\u00e9 aussi faciles qu'avec l'\u00e9cran LCD SmartSolar Control de Victron, con\u00e7u sp\u00e9cifiquement pour les r\u00e9gulateurs MPPT SmartSolar.<\/p>\n<p>Le processus d'installation est tout aussi simple. Il suffit de retirer la protection en caoutchouc de la prise situ\u00e9e \u00e0 l'avant du contr\u00f4leur et de connecter l'\u00e9cran. En quelques secondes, vous aurez un contr\u00f4le total sur l'\u00e9tat de votre chargeur et sur l'\u00e9tat de stockage de la batterie.<\/p>\n<p>L'\u00e9cran de contr\u00f4le SmartSolar a \u00e9t\u00e9 con\u00e7u dans un souci de commodit\u00e9 et d'efficacit\u00e9 pour l'utilisateur. Une fois connect\u00e9, vous pouvez surveiller automatiquement les performances de votre chargeur et l'\u00e9tat de votre batterie en temps r\u00e9el, d'un seul coup d'\u0153il.<\/p>\n<p>Cet \u00e9cran est sp\u00e9cialement con\u00e7u pour \u00eatre utilis\u00e9 avec une vari\u00e9t\u00e9 de r\u00e9gulateurs solaires MPPT, y compris :<\/p>\n<ul>\n<li>SmartSolar MPPT 150\/45 \u00e0 250\/100<\/li>\n<li>SmartSolar MPPT 150\/70 \u00e0 250\/100 VE.Can<\/li>\n<li>BlueSolar MPPT 150\/70 \u00e0 250\/100 VE.Can<\/li>\n<\/ul>\n<p>Si vous utilisez l'un de ces r\u00e9gulateurs dans votre syst\u00e8me d'\u00e9nergie solaire, l'\u00e9cran de contr\u00f4le SmartSolar est parfaitement adapt\u00e9 et vous fournit un outil essentiel pour la surveillance et le contr\u00f4le de votre syst\u00e8me.<\/p>\n<p>En bref, l'\u00e9cran LCD SmartSolar Control de Victron simplifie la surveillance et le contr\u00f4le de votre chargeur et de votre batterie. Sa facilit\u00e9 d'installation et sa compatibilit\u00e9 avec une vari\u00e9t\u00e9 de r\u00e9gulateurs MPPT en font un compl\u00e9ment pr\u00e9cieux \u00e0 tout syst\u00e8me d'\u00e9nergie solaire, vous fournissant des informations en temps r\u00e9el et vous permettant de prendre des d\u00e9cisions \u00e9clair\u00e9es pour optimiser votre syst\u00e8me. Avec cet \u00e9cran, le contr\u00f4le de votre syst\u00e8me solaire est au bout de vos doigts.<\/p>\n<h2>Manuel d'affichage du contr\u00f4le SmartSolar de Victron - SCC900650010<\/h2>\n<p><a href=\"https:\/\/fvcomponentes.com\/wp-content\/uploads\/2025\/10\/34488-SmartSolar_Control_display_manual-pdf-es.pdf\" target=\"_blank\" rel=\"noopener\">Manuel d'affichage du contr\u00f4le SmartSolar de Victron - SCC900650010<\/a><\/p>","protected":false},"excerpt":{"rendered":"<p>Le SmartSolar Control Display est un \u00e9cran LCD enfichable pour les r\u00e9gulateurs de charge SmartSolar.<br \/>\nIl suffit de retirer le joint en caoutchouc qui prot\u00e8ge la prise situ\u00e9e \u00e0 l'avant du contr\u00f4leur et de brancher l'\u00e9cran.<\/p>","protected":false},"featured_media":6919,"comment_status":"open","ping_status":"closed","template":"","meta":{"site-sidebar-layout":"default","site-content-layout":"default","ast-site-content-layout":"default","site-content-style":"default","site-sidebar-style":"default","ast-global-header-display":"","ast-banner-title-visibility":"","ast-main-header-display":"","ast-hfb-above-header-display":"","ast-hfb-below-header-display":"","ast-hfb-mobile-header-display":"","site-post-title":"","ast-breadcrumbs-content":"","ast-featured-img":"","footer-sml-layout":"","ast-disable-related-posts":"","theme-transparent-header-meta":"default","adv-header-id-meta":"","stick-header-meta":"","header-above-stick-meta":"","header-main-stick-meta":"","header-below-stick-meta":"","astra-migrate-meta-layouts":"set","ast-page-background-enabled":"default","ast-page-background-meta":{"desktop":{"background-color":"var(--ast-global-color-4)","background-image":"","background-repeat":"repeat","background-position":"center center","background-size":"auto","background-attachment":"scroll","background-type":"","background-media":"","overlay-type":"","overlay-color":"","overlay-opacity":"","overlay-gradient":""},"tablet":{"background-color":"","background-image":"","background-repeat":"repeat","background-position":"center center","background-size":"auto","background-attachment":"scroll","background-type":"","background-media":"","overlay-type":"","overlay-color":"","overlay-opacity":"","overlay-gradient":""},"mobile":{"background-color":"","background-image":"","background-repeat":"repeat","background-position":"center center","background-size":"auto","background-attachment":"scroll","background-type":"","background-media":"","overlay-type":"","overlay-color":"","overlay-opacity":"","overlay-gradient":""}},"ast-content-background-meta":{"desktop":{"background-color":"var(--ast-global-color-5)","background-image":"","background-repeat":"repeat","background-position":"center center","background-size":"auto","background-attachment":"scroll","background-type":"","background-media":"","overlay-type":"","overlay-color":"","overlay-opacity":"","overlay-gradient":""},"tablet":{"background-color":"var(--ast-global-color-5)","background-image":"","background-repeat":"repeat","background-position":"center center","background-size":"auto","background-attachment":"scroll","background-type":"","background-media":"","overlay-type":"","overlay-color":"","overlay-opacity":"","overlay-gradient":""},"mobile":{"background-color":"var(--ast-global-color-5)","background-image":"","background-repeat":"repeat","background-position":"center center","background-size":"auto","background-attachment":"scroll","background-type":"","background-media":"","overlay-type":"","overlay-color":"","overlay-opacity":"","overlay-gradient":""}}},"pwb-brand":[332],"product_brand":[],"product_cat":[986,353],"product_tag":[],"class_list":{"0":"post-6917","1":"product","2":"type-product","3":"status-publish","4":"has-post-thumbnail","6":"pwb-brand-victron","7":"product_cat-accesorios-reguladores-cargadores","8":"product_cat-reguladores-de-carga-solares","9":"desktop-align-left","10":"tablet-align-left","11":"mobile-align-left","12":"ast-product-gallery-layout-horizontal-slider","13":"ast-product-tabs-layout-horizontal","15":"first","16":"instock","17":"taxable","18":"shipping-taxable","19":"purchasable","20":"product-type-simple"},"wcpa_form_fields":null,"brands":[{"id":332,"name":"Victron Energy","slug":"victron"}],"_links":{"self":[{"href":"https:\/\/fvcomponentes.com\/fr\/wp-json\/wp\/v2\/product\/6917","targetHints":{"allow":["GET"]}}],"collection":[{"href":"https:\/\/fvcomponentes.com\/fr\/wp-json\/wp\/v2\/product"}],"about":[{"href":"https:\/\/fvcomponentes.com\/fr\/wp-json\/wp\/v2\/types\/product"}],"replies":[{"embeddable":true,"href":"https:\/\/fvcomponentes.com\/fr\/wp-json\/wp\/v2\/comments?post=6917"}],"wp:featuredmedia":[{"embeddable":true,"href":"https:\/\/fvcomponentes.com\/fr\/wp-json\/wp\/v2\/media\/6919"}],"wp:attachment":[{"href":"https:\/\/fvcomponentes.com\/fr\/wp-json\/wp\/v2\/media?parent=6917"}],"wp:term":[{"taxonomy":"pwb-brand","embeddable":true,"href":"https:\/\/fvcomponentes.com\/fr\/wp-json\/wp\/v2\/pwb-brand?post=6917"},{"taxonomy":"product_brand","embeddable":true,"href":"https:\/\/fvcomponentes.com\/fr\/wp-json\/wp\/v2\/product_brand?post=6917"},{"taxonomy":"product_cat","embeddable":true,"href":"https:\/\/fvcomponentes.com\/fr\/wp-json\/wp\/v2\/product_cat?post=6917"},{"taxonomy":"product_tag","embeddable":true,"href":"https:\/\/fvcomponentes.com\/fr\/wp-json\/wp\/v2\/product_tag?post=6917"}],"curies":[{"name":"wp","href":"https:\/\/api.w.org\/{rel}","templated":true}]}}