{"id":6911,"date":"2024-01-19T19:31:20","date_gmt":"2024-01-19T18:31:20","guid":{"rendered":"https:\/\/fvcomponentes.com\/?post_type=product&#038;p=6911"},"modified":"2026-04-08T21:26:35","modified_gmt":"2026-04-08T19:26:35","slug":"victron-digital-output-cable-ve-direct-tx-ass030550500","status":"publish","type":"product","link":"https:\/\/fvcomponentes.com\/fr\/producto\/cable-victron-de-salida-digital-ve-direct-tx-ass030550500\/","title":{"rendered":"Victron C\u00e2ble de sortie num\u00e9rique VE.Direct TX - ASS030550500"},"content":{"rendered":"<h2 class=\"productDetails__block-title\"><span class=\"productDetails__block-title-content\">Applications d'\u00e9clairage<\/span><\/h2>\n<div class=\"productDetails__block-description\">\n<ul>\n<li>Le c\u00e2ble est con\u00e7u pour les applications d'\u00e9clairage des syst\u00e8mes d'\u00e9nergie solaire.<\/li>\n<li>Il permet de r\u00e9duire consid\u00e9rablement la consommation d'\u00e9nergie gr\u00e2ce \u00e0 la possibilit\u00e9 de r\u00e9duire l'intensit\u00e9 lumineuse lorsque cela est n\u00e9cessaire.<\/li>\n<li>La diminution de la consommation d'\u00e9nergie permet de r\u00e9duire le co\u00fbt global du syst\u00e8me.<\/li>\n<li>En outre, il augmentera la disponibilit\u00e9 de l'\u00e9clairage, m\u00eame avec une batterie qui n'est que partiellement charg\u00e9e dans des conditions de faible ensoleillement.<\/li>\n<li>Le c\u00e2ble relie la sortie TX du connecteur VE.Direct d'un chargeur MPPT \u00e0 l'entr\u00e9e du gradateur PWM du pilote LED.<\/li>\n<\/ul>\n<h3 class=\"productDetails__block-title\"><span class=\"productDetails__block-title-content\">Sortie de charge virtuelle<\/span><\/h3>\n<div class=\"productDetails__block-description\">\n<ul>\n<li>Le c\u00e2ble est con\u00e7u pour incorporer une fonction de sortie de charge aux chargeurs MPPT les plus importants (<a href=\"https:\/\/fvcomponentes.com\/fr\/produit\/victron-smartsolar-mppt-100-30-regulator\/\" target=\"_blank\" rel=\"noopener\">MPPT 100\/30<\/a> et plus) qui en sont d\u00e9pourvus.<\/li>\n<li>Le c\u00e2ble relie la sortie TX du connecteur VE.Direct d'un chargeur MPPT \u00e0 un protecteur de batterie ou \u00e0 un relais statique pour activer ou d\u00e9sactiver une charge.<\/li>\n<\/ul>\n<\/div>\n<\/div>","protected":false},"excerpt":{"rendered":"<p>Le c\u00e2ble de sortie num\u00e9rique VE.Direct TX peut \u00eatre utilis\u00e9 avec les chargeurs MPPT BlueSolar et SmartSolar.<\/p>","protected":false},"featured_media":6916,"comment_status":"open","ping_status":"closed","template":"","meta":{"site-sidebar-layout":"default","site-content-layout":"default","ast-site-content-layout":"default","site-content-style":"default","site-sidebar-style":"default","ast-global-header-display":"","ast-banner-title-visibility":"","ast-main-header-display":"","ast-hfb-above-header-display":"","ast-hfb-below-header-display":"","ast-hfb-mobile-header-display":"","site-post-title":"","ast-breadcrumbs-content":"","ast-featured-img":"","footer-sml-layout":"","ast-disable-related-posts":"","theme-transparent-header-meta":"default","adv-header-id-meta":"","stick-header-meta":"","header-above-stick-meta":"","header-main-stick-meta":"","header-below-stick-meta":"","astra-migrate-meta-layouts":"set","ast-page-background-enabled":"default","ast-page-background-meta":{"desktop":{"background-color":"var(--ast-global-color-4)","background-image":"","background-repeat":"repeat","background-position":"center center","background-size":"auto","background-attachment":"scroll","background-type":"","background-media":"","overlay-type":"","overlay-color":"","overlay-opacity":"","overlay-gradient":""},"tablet":{"background-color":"","background-image":"","background-repeat":"repeat","background-position":"center center","background-size":"auto","background-attachment":"scroll","background-type":"","background-media":"","overlay-type":"","overlay-color":"","overlay-opacity":"","overlay-gradient":""},"mobile":{"background-color":"","background-image":"","background-repeat":"repeat","background-position":"center center","background-size":"auto","background-attachment":"scroll","background-type":"","background-media":"","overlay-type":"","overlay-color":"","overlay-opacity":"","overlay-gradient":""}},"ast-content-background-meta":{"desktop":{"background-color":"var(--ast-global-color-5)","background-image":"","background-repeat":"repeat","background-position":"center center","background-size":"auto","background-attachment":"scroll","background-type":"","background-media":"","overlay-type":"","overlay-color":"","overlay-opacity":"","overlay-gradient":""},"tablet":{"background-color":"var(--ast-global-color-5)","background-image":"","background-repeat":"repeat","background-position":"center center","background-size":"auto","background-attachment":"scroll","background-type":"","background-media":"","overlay-type":"","overlay-color":"","overlay-opacity":"","overlay-gradient":""},"mobile":{"background-color":"var(--ast-global-color-5)","background-image":"","background-repeat":"repeat","background-position":"center center","background-size":"auto","background-attachment":"scroll","background-type":"","background-media":"","overlay-type":"","overlay-color":"","overlay-opacity":"","overlay-gradient":""}}},"pwb-brand":[332],"product_brand":[],"product_cat":[410,878],"product_tag":[],"class_list":{"0":"post-6911","1":"product","2":"type-product","3":"status-publish","4":"has-post-thumbnail","6":"pwb-brand-victron","7":"product_cat-material-electrico","8":"product_cat-cables-victron","9":"desktop-align-left","10":"tablet-align-left","11":"mobile-align-left","12":"ast-product-gallery-layout-horizontal-slider","13":"ast-product-tabs-layout-horizontal","15":"first","16":"instock","17":"taxable","18":"shipping-taxable","19":"purchasable","20":"product-type-simple"},"wcpa_form_fields":null,"brands":[{"id":332,"name":"Victron Energy","slug":"victron"}],"_links":{"self":[{"href":"https:\/\/fvcomponentes.com\/fr\/wp-json\/wp\/v2\/product\/6911","targetHints":{"allow":["GET"]}}],"collection":[{"href":"https:\/\/fvcomponentes.com\/fr\/wp-json\/wp\/v2\/product"}],"about":[{"href":"https:\/\/fvcomponentes.com\/fr\/wp-json\/wp\/v2\/types\/product"}],"replies":[{"embeddable":true,"href":"https:\/\/fvcomponentes.com\/fr\/wp-json\/wp\/v2\/comments?post=6911"}],"wp:featuredmedia":[{"embeddable":true,"href":"https:\/\/fvcomponentes.com\/fr\/wp-json\/wp\/v2\/media\/6916"}],"wp:attachment":[{"href":"https:\/\/fvcomponentes.com\/fr\/wp-json\/wp\/v2\/media?parent=6911"}],"wp:term":[{"taxonomy":"pwb-brand","embeddable":true,"href":"https:\/\/fvcomponentes.com\/fr\/wp-json\/wp\/v2\/pwb-brand?post=6911"},{"taxonomy":"product_brand","embeddable":true,"href":"https:\/\/fvcomponentes.com\/fr\/wp-json\/wp\/v2\/product_brand?post=6911"},{"taxonomy":"product_cat","embeddable":true,"href":"https:\/\/fvcomponentes.com\/fr\/wp-json\/wp\/v2\/product_cat?post=6911"},{"taxonomy":"product_tag","embeddable":true,"href":"https:\/\/fvcomponentes.com\/fr\/wp-json\/wp\/v2\/product_tag?post=6911"}],"curies":[{"name":"wp","href":"https:\/\/api.w.org\/{rel}","templated":true}]}}