{"id":6899,"date":"2023-10-24T08:21:06","date_gmt":"2023-10-24T06:21:06","guid":{"rendered":"https:\/\/fvcomponentes.com\/?post_type=product&#038;p=6899"},"modified":"2026-01-15T10:10:13","modified_gmt":"2026-01-15T09:10:13","slug":"regulateur-victron-smartsolar-mppt-250-70-mc4-ve-can-scc125070521","status":"publish","type":"product","link":"https:\/\/fvcomponentes.com\/fr\/producto\/regulador-victron-smartsolar-mppt-250-70-mc4-ve-can-scc125070521\/","title":{"rendered":"Contr\u00f4leur Victron SmartSolar Mppt 250\/70 MC4 VE.CAN - SCC125070521"},"content":{"rendered":"<h2>Contr\u00f4leur Victron SmartSolar Mppt 250\/70 MC4 VE.CAN - SCC125070521<\/h2>\n<div>Avec le contr\u00f4leur Victron SmartSolar Mppt 250\/70 MC4 VE.CAN, vous pouvez b\u00e9n\u00e9ficier d'un courant de charge allant jusqu'\u00e0 70 Amp\u00e8res et d'une tension PV allant jusqu'\u00e0 250 Volts. Le contr\u00f4leur Victron SmartSolar Mppt 250\/70 MC4 VE.CAN peut charger une batterie avec une tension nominale inf\u00e9rieure \u00e0 partir de panneaux PV avec une tension nominale sup\u00e9rieure d'au moins +5V. Le contr\u00f4leur SmartSolar ajustera automatiquement la tension nominale de la batterie \u00e0 12, 24V une fois connect\u00e9e au contr\u00f4leur.<\/div>\n<p>&nbsp;<\/p>\n<p><strong>Bluetooth Smart int\u00e9gr\u00e9<\/strong><br \/>\nLa solution sans fil pour configurer, contr\u00f4ler, mettre \u00e0 jour et synchroniser les r\u00e9gulateurs de charge SmartSolar.<\/p>\n<p><strong>Suivi ultra rapide du point de puissance maximale (MPPT)<\/strong><br \/>\nEn particulier sous un ciel nuageux, lorsque l'intensit\u00e9 lumineuse change continuellement, un contr\u00f4leur MPPT ultrarapide am\u00e9liorera la r\u00e9colte d'\u00e9nergie jusqu'\u00e0 30% par rapport aux contr\u00f4leurs de charge PWM, et jusqu'\u00e0 10% par rapport aux contr\u00f4leurs MPPT plus lents.<\/p>\n<p><strong>D\u00e9tection avanc\u00e9e du point de puissance maximale en cas de couverture nuageuse partielle<\/strong><br \/>\nEn cas de couverture nuageuse partielle, deux points de puissance maximale (MPP) ou plus peuvent appara\u00eetre sur la courbe de tension de la charge. Les MPPT conventionnels s\u00e9lectionnent g\u00e9n\u00e9ralement un MPP local, qui n'est pas n\u00e9cessairement le MPP optimal. L'algorithme innovant de SmartSolar maximisera toujours la r\u00e9colte d'\u00e9nergie en s\u00e9lectionnant le MPP optimal.<\/p>\n<p><strong>Une efficacit\u00e9 de conversion exceptionnelle<\/strong><br \/>\nSans ventilateur. L'efficacit\u00e9 maximale d\u00e9passe 98%.<\/p>\n<p><strong>Algorithme de chargement flexible<\/strong><br \/>\nUn algorithme de charge enti\u00e8rement programmable (voir la page logiciel de notre site web) et huit algorithmes de charge pr\u00e9programm\u00e9s, qui peuvent \u00eatre choisis \u00e0 l'aide d'un s\u00e9lecteur rotatif (voir le manuel pour plus d'informations).<\/p>\n<p><strong>Protection \u00e9lectronique \u00e9tendue<\/strong><br \/>\nProtection contre la surchauffe et r\u00e9duction de la puissance en cas de temp\u00e9rature \u00e9lev\u00e9e. Protection contre les courts-circuits et l'inversion de polarit\u00e9 des panneaux photovolta\u00efques. Protection contre l'inversion du courant PV.<\/p>\n<p><strong>Capteur de temp\u00e9rature interne<\/strong><br \/>\nCompense la tension de charge d'absorption et de flottabilit\u00e9, en fonction de la temp\u00e9rature.<\/p>\n<p><strong>Capteur de temp\u00e9rature et de tension de la batterie externe en option via Bluetooth<\/strong><br \/>\nUn capteur Smart Battery Sense ou un moniteur de batterie intelligent BMV-712 peut \u00eatre utilis\u00e9 pour communiquer la tension et la temp\u00e9rature de la batterie \u00e0 un ou plusieurs r\u00e9gulateurs de charge.<br \/>\nSmartSolar.<\/p>\n<p><strong>Fonction de r\u00e9cup\u00e9ration de la batterie enti\u00e8rement d\u00e9charg\u00e9e<\/strong><br \/>\nCommence \u00e0 charger m\u00eame si la batterie est d\u00e9charg\u00e9e \u00e0 z\u00e9ro volt. Se reconnecte \u00e0 une batterie lithium-ion compl\u00e8tement d\u00e9charg\u00e9e gr\u00e2ce \u00e0 la fonction de d\u00e9connexion interne.<\/p>\n<p><strong>VE.Direct<\/strong><br \/>\nPour une connexion de donn\u00e9es c\u00e2bl\u00e9e \u00e0 un Color Control GX, \u00e0 d'autres produits GX, \u00e0 un PC ou \u00e0 d'autres dispositifs.<\/p>\n<h2>Fiche technique Victron SmartSolar Mppt 250\/70 MC4 VE.CAN Controller - SCC125070521<\/h2>\n<p><a href=\"https:\/\/fvcomponentes.com\/wp-content\/uploads\/2023\/04\/SmartSolar-charge-controller-MPPT-250-70-up-to-250-100-VE.Can-ES.pdf\" target=\"_blank\" rel=\"noopener\">Voir la fiche technique de Victron SmartSolar Mppt 250\/70 MC4 VE.CAN - SCC125070521<\/a><\/p>\n<h2>Manuel Victron SmartSolar Mppt 250\/70 MC4 VE.CAN Controller - SCC125070521<\/h2>\n<p><a href=\"https:\/\/fvcomponentes.com\/wp-content\/uploads\/2025\/10\/29694-MPPT_solar_charger_manual-pdf-es-9.pdf\" target=\"_blank\" rel=\"noopener\">View Victron SmartSolar Mppt 250\/70 MC4 VE.CAN controller manual - SCC125070521<\/a><\/p>","protected":false},"excerpt":{"rendered":"<ul>\n<li><span style=\"color: #99cc00\"><strong>\u00c9quipement Bluetooth.<\/strong><\/span><\/li>\n<li><strong>Gestion par <a href=\"https:\/\/play.google.com\/store\/apps\/details?id=com.victronenergy.victronconnect&amp;pcampaignid=web_share\" target=\"_blank\" rel=\"noopener\">Application VictronConnect<\/a><\/strong><\/li>\n<li><strong>Courant de charge nominal :\u00a0<\/strong>70 A<\/li>\n<li><strong>Efficacit\u00e9 maximale :\u00a0<\/strong>99%<\/li>\n<li><strong>Tension de la batterie :<\/strong> Ajustement automatique \u00e0 12, 24 ou 48 V<\/li>\n<li><strong>Autoconsommation :\u00a0<\/strong>Moins de 35 mA \u00e0 12 V \/ 20 mA \u00e0 48 V<\/li>\n<li><strong>Puissance PV nominale :<\/strong> 12 V - 1000 W<\/li>\n<li><strong>Puissance PV nominale :<\/strong> 24 V - 2000 W<\/li>\n<li><strong>Puissance PV nominale :<\/strong> 36 V - 3000 W<\/li>\n<li><strong>Puissance PV nominale :<\/strong> 48 V - 4000 W<\/li>\n<\/ul>","protected":false},"featured_media":6903,"comment_status":"open","ping_status":"closed","template":"","meta":{"site-sidebar-layout":"default","site-content-layout":"default","ast-site-content-layout":"default","site-content-style":"default","site-sidebar-style":"default","ast-global-header-display":"","ast-banner-title-visibility":"","ast-main-header-display":"","ast-hfb-above-header-display":"","ast-hfb-below-header-display":"","ast-hfb-mobile-header-display":"","site-post-title":"","ast-breadcrumbs-content":"","ast-featured-img":"","footer-sml-layout":"","ast-disable-related-posts":"","theme-transparent-header-meta":"default","adv-header-id-meta":"","stick-header-meta":"","header-above-stick-meta":"","header-main-stick-meta":"","header-below-stick-meta":"","astra-migrate-meta-layouts":"set","ast-page-background-enabled":"default","ast-page-background-meta":{"desktop":{"background-color":"var(--ast-global-color-4)","background-image":"","background-repeat":"repeat","background-position":"center center","background-size":"auto","background-attachment":"scroll","background-type":"","background-media":"","overlay-type":"","overlay-color":"","overlay-opacity":"","overlay-gradient":""},"tablet":{"background-color":"","background-image":"","background-repeat":"repeat","background-position":"center center","background-size":"auto","background-attachment":"scroll","background-type":"","background-media":"","overlay-type":"","overlay-color":"","overlay-opacity":"","overlay-gradient":""},"mobile":{"background-color":"","background-image":"","background-repeat":"repeat","background-position":"center center","background-size":"auto","background-attachment":"scroll","background-type":"","background-media":"","overlay-type":"","overlay-color":"","overlay-opacity":"","overlay-gradient":""}},"ast-content-background-meta":{"desktop":{"background-color":"var(--ast-global-color-5)","background-image":"","background-repeat":"repeat","background-position":"center center","background-size":"auto","background-attachment":"scroll","background-type":"","background-media":"","overlay-type":"","overlay-color":"","overlay-opacity":"","overlay-gradient":""},"tablet":{"background-color":"var(--ast-global-color-5)","background-image":"","background-repeat":"repeat","background-position":"center center","background-size":"auto","background-attachment":"scroll","background-type":"","background-media":"","overlay-type":"","overlay-color":"","overlay-opacity":"","overlay-gradient":""},"mobile":{"background-color":"var(--ast-global-color-5)","background-image":"","background-repeat":"repeat","background-position":"center center","background-size":"auto","background-attachment":"scroll","background-type":"","background-media":"","overlay-type":"","overlay-color":"","overlay-opacity":"","overlay-gradient":""}}},"pwb-brand":[332],"product_brand":[],"product_cat":[353,371],"product_tag":[],"class_list":{"0":"post-6899","1":"product","2":"type-product","3":"status-publish","4":"has-post-thumbnail","6":"pwb-brand-victron","7":"product_cat-reguladores-de-carga-solares","8":"product_cat-reguladores-mppt","9":"desktop-align-left","10":"tablet-align-left","11":"mobile-align-left","12":"ast-product-gallery-layout-horizontal-slider","13":"ast-product-tabs-layout-horizontal","15":"first","16":"instock","17":"taxable","18":"shipping-taxable","19":"purchasable","20":"product-type-simple"},"wcpa_form_fields":null,"brands":[{"id":332,"name":"Victron Energy","slug":"victron"}],"_links":{"self":[{"href":"https:\/\/fvcomponentes.com\/fr\/wp-json\/wp\/v2\/product\/6899","targetHints":{"allow":["GET"]}}],"collection":[{"href":"https:\/\/fvcomponentes.com\/fr\/wp-json\/wp\/v2\/product"}],"about":[{"href":"https:\/\/fvcomponentes.com\/fr\/wp-json\/wp\/v2\/types\/product"}],"replies":[{"embeddable":true,"href":"https:\/\/fvcomponentes.com\/fr\/wp-json\/wp\/v2\/comments?post=6899"}],"wp:featuredmedia":[{"embeddable":true,"href":"https:\/\/fvcomponentes.com\/fr\/wp-json\/wp\/v2\/media\/6903"}],"wp:attachment":[{"href":"https:\/\/fvcomponentes.com\/fr\/wp-json\/wp\/v2\/media?parent=6899"}],"wp:term":[{"taxonomy":"pwb-brand","embeddable":true,"href":"https:\/\/fvcomponentes.com\/fr\/wp-json\/wp\/v2\/pwb-brand?post=6899"},{"taxonomy":"product_brand","embeddable":true,"href":"https:\/\/fvcomponentes.com\/fr\/wp-json\/wp\/v2\/product_brand?post=6899"},{"taxonomy":"product_cat","embeddable":true,"href":"https:\/\/fvcomponentes.com\/fr\/wp-json\/wp\/v2\/product_cat?post=6899"},{"taxonomy":"product_tag","embeddable":true,"href":"https:\/\/fvcomponentes.com\/fr\/wp-json\/wp\/v2\/product_tag?post=6899"}],"curies":[{"name":"wp","href":"https:\/\/api.w.org\/{rel}","templated":true}]}}