{"id":6891,"date":"2023-09-13T09:45:07","date_gmt":"2023-09-13T07:45:07","guid":{"rendered":"https:\/\/fvcomponentes.com\/?post_type=product&#038;p=6891"},"modified":"2026-04-08T21:35:48","modified_gmt":"2026-04-08T19:35:48","slug":"regulateur-victron-smartsolar-mppt-150-100-mc4-ve-can-scc115110511","status":"publish","type":"product","link":"https:\/\/fvcomponentes.com\/fr\/producto\/regulador-victron-smartsolar-mppt-150-100-mc4-ve-can-scc115110511\/","title":{"rendered":"Contr\u00f4leur Victron SmartSolar MPPT 150\/100-MC4 VE.can - SCC115110511"},"content":{"rendered":"<h2>Contr\u00f4leur Victron SmartSolar MPPT 150\/100-MC4 VE.can<\/h2>\n<p>Dans des conditions de luminosit\u00e9 changeantes, le contr\u00f4leur Victron SmartSolar MPPT 150\/100-MC4 VE.can permet d'obtenir 30 % d'\u00e9nergie en plus que le PWM et 10 % d'\u00e9nergie en plus que le MPPT traditionnel. Gr\u00e2ce \u00e0 son algorithme SmartSolar, il s\u00e9lectionne le MPP optimal dans des conditions nuageuses, atteignant un rendement sup\u00e9rieur \u00e0 98 % sans ventilateur. En outre, il offre une protection totale et une charge personnalisable.<\/p>\n<p>Enfin, sa connectivit\u00e9 Bluetooth permet un suivi pr\u00e9cis et une r\u00e9cup\u00e9ration intelligente. Tout cela gr\u00e2ce \u00e0 son multi-contr\u00f4le simplifi\u00e9, ses connexions polyvalentes sur un \u00e9cran en option.<\/p>\n<h2>Caract\u00e9ristiques du contr\u00f4leur Victron SmartSolar MPPT 150\/100-MC4 VE.can<\/h2>\n<ul>\n<li><strong>Surmonter les d\u00e9fis solaires avec un suivi MPPT ultra rapide<\/strong><\/li>\n<\/ul>\n<p>Dans des conditions changeantes, le , obtient jusqu'\u00e0 30 % de puissance en plus que les contr\u00f4leurs PWM et 10 % de plus que le MPPT traditionnel.<\/p>\n<ul>\n<li><strong>Optimisation intelligente avec MPPT dans des conditions nuageuses<\/strong><\/li>\n<\/ul>\n<p>Notre algorithme SmartSolar s\u00e9lectionne toujours le point de puissance maximale (MPP) optimal, m\u00eame en cas de couverture nuageuse partielle, ce qui garantit une r\u00e9colte d'\u00e9nergie maximale.<\/p>\n<ul>\n<li><strong>L'efficacit\u00e9 sans compromis<\/strong><\/li>\n<\/ul>\n<p>Efficacit\u00e9 de conversion sans ventilateur sup\u00e9rieure \u00e0 98 %, ce qui maximise les performances.<\/p>\n<ul>\n<li><strong>Contr\u00f4le personnalis\u00e9 et protection compl\u00e8te<\/strong>\n<ul>\n<li>Programmez votre algorithme de charge \u00e0 partir de huit options, soutenues par une protection contre les temp\u00e9ratures extr\u00eames, les courts-circuits et plus encore.<\/li>\n<li>Protection contre la surchauffe et r\u00e9duction de la puissance en cas de temp\u00e9rature \u00e9lev\u00e9e.<\/li>\n<li>Protection contre les courts-circuits et l'inversion de polarit\u00e9 dans les panneaux photovolta\u00efques. Protection contre l'inversion de courant des panneaux photovolta\u00efques.<\/li>\n<\/ul>\n<\/li>\n<\/ul>\n<ul>\n<li><strong>Connectivit\u00e9 Bluetooth simplifi\u00e9e<\/strong><\/li>\n<\/ul>\n<p>Ma\u00eetrisez vos contr\u00f4leurs SmartSolar gr\u00e2ce \u00e0 la connectivit\u00e9 sans fil Bluetooth Smart, de la configuration \u00e0 la surveillance.<\/p>\n<ul>\n<li><strong>Surveillance pr\u00e9cise via Bluetooth<\/strong><\/li>\n<\/ul>\n<p>Il utilise des capteurs pour communiquer la tension, la temp\u00e9rature et le courant de la batterie, optimisant ainsi les performances.<\/p>\n<p>Un capteur Smart Battery Sense, un moniteur de batterie intelligent BMV-712 ou un SmartShunt peuvent \u00eatre utilis\u00e9s pour communiquer la tension et la temp\u00e9rature de la batterie (et le courant, dans le cas d'un BMV-712 ou d'un SmartShunt) \u00e0 un ou plusieurs r\u00e9gulateurs de charge SmartSolar.<\/p>\n<ul>\n<li><strong>R\u00e9cup\u00e9ration intelligente de la batterie<\/strong><\/li>\n<\/ul>\n<p>M\u00eame en cas de d\u00e9charge compl\u00e8te, notre syst\u00e8me red\u00e9marre la charge, ce qui le rend id\u00e9al pour les batteries lithium-ion.<\/p>\n<ul>\n<li><strong>Contr\u00f4le multiple simplifi\u00e9<\/strong><\/li>\n<\/ul>\n<p>Synchronisez jusqu'\u00e0 25 unit\u00e9s avec VE.Can et jusqu'\u00e0 10 unit\u00e9s avec Bluetooth pour un contr\u00f4le int\u00e9gr\u00e9.<\/p>\n<ul>\n<li><strong>Connexions polyvalentes<\/strong><\/li>\n<\/ul>\n<p>Choisissez entre VE.Direct et VE.Can pour vous connecter \u00e0 divers appareils et syst\u00e8mes.<\/p>\n<ul>\n<li><strong>Une t\u00e9l\u00e9commande pour plus de flexibilit\u00e9<\/strong><\/li>\n<\/ul>\n<p>Activation et d\u00e9sactivation \u00e0 distance pour un meilleur contr\u00f4le, connexion au BMS VE.BUS et plus encore.<\/p>\n<ul>\n<li><strong>Personnalisation gr\u00e2ce \u00e0 l'affichage optionnel<\/strong><\/li>\n<\/ul>\n<p>Am\u00e9liorez votre syst\u00e8me avec l'\u00e9cran LCD SmartSolar en option, qui simplifie la visualisation et le contr\u00f4le.<\/p>\n<h2>Fiche technique Victron SmartSolar MPPT 150\/100-MC4 Contr\u00f4leur VE.can - SCC115110511<\/h2>\n<p><a href=\"https:\/\/fvcomponentes.com\/wp-content\/uploads\/2023\/04\/controlador-de-CARGA-smartsolaer.pdf\" target=\"_blank\" rel=\"noopener\">Fiche technique Victron SmartSolar MPPT 150\/100-MC4 Contr\u00f4leur VE.can - SCC115110511<\/a><\/p>\n<h2>Manuel Victron SmartSolar MPPT 150\/100-MC4 Contr\u00f4leur VE.can - SCC115110511<\/h2>\n<p><a href=\"https:\/\/fvcomponentes.com\/wp-content\/uploads\/2025\/10\/29694-MPPT_solar_charger_manual-pdf-es-9.pdf\" target=\"_blank\" rel=\"noopener\">Manuel du contr\u00f4leur Victron SmartSolar MPPT 150\/100-MC4 VE.can - SCC115110511<\/a><\/p>","protected":false},"excerpt":{"rendered":"<ul>\n<li><span style=\"color: #99cc00\"><strong>\u00c9quipement Bluetooth.<\/strong><\/span><\/li>\n<li><strong>Gestion par <a href=\"https:\/\/play.google.com\/store\/apps\/details?id=com.victronenergy.victronconnect&amp;pcampaignid=web_share\" target=\"_blank\" rel=\"noopener\">Application VictronConnect<\/a><\/strong><\/li>\n<li><strong>Courant de charge nominal : <\/strong>100 A<\/li>\n<li><strong>Efficacit\u00e9 maximale :\u00a0<\/strong>98%<\/li>\n<li><strong>Autoconsommation :\u00a0<\/strong>Moins de 35 mA \u00e0 12 V \/ 20 mA \u00e0 48 V<\/li>\n<\/ul>","protected":false},"featured_media":32040,"comment_status":"open","ping_status":"closed","template":"","meta":{"site-sidebar-layout":"default","site-content-layout":"default","ast-site-content-layout":"default","site-content-style":"default","site-sidebar-style":"default","ast-global-header-display":"","ast-banner-title-visibility":"","ast-main-header-display":"","ast-hfb-above-header-display":"","ast-hfb-below-header-display":"","ast-hfb-mobile-header-display":"","site-post-title":"","ast-breadcrumbs-content":"","ast-featured-img":"","footer-sml-layout":"","ast-disable-related-posts":"","theme-transparent-header-meta":"default","adv-header-id-meta":"","stick-header-meta":"","header-above-stick-meta":"","header-main-stick-meta":"","header-below-stick-meta":"","astra-migrate-meta-layouts":"set","ast-page-background-enabled":"default","ast-page-background-meta":{"desktop":{"background-color":"var(--ast-global-color-4)","background-image":"","background-repeat":"repeat","background-position":"center center","background-size":"auto","background-attachment":"scroll","background-type":"","background-media":"","overlay-type":"","overlay-color":"","overlay-opacity":"","overlay-gradient":""},"tablet":{"background-color":"","background-image":"","background-repeat":"repeat","background-position":"center center","background-size":"auto","background-attachment":"scroll","background-type":"","background-media":"","overlay-type":"","overlay-color":"","overlay-opacity":"","overlay-gradient":""},"mobile":{"background-color":"","background-image":"","background-repeat":"repeat","background-position":"center center","background-size":"auto","background-attachment":"scroll","background-type":"","background-media":"","overlay-type":"","overlay-color":"","overlay-opacity":"","overlay-gradient":""}},"ast-content-background-meta":{"desktop":{"background-color":"var(--ast-global-color-5)","background-image":"","background-repeat":"repeat","background-position":"center center","background-size":"auto","background-attachment":"scroll","background-type":"","background-media":"","overlay-type":"","overlay-color":"","overlay-opacity":"","overlay-gradient":""},"tablet":{"background-color":"var(--ast-global-color-5)","background-image":"","background-repeat":"repeat","background-position":"center center","background-size":"auto","background-attachment":"scroll","background-type":"","background-media":"","overlay-type":"","overlay-color":"","overlay-opacity":"","overlay-gradient":""},"mobile":{"background-color":"var(--ast-global-color-5)","background-image":"","background-repeat":"repeat","background-position":"center center","background-size":"auto","background-attachment":"scroll","background-type":"","background-media":"","overlay-type":"","overlay-color":"","overlay-opacity":"","overlay-gradient":""}}},"pwb-brand":[332],"product_brand":[],"product_cat":[353,371],"product_tag":[],"class_list":{"0":"post-6891","1":"product","2":"type-product","3":"status-publish","4":"has-post-thumbnail","6":"pwb-brand-victron","7":"product_cat-reguladores-de-carga-solares","8":"product_cat-reguladores-mppt","9":"desktop-align-left","10":"tablet-align-left","11":"mobile-align-left","12":"ast-product-gallery-layout-horizontal-slider","13":"ast-product-tabs-layout-horizontal","15":"first","16":"instock","17":"taxable","18":"shipping-taxable","19":"purchasable","20":"product-type-simple"},"wcpa_form_fields":null,"brands":[{"id":332,"name":"Victron Energy","slug":"victron"}],"_links":{"self":[{"href":"https:\/\/fvcomponentes.com\/fr\/wp-json\/wp\/v2\/product\/6891","targetHints":{"allow":["GET"]}}],"collection":[{"href":"https:\/\/fvcomponentes.com\/fr\/wp-json\/wp\/v2\/product"}],"about":[{"href":"https:\/\/fvcomponentes.com\/fr\/wp-json\/wp\/v2\/types\/product"}],"replies":[{"embeddable":true,"href":"https:\/\/fvcomponentes.com\/fr\/wp-json\/wp\/v2\/comments?post=6891"}],"wp:featuredmedia":[{"embeddable":true,"href":"https:\/\/fvcomponentes.com\/fr\/wp-json\/wp\/v2\/media\/32040"}],"wp:attachment":[{"href":"https:\/\/fvcomponentes.com\/fr\/wp-json\/wp\/v2\/media?parent=6891"}],"wp:term":[{"taxonomy":"pwb-brand","embeddable":true,"href":"https:\/\/fvcomponentes.com\/fr\/wp-json\/wp\/v2\/pwb-brand?post=6891"},{"taxonomy":"product_brand","embeddable":true,"href":"https:\/\/fvcomponentes.com\/fr\/wp-json\/wp\/v2\/product_brand?post=6891"},{"taxonomy":"product_cat","embeddable":true,"href":"https:\/\/fvcomponentes.com\/fr\/wp-json\/wp\/v2\/product_cat?post=6891"},{"taxonomy":"product_tag","embeddable":true,"href":"https:\/\/fvcomponentes.com\/fr\/wp-json\/wp\/v2\/product_tag?post=6891"}],"curies":[{"name":"wp","href":"https:\/\/api.w.org\/{rel}","templated":true}]}}