{"id":6884,"date":"2023-09-13T09:19:24","date_gmt":"2023-09-13T07:19:24","guid":{"rendered":"https:\/\/fvcomponentes.com\/?post_type=product&#038;p=6884"},"modified":"2026-01-15T10:09:57","modified_gmt":"2026-01-15T09:09:57","slug":"regulateur-victron-smartsolar-mppt-150-85-mc4-ve-can-scc115085511","status":"publish","type":"product","link":"https:\/\/fvcomponentes.com\/fr\/producto\/regulador-victron-smartsolar-mppt-150-85-mc4-ve-can-scc115085511\/","title":{"rendered":"Contr\u00f4leur Victron SmartSolar MPPT 150\/85 MC4 VE.can - SCC115085511"},"content":{"rendered":"<p>La technologie ultra-rapide du contr\u00f4leur SmartSolar MPPT 150\/85 MC4 VE.can de Victron maximise la r\u00e9colte de l'\u00e9nergie solaire dans des conditions nuageuses et changeantes, surpassant les contr\u00f4leurs traditionnels dans un syst\u00e8me 30%. Id\u00e9al pour les syst\u00e8mes r\u00e9sidentiels, commerciaux et industriels, son efficacit\u00e9 et sa d\u00e9tection optimale du point de puissance maximale garantissent des performances exceptionnelles et des \u00e9conomies significatives. Connectivit\u00e9 Bluetooth, contr\u00f4le \u00e0 distance et applications polyvalentes.<\/p>\n<h2>Caract\u00e9ristiques du contr\u00f4leur Victron SmartSolar MPPT 150\/85 MC4 VE.can - SCC115085511<\/h2>\n<ul>\n<li><strong>Optimisation \u00e9nerg\u00e9tique avec MPPT ultra rapide : <\/strong>\u00a0Il tire le meilleur parti de l'\u00e9nergie solaire en cas de ciel nuageux et de fluctuations de la lumi\u00e8re. De plus, le MPPT ultra-rapide augmente l'absorption jusqu'\u00e0 30%, surpassant les contr\u00f4leurs PWM de 10%.<\/li>\n<li><strong>D\u00e9tection avanc\u00e9e du point de puissance maximale en cas de couverture nuageuse partielle : <\/strong>En cas de couverture nuageuse partielle, plusieurs points de puissance maximale (MPP) peuvent appara\u00eetre sur la courbe de tension de charge. Cependant, les MPPT conventionnels ne s\u00e9lectionnent pas toujours le MPP optimal, c'est pourquoi celui-ci utilise un algorithme SmartSolar qui s\u00e9lectionne toujours le MPP optimal pour une r\u00e9colte d'\u00e9nergie maximale.<\/li>\n<li><strong>Efficacit\u00e9 exceptionnelle et algorithme de charge flexible avec le contr\u00f4leur Victron SmartSolar MPPT 150\/85 MC4 VE.can : <\/strong>Ce contr\u00f4leur de charge atteint une efficacit\u00e9 maximale plus \u00e9lev\u00e9e que le 98% sans ventilateur, gr\u00e2ce \u00e0 son algorithme de charge flexible et personnalisable. Il dispose en outre de 8 options pr\u00e9programm\u00e9es.<\/li>\n<li><strong>Protection \u00e9lectronique int\u00e9grale gr\u00e2ce au contr\u00f4leur Victron SmartSolar MPPT 150\/85 MC4 VE.can : <\/strong>Protection contre les surchauffes, les courts-circuits et l'inversion de polarit\u00e9.<\/li>\n<li><strong>Connectivit\u00e9 Bluetooth Smart int\u00e9gr\u00e9e dans le contr\u00f4leur Victron SmartSolar MPPT 150\/85 MC4 VE.can : <\/strong>Configurez, contr\u00f4lez et synchronisez sans fil les r\u00e9gulateurs de charge SmartSolar, et surveillez m\u00eame des donn\u00e9es pr\u00e9cises gr\u00e2ce \u00e0 des capteurs internes et optionnels via Bluetooth.<\/li>\n<li><strong>R\u00e9cup\u00e9ration des batteries d\u00e9charg\u00e9es et contr\u00f4le multiple simplifi\u00e9 : <\/strong>\n<ul>\n<li>Le contr\u00f4leur de charge Victron 150\/85-MC4VE.can r\u00e9cup\u00e8re les batteries d\u00e9charg\u00e9es m\u00eame \u00e0 partir de z\u00e9ro volt.<\/li>\n<li>Synchronisez jusqu'\u00e0 25 unit\u00e9s avec VE.Can et 10 unit\u00e9s avec Bluetooth pour une gestion commune.<\/li>\n<\/ul>\n<\/li>\n<li><strong>Connexions polyvalentes et contr\u00f4le \u00e0 distance avec le contr\u00f4leur Victron SmartSolar MPPT 150\/85 MC4 VE.can<\/strong>\n<ul>\n<li>Choisissez entre des connexions VE.Directes ou VE.Can pour diff\u00e9rents appareils.<\/li>\n<li>Contr\u00f4le \u00e0 distance via le BMS VE.BUS et programmation d'\u00e9v\u00e9nements avec relais programmable.<\/li>\n<\/ul>\n<\/li>\n<li><strong>Option d'affichage LCD sur le contr\u00f4leur Victron SmartSolar MPPT 150\/85 MC4 VE.can<\/strong>\n<ul>\n<li>Personnalisez davantage votre syst\u00e8me gr\u00e2ce \u00e0 l'\u00e9cran LCD SmartSolar en option.<\/li>\n<li>Connexion facile pour un contr\u00f4le avanc\u00e9.<\/li>\n<\/ul>\n<\/li>\n<\/ul>\n<h2>Fiche technique Victron SmartSolar MPPT 150\/85 MC4 VE.can Contr\u00f4leur - SCC115085511<\/h2>\n<p><a href=\"https:\/\/fvcomponentes.com\/wp-content\/uploads\/2023\/04\/controlador-de-CARGA-smartsolaer.pdf\" target=\"_blank\" rel=\"noopener\">Fiche technique Victron SmartSolar MPPT 150\/85 MC4 VE.can Contr\u00f4leur - SCC115085511<\/a><\/p>\n<h2>Manuel Victron SmartSolar MPPT 150\/85 MC4 VE.can Contr\u00f4leur - SCC115085511<\/h2>\n<p><a href=\"https:\/\/fvcomponentes.com\/wp-content\/uploads\/2025\/10\/29694-MPPT_solar_charger_manual-pdf-es-9.pdf\" target=\"_blank\" rel=\"noopener\">Manuel du contr\u00f4leur Victron SmartSolar MPPT 150\/85 MC4 VE.can - SCC115085511<\/a><\/p>","protected":false},"excerpt":{"rendered":"<ul>\n<li><span style=\"color: #99cc00\"><strong>\u00c9quipement Bluetooth<\/strong><\/span><\/li>\n<li><strong>Gestion par <a href=\"https:\/\/play.google.com\/store\/apps\/details?id=com.victronenergy.victronconnect&amp;pcampaignid=web_share\" target=\"_blank\" rel=\"noopener\">Application VictronConnect<\/a><\/strong><\/li>\n<li><strong>Courant de charge nominal : <\/strong>85 A<\/li>\n<li><strong>Efficacit\u00e9 maximale :\u00a0<\/strong>98%<\/li>\n<li><strong>Autoconsommation :\u00a0<\/strong>Moins de 35 mA \u00e0 12 V \/ 20 mA \u00e0 48 V<\/li>\n<\/ul>","protected":false},"featured_media":6886,"comment_status":"open","ping_status":"closed","template":"","meta":{"site-sidebar-layout":"default","site-content-layout":"default","ast-site-content-layout":"default","site-content-style":"default","site-sidebar-style":"default","ast-global-header-display":"","ast-banner-title-visibility":"","ast-main-header-display":"","ast-hfb-above-header-display":"","ast-hfb-below-header-display":"","ast-hfb-mobile-header-display":"","site-post-title":"","ast-breadcrumbs-content":"","ast-featured-img":"","footer-sml-layout":"","ast-disable-related-posts":"","theme-transparent-header-meta":"default","adv-header-id-meta":"","stick-header-meta":"","header-above-stick-meta":"","header-main-stick-meta":"","header-below-stick-meta":"","astra-migrate-meta-layouts":"set","ast-page-background-enabled":"default","ast-page-background-meta":{"desktop":{"background-color":"var(--ast-global-color-4)","background-image":"","background-repeat":"repeat","background-position":"center center","background-size":"auto","background-attachment":"scroll","background-type":"","background-media":"","overlay-type":"","overlay-color":"","overlay-opacity":"","overlay-gradient":""},"tablet":{"background-color":"","background-image":"","background-repeat":"repeat","background-position":"center center","background-size":"auto","background-attachment":"scroll","background-type":"","background-media":"","overlay-type":"","overlay-color":"","overlay-opacity":"","overlay-gradient":""},"mobile":{"background-color":"","background-image":"","background-repeat":"repeat","background-position":"center center","background-size":"auto","background-attachment":"scroll","background-type":"","background-media":"","overlay-type":"","overlay-color":"","overlay-opacity":"","overlay-gradient":""}},"ast-content-background-meta":{"desktop":{"background-color":"var(--ast-global-color-5)","background-image":"","background-repeat":"repeat","background-position":"center center","background-size":"auto","background-attachment":"scroll","background-type":"","background-media":"","overlay-type":"","overlay-color":"","overlay-opacity":"","overlay-gradient":""},"tablet":{"background-color":"var(--ast-global-color-5)","background-image":"","background-repeat":"repeat","background-position":"center center","background-size":"auto","background-attachment":"scroll","background-type":"","background-media":"","overlay-type":"","overlay-color":"","overlay-opacity":"","overlay-gradient":""},"mobile":{"background-color":"var(--ast-global-color-5)","background-image":"","background-repeat":"repeat","background-position":"center center","background-size":"auto","background-attachment":"scroll","background-type":"","background-media":"","overlay-type":"","overlay-color":"","overlay-opacity":"","overlay-gradient":""}}},"pwb-brand":[332],"product_brand":[],"product_cat":[353,371],"product_tag":[],"class_list":{"0":"post-6884","1":"product","2":"type-product","3":"status-publish","4":"has-post-thumbnail","6":"pwb-brand-victron","7":"product_cat-reguladores-de-carga-solares","8":"product_cat-reguladores-mppt","9":"desktop-align-left","10":"tablet-align-left","11":"mobile-align-left","12":"ast-product-gallery-layout-horizontal-slider","13":"ast-product-tabs-layout-horizontal","15":"first","16":"instock","17":"taxable","18":"shipping-taxable","19":"purchasable","20":"product-type-simple"},"wcpa_form_fields":null,"brands":[{"id":332,"name":"Victron Energy","slug":"victron"}],"_links":{"self":[{"href":"https:\/\/fvcomponentes.com\/fr\/wp-json\/wp\/v2\/product\/6884","targetHints":{"allow":["GET"]}}],"collection":[{"href":"https:\/\/fvcomponentes.com\/fr\/wp-json\/wp\/v2\/product"}],"about":[{"href":"https:\/\/fvcomponentes.com\/fr\/wp-json\/wp\/v2\/types\/product"}],"replies":[{"embeddable":true,"href":"https:\/\/fvcomponentes.com\/fr\/wp-json\/wp\/v2\/comments?post=6884"}],"wp:featuredmedia":[{"embeddable":true,"href":"https:\/\/fvcomponentes.com\/fr\/wp-json\/wp\/v2\/media\/6886"}],"wp:attachment":[{"href":"https:\/\/fvcomponentes.com\/fr\/wp-json\/wp\/v2\/media?parent=6884"}],"wp:term":[{"taxonomy":"pwb-brand","embeddable":true,"href":"https:\/\/fvcomponentes.com\/fr\/wp-json\/wp\/v2\/pwb-brand?post=6884"},{"taxonomy":"product_brand","embeddable":true,"href":"https:\/\/fvcomponentes.com\/fr\/wp-json\/wp\/v2\/product_brand?post=6884"},{"taxonomy":"product_cat","embeddable":true,"href":"https:\/\/fvcomponentes.com\/fr\/wp-json\/wp\/v2\/product_cat?post=6884"},{"taxonomy":"product_tag","embeddable":true,"href":"https:\/\/fvcomponentes.com\/fr\/wp-json\/wp\/v2\/product_tag?post=6884"}],"curies":[{"name":"wp","href":"https:\/\/api.w.org\/{rel}","templated":true}]}}