{"id":6879,"date":"2023-09-13T09:30:24","date_gmt":"2023-09-13T07:30:24","guid":{"rendered":"https:\/\/fvcomponentes.com\/?post_type=product&#038;p=6879"},"modified":"2026-04-08T21:35:06","modified_gmt":"2026-04-08T19:35:06","slug":"regulateur-victron-smartsolar-mppt-150-70-mc4-ve-can-scc115070511","status":"publish","type":"product","link":"https:\/\/fvcomponentes.com\/fr\/producto\/regulador-victron-smartsolar-mppt-150-70-mc4-ve-can-scc115070511\/","title":{"rendered":"Contr\u00f4leur Victron SmartSolar MPPT 150\/70 MC4 VE.can - SCC115070511"},"content":{"rendered":"<p>Avec le contr\u00f4leur Victron SmartSolar MPPT 150\/70 MC4 VE.can - SCC115070511, vous tirez le meilleur parti de l'\u00e9nergie solaire gr\u00e2ce \u00e0 un MPPT ultra-rapide les jours nuageux, augmentant la collecte de 30%. Notre technologie SmartSolar d\u00e9tecte les meilleurs points d'alimentation, atteignant une efficacit\u00e9 sup\u00e9rieure \u00e0 98%. Nous proposons des algorithmes de charge flexibles, une protection compl\u00e8te et une connectivit\u00e9 Bluetooth. Contr\u00f4lez des donn\u00e9es pr\u00e9cises via Bluetooth et r\u00e9cup\u00e9rez les batteries d\u00e9charg\u00e9es. Synchronisez plusieurs unit\u00e9s et choisissez parmi des connexions polyvalentes. Personnalisez votre syst\u00e8me avec un \u00e9cran LCD en option.<\/p>\n<h2>Caract\u00e9ristiques du contr\u00f4leur Victron SmartSolar MPPT 150\/70 MC4 VE.can<\/h2>\n<ul>\n<li><strong>Optimisation solaire avec suivi ultra rapide du point de puissance maximale (MPPT) : <\/strong>Par temps nuageux, lorsque la lumi\u00e8re fluctue, le contr\u00f4leur ultra-rapide Victron SmartSolar MPPT 150\/70 MC4 VE.can am\u00e9liore la r\u00e9colte d'\u00e9nergie jusqu'\u00e0 30 % de plus que les r\u00e9gulateurs de charge PWM et jusqu'\u00e0 10 % de plus que les MPPT lents.<\/li>\n<\/ul>\n<ul>\n<li><strong>D\u00e9tection avanc\u00e9e du point de puissance maximale dans des conditions nuageuses : <\/strong>Lors d'une couverture nuageuse partielle, plusieurs points de puissance maximale (MPP) peuvent appara\u00eetre sur la courbe de tension de la charge. Les MPPT traditionnels choisissent g\u00e9n\u00e9ralement un MPP local, qui n'est pas n\u00e9cessairement le meilleur. L'algorithme innovant de SmartSolar s\u00e9lectionne toujours le MPP optimal pour maximiser la r\u00e9colte d'\u00e9nergie.<\/li>\n<\/ul>\n<ul>\n<li><strong>Efficacit\u00e9 exceptionnelle et protection compl\u00e8te : <\/strong>Ce r\u00e9gulateur atteint un rendement plus \u00e9lev\u00e9 que le r\u00e9gulateur sans ventilateur 98 %, avec une protection int\u00e9grale contre la surchauffe, les courts-circuits et autres.<\/li>\n<\/ul>\n<ul>\n<li><strong>Polyvalence gr\u00e2ce \u00e0 un algorithme de chargement flexible : <\/strong>Un algorithme enti\u00e8rement programmable et huit algorithmes pr\u00e9programm\u00e9s sont adapt\u00e9s \u00e0 vos besoins et peuvent \u00eatre s\u00e9lectionn\u00e9s \u00e0 l'aide d'un s\u00e9lecteur rotatif.<\/li>\n<\/ul>\n<ul>\n<li><strong>Connectivit\u00e9 Bluetooth Smart int\u00e9gr\u00e9e : <\/strong>Configurez, contr\u00f4lez et synchronisez les contr\u00f4leurs SmartSolar avec la solution sans fil Bluetooth.<\/li>\n<\/ul>\n<ul>\n<li><strong>Surveillance pr\u00e9cise via Bluetooth : <\/strong>Les capteurs de temp\u00e9rature et de tension, ainsi que la possibilit\u00e9 d'utiliser Smart Battery Sense ou le moniteur de batterie intelligent BMV-712, communiquent les donn\u00e9es \u00e0 un ou plusieurs contr\u00f4leurs SmartSolar.<\/li>\n<\/ul>\n<ul>\n<li><strong>R\u00e9cup\u00e9ration des batteries d\u00e9charg\u00e9es : <\/strong>Recharge m\u00eame \u00e0 partir de z\u00e9ro volt et reconnecte les batteries lithium-ion d\u00e9charg\u00e9es gr\u00e2ce \u00e0 la fonction de d\u00e9connexion.<\/li>\n<\/ul>\n<ul>\n<li><strong>Contr\u00f4le multiple simplifi\u00e9 : <\/strong>Synchronisez jusqu'\u00e0 25 unit\u00e9s avec VE.Can et 10 unit\u00e9s avec Bluetooth pour une gestion commune.<\/li>\n<\/ul>\n<ul>\n<li><strong>Connexions polyvalentes et t\u00e9l\u00e9commande : <\/strong>Choisissez VE.Direct ou VE.Can pour la connectivit\u00e9 aux appareils et aux panneaux, tandis que le contr\u00f4le \u00e0 distance est int\u00e9gr\u00e9 \u00e0 la GTC VE.BUS.<\/li>\n<\/ul>\n<ul>\n<li><strong>Personnalisation avec \u00e9cran LCD en option : <\/strong>Connectez facilement l'\u00e9cran LCD SmartSolar en option pour plus d'informations et de contr\u00f4le.<\/li>\n<\/ul>\n<h2>Fiche technique Victron SmartSolar MPPT 150\/70 MC4 VE.can Contr\u00f4leur - SCC115070511<\/h2>\n<p><a href=\"https:\/\/fvcomponentes.com\/wp-content\/uploads\/2023\/04\/controlador-de-CARGA-smartsolaer.pdf\" target=\"_blank\" rel=\"noopener\">Voir la fiche technique Victron SmartSolar MPPT 150\/70 MC4 VE.can - SCC115070511<\/a><\/p>\n<h2>Manuel Victron SmartSolar MPPT 150\/70 MC4 VE.can R\u00e9gulateur - SCC115070511<\/h2>\n<p><a href=\"https:\/\/fvcomponentes.com\/wp-content\/uploads\/2025\/10\/29694-MPPT_solar_charger_manual-pdf-es-9.pdf\" target=\"_blank\" rel=\"noopener\">View Victron SmartSolar MPPT 150\/70 MC4 VE.can Controller manual - SCC115070511<\/a><\/p>","protected":false},"excerpt":{"rendered":"<ul>\n<li><span style=\"color: #99cc00\"><strong>\u00c9quipement Bluetooth.<\/strong><\/span><\/li>\n<li><strong>Gestion par <a href=\"https:\/\/play.google.com\/store\/apps\/details?id=com.victronenergy.victronconnect&amp;pcampaignid=web_share\" target=\"_blank\" rel=\"noopener\">Application VictronConnect<\/a><\/strong><\/li>\n<li><strong>Courant de charge nominal :\u00a0<\/strong>70 A<\/li>\n<li><strong>Efficacit\u00e9 maximale :\u00a0<\/strong>98%<\/li>\n<li><strong>Autoconsommation :\u00a0<\/strong>Moins de 35 mA \u00e0 12 V \/ 20 mA \u00e0 48 V<\/li>\n<\/ul>","protected":false},"featured_media":6882,"comment_status":"open","ping_status":"closed","template":"","meta":{"site-sidebar-layout":"default","site-content-layout":"default","ast-site-content-layout":"default","site-content-style":"default","site-sidebar-style":"default","ast-global-header-display":"","ast-banner-title-visibility":"","ast-main-header-display":"","ast-hfb-above-header-display":"","ast-hfb-below-header-display":"","ast-hfb-mobile-header-display":"","site-post-title":"","ast-breadcrumbs-content":"","ast-featured-img":"","footer-sml-layout":"","ast-disable-related-posts":"","theme-transparent-header-meta":"default","adv-header-id-meta":"","stick-header-meta":"","header-above-stick-meta":"","header-main-stick-meta":"","header-below-stick-meta":"","astra-migrate-meta-layouts":"set","ast-page-background-enabled":"default","ast-page-background-meta":{"desktop":{"background-color":"var(--ast-global-color-4)","background-image":"","background-repeat":"repeat","background-position":"center center","background-size":"auto","background-attachment":"scroll","background-type":"","background-media":"","overlay-type":"","overlay-color":"","overlay-opacity":"","overlay-gradient":""},"tablet":{"background-color":"","background-image":"","background-repeat":"repeat","background-position":"center center","background-size":"auto","background-attachment":"scroll","background-type":"","background-media":"","overlay-type":"","overlay-color":"","overlay-opacity":"","overlay-gradient":""},"mobile":{"background-color":"","background-image":"","background-repeat":"repeat","background-position":"center center","background-size":"auto","background-attachment":"scroll","background-type":"","background-media":"","overlay-type":"","overlay-color":"","overlay-opacity":"","overlay-gradient":""}},"ast-content-background-meta":{"desktop":{"background-color":"var(--ast-global-color-5)","background-image":"","background-repeat":"repeat","background-position":"center center","background-size":"auto","background-attachment":"scroll","background-type":"","background-media":"","overlay-type":"","overlay-color":"","overlay-opacity":"","overlay-gradient":""},"tablet":{"background-color":"var(--ast-global-color-5)","background-image":"","background-repeat":"repeat","background-position":"center center","background-size":"auto","background-attachment":"scroll","background-type":"","background-media":"","overlay-type":"","overlay-color":"","overlay-opacity":"","overlay-gradient":""},"mobile":{"background-color":"var(--ast-global-color-5)","background-image":"","background-repeat":"repeat","background-position":"center center","background-size":"auto","background-attachment":"scroll","background-type":"","background-media":"","overlay-type":"","overlay-color":"","overlay-opacity":"","overlay-gradient":""}}},"pwb-brand":[332],"product_brand":[],"product_cat":[353,371],"product_tag":[],"class_list":{"0":"post-6879","1":"product","2":"type-product","3":"status-publish","4":"has-post-thumbnail","6":"pwb-brand-victron","7":"product_cat-reguladores-de-carga-solares","8":"product_cat-reguladores-mppt","9":"desktop-align-left","10":"tablet-align-left","11":"mobile-align-left","12":"ast-product-gallery-layout-horizontal-slider","13":"ast-product-tabs-layout-horizontal","15":"first","16":"instock","17":"taxable","18":"shipping-taxable","19":"purchasable","20":"product-type-simple"},"wcpa_form_fields":null,"brands":[{"id":332,"name":"Victron Energy","slug":"victron"}],"_links":{"self":[{"href":"https:\/\/fvcomponentes.com\/fr\/wp-json\/wp\/v2\/product\/6879","targetHints":{"allow":["GET"]}}],"collection":[{"href":"https:\/\/fvcomponentes.com\/fr\/wp-json\/wp\/v2\/product"}],"about":[{"href":"https:\/\/fvcomponentes.com\/fr\/wp-json\/wp\/v2\/types\/product"}],"replies":[{"embeddable":true,"href":"https:\/\/fvcomponentes.com\/fr\/wp-json\/wp\/v2\/comments?post=6879"}],"wp:featuredmedia":[{"embeddable":true,"href":"https:\/\/fvcomponentes.com\/fr\/wp-json\/wp\/v2\/media\/6882"}],"wp:attachment":[{"href":"https:\/\/fvcomponentes.com\/fr\/wp-json\/wp\/v2\/media?parent=6879"}],"wp:term":[{"taxonomy":"pwb-brand","embeddable":true,"href":"https:\/\/fvcomponentes.com\/fr\/wp-json\/wp\/v2\/pwb-brand?post=6879"},{"taxonomy":"product_brand","embeddable":true,"href":"https:\/\/fvcomponentes.com\/fr\/wp-json\/wp\/v2\/product_brand?post=6879"},{"taxonomy":"product_cat","embeddable":true,"href":"https:\/\/fvcomponentes.com\/fr\/wp-json\/wp\/v2\/product_cat?post=6879"},{"taxonomy":"product_tag","embeddable":true,"href":"https:\/\/fvcomponentes.com\/fr\/wp-json\/wp\/v2\/product_tag?post=6879"}],"curies":[{"name":"wp","href":"https:\/\/api.w.org\/{rel}","templated":true}]}}