{"id":6870,"date":"2023-08-16T16:04:12","date_gmt":"2023-08-16T14:04:12","guid":{"rendered":"https:\/\/fvcomponentes.com\/?post_type=product&#038;p=6870"},"modified":"2026-01-15T10:09:42","modified_gmt":"2026-01-15T09:09:42","slug":"regulateur-victron-smartsolar-mppt-150-70-tr-ve-can-scc115070411","status":"publish","type":"product","link":"https:\/\/fvcomponentes.com\/fr\/producto\/regulador-victron-smartsolar-mppt-150-70-tr-ve-can-scc115070411\/","title":{"rendered":"Victron SmartSolar MPPT 150\/70-Tr VE.can - SCC115070411411"},"content":{"rendered":"<p>Victron SmartSolar MPPT 150\/70-Tr VE.can - SCC115070411 avec \u00e9cran optionnel. Contr\u00f4lez et configurez votre appareil via Bluetooth tout en recevant des informations telles que la tension et le courant de la batterie, la tension et le courant PV et les donn\u00e9es historiques.<\/p>\n<h2>Suivi ultra rapide du point de puissance maximale (MPPT)<\/h2>\n<p>En particulier sous un ciel nuageux, lorsque l'intensit\u00e9 lumineuse change continuellement, un contr\u00f4leur MPPT ultrarapide am\u00e9liorera la r\u00e9colte d'\u00e9nergie jusqu'\u00e0 30% par rapport aux contr\u00f4leurs de charge PWM, et jusqu'\u00e0 10% par rapport aux contr\u00f4leurs MPPT plus lents.<\/p>\n<h2>D\u00e9tection avanc\u00e9e du point de puissance maximale en cas de couverture nuageuse partielle<\/h2>\n<p>En cas de couverture nuageuse partielle, il peut y avoir deux ou plusieurs points de puissance maximale (MPP) sur la courbe de tension de la charge.<br \/>\nLes MPPT classiques s\u00e9lectionnent g\u00e9n\u00e9ralement un MPP local, qui n'est pas n\u00e9cessairement le MPP optimal.<br \/>\nL'algorithme innovant de SmartSolar maximisera toujours la r\u00e9colte d'\u00e9nergie en s\u00e9lectionnant le MPP optimal.<\/p>\n<h2>Une efficacit\u00e9 de conversion exceptionnelle<\/h2>\n<p>Sans ventilateur. L'efficacit\u00e9 maximale d\u00e9passe 98%.<\/p>\n<h2>Algorithme de chargement flexible<\/h2>\n<p>Un algorithme de charge enti\u00e8rement programmable et huit algorithmes de charge pr\u00e9programm\u00e9s, qui peuvent \u00eatre s\u00e9lectionn\u00e9s \u00e0 l'aide d'un s\u00e9lecteur rotatif (voir le manuel pour plus d'informations).<\/p>\n<h2>Protection \u00e9lectronique \u00e9tendue<\/h2>\n<p>Protection contre la surchauffe et r\u00e9duction de la puissance en cas de temp\u00e9rature \u00e9lev\u00e9e.<\/p>\n<p>Protection contre les courts-circuits et l'inversion de polarit\u00e9 sur les panneaux photovolta\u00efques.<\/p>\n<p>Protection contre l'inversion du courant PV.<\/p>\n<h2>Bluetooth Smart int\u00e9gr\u00e9<\/h2>\n<p>La solution sans fil pour configurer, contr\u00f4ler, mettre \u00e0 jour et synchroniser les r\u00e9gulateurs de charge SmartSolar.<\/p>\n<h2>Capteur de temp\u00e9rature interne et, en option, capteur de temp\u00e9rature et de tension de la batterie externe via Bluetooth<\/h2>\n<p>Un capteur Smart Battery Sense ou un moniteur de batterie intelligent BMV-712 peut \u00eatre utilis\u00e9 pour communiquer la tension et la temp\u00e9rature de la batterie \u00e0 un ou plusieurs r\u00e9gulateurs de charge SmartSolar.<\/p>\n<h2>VE.Can : la solution multi-contr\u00f4leurs<\/h2>\n<p>Jusqu'\u00e0 25 unit\u00e9s peuvent \u00eatre synchronis\u00e9es avec le VE.Can.<\/p>\n<h2>VE.Direct ou VE.Can<\/h2>\n<p>Pour une connexion de donn\u00e9es c\u00e2bl\u00e9e \u00e0 un panneau Color Control GX, \u00e0 d'autres produits GX, \u00e0 un PC ou \u00e0 d'autres dispositifs.<\/p>\n<h2>Marche\/Arr\u00eat \u00e0 distance<\/h2>\n<p>Pour se connecter \u00e0 un BMS VE.BUS, par exemple.<\/p>\n<h2>Relais programmable<\/h2>\n<p>Il peut \u00eatre programm\u00e9 pour programmer une alarme ou d'autres \u00e9v\u00e9nements.<\/p>\n<h2>En option : \u00e9cran LCD connectable SmartSolar<\/h2>\n<p>En retirant la protection en caoutchouc de la prise situ\u00e9e \u00e0 l'avant du contr\u00f4leur, l'affichage auxiliaire peut \u00eatre connect\u00e9.<\/p>\n<p>Le chargeur SmartSolar VE.Can dispose \u00e9galement d'un port VE.Direct comme tous les autres chargeurs solaires MPPT. Ce port peut \u00eatre utilis\u00e9 pour surveiller des unit\u00e9s individuelles ou pour contr\u00f4ler l'\u00e9clairage ext\u00e9rieur. Le connecteur marche\/arr\u00eat \u00e0 distance peut \u00eatre contr\u00f4l\u00e9 de l'ext\u00e9rieur avec un troisi\u00e8me dispositif tel qu'une batterie au lithium. Une commande ou un \u00e9cran LCD connectable en option donne acc\u00e8s aux donn\u00e9es en temps r\u00e9el et permet de configurer et de g\u00e9rer le syst\u00e8me \u00e0 partir de la face avant de l'appareil.<\/p>\n<h2>Fiche technique Victron SmartSolar MPPT 150\/70-Tr VE.can Controller - SCC115070411<\/h2>\n<p><a href=\"https:\/\/fvcomponentes.com\/wp-content\/uploads\/2023\/04\/controlador-de-CARGA-smartsolaer.pdf\" target=\"_blank\" rel=\"noopener\">Fiche technique Victron SmartSolar MPPT 150\/70-Tr VE.can Controller - SCC115070411<\/a><\/p>\n<h2>Manuel Victron SmartSolar MPPT 150\/70-Tr VE.can Controller - SCC11505070411<\/h2>\n<p><a href=\"https:\/\/fvcomponentes.com\/wp-content\/uploads\/2025\/10\/29694-MPPT_solar_charger_manual-pdf-es-9.pdf\" target=\"_blank\" rel=\"noopener\">Manuel du contr\u00f4leur Victron SmartSolar MPPT 150\/70-Tr VE.can - SCC115070411<\/a><\/p>","protected":false},"excerpt":{"rendered":"<ul>\n<li><span style=\"color: #99cc00\"><strong>\u00c9quipement Bluetooth.<\/strong><\/span><\/li>\n<li><strong>Gestion par <a href=\"https:\/\/play.google.com\/store\/apps\/details?id=com.victronenergy.victronconnect&amp;pcampaignid=web_share\" target=\"_blank\" rel=\"noopener\">Application VictronConnect<\/a><\/strong><\/li>\n<li><strong>Courant de charge nominal :\u00a0<\/strong>70 A<\/li>\n<li><strong>Efficacit\u00e9 maximale :\u00a0<\/strong>98%<\/li>\n<li><strong>Autoconsommation :\u00a0<\/strong>Moins de 35 mA \u00e0 12 V \/ 20 mA \u00e0 48 V<\/li>\n<li><strong>Poids :\u00a0<\/strong>3 kg<\/li>\n<li><strong>Dimensions :\u00a0<\/strong> 185 x 250 x 95 mm<\/li>\n<\/ul>","protected":false},"featured_media":6873,"comment_status":"open","ping_status":"closed","template":"","meta":{"site-sidebar-layout":"default","site-content-layout":"default","ast-site-content-layout":"default","site-content-style":"default","site-sidebar-style":"default","ast-global-header-display":"","ast-banner-title-visibility":"","ast-main-header-display":"","ast-hfb-above-header-display":"","ast-hfb-below-header-display":"","ast-hfb-mobile-header-display":"","site-post-title":"","ast-breadcrumbs-content":"","ast-featured-img":"","footer-sml-layout":"","ast-disable-related-posts":"","theme-transparent-header-meta":"default","adv-header-id-meta":"","stick-header-meta":"","header-above-stick-meta":"","header-main-stick-meta":"","header-below-stick-meta":"","astra-migrate-meta-layouts":"set","ast-page-background-enabled":"default","ast-page-background-meta":{"desktop":{"background-color":"var(--ast-global-color-4)","background-image":"","background-repeat":"repeat","background-position":"center center","background-size":"auto","background-attachment":"scroll","background-type":"","background-media":"","overlay-type":"","overlay-color":"","overlay-opacity":"","overlay-gradient":""},"tablet":{"background-color":"","background-image":"","background-repeat":"repeat","background-position":"center center","background-size":"auto","background-attachment":"scroll","background-type":"","background-media":"","overlay-type":"","overlay-color":"","overlay-opacity":"","overlay-gradient":""},"mobile":{"background-color":"","background-image":"","background-repeat":"repeat","background-position":"center center","background-size":"auto","background-attachment":"scroll","background-type":"","background-media":"","overlay-type":"","overlay-color":"","overlay-opacity":"","overlay-gradient":""}},"ast-content-background-meta":{"desktop":{"background-color":"var(--ast-global-color-5)","background-image":"","background-repeat":"repeat","background-position":"center center","background-size":"auto","background-attachment":"scroll","background-type":"","background-media":"","overlay-type":"","overlay-color":"","overlay-opacity":"","overlay-gradient":""},"tablet":{"background-color":"var(--ast-global-color-5)","background-image":"","background-repeat":"repeat","background-position":"center center","background-size":"auto","background-attachment":"scroll","background-type":"","background-media":"","overlay-type":"","overlay-color":"","overlay-opacity":"","overlay-gradient":""},"mobile":{"background-color":"var(--ast-global-color-5)","background-image":"","background-repeat":"repeat","background-position":"center center","background-size":"auto","background-attachment":"scroll","background-type":"","background-media":"","overlay-type":"","overlay-color":"","overlay-opacity":"","overlay-gradient":""}}},"pwb-brand":[332],"product_brand":[],"product_cat":[353,371],"product_tag":[],"class_list":{"0":"post-6870","1":"product","2":"type-product","3":"status-publish","4":"has-post-thumbnail","6":"pwb-brand-victron","7":"product_cat-reguladores-de-carga-solares","8":"product_cat-reguladores-mppt","9":"desktop-align-left","10":"tablet-align-left","11":"mobile-align-left","12":"ast-product-gallery-layout-horizontal-slider","13":"ast-product-tabs-layout-horizontal","15":"first","16":"instock","17":"taxable","18":"shipping-taxable","19":"purchasable","20":"product-type-simple"},"wcpa_form_fields":null,"brands":[{"id":332,"name":"Victron Energy","slug":"victron"}],"_links":{"self":[{"href":"https:\/\/fvcomponentes.com\/fr\/wp-json\/wp\/v2\/product\/6870","targetHints":{"allow":["GET"]}}],"collection":[{"href":"https:\/\/fvcomponentes.com\/fr\/wp-json\/wp\/v2\/product"}],"about":[{"href":"https:\/\/fvcomponentes.com\/fr\/wp-json\/wp\/v2\/types\/product"}],"replies":[{"embeddable":true,"href":"https:\/\/fvcomponentes.com\/fr\/wp-json\/wp\/v2\/comments?post=6870"}],"wp:featuredmedia":[{"embeddable":true,"href":"https:\/\/fvcomponentes.com\/fr\/wp-json\/wp\/v2\/media\/6873"}],"wp:attachment":[{"href":"https:\/\/fvcomponentes.com\/fr\/wp-json\/wp\/v2\/media?parent=6870"}],"wp:term":[{"taxonomy":"pwb-brand","embeddable":true,"href":"https:\/\/fvcomponentes.com\/fr\/wp-json\/wp\/v2\/pwb-brand?post=6870"},{"taxonomy":"product_brand","embeddable":true,"href":"https:\/\/fvcomponentes.com\/fr\/wp-json\/wp\/v2\/product_brand?post=6870"},{"taxonomy":"product_cat","embeddable":true,"href":"https:\/\/fvcomponentes.com\/fr\/wp-json\/wp\/v2\/product_cat?post=6870"},{"taxonomy":"product_tag","embeddable":true,"href":"https:\/\/fvcomponentes.com\/fr\/wp-json\/wp\/v2\/product_tag?post=6870"}],"curies":[{"name":"wp","href":"https:\/\/api.w.org\/{rel}","templated":true}]}}