{"id":6858,"date":"2023-10-24T08:13:17","date_gmt":"2023-10-24T06:13:17","guid":{"rendered":"https:\/\/fvcomponentes.com\/?post_type=product&#038;p=6858"},"modified":"2026-04-08T21:34:45","modified_gmt":"2026-04-08T19:34:45","slug":"regulateur-victron-bluesolar-mppt-150-70-mc4-scc010070300","status":"publish","type":"product","link":"https:\/\/fvcomponentes.com\/fr\/producto\/regulador-victron-bluesolar-mppt-150-70-mc4-scc010070300\/","title":{"rendered":"Victron BlueSolar MPPT 150\/70-MC4 Contr\u00f4leur - SCC010070300"},"content":{"rendered":"<h2>Victron BlueSolar MPPT 150\/70-MC4 Contr\u00f4leur - SCC010070300<\/h2>\n<div>Le r\u00e9gulateur de charge MPPT 150\/70-MC4 de Victron BlueSolar vous permet de b\u00e9n\u00e9ficier d'un courant de charge allant jusqu'\u00e0 70 amp\u00e8res et d'une tension PV allant jusqu'\u00e0 150 volts. Le contr\u00f4leur de charge BlueSolar 150\/70 MPPT de Victron peut charger une batterie avec une tension nominale inf\u00e9rieure \u00e0 partir de panneaux PV avec une tension nominale sup\u00e9rieure d'au moins +5V. Le contr\u00f4leur BlueSolar ajustera automatiquement la tension nominale de la batterie \u00e0 12, 24V une fois connect\u00e9e au contr\u00f4leur.<\/div>\n<div><\/div>\n<h2>Suivi ultra-rapide du point de puissance maximale (MPPT)<\/h2>\n<p>En particulier sous un ciel nuageux, lorsque l'intensit\u00e9 lumineuse change continuellement, un contr\u00f4leur MPPT ultrarapide am\u00e9liorera la r\u00e9colte d'\u00e9nergie jusqu'\u00e0 30 % par rapport aux contr\u00f4leurs de charge PWM, et jusqu'\u00e0 10 % par rapport aux contr\u00f4leurs MPPT plus lents.<\/p>\n<h2>D\u00e9tection avanc\u00e9e du point de puissance maximale en cas de couverture nuageuse partielle<\/h2>\n<p>En cas de n\u00e9bulosit\u00e9 partielle, deux ou plusieurs points de puissance maximale (MPP) peuvent appara\u00eetre sur la courbe de tension de la charge.<br \/>\nLes MPPT conventionnels ont tendance \u00e0 s\u00e9lectionner un MPP local, qui peut ne pas \u00eatre le MPP optimal.<br \/>\nL'algorithme innovant de BlueSolar maximisera toujours la r\u00e9colte d'\u00e9nergie en s\u00e9lectionnant le MPP optimal.<\/p>\n<h2>Une efficacit\u00e9 de conversion exceptionnelle<\/h2>\n<p>Sans ventilateur. Efficacit\u00e9 maximale sup\u00e9rieure \u00e0 98 %.<\/p>\n<h2>Algorithme de chargement flexible<\/h2>\n<p>Algorithme de charge enti\u00e8rement programmable et huit algorithmes pr\u00e9programm\u00e9s, s\u00e9lectionnables \u00e0 l'aide d'un s\u00e9lecteur rotatif (voir le manuel pour plus d'informations).<\/p>\n<h2>Protection \u00e9lectronique \u00e9tendue<\/h2>\n<p>Protection contre la surchauffe et r\u00e9duction de la puissance en cas de temp\u00e9rature \u00e9lev\u00e9e.<br \/>\nProtection contre les courts-circuits et l'inversion de polarit\u00e9 sur les panneaux photovolta\u00efques.<br \/>\nProtection contre l'inversion du courant PV.<\/p>\n<h2>Capteur de temp\u00e9rature interne<\/h2>\n<p>Un capteur Smart Battery Sense ou un moniteur de batterie intelligent BMV-712 peut \u00eatre utilis\u00e9 pour communiquer la tension et la temp\u00e9rature de la batterie (et le courant, dans le cas d'un BMV-712 ou d'un SmartShunt) \u00e0 un ou plusieurs r\u00e9gulateurs de charge BlueSolar (un dongle Bluetooth Smart VE.Direct est n\u00e9cessaire).<br \/>\nOptions de donn\u00e9es en temps r\u00e9el \u00e0 l'\u00e9cran<br \/>\n\u2013 <a href=\"https:\/\/fvcomponentes.com\/fr\/produit\/victron-colour-control-gx-display\/\" target=\"_blank\" rel=\"noopener\">ColorControl GX<\/a> ou d'autres dispositifs GX<br \/>\n- Un smartphone ou un autre appareil compatible Bluetooth : le dongle est n\u00e9cessaire. <a href=\"https:\/\/fvcomponentes.com\/fr\/produit\/interface-victron-ve-direct-bluetooth-smart-dongle\/\" target=\"_blank\" rel=\"noopener\">VE.Direct Bluetooth Smart<\/a>.<\/p>\n<h2>Fiche technique Victron BlueSolar MPPT 150\/70-MC4 Contr\u00f4leur - SCC010070300<\/h2>\n<p><a href=\"https:\/\/fvcomponentes.com\/wp-content\/uploads\/2023\/04\/controlador-de-carga-BlueSolar-charge-controller-MPPT-150-45-up-to-150-70-ES.pdf\" target=\"_blank\" rel=\"noopener\">Fiche technique Victron BlueSolar MPPT 150\/70-MC4 Contr\u00f4leur - SCC010070300<\/a><\/p>\n<h2>Manuel Victron BlueSolar MPPT 150\/70-MC4 Controller - SCC010070300<\/h2>\n<p><a href=\"https:\/\/fvcomponentes.com\/wp-content\/uploads\/2025\/10\/29694-MPPT_solar_charger_manual-pdf-es-7.pdf\" target=\"_blank\" rel=\"noopener\">Manuel du contr\u00f4leur Victron BlueSolar MPPT 150\/70-MC4 - SCC010070300<\/a><\/p>","protected":false},"excerpt":{"rendered":"<ul>\n<li><span style=\"color: #ff0000\"><strong>\u00c9quipement sans Bluetooth<\/strong><\/span><\/li>\n<li><strong>Voir le mod\u00e8le avec Bluetooth : <a href=\"https:\/\/fvcomponentes.com\/fr\/produit\/regulateur-victron-smartsolar-mppt-150-70-mc4-ve-can-scc115070511\/\" target=\"_blank\" rel=\"noopener\">Contr\u00f4leur Victron SmartSolar MPPT 150\/70 MC4 VE.can - SCC115070511<\/a><\/strong><\/li>\n<li><b style=\"font-style: inherit\">Tension de la batterie : <\/b><span style=\"font-size: 16px\">S\u00e9lection automatique 12 \/ 24 \/48 V<\/span><\/li>\n<li><b style=\"font-style: inherit\">Courant de charge nominal : 7<\/b><span style=\"font-size: 16px\">0A<\/span><\/li>\n<li><strong style=\"font-size: 16px\">Efficacit\u00e9 maximale :\u00a0<\/strong><span style=\"font-size: 16px\">98%<\/span><\/li>\n<li><strong style=\"font-size: 16px\">Puissance maximale PV,<\/strong> <strong style=\"font-size: 16px\">12V :<\/strong><span style=\"font-size: 16px\"> 1000 W<\/span><\/li>\n<li><strong style=\"font-size: 16px\">Puissance maximale PV, 24V :<\/strong><span style=\"font-size: 16px\"> 2000 W<\/span><\/li>\n<li><strong style=\"font-size: 16px\">Puissance maximale PV, 48V : <\/strong><span style=\"font-size: 16px\">4000W<\/span><\/li>\n<\/ul>","protected":false},"featured_media":6859,"comment_status":"open","ping_status":"closed","template":"","meta":{"site-sidebar-layout":"default","site-content-layout":"default","ast-site-content-layout":"default","site-content-style":"default","site-sidebar-style":"default","ast-global-header-display":"","ast-banner-title-visibility":"","ast-main-header-display":"","ast-hfb-above-header-display":"","ast-hfb-below-header-display":"","ast-hfb-mobile-header-display":"","site-post-title":"","ast-breadcrumbs-content":"","ast-featured-img":"","footer-sml-layout":"","ast-disable-related-posts":"","theme-transparent-header-meta":"default","adv-header-id-meta":"","stick-header-meta":"","header-above-stick-meta":"","header-main-stick-meta":"","header-below-stick-meta":"","astra-migrate-meta-layouts":"set","ast-page-background-enabled":"default","ast-page-background-meta":{"desktop":{"background-color":"var(--ast-global-color-4)","background-image":"","background-repeat":"repeat","background-position":"center center","background-size":"auto","background-attachment":"scroll","background-type":"","background-media":"","overlay-type":"","overlay-color":"","overlay-opacity":"","overlay-gradient":""},"tablet":{"background-color":"","background-image":"","background-repeat":"repeat","background-position":"center center","background-size":"auto","background-attachment":"scroll","background-type":"","background-media":"","overlay-type":"","overlay-color":"","overlay-opacity":"","overlay-gradient":""},"mobile":{"background-color":"","background-image":"","background-repeat":"repeat","background-position":"center center","background-size":"auto","background-attachment":"scroll","background-type":"","background-media":"","overlay-type":"","overlay-color":"","overlay-opacity":"","overlay-gradient":""}},"ast-content-background-meta":{"desktop":{"background-color":"var(--ast-global-color-5)","background-image":"","background-repeat":"repeat","background-position":"center center","background-size":"auto","background-attachment":"scroll","background-type":"","background-media":"","overlay-type":"","overlay-color":"","overlay-opacity":"","overlay-gradient":""},"tablet":{"background-color":"var(--ast-global-color-5)","background-image":"","background-repeat":"repeat","background-position":"center center","background-size":"auto","background-attachment":"scroll","background-type":"","background-media":"","overlay-type":"","overlay-color":"","overlay-opacity":"","overlay-gradient":""},"mobile":{"background-color":"var(--ast-global-color-5)","background-image":"","background-repeat":"repeat","background-position":"center center","background-size":"auto","background-attachment":"scroll","background-type":"","background-media":"","overlay-type":"","overlay-color":"","overlay-opacity":"","overlay-gradient":""}}},"pwb-brand":[332],"product_brand":[],"product_cat":[353,371],"product_tag":[],"class_list":{"0":"post-6858","1":"product","2":"type-product","3":"status-publish","4":"has-post-thumbnail","6":"pwb-brand-victron","7":"product_cat-reguladores-de-carga-solares","8":"product_cat-reguladores-mppt","9":"desktop-align-left","10":"tablet-align-left","11":"mobile-align-left","12":"ast-product-gallery-layout-horizontal-slider","13":"ast-product-tabs-layout-horizontal","15":"first","16":"instock","17":"taxable","18":"shipping-taxable","19":"purchasable","20":"product-type-simple"},"wcpa_form_fields":null,"brands":[{"id":332,"name":"Victron Energy","slug":"victron"}],"_links":{"self":[{"href":"https:\/\/fvcomponentes.com\/fr\/wp-json\/wp\/v2\/product\/6858","targetHints":{"allow":["GET"]}}],"collection":[{"href":"https:\/\/fvcomponentes.com\/fr\/wp-json\/wp\/v2\/product"}],"about":[{"href":"https:\/\/fvcomponentes.com\/fr\/wp-json\/wp\/v2\/types\/product"}],"replies":[{"embeddable":true,"href":"https:\/\/fvcomponentes.com\/fr\/wp-json\/wp\/v2\/comments?post=6858"}],"wp:featuredmedia":[{"embeddable":true,"href":"https:\/\/fvcomponentes.com\/fr\/wp-json\/wp\/v2\/media\/6859"}],"wp:attachment":[{"href":"https:\/\/fvcomponentes.com\/fr\/wp-json\/wp\/v2\/media?parent=6858"}],"wp:term":[{"taxonomy":"pwb-brand","embeddable":true,"href":"https:\/\/fvcomponentes.com\/fr\/wp-json\/wp\/v2\/pwb-brand?post=6858"},{"taxonomy":"product_brand","embeddable":true,"href":"https:\/\/fvcomponentes.com\/fr\/wp-json\/wp\/v2\/product_brand?post=6858"},{"taxonomy":"product_cat","embeddable":true,"href":"https:\/\/fvcomponentes.com\/fr\/wp-json\/wp\/v2\/product_cat?post=6858"},{"taxonomy":"product_tag","embeddable":true,"href":"https:\/\/fvcomponentes.com\/fr\/wp-json\/wp\/v2\/product_tag?post=6858"}],"curies":[{"name":"wp","href":"https:\/\/api.w.org\/{rel}","templated":true}]}}