{"id":6850,"date":"2023-05-05T11:48:04","date_gmt":"2023-05-05T09:48:04","guid":{"rendered":"https:\/\/fvcomponentes.com\/?post_type=product&#038;p=6850"},"modified":"2026-04-04T12:49:26","modified_gmt":"2026-04-04T10:49:26","slug":"victron-bluesolar-mppt-150-60-tr-charge-controller-scc010060200","status":"publish","type":"product","link":"https:\/\/fvcomponentes.com\/fr\/producto\/regulador-de-carga-victron-bluesolar-mppt-150-60-tr-scc010060200\/","title":{"rendered":"Contr\u00f4leur de charge Victron BlueSolar MPPT 150\/60-Tr - SCC010060200"},"content":{"rendered":"<h2>Suivi ultra-rapide du point de puissance maximale (MPPT)<\/h2>\n<p>En particulier sous un ciel nuageux, lorsque l'intensit\u00e9 lumineuse change continuellement, un contr\u00f4leur MPPT ultra-rapide comme le contr\u00f4leur de charge Victron BlueSolar MPPT 150\/60-Tr - SCC010060200 am\u00e9liorera la r\u00e9colte d'\u00e9nergie jusqu'\u00e0 30 %, par rapport aux contr\u00f4leurs de charge PWM, et jusqu'\u00e0 10 % par rapport aux contr\u00f4leurs MPPT plus lents.<\/p>\n<h2>D\u00e9tection avanc\u00e9e du point de puissance maximale en cas de couverture nuageuse partielle<\/h2>\n<p>En cas de n\u00e9bulosit\u00e9 partielle, deux ou plusieurs points de puissance maximale (MPP) peuvent appara\u00eetre sur la courbe de tension de la charge.<br \/>\nLes MPPT conventionnels ont tendance \u00e0 s\u00e9lectionner un MPP local, qui peut ne pas \u00eatre le MPP optimal.<br \/>\nL'algorithme innovant de BlueSolar maximisera toujours la r\u00e9colte d'\u00e9nergie en s\u00e9lectionnant le MPP optimal.<\/p>\n<h2>Une efficacit\u00e9 de conversion exceptionnelle<\/h2>\n<p>Sans ventilateur. Efficacit\u00e9 maximale sup\u00e9rieure \u00e0 98 %.<\/p>\n<h2>Algorithme de chargement flexible<\/h2>\n<p>Algorithme de charge enti\u00e8rement programmable (voir la section Support &amp; Downloads &gt; Software sur notre site web), et huit algorithmes pr\u00e9programm\u00e9s, s\u00e9lectionnables par commutateur rotatif (voir le manuel pour plus d'informations).<\/p>\n<h2>Protection \u00e9lectronique \u00e9tendue<\/h2>\n<p>Protection contre la surchauffe et r\u00e9duction de la puissance en cas de temp\u00e9rature \u00e9lev\u00e9e.<br \/>\nProtection contre les courts-circuits et l'inversion de polarit\u00e9 sur les panneaux photovolta\u00efques.<br \/>\nProtection contre l'inversion du courant PV.<\/p>\n<h2>Capteur de temp\u00e9rature interne et capteur externe optionnel pour la tension, la temp\u00e9rature et le courant de la batterie via Bluetooth<\/h2>\n<p>Un capteur Smart Battery Sense ou un moniteur de batterie intelligent BMV-712 peut \u00eatre utilis\u00e9 pour communiquer la tension et la temp\u00e9rature de la batterie (et le courant, dans le cas d'un BMV-712 ou d'un SmartShunt) \u00e0 un ou plusieurs r\u00e9gulateurs de charge BlueSolar (un dongle Bluetooth Smart VE.Direct est n\u00e9cessaire).<\/p>\n<h2>Options de donn\u00e9es en temps r\u00e9el \u00e0 l'\u00e9cran<\/h2>\n<p>- ColorControl GX ou autres appareils GX : voir les documents Venus sur notre site web.<br \/>\n- Un smartphone ou un autre appareil compatible Bluetooth : le dongle Bluetooth Smart VE.Direct est n\u00e9cessaire.<\/p>\n<h2>Fiche technique Victron BlueSolar MPPT 150\/60-Tr Contr\u00f4leur de charge - SCC010060200<\/h2>\n<p><a href=\"https:\/\/fvcomponentes.com\/wp-content\/uploads\/2023\/04\/controlador-de-carga-BlueSolar-charge-controller-MPPT-150-45-up-to-150-70-ES.pdf\" target=\"_blank\" rel=\"noopener\">Fiche technique Victron BlueSolar MPPT 150\/60-Tr Contr\u00f4leur de charge - SCC010060200<\/a><\/p>\n<h2>Contr\u00f4leur de charge manuel Victron BlueSolar MPPT 150\/60-Tr - SCC010060200<\/h2>\n<p><a href=\"https:\/\/fvcomponentes.com\/wp-content\/uploads\/2025\/10\/29694-MPPT_solar_charger_manual-pdf-es-7.pdf\" target=\"_blank\" rel=\"noopener\">Voir le manuel du r\u00e9gulateur de charge BlueSolar MPPT 150\/60-Tr de Victron - SCC010060200<\/a><\/p>","protected":false},"excerpt":{"rendered":"<ul>\n<li><span style=\"color: #ff0000\"><strong>\u00c9quipement sans Bluetooth<\/strong><\/span><\/li>\n<li><strong>Mod\u00e8le avec Bluetooth : <a href=\"https:\/\/fvcomponentes.com\/fr\/produit\/regulateur-victron-smartsolar-mppt-150-60-tr-scc11506060210\/\" target=\"_blank\" rel=\"noopener\">Victron SmartSolar MPPT 150\/60-Tr Controller - SCC11506060210<\/a><\/strong><\/li>\n<li><strong>Tension de la batterie ;<\/strong> 12\/24\/48 V Auto Select<\/li>\n<li><strong style=\"font-size: 16px\">Charge Courant nominal ;<\/strong><span style=\"font-size: 16px\"> 60 A<\/span><\/li>\n<li><strong style=\"font-size: 16px\">Puissance maximale PV, 12V ;<\/strong><span style=\"font-size: 16px\">\u00a0 860 W<\/span><\/li>\n<li><strong>Puissance maximale PV, 24V<\/strong>; 1720 W<\/li>\n<li><strong>Puissance maximale PV, 48V<\/strong>; 3440 W<\/li>\n<li><strong>Poids :\u00a0<\/strong>3kg<\/li>\n<li><strong>Dimensions :\u00a0<\/strong>185 x 250 x 95 mm<\/li>\n<\/ul>","protected":false},"featured_media":6853,"comment_status":"open","ping_status":"closed","template":"","meta":{"site-sidebar-layout":"default","site-content-layout":"default","ast-site-content-layout":"default","site-content-style":"default","site-sidebar-style":"default","ast-global-header-display":"","ast-banner-title-visibility":"","ast-main-header-display":"","ast-hfb-above-header-display":"","ast-hfb-below-header-display":"","ast-hfb-mobile-header-display":"","site-post-title":"","ast-breadcrumbs-content":"","ast-featured-img":"","footer-sml-layout":"","ast-disable-related-posts":"","theme-transparent-header-meta":"default","adv-header-id-meta":"","stick-header-meta":"","header-above-stick-meta":"","header-main-stick-meta":"","header-below-stick-meta":"","astra-migrate-meta-layouts":"set","ast-page-background-enabled":"default","ast-page-background-meta":{"desktop":{"background-color":"var(--ast-global-color-4)","background-image":"","background-repeat":"repeat","background-position":"center center","background-size":"auto","background-attachment":"scroll","background-type":"","background-media":"","overlay-type":"","overlay-color":"","overlay-opacity":"","overlay-gradient":""},"tablet":{"background-color":"","background-image":"","background-repeat":"repeat","background-position":"center center","background-size":"auto","background-attachment":"scroll","background-type":"","background-media":"","overlay-type":"","overlay-color":"","overlay-opacity":"","overlay-gradient":""},"mobile":{"background-color":"","background-image":"","background-repeat":"repeat","background-position":"center center","background-size":"auto","background-attachment":"scroll","background-type":"","background-media":"","overlay-type":"","overlay-color":"","overlay-opacity":"","overlay-gradient":""}},"ast-content-background-meta":{"desktop":{"background-color":"var(--ast-global-color-5)","background-image":"","background-repeat":"repeat","background-position":"center center","background-size":"auto","background-attachment":"scroll","background-type":"","background-media":"","overlay-type":"","overlay-color":"","overlay-opacity":"","overlay-gradient":""},"tablet":{"background-color":"var(--ast-global-color-5)","background-image":"","background-repeat":"repeat","background-position":"center center","background-size":"auto","background-attachment":"scroll","background-type":"","background-media":"","overlay-type":"","overlay-color":"","overlay-opacity":"","overlay-gradient":""},"mobile":{"background-color":"var(--ast-global-color-5)","background-image":"","background-repeat":"repeat","background-position":"center center","background-size":"auto","background-attachment":"scroll","background-type":"","background-media":"","overlay-type":"","overlay-color":"","overlay-opacity":"","overlay-gradient":""}}},"pwb-brand":[332],"product_brand":[],"product_cat":[353,371],"product_tag":[],"class_list":{"0":"post-6850","1":"product","2":"type-product","3":"status-publish","4":"has-post-thumbnail","6":"pwb-brand-victron","7":"product_cat-reguladores-de-carga-solares","8":"product_cat-reguladores-mppt","9":"desktop-align-left","10":"tablet-align-left","11":"mobile-align-left","12":"ast-product-gallery-layout-horizontal-slider","13":"ast-product-tabs-layout-horizontal","15":"first","16":"instock","17":"taxable","18":"shipping-taxable","19":"purchasable","20":"product-type-simple"},"wcpa_form_fields":null,"brands":[{"id":332,"name":"Victron Energy","slug":"victron"}],"_links":{"self":[{"href":"https:\/\/fvcomponentes.com\/fr\/wp-json\/wp\/v2\/product\/6850","targetHints":{"allow":["GET"]}}],"collection":[{"href":"https:\/\/fvcomponentes.com\/fr\/wp-json\/wp\/v2\/product"}],"about":[{"href":"https:\/\/fvcomponentes.com\/fr\/wp-json\/wp\/v2\/types\/product"}],"replies":[{"embeddable":true,"href":"https:\/\/fvcomponentes.com\/fr\/wp-json\/wp\/v2\/comments?post=6850"}],"wp:featuredmedia":[{"embeddable":true,"href":"https:\/\/fvcomponentes.com\/fr\/wp-json\/wp\/v2\/media\/6853"}],"wp:attachment":[{"href":"https:\/\/fvcomponentes.com\/fr\/wp-json\/wp\/v2\/media?parent=6850"}],"wp:term":[{"taxonomy":"pwb-brand","embeddable":true,"href":"https:\/\/fvcomponentes.com\/fr\/wp-json\/wp\/v2\/pwb-brand?post=6850"},{"taxonomy":"product_brand","embeddable":true,"href":"https:\/\/fvcomponentes.com\/fr\/wp-json\/wp\/v2\/product_brand?post=6850"},{"taxonomy":"product_cat","embeddable":true,"href":"https:\/\/fvcomponentes.com\/fr\/wp-json\/wp\/v2\/product_cat?post=6850"},{"taxonomy":"product_tag","embeddable":true,"href":"https:\/\/fvcomponentes.com\/fr\/wp-json\/wp\/v2\/product_tag?post=6850"}],"curies":[{"name":"wp","href":"https:\/\/api.w.org\/{rel}","templated":true}]}}